{"id":6781,"date":"2023-10-19T09:39:54","date_gmt":"2023-10-19T07:39:54","guid":{"rendered":"https:\/\/fvcomponentes.com\/?post_type=product&#038;p=6781"},"modified":"2026-04-08T21:29:16","modified_gmt":"2026-04-08T19:29:16","slug":"victron-remote-panel-for-bluesolar-pwm-pro-scc900300000","status":"publish","type":"product","link":"https:\/\/fvcomponentes.com\/fr\/producto\/panel-victron-remoto-para-bluesolar-pwm-pro-scc900300000\/","title":{"rendered":"Panneau \u00e0 distance Victron pour BlueSolar PWM-Pro - SCC900300000"},"content":{"rendered":"<p>Le pr\u00e9sent\u00a0<strong>panneau compatible avec les contr\u00f4leurs BlueSolar PWM-Pro de Victron<\/strong> Les r\u00e9gulateurs 10A, 20A et 30A facilitent la programmation des r\u00e9gulateurs pour optimiser la charge photovolta\u00efque de l'installation solaire.<\/p>\n<div>Les informations fournies par le panneau de contr\u00f4le \u00e0 distance permettent de mieux conna\u00eetre le d\u00e9veloppement des applications de l'\u00e9nergie solaire, gr\u00e2ce \u00e0 la richesse des informations qu'il fournit en surveillant en permanence le processus de charge solaire.<\/div>\n<div><\/div>\n<div>Le panneau de commande \u00e0 distance BlueSolar PWM PRO de Victron offre un meilleur contr\u00f4le du processus de charge et de l'\u00e9tat de la batterie. Il permet de programmer le r\u00e9gulateur Blue Solar Pro afin d'optimiser la charge photovolta\u00efque.<\/div>\n<div><\/div>\n<div>Le panneau \u00e0 distance indique, \u00e0 l'aide de diff\u00e9rents symboles, chacun des param\u00e8tres n\u00e9cessaires au contr\u00f4le de la charge. Il fournit les valeurs d'\u00e9quilibre de charge totale et permet de programmer toutes les tensions compatibles avec les batteries solaires. C\u00e2ble RJ45 et mat\u00e9riel de montage inclus.<\/div>\n<h2><\/h2>\n<h2>Caract\u00e9ristiques du panneau \u00e0 distance pour Blue Solar PWM-Pro - SCC900300000<\/h2>\n<p>- Fonction de contr\u00f4le de l'\u00e9clairage enti\u00e8rement programmable.<br \/>\n- Chargement de la batterie enti\u00e8rement programmable en trois \u00e9tapes (initiale, absorption et flottante).<br \/>\n- Fonction int\u00e9gr\u00e9e de surveillance de la batterie (un panneau \u00e0 distance est n\u00e9cessaire pour visualiser l'\u00e9tat de charge).<br \/>\n- D\u00e9connexion de la sortie de la charge en raison d'une sous-tension et d'un contr\u00f4le manuel (r\u00e9glage par d\u00e9faut).<br \/>\n- Capteur de temp\u00e9rature externe en option.<br \/>\n- La sortie de charge est prot\u00e9g\u00e9e contre les surcharges et les courts-circuits.<br \/>\n- Protection contre l'inversion de polarit\u00e9 des panneaux solaires et\/ou de la batterie<\/p>\n<h2 class=\"ppbd-product-name\">Fiche technique pour Blue Solar PWM-Pro Remote Panel - SCC900300000<\/h2>\n<p><a href=\"https:\/\/fvcomponentes.com\/wp-content\/uploads\/2025\/10\/Datasheet-BlueSolar-PWM-Pro-Charge-Controllers-ES.pdf\" target=\"_blank\" rel=\"noopener\">Voir la fiche technique de Blue Solar PWM-Pro Remote Panel - SCC900300000<\/a><\/p>\n<h2 class=\"ppbd-product-name\">Manuel du panneau \u00e0 distance Blue Solar PWM-Pro - SCC900300000<\/h2>\n<p><a href=\"https:\/\/fvcomponentes.com\/wp-content\/uploads\/2023\/10\/Manual-Remote-Panel-for-BlueSolar-PWM-Pro-Charge-Controller-EN-A5.pdf\" target=\"_blank\" rel=\"noopener\">Voir le manuel du panneau solaire \u00e0 distance PWM-Pro de Blue Solar - SCC900300000<\/a><\/p>","protected":false},"excerpt":{"rendered":"<p><strong>Poids :<\/strong> 0,21 kg<\/p>\n<p><strong>Dimensions :\u00a0<\/strong>49 x 113 x 113 mm<\/p>","protected":false},"featured_media":6782,"comment_status":"open","ping_status":"closed","template":"","meta":{"site-sidebar-layout":"default","site-content-layout":"default","ast-site-content-layout":"default","site-content-style":"default","site-sidebar-style":"default","ast-global-header-display":"","ast-banner-title-visibility":"","ast-main-header-display":"","ast-hfb-above-header-display":"","ast-hfb-below-header-display":"","ast-hfb-mobile-header-display":"","site-post-title":"","ast-breadcrumbs-content":"","ast-featured-img":"","footer-sml-layout":"","ast-disable-related-posts":"","theme-transparent-header-meta":"default","adv-header-id-meta":"","stick-header-meta":"","header-above-stick-meta":"","header-main-stick-meta":"","header-below-stick-meta":"","astra-migrate-meta-layouts":"set","ast-page-background-enabled":"default","ast-page-background-meta":{"desktop":{"background-color":"var(--ast-global-color-4)","background-image":"","background-repeat":"repeat","background-position":"center center","background-size":"auto","background-attachment":"scroll","background-type":"","background-media":"","overlay-type":"","overlay-color":"","overlay-opacity":"","overlay-gradient":""},"tablet":{"background-color":"","background-image":"","background-repeat":"repeat","background-position":"center center","background-size":"auto","background-attachment":"scroll","background-type":"","background-media":"","overlay-type":"","overlay-color":"","overlay-opacity":"","overlay-gradient":""},"mobile":{"background-color":"","background-image":"","background-repeat":"repeat","background-position":"center center","background-size":"auto","background-attachment":"scroll","background-type":"","background-media":"","overlay-type":"","overlay-color":"","overlay-opacity":"","overlay-gradient":""}},"ast-content-background-meta":{"desktop":{"background-color":"var(--ast-global-color-5)","background-image":"","background-repeat":"repeat","background-position":"center center","background-size":"auto","background-attachment":"scroll","background-type":"","background-media":"","overlay-type":"","overlay-color":"","overlay-opacity":"","overlay-gradient":""},"tablet":{"background-color":"var(--ast-global-color-5)","background-image":"","background-repeat":"repeat","background-position":"center center","background-size":"auto","background-attachment":"scroll","background-type":"","background-media":"","overlay-type":"","overlay-color":"","overlay-opacity":"","overlay-gradient":""},"mobile":{"background-color":"var(--ast-global-color-5)","background-image":"","background-repeat":"repeat","background-position":"center center","background-size":"auto","background-attachment":"scroll","background-type":"","background-media":"","overlay-type":"","overlay-color":"","overlay-opacity":"","overlay-gradient":""}}},"pwb-brand":[332],"product_brand":[],"product_cat":[353,986,354],"product_tag":[],"class_list":{"0":"post-6781","1":"product","2":"type-product","3":"status-publish","4":"has-post-thumbnail","6":"pwb-brand-victron","7":"product_cat-reguladores-de-carga-solares","8":"product_cat-accesorios-reguladores-cargadores","9":"product_cat-reguladores-pwm","10":"desktop-align-left","11":"tablet-align-left","12":"mobile-align-left","13":"ast-product-gallery-layout-horizontal-slider","14":"ast-product-gallery-with-no-image","15":"ast-product-tabs-layout-horizontal","17":"first","18":"instock","19":"taxable","20":"shipping-taxable","21":"purchasable","22":"product-type-simple"},"wcpa_form_fields":null,"brands":[{"id":332,"name":"Victron Energy","slug":"victron"}],"_links":{"self":[{"href":"https:\/\/fvcomponentes.com\/fr\/wp-json\/wp\/v2\/product\/6781","targetHints":{"allow":["GET"]}}],"collection":[{"href":"https:\/\/fvcomponentes.com\/fr\/wp-json\/wp\/v2\/product"}],"about":[{"href":"https:\/\/fvcomponentes.com\/fr\/wp-json\/wp\/v2\/types\/product"}],"replies":[{"embeddable":true,"href":"https:\/\/fvcomponentes.com\/fr\/wp-json\/wp\/v2\/comments?post=6781"}],"wp:featuredmedia":[{"embeddable":true,"href":"https:\/\/fvcomponentes.com\/fr\/wp-json\/wp\/v2\/media\/6782"}],"wp:attachment":[{"href":"https:\/\/fvcomponentes.com\/fr\/wp-json\/wp\/v2\/media?parent=6781"}],"wp:term":[{"taxonomy":"pwb-brand","embeddable":true,"href":"https:\/\/fvcomponentes.com\/fr\/wp-json\/wp\/v2\/pwb-brand?post=6781"},{"taxonomy":"product_brand","embeddable":true,"href":"https:\/\/fvcomponentes.com\/fr\/wp-json\/wp\/v2\/product_brand?post=6781"},{"taxonomy":"product_cat","embeddable":true,"href":"https:\/\/fvcomponentes.com\/fr\/wp-json\/wp\/v2\/product_cat?post=6781"},{"taxonomy":"product_tag","embeddable":true,"href":"https:\/\/fvcomponentes.com\/fr\/wp-json\/wp\/v2\/product_tag?post=6781"}],"curies":[{"name":"wp","href":"https:\/\/api.w.org\/{rel}","templated":true}]}}