{"id":6774,"date":"2023-10-03T08:38:41","date_gmt":"2023-10-03T06:38:41","guid":{"rendered":"https:\/\/fvcomponentes.com\/?post_type=product&#038;p=6774"},"modified":"2026-04-08T21:28:03","modified_gmt":"2026-04-08T19:28:03","slug":"regulateur-bluesolar-victron-victron-pwm-pro-12-24v-10a-scc010010010","status":"publish","type":"product","link":"https:\/\/fvcomponentes.com\/fr\/producto\/regulador-bluesolar-victron-pwm-pro-12-24v-10a-scc010010010\/","title":{"rendered":"BlueSolar Victron PWM-Pro 12\/24V-10A - SCC010010010"},"content":{"rendered":"<h2>D\u00e9couvrez le contr\u00f4leur BlueSolar Victron PWM-Pro 12\/24V-10A - SCC010010010 Programmable : le contr\u00f4le total entre vos mains.<\/h2>\n<p>Notre s\u00e9rie BlueSolar PWM-Pro n'est pas seulement pr\u00eate \u00e0 l'emploi avec des param\u00e8tres par d\u00e9faut, elle est aussi enti\u00e8rement programmable.<\/p>\n<h2>Tirez parti de ces caract\u00e9ristiques cl\u00e9s :<\/h2>\n<ul>\n<li><strong>La personnalisation en toute simplicit\u00e9<\/strong>La fonction de contr\u00f4le de l'\u00e9clairage et la fonction de charge de la batterie \u00e0 trois niveaux s'adaptent \u00e0 vos besoins.<\/li>\n<li><strong>T\u00e9l\u00e9commande exclusive :<\/strong> Utilisez le panneau \u00e0 distance BlueSolar-Pro pour une gestion encore plus pratique.<\/li>\n<li><strong>Contr\u00f4le de la charge :<\/strong> Contr\u00f4lez l'\u00e9tat de charge de la batterie gr\u00e2ce \u00e0 la fonction int\u00e9gr\u00e9e de contr\u00f4le de la batterie.<\/li>\n<li><strong>S\u00e9curit\u00e9 garantie :<\/strong> La d\u00e9connexion de la sortie de la charge \u00e0 basse tension et la protection contre les surcharges et les courts-circuits assurent la s\u00e9curit\u00e9 de votre syst\u00e8me.<\/li>\n<li><strong>Options suppl\u00e9mentaires :<\/strong> Il int\u00e8gre un capteur de temp\u00e9rature externe en option pour un contr\u00f4le encore plus pr\u00e9cis.<\/li>\n<li><strong>Protection contre l'inversion de polarit\u00e9 :<\/strong> Ne vous inqui\u00e9tez pas des erreurs de connexion gr\u00e2ce \u00e0 notre protection contre l'inversion de polarit\u00e9. Personnalisez et optimisez votre syst\u00e8me solaire avec le r\u00e9gulateur BlueSolar PWM-Pro enti\u00e8rement programmable. <a href=\"https:\/\/www.victronenergy.com.es\/support-and-downloads\/software#bluesolar-pwm-pro\" target=\"_blank\" rel=\"noopener\">logiciel libre<\/a> de Victron et prenez le contr\u00f4le d\u00e8s aujourd'hui !<\/li>\n<\/ul>\n<h2>Options de minuterie jour\/nuit<\/h2>\n<p>Reportez-vous au manuel du panneau de commande \u00e0 distance pour plus de d\u00e9tails.<\/p>\n<p><img fetchpriority=\"high\" decoding=\"async\" class=\"alignnone size-full wp-image-6771\" src=\"https:\/\/fvcomponentes.com\/wp-content\/uploads\/2023\/03\/12334.png\" alt=\"BlueSolar Victron Victron PWM-Pro 12\/24V-5A - SCC010005010\" width=\"436\" height=\"273\" title=\"\"><\/p>\n<h2>Fiche technique BlueSolar Victron PWM-Pro Controller 12\/24V-10A - SCC010010010<\/h2>\n<p><a href=\"https:\/\/fvcomponentes.com\/wp-content\/uploads\/2023\/03\/BlueSola-Pro-Charge-Controllers-ES.pdf\" target=\"_blank\" rel=\"noopener\">Fiche technique du contr\u00f4leur BlueSolar Victron PWM-Pro 12\/24V-10A<\/a><\/p>","protected":false},"excerpt":{"rendered":"<p><strong>Tension de la batterie :<\/strong> 12\/24V avec d\u00e9tection automatique de la tension d'entr\u00e9e<br \/>\n<strong>Courant de charge nominal :<\/strong> 10A<br \/>\n<strong>D\u00e9connexion automatique de la charge :<\/strong> Oui<br \/>\n<strong>Poids (kg) :<\/strong> 0,13<br \/>\n<strong>Dimensions (mm) :<\/strong> 138x70x37 mm<\/p>","protected":false},"featured_media":6777,"comment_status":"open","ping_status":"closed","template":"","meta":{"site-sidebar-layout":"default","site-content-layout":"default","ast-site-content-layout":"default","site-content-style":"default","site-sidebar-style":"default","ast-global-header-display":"","ast-banner-title-visibility":"","ast-main-header-display":"","ast-hfb-above-header-display":"","ast-hfb-below-header-display":"","ast-hfb-mobile-header-display":"","site-post-title":"","ast-breadcrumbs-content":"","ast-featured-img":"","footer-sml-layout":"","ast-disable-related-posts":"","theme-transparent-header-meta":"default","adv-header-id-meta":"","stick-header-meta":"","header-above-stick-meta":"","header-main-stick-meta":"","header-below-stick-meta":"","astra-migrate-meta-layouts":"set","ast-page-background-enabled":"default","ast-page-background-meta":{"desktop":{"background-color":"var(--ast-global-color-4)","background-image":"","background-repeat":"repeat","background-position":"center center","background-size":"auto","background-attachment":"scroll","background-type":"","background-media":"","overlay-type":"","overlay-color":"","overlay-opacity":"","overlay-gradient":""},"tablet":{"background-color":"","background-image":"","background-repeat":"repeat","background-position":"center center","background-size":"auto","background-attachment":"scroll","background-type":"","background-media":"","overlay-type":"","overlay-color":"","overlay-opacity":"","overlay-gradient":""},"mobile":{"background-color":"","background-image":"","background-repeat":"repeat","background-position":"center center","background-size":"auto","background-attachment":"scroll","background-type":"","background-media":"","overlay-type":"","overlay-color":"","overlay-opacity":"","overlay-gradient":""}},"ast-content-background-meta":{"desktop":{"background-color":"var(--ast-global-color-5)","background-image":"","background-repeat":"repeat","background-position":"center center","background-size":"auto","background-attachment":"scroll","background-type":"","background-media":"","overlay-type":"","overlay-color":"","overlay-opacity":"","overlay-gradient":""},"tablet":{"background-color":"var(--ast-global-color-5)","background-image":"","background-repeat":"repeat","background-position":"center center","background-size":"auto","background-attachment":"scroll","background-type":"","background-media":"","overlay-type":"","overlay-color":"","overlay-opacity":"","overlay-gradient":""},"mobile":{"background-color":"var(--ast-global-color-5)","background-image":"","background-repeat":"repeat","background-position":"center center","background-size":"auto","background-attachment":"scroll","background-type":"","background-media":"","overlay-type":"","overlay-color":"","overlay-opacity":"","overlay-gradient":""}}},"pwb-brand":[332],"product_brand":[],"product_cat":[353,354],"product_tag":[],"class_list":{"0":"post-6774","1":"product","2":"type-product","3":"status-publish","4":"has-post-thumbnail","6":"pwb-brand-victron","7":"product_cat-reguladores-de-carga-solares","8":"product_cat-reguladores-pwm","9":"desktop-align-left","10":"tablet-align-left","11":"mobile-align-left","12":"ast-product-gallery-layout-horizontal-slider","13":"ast-product-tabs-layout-horizontal","15":"first","16":"instock","17":"taxable","18":"shipping-taxable","19":"purchasable","20":"product-type-simple"},"wcpa_form_fields":null,"brands":[{"id":332,"name":"Victron Energy","slug":"victron"}],"_links":{"self":[{"href":"https:\/\/fvcomponentes.com\/fr\/wp-json\/wp\/v2\/product\/6774","targetHints":{"allow":["GET"]}}],"collection":[{"href":"https:\/\/fvcomponentes.com\/fr\/wp-json\/wp\/v2\/product"}],"about":[{"href":"https:\/\/fvcomponentes.com\/fr\/wp-json\/wp\/v2\/types\/product"}],"replies":[{"embeddable":true,"href":"https:\/\/fvcomponentes.com\/fr\/wp-json\/wp\/v2\/comments?post=6774"}],"wp:featuredmedia":[{"embeddable":true,"href":"https:\/\/fvcomponentes.com\/fr\/wp-json\/wp\/v2\/media\/6777"}],"wp:attachment":[{"href":"https:\/\/fvcomponentes.com\/fr\/wp-json\/wp\/v2\/media?parent=6774"}],"wp:term":[{"taxonomy":"pwb-brand","embeddable":true,"href":"https:\/\/fvcomponentes.com\/fr\/wp-json\/wp\/v2\/pwb-brand?post=6774"},{"taxonomy":"product_brand","embeddable":true,"href":"https:\/\/fvcomponentes.com\/fr\/wp-json\/wp\/v2\/product_brand?post=6774"},{"taxonomy":"product_cat","embeddable":true,"href":"https:\/\/fvcomponentes.com\/fr\/wp-json\/wp\/v2\/product_cat?post=6774"},{"taxonomy":"product_tag","embeddable":true,"href":"https:\/\/fvcomponentes.com\/fr\/wp-json\/wp\/v2\/product_tag?post=6774"}],"curies":[{"name":"wp","href":"https:\/\/api.w.org\/{rel}","templated":true}]}}