{"id":6770,"date":"2023-10-19T09:41:02","date_gmt":"2023-10-19T07:41:02","guid":{"rendered":"https:\/\/fvcomponentes.com\/?post_type=product&#038;p=6770"},"modified":"2026-04-08T21:27:50","modified_gmt":"2026-04-08T19:27:50","slug":"controleur-de-charge-bluesolar-victron-victron-pwm-pro-12-24v-5a-scc010005010","status":"publish","type":"product","link":"https:\/\/fvcomponentes.com\/fr\/producto\/regulador-de-carga-bluesolar-victron-pwm-pro-12-24v-5a-scc010005010\/","title":{"rendered":"BlueSolar Victron PWM-Pro 12\/24V-5A r\u00e9gulateur de charge - SCC010005010"},"content":{"rendered":"<p>Le contr\u00f4leur de charge BlueSolar Victron PWM-Pro 12\/24V-5A est un dispositif con\u00e7u pour g\u00e9rer la charge des batteries dans les syst\u00e8mes solaires ou photovolta\u00efques. Sa fonction principale est de r\u00e9guler le flux de courant des panneaux solaires vers les batteries, assurant ainsi une charge efficace et s\u00fbre. Je vous montre ici \u00e0 quoi sert ce r\u00e9gulateur de charge :<\/p>\n<ol>\n<li><strong>Chargement de la batterie solaire :<\/strong> Sa t\u00e2che principale est de contr\u00f4ler la charge des batteries utilis\u00e9es dans les syst\u00e8mes d'\u00e9nergie solaire. Lorsque les panneaux solaires produisent de l'\u00e9lectricit\u00e9, le r\u00e9gulateur de charge g\u00e8re le transfert de l'\u00e9nergie vers les batteries pour les recharger.<\/li>\n<li><strong>Protection de la batterie :<\/strong> Emp\u00eache la surcharge des batteries, qui peut les endommager ou r\u00e9duire leur dur\u00e9e de vie. Le contr\u00f4leur de charge BlueSolar PWM Pro de Victron surveille l'\u00e9tat de charge des batteries et r\u00e9gule le courant de charge pour \u00e9viter les probl\u00e8mes de surcharge.<\/li>\n<li><strong>Optimisation de la charge :<\/strong> Il ajuste automatiquement le courant de charge en fonction de l'\u00e9tat des batteries et de la quantit\u00e9 d'\u00e9nergie solaire disponible. Cela garantit une charge optimale et efficace.<\/li>\n<li><strong>Protection contre les d\u00e9charges excessives :<\/strong> Il emp\u00eache les batteries de se d\u00e9charger excessivement, ce qui pourrait les endommager. Lorsque la charge de la batterie tombe \u00e0 un niveau critique, le contr\u00f4leur d\u00e9connecte la charge pour prot\u00e9ger les batteries.<\/li>\n<li><strong>Surveillance et contr\u00f4le :<\/strong> Certains mod\u00e8les de r\u00e9gulateurs de charge Victron, tels que le BlueSolar PWM Pro, peuvent offrir des capacit\u00e9s de surveillance et de contr\u00f4le \u00e0 distance. Cela permet aux utilisateurs de surveiller les performances du syst\u00e8me et d'ajuster les param\u00e8tres de charge \u00e0 distance.<\/li>\n<\/ol>\n<h2>Programmable<\/h2>\n<p>La s\u00e9rie PWM-Pro de BlueSolar est livr\u00e9e pr\u00eate \u00e0 l'emploi avec les param\u00e8tres par d\u00e9faut. Elle est \u00e9galement enti\u00e8rement programmable :<\/p>\n<ul>\n<li>Utilisation d'un ordinateur et de logiciels (disponibles gratuitement) <a href=\"https:\/\/www.victronenergy.com\/support-and-downloads\/software#victronconnect-app\" target=\"_blank\" rel=\"noopener\">ici<\/a>)<\/li>\n<li>Gr\u00e2ce au panneau de commande \u00e0 distance unique <a href=\"https:\/\/fvcomponentes.com\/fr\/produit\/victron-remote-panel-for-bluesolar-pwm-pro-scc900300000\/\" target=\"_blank\" rel=\"noopener\">BlueSolar-Pro<\/a><\/li>\n<\/ul>\n<h2>Options de minuterie jour\/nuit<\/h2>\n<p>Reportez-vous au manuel du panneau de commande \u00e0 distance pour plus de d\u00e9tails.<\/p>\n<p><img fetchpriority=\"high\" decoding=\"async\" class=\"alignnone size-full wp-image-6771\" src=\"https:\/\/fvcomponentes.com\/wp-content\/uploads\/2023\/03\/12334.png\" alt=\"BlueSolar Victron Victron PWM-Pro 12\/24V-5A - SCC010005010\" width=\"436\" height=\"273\" title=\"\"><\/p>\n<h2>Fiche technique BlueSolar Victron PWM-Pro 12\/24V-5A - SCC010005010<\/h2>\n<p><a href=\"https:\/\/fvcomponentes.com\/wp-content\/uploads\/2023\/03\/BlueSola-Pro-Charge-Controllers-ES.pdf\" target=\"_blank\" rel=\"noopener\">Fiche technique BlueSolar Victron PWM-Pro 12\/24V-5A - SCC010005010<\/a><\/p>","protected":false},"excerpt":{"rendered":"<p><strong>Tension de la batterie :<\/strong> 12\/24V avec d\u00e9tection automatique de la tension d'entr\u00e9e<br \/>\n<strong>Courant de charge nominal :<\/strong> 5A<br \/>\n<strong>D\u00e9connexion automatique de la charge :<\/strong> Oui<br \/>\n<strong>Poids (kg) :<\/strong> 0,13<br \/>\n<strong>Dimensions (mm) :<\/strong> 138 x 70 x 37 mm<\/p>","protected":false},"featured_media":6773,"comment_status":"open","ping_status":"closed","template":"","meta":{"site-sidebar-layout":"default","site-content-layout":"default","ast-site-content-layout":"default","site-content-style":"default","site-sidebar-style":"default","ast-global-header-display":"","ast-banner-title-visibility":"","ast-main-header-display":"","ast-hfb-above-header-display":"","ast-hfb-below-header-display":"","ast-hfb-mobile-header-display":"","site-post-title":"","ast-breadcrumbs-content":"","ast-featured-img":"","footer-sml-layout":"","ast-disable-related-posts":"","theme-transparent-header-meta":"default","adv-header-id-meta":"","stick-header-meta":"","header-above-stick-meta":"","header-main-stick-meta":"","header-below-stick-meta":"","astra-migrate-meta-layouts":"set","ast-page-background-enabled":"default","ast-page-background-meta":{"desktop":{"background-color":"var(--ast-global-color-4)","background-image":"","background-repeat":"repeat","background-position":"center center","background-size":"auto","background-attachment":"scroll","background-type":"","background-media":"","overlay-type":"","overlay-color":"","overlay-opacity":"","overlay-gradient":""},"tablet":{"background-color":"","background-image":"","background-repeat":"repeat","background-position":"center center","background-size":"auto","background-attachment":"scroll","background-type":"","background-media":"","overlay-type":"","overlay-color":"","overlay-opacity":"","overlay-gradient":""},"mobile":{"background-color":"","background-image":"","background-repeat":"repeat","background-position":"center center","background-size":"auto","background-attachment":"scroll","background-type":"","background-media":"","overlay-type":"","overlay-color":"","overlay-opacity":"","overlay-gradient":""}},"ast-content-background-meta":{"desktop":{"background-color":"var(--ast-global-color-5)","background-image":"","background-repeat":"repeat","background-position":"center center","background-size":"auto","background-attachment":"scroll","background-type":"","background-media":"","overlay-type":"","overlay-color":"","overlay-opacity":"","overlay-gradient":""},"tablet":{"background-color":"var(--ast-global-color-5)","background-image":"","background-repeat":"repeat","background-position":"center center","background-size":"auto","background-attachment":"scroll","background-type":"","background-media":"","overlay-type":"","overlay-color":"","overlay-opacity":"","overlay-gradient":""},"mobile":{"background-color":"var(--ast-global-color-5)","background-image":"","background-repeat":"repeat","background-position":"center center","background-size":"auto","background-attachment":"scroll","background-type":"","background-media":"","overlay-type":"","overlay-color":"","overlay-opacity":"","overlay-gradient":""}}},"pwb-brand":[332],"product_brand":[],"product_cat":[353,354],"product_tag":[],"class_list":{"0":"post-6770","1":"product","2":"type-product","3":"status-publish","4":"has-post-thumbnail","6":"pwb-brand-victron","7":"product_cat-reguladores-de-carga-solares","8":"product_cat-reguladores-pwm","9":"desktop-align-left","10":"tablet-align-left","11":"mobile-align-left","12":"ast-product-gallery-layout-horizontal-slider","13":"ast-product-gallery-with-no-image","14":"ast-product-tabs-layout-horizontal","16":"first","17":"instock","18":"taxable","19":"shipping-taxable","20":"purchasable","21":"product-type-simple"},"wcpa_form_fields":null,"brands":[{"id":332,"name":"Victron Energy","slug":"victron"}],"_links":{"self":[{"href":"https:\/\/fvcomponentes.com\/fr\/wp-json\/wp\/v2\/product\/6770","targetHints":{"allow":["GET"]}}],"collection":[{"href":"https:\/\/fvcomponentes.com\/fr\/wp-json\/wp\/v2\/product"}],"about":[{"href":"https:\/\/fvcomponentes.com\/fr\/wp-json\/wp\/v2\/types\/product"}],"replies":[{"embeddable":true,"href":"https:\/\/fvcomponentes.com\/fr\/wp-json\/wp\/v2\/comments?post=6770"}],"wp:featuredmedia":[{"embeddable":true,"href":"https:\/\/fvcomponentes.com\/fr\/wp-json\/wp\/v2\/media\/6773"}],"wp:attachment":[{"href":"https:\/\/fvcomponentes.com\/fr\/wp-json\/wp\/v2\/media?parent=6770"}],"wp:term":[{"taxonomy":"pwb-brand","embeddable":true,"href":"https:\/\/fvcomponentes.com\/fr\/wp-json\/wp\/v2\/pwb-brand?post=6770"},{"taxonomy":"product_brand","embeddable":true,"href":"https:\/\/fvcomponentes.com\/fr\/wp-json\/wp\/v2\/product_brand?post=6770"},{"taxonomy":"product_cat","embeddable":true,"href":"https:\/\/fvcomponentes.com\/fr\/wp-json\/wp\/v2\/product_cat?post=6770"},{"taxonomy":"product_tag","embeddable":true,"href":"https:\/\/fvcomponentes.com\/fr\/wp-json\/wp\/v2\/product_tag?post=6770"}],"curies":[{"name":"wp","href":"https:\/\/api.w.org\/{rel}","templated":true}]}}