{"id":6753,"date":"2023-10-10T18:07:31","date_gmt":"2023-10-10T16:07:31","guid":{"rendered":"https:\/\/fvcomponentes.com\/?post_type=product&#038;p=6753"},"modified":"2026-01-15T10:05:10","modified_gmt":"2026-01-15T09:05:10","slug":"regulateur-bluesolar-victron-pwm-duo-lcd-et-usb-12-24v-20a-scc010020060","status":"publish","type":"product","link":"https:\/\/fvcomponentes.com\/fr\/producto\/regulador-bluesolar-victron-pwm-duo-lcd-y-usb-12-24v-20a-scc010020060\/","title":{"rendered":"BlueSolar Victron Contr\u00f4leur PWM DUO-LCD et USB 12\/24V-20A - SCC010020060"},"content":{"rendered":"<p><span style=\"font-size: 16px\">BlueSolar Victron PWM DUO-LCD et USB 12\/24V-20A - SCC010020060 r\u00e9gulateur avec capacit\u00e9 de charger deux batteries diff\u00e9rentes en m\u00eame temps, avec \u00e9cran LCD et connexion USB et s\u00e9lecteur de tension automatique de 12V et 24V, pour des courants de charge maximum de 20A. Avec ce r\u00e9gulateur on peut, par exemple, charger la batterie principale et en m\u00eame temps une batterie auxiliaire, comme dans une caravane, un bateau, un camping-car, etc.<\/span><\/p>\n<h2>Caract\u00e9ristiques du r\u00e9gulateur BlueSolar\u00a0<a href=\"https:\/\/www.victronenergy.com.es\/\" target=\"_blank\" rel=\"noopener\">Victron <\/a>PWM DUO-LCD et USB 12\/24V-20A<\/h2>\n<ul>\n<li><strong>\u00c9cran \u00e0 cristaux liquides.<\/strong> Pour la surveillance et la configuration - Capteur de temp\u00e9rature externe inclus<\/li>\n<li><strong>2 sorties de batterie s\u00e9par\u00e9es.<\/strong> Chargez deux batteries diff\u00e9rentes en m\u00eame temps. Par exemple, la batterie de d\u00e9marrage et la batterie auxiliaire d'un bateau ou d'une caravane.<\/li>\n<li><strong>Protections.<\/strong> Protection contre l'inversion de polarit\u00e9 des panneaux solaires et\/ou de la batterie<\/li>\n<li><strong>Algorithme de charge de la batterie programmable.<\/strong> Algorithmes pour les batteries AGM, GEL ou plomb-acide et LiFePO4 (avec BMSinternal).<\/li>\n<li><strong>Deux sorties USB de 5 volts<\/strong>. Courant maximal des deux sorties ensemble : 2A<\/li>\n<\/ul>\n<h2>Fiche technique BlueSolar Victron Victron PWM DUO-LCD et USB 12\/24V-20A - SCC010020060<\/h2>\n<p><a href=\"https:\/\/fvcomponentes.com\/wp-content\/uploads\/2023\/03\/22222.pdf\" target=\"_blank\" rel=\"noopener\">Fiche technique BlueSolar Victron PWM DUO-LCD et USB 12\/24V-20A <\/a><\/p>","protected":false},"excerpt":{"rendered":"<p><strong>Courant de charge nominal :<\/strong> 20A<br \/>\n<strong>Sortie pour la deuxi\u00e8me batterie :<\/strong> Oui<br \/>\n<strong>Sortie de la charge consommatrice :<\/strong> 2 ports USB 5V \/ 2A<br \/>\n<strong>Poids (kg) :<\/strong> 0,30<br \/>\n<strong>Dimensions (mm) :<\/strong> 101,5 x 184,0 x 47,1<\/p>","protected":false},"featured_media":6745,"comment_status":"open","ping_status":"closed","template":"","meta":{"site-sidebar-layout":"default","site-content-layout":"default","ast-site-content-layout":"default","site-content-style":"default","site-sidebar-style":"default","ast-global-header-display":"","ast-banner-title-visibility":"","ast-main-header-display":"","ast-hfb-above-header-display":"","ast-hfb-below-header-display":"","ast-hfb-mobile-header-display":"","site-post-title":"","ast-breadcrumbs-content":"","ast-featured-img":"","footer-sml-layout":"","ast-disable-related-posts":"","theme-transparent-header-meta":"default","adv-header-id-meta":"","stick-header-meta":"","header-above-stick-meta":"","header-main-stick-meta":"","header-below-stick-meta":"","astra-migrate-meta-layouts":"set","ast-page-background-enabled":"default","ast-page-background-meta":{"desktop":{"background-color":"var(--ast-global-color-4)","background-image":"","background-repeat":"repeat","background-position":"center center","background-size":"auto","background-attachment":"scroll","background-type":"","background-media":"","overlay-type":"","overlay-color":"","overlay-opacity":"","overlay-gradient":""},"tablet":{"background-color":"","background-image":"","background-repeat":"repeat","background-position":"center center","background-size":"auto","background-attachment":"scroll","background-type":"","background-media":"","overlay-type":"","overlay-color":"","overlay-opacity":"","overlay-gradient":""},"mobile":{"background-color":"","background-image":"","background-repeat":"repeat","background-position":"center center","background-size":"auto","background-attachment":"scroll","background-type":"","background-media":"","overlay-type":"","overlay-color":"","overlay-opacity":"","overlay-gradient":""}},"ast-content-background-meta":{"desktop":{"background-color":"var(--ast-global-color-5)","background-image":"","background-repeat":"repeat","background-position":"center center","background-size":"auto","background-attachment":"scroll","background-type":"","background-media":"","overlay-type":"","overlay-color":"","overlay-opacity":"","overlay-gradient":""},"tablet":{"background-color":"var(--ast-global-color-5)","background-image":"","background-repeat":"repeat","background-position":"center center","background-size":"auto","background-attachment":"scroll","background-type":"","background-media":"","overlay-type":"","overlay-color":"","overlay-opacity":"","overlay-gradient":""},"mobile":{"background-color":"var(--ast-global-color-5)","background-image":"","background-repeat":"repeat","background-position":"center center","background-size":"auto","background-attachment":"scroll","background-type":"","background-media":"","overlay-type":"","overlay-color":"","overlay-opacity":"","overlay-gradient":""}}},"pwb-brand":[332],"product_brand":[],"product_cat":[353,354],"product_tag":[],"class_list":{"0":"post-6753","1":"product","2":"type-product","3":"status-publish","4":"has-post-thumbnail","6":"pwb-brand-victron","7":"product_cat-reguladores-de-carga-solares","8":"product_cat-reguladores-pwm","9":"desktop-align-left","10":"tablet-align-left","11":"mobile-align-left","12":"ast-product-gallery-layout-horizontal-slider","13":"ast-product-tabs-layout-horizontal","15":"first","16":"instock","17":"taxable","18":"shipping-taxable","19":"purchasable","20":"product-type-simple"},"wcpa_form_fields":null,"brands":[{"id":332,"name":"Victron Energy","slug":"victron"}],"_links":{"self":[{"href":"https:\/\/fvcomponentes.com\/fr\/wp-json\/wp\/v2\/product\/6753","targetHints":{"allow":["GET"]}}],"collection":[{"href":"https:\/\/fvcomponentes.com\/fr\/wp-json\/wp\/v2\/product"}],"about":[{"href":"https:\/\/fvcomponentes.com\/fr\/wp-json\/wp\/v2\/types\/product"}],"replies":[{"embeddable":true,"href":"https:\/\/fvcomponentes.com\/fr\/wp-json\/wp\/v2\/comments?post=6753"}],"wp:featuredmedia":[{"embeddable":true,"href":"https:\/\/fvcomponentes.com\/fr\/wp-json\/wp\/v2\/media\/6745"}],"wp:attachment":[{"href":"https:\/\/fvcomponentes.com\/fr\/wp-json\/wp\/v2\/media?parent=6753"}],"wp:term":[{"taxonomy":"pwb-brand","embeddable":true,"href":"https:\/\/fvcomponentes.com\/fr\/wp-json\/wp\/v2\/pwb-brand?post=6753"},{"taxonomy":"product_brand","embeddable":true,"href":"https:\/\/fvcomponentes.com\/fr\/wp-json\/wp\/v2\/product_brand?post=6753"},{"taxonomy":"product_cat","embeddable":true,"href":"https:\/\/fvcomponentes.com\/fr\/wp-json\/wp\/v2\/product_cat?post=6753"},{"taxonomy":"product_tag","embeddable":true,"href":"https:\/\/fvcomponentes.com\/fr\/wp-json\/wp\/v2\/product_tag?post=6753"}],"curies":[{"name":"wp","href":"https:\/\/api.w.org\/{rel}","templated":true}]}}