{"id":6743,"date":"2023-08-17T16:00:01","date_gmt":"2023-08-17T14:00:01","guid":{"rendered":"https:\/\/fvcomponentes.com\/?post_type=product&#038;p=6743"},"modified":"2026-01-15T10:04:04","modified_gmt":"2026-01-15T09:04:04","slug":"regulateur-bluesolar-victron-pwm-lcd-et-usb-12-24v-20a-scc010020050","status":"publish","type":"product","link":"https:\/\/fvcomponentes.com\/fr\/producto\/regulador-bluesolar-victron-pwm-lcd-y-usb-12-24v-20a-scc010020050\/","title":{"rendered":"BlueSolar Victron Contr\u00f4leur PWM-LCD et USB 12\/24V-20A - SCC010020050"},"content":{"rendered":"<h2>\u00c9cran \u00e0 cristaux liquides<\/h2>\n<p>Pour la surveillance et la configuration.<\/p>\n<h2>Sortie de charge<\/h2>\n<p>Il est possible d'emp\u00eacher la batterie de se d\u00e9charger excessivement en connectant toutes les charges \u00e0 la sortie de charge. Cette sortie d\u00e9connecte la charge lorsque la batterie s'est d\u00e9charg\u00e9e jusqu'\u00e0 une tension pr\u00e9d\u00e9finie.<br \/>\nIl est pr\u00e9f\u00e9rable de connecter certaines charges (en particulier les onduleurs) directement \u00e0 la batterie, et la t\u00e9l\u00e9commande de l'onduleur \u00e0 la sortie de la charge. Un c\u00e2ble d'interface sp\u00e9cial peut \u00eatre n\u00e9cessaire.<br \/>\nLes tensions d'enclenchement et de d\u00e9clenchement sont r\u00e9glables.<\/p>\n<h2>Programmation jour\/nuit de la sortie de charge<\/h2>\n<p>Cette option permet de pr\u00e9r\u00e9gler l'heure de mise en marche apr\u00e8s le coucher du soleil.<\/p>\n<h2>Algorithme de charge de la batterie programmable<\/h2>\n<p>Algorithmes pr\u00e9programm\u00e9s pour les batteries AGM, GEL, inond\u00e9es ou LiFePO4 (uniquement avec BMS interne).<\/p>\n<h2>Deux sorties USB de 5 volts<\/h2>\n<p>Courant maximal (les deux sorties ensemble) : 2A<\/p>\n<h2>Fiche technique BlueSolar Victron PWM-LCD et USB 12\/24V-20A - SCC010020050<\/h2>\n<p><a href=\"https:\/\/fvcomponentes.com\/wp-content\/uploads\/2023\/03\/BlueSolar-LCD-12-24V-LCDUSB-ES.pdf\" target=\"_blank\" rel=\"noopener\">Fiche technique BlueSolar Victron PWM-LCD et USB 12\/24V-20A - SCC010020050<\/a><\/p>","protected":false},"excerpt":{"rendered":"<p><strong>Tension de la batterie : <\/strong>12\/24 V avec d\u00e9tection automatique de la tension d'entr\u00e9e.<br \/>\n<strong>Courant de charge nominal : <\/strong>20A<br \/>\n<strong>D\u00e9connexion automatique des charges : <\/strong>Oui<\/p>","protected":false},"featured_media":9534,"comment_status":"open","ping_status":"closed","template":"","meta":{"site-sidebar-layout":"default","site-content-layout":"default","ast-site-content-layout":"default","site-content-style":"default","site-sidebar-style":"default","ast-global-header-display":"","ast-banner-title-visibility":"","ast-main-header-display":"","ast-hfb-above-header-display":"","ast-hfb-below-header-display":"","ast-hfb-mobile-header-display":"","site-post-title":"","ast-breadcrumbs-content":"","ast-featured-img":"","footer-sml-layout":"","ast-disable-related-posts":"","theme-transparent-header-meta":"default","adv-header-id-meta":"","stick-header-meta":"","header-above-stick-meta":"","header-main-stick-meta":"","header-below-stick-meta":"","astra-migrate-meta-layouts":"set","ast-page-background-enabled":"default","ast-page-background-meta":{"desktop":{"background-color":"var(--ast-global-color-4)","background-image":"","background-repeat":"repeat","background-position":"center center","background-size":"auto","background-attachment":"scroll","background-type":"","background-media":"","overlay-type":"","overlay-color":"","overlay-opacity":"","overlay-gradient":""},"tablet":{"background-color":"","background-image":"","background-repeat":"repeat","background-position":"center center","background-size":"auto","background-attachment":"scroll","background-type":"","background-media":"","overlay-type":"","overlay-color":"","overlay-opacity":"","overlay-gradient":""},"mobile":{"background-color":"","background-image":"","background-repeat":"repeat","background-position":"center center","background-size":"auto","background-attachment":"scroll","background-type":"","background-media":"","overlay-type":"","overlay-color":"","overlay-opacity":"","overlay-gradient":""}},"ast-content-background-meta":{"desktop":{"background-color":"var(--ast-global-color-5)","background-image":"","background-repeat":"repeat","background-position":"center center","background-size":"auto","background-attachment":"scroll","background-type":"","background-media":"","overlay-type":"","overlay-color":"","overlay-opacity":"","overlay-gradient":""},"tablet":{"background-color":"var(--ast-global-color-5)","background-image":"","background-repeat":"repeat","background-position":"center center","background-size":"auto","background-attachment":"scroll","background-type":"","background-media":"","overlay-type":"","overlay-color":"","overlay-opacity":"","overlay-gradient":""},"mobile":{"background-color":"var(--ast-global-color-5)","background-image":"","background-repeat":"repeat","background-position":"center center","background-size":"auto","background-attachment":"scroll","background-type":"","background-media":"","overlay-type":"","overlay-color":"","overlay-opacity":"","overlay-gradient":""}}},"pwb-brand":[332],"product_brand":[],"product_cat":[353,354],"product_tag":[],"class_list":{"0":"post-6743","1":"product","2":"type-product","3":"status-publish","4":"has-post-thumbnail","6":"pwb-brand-victron","7":"product_cat-reguladores-de-carga-solares","8":"product_cat-reguladores-pwm","9":"desktop-align-left","10":"tablet-align-left","11":"mobile-align-left","12":"ast-product-gallery-layout-horizontal-slider","13":"ast-product-gallery-with-no-image","14":"ast-product-tabs-layout-horizontal","16":"first","17":"instock","18":"taxable","19":"shipping-taxable","20":"purchasable","21":"product-type-simple"},"wcpa_form_fields":null,"brands":[{"id":332,"name":"Victron Energy","slug":"victron"}],"_links":{"self":[{"href":"https:\/\/fvcomponentes.com\/fr\/wp-json\/wp\/v2\/product\/6743","targetHints":{"allow":["GET"]}}],"collection":[{"href":"https:\/\/fvcomponentes.com\/fr\/wp-json\/wp\/v2\/product"}],"about":[{"href":"https:\/\/fvcomponentes.com\/fr\/wp-json\/wp\/v2\/types\/product"}],"replies":[{"embeddable":true,"href":"https:\/\/fvcomponentes.com\/fr\/wp-json\/wp\/v2\/comments?post=6743"}],"wp:featuredmedia":[{"embeddable":true,"href":"https:\/\/fvcomponentes.com\/fr\/wp-json\/wp\/v2\/media\/9534"}],"wp:attachment":[{"href":"https:\/\/fvcomponentes.com\/fr\/wp-json\/wp\/v2\/media?parent=6743"}],"wp:term":[{"taxonomy":"pwb-brand","embeddable":true,"href":"https:\/\/fvcomponentes.com\/fr\/wp-json\/wp\/v2\/pwb-brand?post=6743"},{"taxonomy":"product_brand","embeddable":true,"href":"https:\/\/fvcomponentes.com\/fr\/wp-json\/wp\/v2\/product_brand?post=6743"},{"taxonomy":"product_cat","embeddable":true,"href":"https:\/\/fvcomponentes.com\/fr\/wp-json\/wp\/v2\/product_cat?post=6743"},{"taxonomy":"product_tag","embeddable":true,"href":"https:\/\/fvcomponentes.com\/fr\/wp-json\/wp\/v2\/product_tag?post=6743"}],"curies":[{"name":"wp","href":"https:\/\/api.w.org\/{rel}","templated":true}]}}