{"id":6727,"date":"2023-05-05T09:00:47","date_gmt":"2023-05-05T07:00:47","guid":{"rendered":"https:\/\/fvcomponentes.com\/?post_type=product&#038;p=6727"},"modified":"2025-09-03T19:54:16","modified_gmt":"2025-09-03T17:54:16","slug":"regulateur-victron-bluesolar-pwm-light-48v-20a-scc040020020","status":"publish","type":"product","link":"https:\/\/fvcomponentes.com\/fr\/producto\/regulador-victron-bluesolar-pwm-light-48v-20a-scc040020020\/","title":{"rendered":"Victron BlueSolar Contr\u00f4leur PWM-Light 48V-20A - SCC040020020"},"content":{"rendered":"<h2>Caract\u00e9ristiques<\/h2>\n<p>- Fonction de d\u00e9connexion de la sortie de charge en cas de faible tension de la batterie.<br \/>\n- Fonction de contr\u00f4le du r\u00e9tro\u00e9clairage, minuterie unique.<br \/>\n- Affichage \u00e0 sept segments pour un r\u00e9glage rapide et facile de la fonction de sortie de la charge, y compris le r\u00e9glage de la minuterie.<br \/>\n- Chargement de la batterie en trois \u00e9tapes (initiale, absorption et flottante), non programmable.<br \/>\n- La sortie de charge est prot\u00e9g\u00e9e contre les surcharges et les courts-circuits.<br \/>\n- Prot\u00e9g\u00e9 contre l'inversion de polarit\u00e9 des panneaux solaires et\/ou de la batterie.<\/p>\n<h2>Fiche technique Victron BlueSolar Contr\u00f4leur PWM-Light 48V-20A - SCC040020020<\/h2>\n<p><a href=\"https:\/\/fvcomponentes.com\/wp-content\/uploads\/2023\/03\/BlueSolar-PWM-Light-Charge-Controllers-48V-ES.pdf\" target=\"_blank\" rel=\"noopener\">Fiche technique Victron BlueSolar Contr\u00f4leur PWM-Light 48V-20A - SCC040020020<\/a><\/p>","protected":false},"excerpt":{"rendered":"<p><strong>Tension de la batterie :<\/strong> 48V<br \/>\n<strong>Courant de charge nominal :<\/strong> 20A<br \/>\n<strong>D\u00e9connexion automatique de la charge :<\/strong> Oui<br \/>\n<strong>Tension solaire maximale :<\/strong> 100V<br \/>\n<strong>Poids (kg) :<\/strong> 0,17<br \/>\n<strong>Dimensions (mm) : <\/strong>95 x 140 x 33,5<\/p>","protected":false},"featured_media":6728,"comment_status":"open","ping_status":"closed","template":"","meta":{"site-sidebar-layout":"default","site-content-layout":"default","ast-site-content-layout":"default","site-content-style":"default","site-sidebar-style":"default","ast-global-header-display":"","ast-banner-title-visibility":"","ast-main-header-display":"","ast-hfb-above-header-display":"","ast-hfb-below-header-display":"","ast-hfb-mobile-header-display":"","site-post-title":"","ast-breadcrumbs-content":"","ast-featured-img":"","footer-sml-layout":"","ast-disable-related-posts":"","theme-transparent-header-meta":"default","adv-header-id-meta":"","stick-header-meta":"","header-above-stick-meta":"","header-main-stick-meta":"","header-below-stick-meta":"","astra-migrate-meta-layouts":"set","ast-page-background-enabled":"default","ast-page-background-meta":{"desktop":{"background-color":"var(--ast-global-color-4)","background-image":"","background-repeat":"repeat","background-position":"center center","background-size":"auto","background-attachment":"scroll","background-type":"","background-media":"","overlay-type":"","overlay-color":"","overlay-opacity":"","overlay-gradient":""},"tablet":{"background-color":"","background-image":"","background-repeat":"repeat","background-position":"center center","background-size":"auto","background-attachment":"scroll","background-type":"","background-media":"","overlay-type":"","overlay-color":"","overlay-opacity":"","overlay-gradient":""},"mobile":{"background-color":"","background-image":"","background-repeat":"repeat","background-position":"center center","background-size":"auto","background-attachment":"scroll","background-type":"","background-media":"","overlay-type":"","overlay-color":"","overlay-opacity":"","overlay-gradient":""}},"ast-content-background-meta":{"desktop":{"background-color":"var(--ast-global-color-5)","background-image":"","background-repeat":"repeat","background-position":"center center","background-size":"auto","background-attachment":"scroll","background-type":"","background-media":"","overlay-type":"","overlay-color":"","overlay-opacity":"","overlay-gradient":""},"tablet":{"background-color":"var(--ast-global-color-5)","background-image":"","background-repeat":"repeat","background-position":"center center","background-size":"auto","background-attachment":"scroll","background-type":"","background-media":"","overlay-type":"","overlay-color":"","overlay-opacity":"","overlay-gradient":""},"mobile":{"background-color":"var(--ast-global-color-5)","background-image":"","background-repeat":"repeat","background-position":"center center","background-size":"auto","background-attachment":"scroll","background-type":"","background-media":"","overlay-type":"","overlay-color":"","overlay-opacity":"","overlay-gradient":""}}},"pwb-brand":[332],"product_brand":[],"product_cat":[353,354],"product_tag":[],"class_list":{"0":"post-6727","1":"product","2":"type-product","3":"status-publish","4":"has-post-thumbnail","6":"pwb-brand-victron","7":"product_cat-reguladores-de-carga-solares","8":"product_cat-reguladores-pwm","9":"desktop-align-left","10":"tablet-align-left","11":"mobile-align-left","12":"ast-product-gallery-layout-horizontal-slider","13":"ast-product-tabs-layout-horizontal","15":"first","16":"instock","17":"taxable","18":"shipping-taxable","19":"purchasable","20":"product-type-simple"},"wcpa_form_fields":null,"brands":[{"id":332,"name":"Victron Energy","slug":"victron"}],"_links":{"self":[{"href":"https:\/\/fvcomponentes.com\/fr\/wp-json\/wp\/v2\/product\/6727","targetHints":{"allow":["GET"]}}],"collection":[{"href":"https:\/\/fvcomponentes.com\/fr\/wp-json\/wp\/v2\/product"}],"about":[{"href":"https:\/\/fvcomponentes.com\/fr\/wp-json\/wp\/v2\/types\/product"}],"replies":[{"embeddable":true,"href":"https:\/\/fvcomponentes.com\/fr\/wp-json\/wp\/v2\/comments?post=6727"}],"wp:featuredmedia":[{"embeddable":true,"href":"https:\/\/fvcomponentes.com\/fr\/wp-json\/wp\/v2\/media\/6728"}],"wp:attachment":[{"href":"https:\/\/fvcomponentes.com\/fr\/wp-json\/wp\/v2\/media?parent=6727"}],"wp:term":[{"taxonomy":"pwb-brand","embeddable":true,"href":"https:\/\/fvcomponentes.com\/fr\/wp-json\/wp\/v2\/pwb-brand?post=6727"},{"taxonomy":"product_brand","embeddable":true,"href":"https:\/\/fvcomponentes.com\/fr\/wp-json\/wp\/v2\/product_brand?post=6727"},{"taxonomy":"product_cat","embeddable":true,"href":"https:\/\/fvcomponentes.com\/fr\/wp-json\/wp\/v2\/product_cat?post=6727"},{"taxonomy":"product_tag","embeddable":true,"href":"https:\/\/fvcomponentes.com\/fr\/wp-json\/wp\/v2\/product_tag?post=6727"}],"curies":[{"name":"wp","href":"https:\/\/api.w.org\/{rel}","templated":true}]}}