{"id":6684,"date":"2023-04-13T11:40:26","date_gmt":"2023-04-13T09:40:26","guid":{"rendered":"https:\/\/fvcomponentes.com\/?post_type=product&#038;p=6684"},"modified":"2026-01-15T10:05:09","modified_gmt":"2026-01-15T09:05:09","slug":"victron-smart-battery-protection-smart-batteryprotect-12-24v-65a-bpr065022000","status":"publish","type":"product","link":"https:\/\/fvcomponentes.com\/fr\/producto\/proteccion-victron-de-bateria-inteligente-smart-batteryprotect-12-24v-65a-bpr065022000\/","title":{"rendered":"Victron Smart Battery Protection Smart BatteryProtect 12\/24V 65A - BPR065022000"},"content":{"rendered":"<h2>Prot\u00e8ge la batterie contre les d\u00e9charges excessives et peut \u00eatre utilis\u00e9 comme interrupteur marche\/arr\u00eat du syst\u00e8me.<\/h2>\n<p>Le Smart BatteryProtect 12\/24V 65A d\u00e9connecte les charges non essentielles de la batterie avant qu'elle ne soit compl\u00e8tement d\u00e9charg\u00e9e (ce qui endommagerait la batterie) ou avant qu'elle n'ait plus assez de charge pour d\u00e9marrer le moteur. L'entr\u00e9e marche\/arr\u00eat peut \u00eatre utilis\u00e9e comme interrupteur marche\/arr\u00eat du syst\u00e8me.<\/p>\n<h2>12\/24V autor\u00e9gul\u00e9<\/h2>\n<p>Le Smart BatteryProtect 12\/24V 65A d\u00e9tecte la tension du syst\u00e8me automatiquement et une seule fois.<\/p>\n<h2>Bluetooth : programmation facile<\/h2>\n<p>Lors de la programmation du Smart BatteryProtect 12\/24V 65A via Bluetooth, les niveaux d'activation\/d\u00e9sactivation souhait\u00e9s peuvent \u00eatre d\u00e9finis. Alternativement, la broche de programmation peut \u00eatre utilis\u00e9e pour d\u00e9finir l'un des neuf niveaux d'activation\/d\u00e9sactivation (voir manuel).<br \/>\nSi n\u00e9cessaire, le Bluetooth peut \u00eatre d\u00e9sactiv\u00e9.<\/p>\n<h2>Une configuration sp\u00e9ciale pour les batteries Li-Ion<\/h2>\n<p>Dans ce mode, BatteryProtect peut \u00eatre contr\u00f4l\u00e9 par le BMS VE.Bus.<br \/>\nRemarque : BatteryProtect peut \u00e9galement \u00eatre utilis\u00e9 comme interrupteur entre un chargeur de batterie et une batterie Li-ion. Voir le sch\u00e9ma de connexion dans le manuel.<\/p>\n<h2>Tr\u00e8s faible consommation d'\u00e9nergie<\/h2>\n<p>Ceci est important dans le cas des batteries Li-Ion, en particulier apr\u00e8s une d\u00e9connexion \u00e0 basse tension.<br \/>\nVoir la fiche technique de notre batterie Li-Ion et le manuel du BMS VE.Bus pour plus d'informations.<\/p>\n<h2>Protection contre les surtensions<\/h2>\n<p>Pour \u00e9viter d'endommager les charges sensibles en raison d'une surtension, la charge est d\u00e9sactiv\u00e9e lorsque la tension continue d\u00e9passe 16,3 V ou 32,6 V respectivement.<\/p>\n<h2>L'ignifugation<\/h2>\n<p>Sans relais mais avec des interrupteurs MOSFET, donc pas d'\u00e9tincelles.<\/p>\n<h2>Sortie d'alarme retard\u00e9e<\/h2>\n<p>La sortie d'alarme est activ\u00e9e si la tension de la batterie tombe en dessous du niveau de coupure pr\u00e9d\u00e9fini pendant plus de 12 secondes. Par cons\u00e9quent, le d\u00e9marrage du moteur ne d\u00e9clenche pas l'alarme. La sortie d'alarme est une sortie \u00e0 collecteur ouvert prot\u00e9g\u00e9e contre les courts-circuits sur le rail n\u00e9gatif (moins), avec un courant maximum de 50 mA. Normalement, la sortie d'alarme est utilis\u00e9e pour activer un signal sonore, une LED ou un relais.<\/p>\n<h2>D\u00e9connexion et reconnexion diff\u00e9r\u00e9e de la charge<\/h2>\n<p>La charge doit \u00eatre d\u00e9connect\u00e9e 90 secondes apr\u00e8s que la tension de la batterie est tomb\u00e9e en dessous du niveau pr\u00e9d\u00e9fini. Si la tension de la batterie remonte vers le seuil d'enclenchement pendant cette p\u00e9riode (apr\u00e8s le d\u00e9marrage du moteur, par exemple), la charge n'est pas d\u00e9connect\u00e9e.<br \/>\nLa charge sera r\u00e9tablie 30 secondes apr\u00e8s que la tension de la batterie ait d\u00e9pass\u00e9 le seuil d'alerte.<br \/>\nreconnexion par d\u00e9faut.<\/p>\n<p><img fetchpriority=\"high\" decoding=\"async\" class=\"alignnone size-full wp-image-6686\" src=\"https:\/\/fvcomponentes.com\/wp-content\/uploads\/2023\/03\/SAFSADF.png\" alt=\"Victron Smart Battery Protection 12\/24V 65A - BPR065022000\" width=\"383\" height=\"193\" title=\"\"><\/p>\n<h2>Fiche technique Victron Smart Battery Protection Smart BatteryProtect 12\/24V 65A - BPR065022000<\/h2>\n<p><a href=\"https:\/\/fvcomponentes.com\/wp-content\/uploads\/2023\/04\/Datasheet-Smart-Battery-Protect-65-A-100-A-220-A-ES.pdf\" target=\"_blank\" rel=\"noopener\">Voir Victron Smart Battery Protection Smart BatteryProtect 12\/24V 65A - BPR065022000<\/a><\/p>","protected":false},"excerpt":{"rendered":"<p><strong>Courant de charge continu maximum* :<\/strong> 65A<br \/>\n<strong>Courant de pointe (pendant 30 secondes) :<\/strong> 250A<br \/>\n<strong>Plage de tension de travail :<\/strong> 6 -35V<br \/>\n<strong>Poids (kg) :<\/strong> 0,2<br \/>\n<strong>Dimensions (mm) :<\/strong> 48 x 55 x 106<\/p>","protected":false},"featured_media":6691,"comment_status":"open","ping_status":"closed","template":"","meta":{"site-sidebar-layout":"default","site-content-layout":"default","ast-site-content-layout":"default","site-content-style":"default","site-sidebar-style":"default","ast-global-header-display":"","ast-banner-title-visibility":"","ast-main-header-display":"","ast-hfb-above-header-display":"","ast-hfb-below-header-display":"","ast-hfb-mobile-header-display":"","site-post-title":"","ast-breadcrumbs-content":"","ast-featured-img":"","footer-sml-layout":"","ast-disable-related-posts":"","theme-transparent-header-meta":"default","adv-header-id-meta":"","stick-header-meta":"","header-above-stick-meta":"","header-main-stick-meta":"","header-below-stick-meta":"","astra-migrate-meta-layouts":"set","ast-page-background-enabled":"default","ast-page-background-meta":{"desktop":{"background-color":"var(--ast-global-color-4)","background-image":"","background-repeat":"repeat","background-position":"center center","background-size":"auto","background-attachment":"scroll","background-type":"","background-media":"","overlay-type":"","overlay-color":"","overlay-opacity":"","overlay-gradient":""},"tablet":{"background-color":"","background-image":"","background-repeat":"repeat","background-position":"center center","background-size":"auto","background-attachment":"scroll","background-type":"","background-media":"","overlay-type":"","overlay-color":"","overlay-opacity":"","overlay-gradient":""},"mobile":{"background-color":"","background-image":"","background-repeat":"repeat","background-position":"center center","background-size":"auto","background-attachment":"scroll","background-type":"","background-media":"","overlay-type":"","overlay-color":"","overlay-opacity":"","overlay-gradient":""}},"ast-content-background-meta":{"desktop":{"background-color":"var(--ast-global-color-5)","background-image":"","background-repeat":"repeat","background-position":"center center","background-size":"auto","background-attachment":"scroll","background-type":"","background-media":"","overlay-type":"","overlay-color":"","overlay-opacity":"","overlay-gradient":""},"tablet":{"background-color":"var(--ast-global-color-5)","background-image":"","background-repeat":"repeat","background-position":"center center","background-size":"auto","background-attachment":"scroll","background-type":"","background-media":"","overlay-type":"","overlay-color":"","overlay-opacity":"","overlay-gradient":""},"mobile":{"background-color":"var(--ast-global-color-5)","background-image":"","background-repeat":"repeat","background-position":"center center","background-size":"auto","background-attachment":"scroll","background-type":"","background-media":"","overlay-type":"","overlay-color":"","overlay-opacity":"","overlay-gradient":""}}},"pwb-brand":[332],"product_brand":[],"product_cat":[391,340,929],"product_tag":[],"class_list":{"0":"post-6684","1":"product","2":"type-product","3":"status-publish","4":"has-post-thumbnail","6":"pwb-brand-victron","7":"product_cat-accesorios-para-baterias","8":"product_cat-baterias","9":"product_cat-protectores-de-bateria","10":"desktop-align-left","11":"tablet-align-left","12":"mobile-align-left","13":"ast-product-gallery-layout-horizontal-slider","14":"ast-product-tabs-layout-horizontal","16":"first","17":"instock","18":"taxable","19":"shipping-taxable","20":"purchasable","21":"product-type-simple"},"wcpa_form_fields":null,"brands":[{"id":332,"name":"Victron Energy","slug":"victron"}],"_links":{"self":[{"href":"https:\/\/fvcomponentes.com\/fr\/wp-json\/wp\/v2\/product\/6684","targetHints":{"allow":["GET"]}}],"collection":[{"href":"https:\/\/fvcomponentes.com\/fr\/wp-json\/wp\/v2\/product"}],"about":[{"href":"https:\/\/fvcomponentes.com\/fr\/wp-json\/wp\/v2\/types\/product"}],"replies":[{"embeddable":true,"href":"https:\/\/fvcomponentes.com\/fr\/wp-json\/wp\/v2\/comments?post=6684"}],"wp:featuredmedia":[{"embeddable":true,"href":"https:\/\/fvcomponentes.com\/fr\/wp-json\/wp\/v2\/media\/6691"}],"wp:attachment":[{"href":"https:\/\/fvcomponentes.com\/fr\/wp-json\/wp\/v2\/media?parent=6684"}],"wp:term":[{"taxonomy":"pwb-brand","embeddable":true,"href":"https:\/\/fvcomponentes.com\/fr\/wp-json\/wp\/v2\/pwb-brand?post=6684"},{"taxonomy":"product_brand","embeddable":true,"href":"https:\/\/fvcomponentes.com\/fr\/wp-json\/wp\/v2\/product_brand?post=6684"},{"taxonomy":"product_cat","embeddable":true,"href":"https:\/\/fvcomponentes.com\/fr\/wp-json\/wp\/v2\/product_cat?post=6684"},{"taxonomy":"product_tag","embeddable":true,"href":"https:\/\/fvcomponentes.com\/fr\/wp-json\/wp\/v2\/product_tag?post=6684"}],"curies":[{"name":"wp","href":"https:\/\/api.w.org\/{rel}","templated":true}]}}