{"id":6681,"date":"2023-10-09T14:03:00","date_gmt":"2023-10-09T12:03:00","guid":{"rendered":"https:\/\/fvcomponentes.com\/?post_type=product&#038;p=6681"},"modified":"2026-04-08T21:31:46","modified_gmt":"2026-04-08T19:31:46","slug":"victron-48v-100a-battery-protection-bpr048100400","status":"publish","type":"product","link":"https:\/\/fvcomponentes.com\/fr\/producto\/proteccion-de-bateria-victron-48v-100a-bpr048100400\/","title":{"rendered":"Victron 48V\/100A Protection de la batterie - BPR048100400"},"content":{"rendered":"<h2><strong>BatteryProtect : Protection de la batterie 48V\/100A de Victron - Efficacit\u00e9 \u00e9nerg\u00e9tique et protection<\/strong><\/h2>\n<p>BatteryProtect est un dispositif essentiel pour pr\u00e9server la dur\u00e9e de vie de votre batterie. Nous pr\u00e9sentons ici ses principales caract\u00e9ristiques :<\/p>\n<ol>\n<li><strong>D\u00e9connexion intelligente de la charge : <\/strong>BatteryProtect d\u00e9connecte automatiquement les charges non essentielles avant que la batterie ne soit compl\u00e8tement d\u00e9charg\u00e9e, \u00e9vitant ainsi des dommages importants ou des difficult\u00e9s lors du d\u00e9marrage du moteur.<\/li>\n<li><strong>Configuration simple : <\/strong>Le BatteryProtect est facilement r\u00e9glable pour se connecter\/d\u00e9connecter \u00e0 diff\u00e9rentes tensions.<\/li>\n<li><strong>Mode sp\u00e9cial pour les batteries Li-Ion : <\/strong>Dans ce mode sp\u00e9cial, BatteryProtect s'int\u00e8gre au BMS VE.Bus, fournissant un contr\u00f4le avanc\u00e9. Voir le manuel pour plus de d\u00e9tails sur la connexion, y compris en tant que commutateur de charge entre le chargeur et une batterie lithium-ion.<\/li>\n<li><strong>Efficacit\u00e9 \u00e9nerg\u00e9tique et consommation minimale : <\/strong>Ce facteur est crucial pour les batteries Li-Ion, en particulier apr\u00e8s des d\u00e9connexions \u00e0 basse tension. Veuillez vous r\u00e9f\u00e9rer \u00e0 la fiche technique de nos batteries Li-Ion et au manuel du BMS VE.Bus pour des informations d\u00e9taill\u00e9es.<\/li>\n<li><strong>Protection contre les surtensions : <\/strong>BatteryProtect d\u00e9connecte la charge lorsque la tension continue d\u00e9passe 16V ou 32V, \u00e9vitant ainsi d'endommager les appareils sensibles.<\/li>\n<li><strong>La s\u00e9curit\u00e9 sans \u00e9tincelles : <\/strong>Avec des commutateurs MOSFET au lieu de relais, BatteryProtect garantit un fonctionnement s\u00fbr sans \u00e9tincelles susceptibles de causer des probl\u00e8mes.<\/li>\n<li><strong>Sortie d'alarme retard\u00e9e : <\/strong>La sortie d'alarme est activ\u00e9e si la tension de la batterie tombe en dessous du seuil de coupure pr\u00e9d\u00e9fini pendant plus de 12 secondes. Cela permet d'\u00e9viter les alarmes inutiles lors du d\u00e9marrage du moteur. La sortie d'alarme est s\u00fbre et polyvalente, id\u00e9ale pour les signaux acoustiques, les LED ou les relais.<\/li>\n<li><strong>D\u00e9connexion et reconnexion intelligentes de la charge : <\/strong>BatteryProtect d\u00e9connecte la charge 90 secondes apr\u00e8s le d\u00e9clenchement de l'alarme, mais la reconnecte automatiquement si la tension remonte au seuil pr\u00e9d\u00e9fini dans les 30 secondes, \u00e9vitant ainsi les interruptions inutiles lors du d\u00e9marrage du moteur.<\/li>\n<\/ol>\n<p>Optimisez la protection et l'efficacit\u00e9 de votre syst\u00e8me \u00e9lectrique avec BatteryProtect. Configuration intuitive et s\u00e9curit\u00e9 avanc\u00e9e - assurez la s\u00e9curit\u00e9 et le bon fonctionnement de vos appareils !<\/p>\n<h2>Fiche technique Protection de la batterie Victron 48V\/100A - BPR048100400<\/h2>\n<p><a href=\"https:\/\/fvcomponentes.com\/wp-content\/uploads\/2023\/03\/Battery-Protect-48-V-100-A-ES.pdf\" target=\"_blank\" rel=\"noopener\">Voir Protection de batterie 48V\/100A Victron - BPR048100400\u00a0<\/a><\/p>","protected":false},"excerpt":{"rendered":"<p><strong>La tension : <\/strong>48V<strong><br \/>\nCourant de charge continu maximum* :<\/strong> 100A<br \/>\n<strong>Courant de pointe :<\/strong> 250A<br \/>\n<strong>Plage de tension de travail :<\/strong> 24 -64V<\/p>","protected":false},"featured_media":6683,"comment_status":"open","ping_status":"closed","template":"","meta":{"site-sidebar-layout":"default","site-content-layout":"default","ast-site-content-layout":"default","site-content-style":"default","site-sidebar-style":"default","ast-global-header-display":"","ast-banner-title-visibility":"","ast-main-header-display":"","ast-hfb-above-header-display":"","ast-hfb-below-header-display":"","ast-hfb-mobile-header-display":"","site-post-title":"","ast-breadcrumbs-content":"","ast-featured-img":"","footer-sml-layout":"","ast-disable-related-posts":"","theme-transparent-header-meta":"default","adv-header-id-meta":"","stick-header-meta":"","header-above-stick-meta":"","header-main-stick-meta":"","header-below-stick-meta":"","astra-migrate-meta-layouts":"set","ast-page-background-enabled":"default","ast-page-background-meta":{"desktop":{"background-color":"var(--ast-global-color-4)","background-image":"","background-repeat":"repeat","background-position":"center center","background-size":"auto","background-attachment":"scroll","background-type":"","background-media":"","overlay-type":"","overlay-color":"","overlay-opacity":"","overlay-gradient":""},"tablet":{"background-color":"","background-image":"","background-repeat":"repeat","background-position":"center center","background-size":"auto","background-attachment":"scroll","background-type":"","background-media":"","overlay-type":"","overlay-color":"","overlay-opacity":"","overlay-gradient":""},"mobile":{"background-color":"","background-image":"","background-repeat":"repeat","background-position":"center center","background-size":"auto","background-attachment":"scroll","background-type":"","background-media":"","overlay-type":"","overlay-color":"","overlay-opacity":"","overlay-gradient":""}},"ast-content-background-meta":{"desktop":{"background-color":"var(--ast-global-color-5)","background-image":"","background-repeat":"repeat","background-position":"center center","background-size":"auto","background-attachment":"scroll","background-type":"","background-media":"","overlay-type":"","overlay-color":"","overlay-opacity":"","overlay-gradient":""},"tablet":{"background-color":"var(--ast-global-color-5)","background-image":"","background-repeat":"repeat","background-position":"center center","background-size":"auto","background-attachment":"scroll","background-type":"","background-media":"","overlay-type":"","overlay-color":"","overlay-opacity":"","overlay-gradient":""},"mobile":{"background-color":"var(--ast-global-color-5)","background-image":"","background-repeat":"repeat","background-position":"center center","background-size":"auto","background-attachment":"scroll","background-type":"","background-media":"","overlay-type":"","overlay-color":"","overlay-opacity":"","overlay-gradient":""}}},"pwb-brand":[332],"product_brand":[],"product_cat":[340,391,929],"product_tag":[],"class_list":{"0":"post-6681","1":"product","2":"type-product","3":"status-publish","4":"has-post-thumbnail","6":"pwb-brand-victron","7":"product_cat-baterias","8":"product_cat-accesorios-para-baterias","9":"product_cat-protectores-de-bateria","10":"desktop-align-left","11":"tablet-align-left","12":"mobile-align-left","13":"ast-product-gallery-layout-horizontal-slider","14":"ast-product-gallery-with-no-image","15":"ast-product-tabs-layout-horizontal","17":"first","18":"instock","19":"taxable","20":"shipping-taxable","21":"purchasable","22":"product-type-simple"},"wcpa_form_fields":null,"brands":[{"id":332,"name":"Victron Energy","slug":"victron"}],"_links":{"self":[{"href":"https:\/\/fvcomponentes.com\/fr\/wp-json\/wp\/v2\/product\/6681","targetHints":{"allow":["GET"]}}],"collection":[{"href":"https:\/\/fvcomponentes.com\/fr\/wp-json\/wp\/v2\/product"}],"about":[{"href":"https:\/\/fvcomponentes.com\/fr\/wp-json\/wp\/v2\/types\/product"}],"replies":[{"embeddable":true,"href":"https:\/\/fvcomponentes.com\/fr\/wp-json\/wp\/v2\/comments?post=6681"}],"wp:featuredmedia":[{"embeddable":true,"href":"https:\/\/fvcomponentes.com\/fr\/wp-json\/wp\/v2\/media\/6683"}],"wp:attachment":[{"href":"https:\/\/fvcomponentes.com\/fr\/wp-json\/wp\/v2\/media?parent=6681"}],"wp:term":[{"taxonomy":"pwb-brand","embeddable":true,"href":"https:\/\/fvcomponentes.com\/fr\/wp-json\/wp\/v2\/pwb-brand?post=6681"},{"taxonomy":"product_brand","embeddable":true,"href":"https:\/\/fvcomponentes.com\/fr\/wp-json\/wp\/v2\/product_brand?post=6681"},{"taxonomy":"product_cat","embeddable":true,"href":"https:\/\/fvcomponentes.com\/fr\/wp-json\/wp\/v2\/product_cat?post=6681"},{"taxonomy":"product_tag","embeddable":true,"href":"https:\/\/fvcomponentes.com\/fr\/wp-json\/wp\/v2\/product_tag?post=6681"}],"curies":[{"name":"wp","href":"https:\/\/api.w.org\/{rel}","templated":true}]}}