{"id":6675,"date":"2023-10-09T13:54:02","date_gmt":"2023-10-09T11:54:02","guid":{"rendered":"https:\/\/fvcomponentes.com\/?post_type=product&#038;p=6675"},"modified":"2026-01-15T10:05:56","modified_gmt":"2026-01-15T09:05:56","slug":"victron-12-24v-220a-battery-protector-bpr000220400","status":"publish","type":"product","link":"https:\/\/fvcomponentes.com\/fr\/producto\/protector-de-bateria-victron-12-24v-220a-bpr000220400\/","title":{"rendered":"Victron Protection de la batterie 12\/24V 220A - BPR000220400"},"content":{"rendered":"<h2><strong>Protection de la batterie <a href=\"https:\/\/www.victronenergy.com.es\/\" target=\"_blank\" rel=\"noopener\">Victron<\/a> 12\/24V 220A - BPR000220400 : Protection intelligente des batteries<\/strong><\/h2>\n<p>BatteryProtect est une solution essentielle pour optimiser la dur\u00e9e de vie de votre batterie. En voici les points forts du point de vue du r\u00e9f\u00e9rencement :<\/p>\n<ol>\n<li><strong>D\u00e9connexion intelligente des charges non essentielles : <\/strong>BatteryProtect d\u00e9connecte automatiquement les charges inutiles avant que la batterie ne soit compl\u00e8tement d\u00e9charg\u00e9e, \u00e9vitant ainsi de graves dommages ou des probl\u00e8mes de d\u00e9marrage du moteur.<\/li>\n<li><strong>Compatibilit\u00e9 12\/24V Auto-r\u00e9gulation : <\/strong>BatteryProtect s'adapte automatiquement aux syst\u00e8mes de tension 12V ou 24V, garantissant un fonctionnement polyvalent.<\/li>\n<li><strong>Programmation simplifi\u00e9e : <\/strong>Configurez facilement BatteryProtect pour qu'il se connecte\/d\u00e9connecte \u00e0 diff\u00e9rentes tensions.<\/li>\n<li><strong>Configuration sp\u00e9ciale pour les batteries Li-Ion : <\/strong>BatteryProtect offre un mode sp\u00e9cial pour contr\u00f4ler les batteries lithium-ion via le BMS VE.Bus. Se r\u00e9f\u00e9rer au manuel pour des instructions de connexion d\u00e9taill\u00e9es.<\/li>\n<li><strong>Efficacit\u00e9 \u00e9nerg\u00e9tique avec une consommation de courant ultra-faible : <\/strong>Cet aspect est crucial pour les batteries Li-Ion, en particulier apr\u00e8s des d\u00e9connexions \u00e0 basse tension. Voir la fiche technique de nos batteries Li-Ion et le manuel du BMS VE.Bus pour plus de d\u00e9tails.<\/li>\n<li><strong>Protection contre les surtensions : <\/strong>BatteryProtect d\u00e9connecte la charge d\u00e8s que la tension continue d\u00e9passe 16V ou 32V, \u00e9vitant ainsi d'endommager les appareils sensibles.<\/li>\n<li><strong>S\u00fbret\u00e9 et s\u00e9curit\u00e9 : <\/strong>Utilisez des interrupteurs MOSFET \u00e0 la place des relais pour \u00e9viter les \u00e9tincelles dangereuses et garantir la s\u00e9curit\u00e9 de vos syst\u00e8mes \u00e9lectriques.<\/li>\n<li><strong>Alarme intelligente \u00e0 retardement : <\/strong>L'alarme se d\u00e9clenche si la tension de la batterie tombe en dessous du seuil pr\u00e9d\u00e9fini pendant plus de 12 secondes, ce qui \u00e9vite les fausses alarmes lors du d\u00e9marrage du moteur. La sortie d'alarme est s\u00fbre et polyvalente, id\u00e9ale pour les signaux acoustiques, les LED ou les relais.<\/li>\n<li><strong>D\u00e9connexion et reconnexion intelligentes de la charge : <\/strong>BatteryProtect d\u00e9connecte la charge 90 secondes apr\u00e8s le d\u00e9clenchement de l'alarme, mais la reconnecte automatiquement si la tension remonte au seuil pr\u00e9d\u00e9fini dans les 30 secondes, \u00e9vitant ainsi les interruptions inutiles lors du d\u00e9marrage du moteur.<\/li>\n<\/ol>\n<p>Optimisez les performances de votre batterie et prot\u00e9gez vos appareils avec BatteryProtect. Configuration intuitive et fonctionnalit\u00e9 intelligente - gardez vos syst\u00e8mes en \u00e9tat de marche !<\/p>\n<h2>Fiche technique Protection de batterie Victron 12\/24V 220A - BPR000220400<\/h2>\n<p><a href=\"https:\/\/fvcomponentes.com\/wp-content\/uploads\/2023\/03\/Battery-Protect-65-A-100-A-220-A-ES.pdf\" target=\"_blank\" rel=\"noopener\">Voir la fiche technique de la protection de batterie Victron 12\/24V 220A - BPR000220400<\/a><\/p>","protected":false},"excerpt":{"rendered":"<div><strong>Tension\u00a0<\/strong>12\/24V<\/div>\n<div><strong>Courant de charge continu maximum* :<\/strong> 220A<br \/>\n<strong>Courant de pointe (pendant 30 secondes) :<\/strong> 600A<br \/>\n<strong>Plage de tension de travail :<\/strong> 6 -35V<\/div>","protected":false},"featured_media":6676,"comment_status":"open","ping_status":"closed","template":"","meta":{"site-sidebar-layout":"default","site-content-layout":"default","ast-site-content-layout":"default","site-content-style":"default","site-sidebar-style":"default","ast-global-header-display":"","ast-banner-title-visibility":"","ast-main-header-display":"","ast-hfb-above-header-display":"","ast-hfb-below-header-display":"","ast-hfb-mobile-header-display":"","site-post-title":"","ast-breadcrumbs-content":"","ast-featured-img":"","footer-sml-layout":"","ast-disable-related-posts":"","theme-transparent-header-meta":"default","adv-header-id-meta":"","stick-header-meta":"","header-above-stick-meta":"","header-main-stick-meta":"","header-below-stick-meta":"","astra-migrate-meta-layouts":"set","ast-page-background-enabled":"default","ast-page-background-meta":{"desktop":{"background-color":"var(--ast-global-color-4)","background-image":"","background-repeat":"repeat","background-position":"center center","background-size":"auto","background-attachment":"scroll","background-type":"","background-media":"","overlay-type":"","overlay-color":"","overlay-opacity":"","overlay-gradient":""},"tablet":{"background-color":"","background-image":"","background-repeat":"repeat","background-position":"center center","background-size":"auto","background-attachment":"scroll","background-type":"","background-media":"","overlay-type":"","overlay-color":"","overlay-opacity":"","overlay-gradient":""},"mobile":{"background-color":"","background-image":"","background-repeat":"repeat","background-position":"center center","background-size":"auto","background-attachment":"scroll","background-type":"","background-media":"","overlay-type":"","overlay-color":"","overlay-opacity":"","overlay-gradient":""}},"ast-content-background-meta":{"desktop":{"background-color":"var(--ast-global-color-5)","background-image":"","background-repeat":"repeat","background-position":"center center","background-size":"auto","background-attachment":"scroll","background-type":"","background-media":"","overlay-type":"","overlay-color":"","overlay-opacity":"","overlay-gradient":""},"tablet":{"background-color":"var(--ast-global-color-5)","background-image":"","background-repeat":"repeat","background-position":"center center","background-size":"auto","background-attachment":"scroll","background-type":"","background-media":"","overlay-type":"","overlay-color":"","overlay-opacity":"","overlay-gradient":""},"mobile":{"background-color":"var(--ast-global-color-5)","background-image":"","background-repeat":"repeat","background-position":"center center","background-size":"auto","background-attachment":"scroll","background-type":"","background-media":"","overlay-type":"","overlay-color":"","overlay-opacity":"","overlay-gradient":""}}},"pwb-brand":[332],"product_brand":[],"product_cat":[391,340,929],"product_tag":[],"class_list":{"0":"post-6675","1":"product","2":"type-product","3":"status-publish","4":"has-post-thumbnail","6":"pwb-brand-victron","7":"product_cat-accesorios-para-baterias","8":"product_cat-baterias","9":"product_cat-protectores-de-bateria","10":"desktop-align-left","11":"tablet-align-left","12":"mobile-align-left","13":"ast-product-gallery-layout-horizontal-slider","14":"ast-product-tabs-layout-horizontal","16":"first","17":"instock","18":"taxable","19":"shipping-taxable","20":"purchasable","21":"product-type-simple"},"wcpa_form_fields":null,"brands":[{"id":332,"name":"Victron Energy","slug":"victron"}],"_links":{"self":[{"href":"https:\/\/fvcomponentes.com\/fr\/wp-json\/wp\/v2\/product\/6675","targetHints":{"allow":["GET"]}}],"collection":[{"href":"https:\/\/fvcomponentes.com\/fr\/wp-json\/wp\/v2\/product"}],"about":[{"href":"https:\/\/fvcomponentes.com\/fr\/wp-json\/wp\/v2\/types\/product"}],"replies":[{"embeddable":true,"href":"https:\/\/fvcomponentes.com\/fr\/wp-json\/wp\/v2\/comments?post=6675"}],"wp:featuredmedia":[{"embeddable":true,"href":"https:\/\/fvcomponentes.com\/fr\/wp-json\/wp\/v2\/media\/6676"}],"wp:attachment":[{"href":"https:\/\/fvcomponentes.com\/fr\/wp-json\/wp\/v2\/media?parent=6675"}],"wp:term":[{"taxonomy":"pwb-brand","embeddable":true,"href":"https:\/\/fvcomponentes.com\/fr\/wp-json\/wp\/v2\/pwb-brand?post=6675"},{"taxonomy":"product_brand","embeddable":true,"href":"https:\/\/fvcomponentes.com\/fr\/wp-json\/wp\/v2\/product_brand?post=6675"},{"taxonomy":"product_cat","embeddable":true,"href":"https:\/\/fvcomponentes.com\/fr\/wp-json\/wp\/v2\/product_cat?post=6675"},{"taxonomy":"product_tag","embeddable":true,"href":"https:\/\/fvcomponentes.com\/fr\/wp-json\/wp\/v2\/product_tag?post=6675"}],"curies":[{"name":"wp","href":"https:\/\/api.w.org\/{rel}","templated":true}]}}