{"id":6661,"date":"2023-10-09T13:58:47","date_gmt":"2023-10-09T11:58:47","guid":{"rendered":"https:\/\/fvcomponentes.com\/?post_type=product&#038;p=6661"},"modified":"2026-01-15T10:04:26","modified_gmt":"2026-01-15T09:04:26","slug":"victron-battery-protection-12-24v-65a-bpr000065400-victron-12-24v-65a-bpr000065400","status":"publish","type":"product","link":"https:\/\/fvcomponentes.com\/fr\/producto\/proteccion-de-bateria-victron-12-24v-65a-bpr000065400\/","title":{"rendered":"Victron Protection de la batterie 12\/24V 65A - BPR000065400"},"content":{"rendered":"<h2>BatteryProtect : Protection de batterie Victron 12\/24V 65 A - Caract\u00e9ristiques principales<\/h2>\n<p>D\u00e9couvrez comment <a href=\"https:\/\/www.victronenergy.com.es\/battery_protect\/smart-battery-protect\" target=\"_blank\" rel=\"noopener\">Protection de la batterie<\/a> prot\u00e8ge votre batterie contre les d\u00e9charges compl\u00e8tes et les surtensions. Configuration facile, mode sp\u00e9cial pour les batteries Li-Ion, et plus encore - assurez la dur\u00e9e de vie de votre batterie !<\/p>\n<p><strong>BatteryProtect : Protection de la batterie 12\/24V<\/strong> BatteryProtect est un dispositif essentiel pour pr\u00e9server la dur\u00e9e de vie de votre batterie. D\u00e9couvrez ses principales caract\u00e9ristiques ci-dessous :<\/p>\n<ol>\n<li><strong>D\u00e9connexion automatique des charges non essentielles : <\/strong>BatteryProtect d\u00e9connecte les charges inutiles avant que votre batterie ne soit compl\u00e8tement d\u00e9charg\u00e9e, \u00e9vitant ainsi de l'endommager, ou avant que la charge ne soit insuffisante pour d\u00e9marrer le moteur.<\/li>\n<li><strong>12\/24V Auto-r\u00e9gulation : <\/strong>Adaptable \u00e0 diff\u00e9rents syst\u00e8mes de tension, BatteryProtect s'ajuste automatiquement \u00e0 vos besoins.<\/li>\n<li><strong>Programmation simple : <\/strong>Configurez facilement BatteryProtect pour qu'il se connecte\/d\u00e9connecte \u00e0 diff\u00e9rentes tensions.<\/li>\n<li><strong>Mode sp\u00e9cial pour les batteries Li-Ion : <\/strong>Control BatteryProtect via le BMS VE.Bus lors de l'utilisation de batteries lithium-ion. Se r\u00e9f\u00e9rer au manuel pour les informations de connexion.<\/li>\n<li><strong>Consommation de courant tr\u00e8s faible : <\/strong>Indispensable pour les batteries Li-Ion, en particulier apr\u00e8s une d\u00e9connexion \u00e0 basse tension. Voir nos fiches techniques pour plus de d\u00e9tails.<\/li>\n<li><strong>Protection contre les surtensions : <\/strong>\u00c9vitez les dommages dus \u00e0 la surtension en d\u00e9connectant la charge lorsque la tension continue d\u00e9passe 16V ou 32V, selon votre configuration.<\/li>\n<li><strong>Ignifug\u00e9 : <\/strong>Pas de relais, uniquement des interrupteurs MOSFET pour \u00e9viter les \u00e9tincelles dangereuses.<\/li>\n<li><strong>Sortie d'alarme retard\u00e9e : <\/strong>Il d\u00e9clenche l'alarme si la tension de la batterie tombe en dessous du niveau pr\u00e9d\u00e9fini pendant plus de 12 secondes. La sortie d'alarme est polyvalente et peut \u00eatre utilis\u00e9e pour des signaux acoustiques, des LED ou des relais.<\/li>\n<li><strong>D\u00e9connexion de la charge et reconnexion diff\u00e9r\u00e9e de la charge :<\/strong>Apr\u00e8s une alarme, la charge est d\u00e9connect\u00e9e apr\u00e8s 90 secondes, mais se reconnecte si la tension remonte au seuil pr\u00e9d\u00e9fini dans les 30 secondes. Cela \u00e9vite les d\u00e9connexions inutiles lors du d\u00e9marrage du moteur.<\/li>\n<\/ol>\n<p>Prot\u00e9gez votre batterie et prolongez sa dur\u00e9e de vie avec BatteryProtect. Configurable, s\u00fbr et efficace, il garantit des performances optimales \u00e0 tout moment !<\/p>\n<h2>Fiche technique Protection de batterie 12\/24V 65A - BPR000065400<\/h2>\n<p><a href=\"https:\/\/fvcomponentes.com\/wp-content\/uploads\/2023\/03\/Battery-Protect-65-A-100-A-220-A-ES.pdf\" target=\"_blank\" rel=\"noopener\">Voir la fiche technique Protection de batterie 12\/24V 65A - BPR000065400<\/a><\/p>","protected":false},"excerpt":{"rendered":"<p><strong>Tension : <\/strong>12\/24V<strong><br \/>\nCourant de charge continu maximum* :<\/strong> 65A<br \/>\n<strong>Courant de pointe (pendant 30 secondes) :<\/strong> 250A<br \/>\n<strong>Plage de tension de travail :<\/strong> 6 -35V<\/p>","protected":false},"featured_media":6668,"comment_status":"open","ping_status":"closed","template":"","meta":{"site-sidebar-layout":"default","site-content-layout":"default","ast-site-content-layout":"default","site-content-style":"default","site-sidebar-style":"default","ast-global-header-display":"","ast-banner-title-visibility":"","ast-main-header-display":"","ast-hfb-above-header-display":"","ast-hfb-below-header-display":"","ast-hfb-mobile-header-display":"","site-post-title":"","ast-breadcrumbs-content":"","ast-featured-img":"","footer-sml-layout":"","ast-disable-related-posts":"","theme-transparent-header-meta":"default","adv-header-id-meta":"","stick-header-meta":"","header-above-stick-meta":"","header-main-stick-meta":"","header-below-stick-meta":"","astra-migrate-meta-layouts":"set","ast-page-background-enabled":"default","ast-page-background-meta":{"desktop":{"background-color":"var(--ast-global-color-4)","background-image":"","background-repeat":"repeat","background-position":"center center","background-size":"auto","background-attachment":"scroll","background-type":"","background-media":"","overlay-type":"","overlay-color":"","overlay-opacity":"","overlay-gradient":""},"tablet":{"background-color":"","background-image":"","background-repeat":"repeat","background-position":"center center","background-size":"auto","background-attachment":"scroll","background-type":"","background-media":"","overlay-type":"","overlay-color":"","overlay-opacity":"","overlay-gradient":""},"mobile":{"background-color":"","background-image":"","background-repeat":"repeat","background-position":"center center","background-size":"auto","background-attachment":"scroll","background-type":"","background-media":"","overlay-type":"","overlay-color":"","overlay-opacity":"","overlay-gradient":""}},"ast-content-background-meta":{"desktop":{"background-color":"var(--ast-global-color-5)","background-image":"","background-repeat":"repeat","background-position":"center center","background-size":"auto","background-attachment":"scroll","background-type":"","background-media":"","overlay-type":"","overlay-color":"","overlay-opacity":"","overlay-gradient":""},"tablet":{"background-color":"var(--ast-global-color-5)","background-image":"","background-repeat":"repeat","background-position":"center center","background-size":"auto","background-attachment":"scroll","background-type":"","background-media":"","overlay-type":"","overlay-color":"","overlay-opacity":"","overlay-gradient":""},"mobile":{"background-color":"var(--ast-global-color-5)","background-image":"","background-repeat":"repeat","background-position":"center center","background-size":"auto","background-attachment":"scroll","background-type":"","background-media":"","overlay-type":"","overlay-color":"","overlay-opacity":"","overlay-gradient":""}}},"pwb-brand":[332],"product_brand":[],"product_cat":[340,391,929],"product_tag":[],"class_list":{"0":"post-6661","1":"product","2":"type-product","3":"status-publish","4":"has-post-thumbnail","6":"pwb-brand-victron","7":"product_cat-baterias","8":"product_cat-accesorios-para-baterias","9":"product_cat-protectores-de-bateria","10":"desktop-align-left","11":"tablet-align-left","12":"mobile-align-left","13":"ast-product-gallery-layout-horizontal-slider","14":"ast-product-tabs-layout-horizontal","16":"first","17":"instock","18":"taxable","19":"shipping-taxable","20":"purchasable","21":"product-type-simple"},"wcpa_form_fields":null,"brands":[{"id":332,"name":"Victron Energy","slug":"victron"}],"_links":{"self":[{"href":"https:\/\/fvcomponentes.com\/fr\/wp-json\/wp\/v2\/product\/6661","targetHints":{"allow":["GET"]}}],"collection":[{"href":"https:\/\/fvcomponentes.com\/fr\/wp-json\/wp\/v2\/product"}],"about":[{"href":"https:\/\/fvcomponentes.com\/fr\/wp-json\/wp\/v2\/types\/product"}],"replies":[{"embeddable":true,"href":"https:\/\/fvcomponentes.com\/fr\/wp-json\/wp\/v2\/comments?post=6661"}],"wp:featuredmedia":[{"embeddable":true,"href":"https:\/\/fvcomponentes.com\/fr\/wp-json\/wp\/v2\/media\/6668"}],"wp:attachment":[{"href":"https:\/\/fvcomponentes.com\/fr\/wp-json\/wp\/v2\/media?parent=6661"}],"wp:term":[{"taxonomy":"pwb-brand","embeddable":true,"href":"https:\/\/fvcomponentes.com\/fr\/wp-json\/wp\/v2\/pwb-brand?post=6661"},{"taxonomy":"product_brand","embeddable":true,"href":"https:\/\/fvcomponentes.com\/fr\/wp-json\/wp\/v2\/product_brand?post=6661"},{"taxonomy":"product_cat","embeddable":true,"href":"https:\/\/fvcomponentes.com\/fr\/wp-json\/wp\/v2\/product_cat?post=6661"},{"taxonomy":"product_tag","embeddable":true,"href":"https:\/\/fvcomponentes.com\/fr\/wp-json\/wp\/v2\/product_tag?post=6661"}],"curies":[{"name":"wp","href":"https:\/\/api.w.org\/{rel}","templated":true}]}}