{"id":6655,"date":"2023-09-12T09:34:15","date_gmt":"2023-09-12T07:34:15","guid":{"rendered":"https:\/\/fvcomponentes.com\/?post_type=product&#038;p=6655"},"modified":"2026-04-08T21:28:58","modified_gmt":"2026-04-08T19:28:58","slug":"victron-diode-battery-combiner-argo-bcd-402-bcd000402000","status":"publish","type":"product","link":"https:\/\/fvcomponentes.com\/fr\/producto\/combinador-victron-de-baterias-de-diodo-argo-bcd-402-bcd000402000\/","title":{"rendered":"Victron diode battery combiner Argo BCD 402 - BCD000402000"},"content":{"rendered":"<h2>Optimisez l'alimentation en courant continu avec le combineur de batterie \u00e0 diodes Victron Argo BCD 402 - BCD000402000<\/h2>\n<p>Les combinateurs de batteries \u00e0 diodes, tels que le Victron Argo BCD 402 - BCD000402000 Diode Battery Combiner, jouent un r\u00f4le essentiel en assurant une alimentation \u00e9lectrique ininterrompue aux \u00e9quipements critiques, tels que les syst\u00e8mes \u00e9lectroniques de contr\u00f4le des moteurs. Ces combinateurs permettent la connexion en parall\u00e8le de deux ou plusieurs sources d'alimentation en courant continu, garantissant une charge constante dans les situations critiques. M\u00eame en cas de d\u00e9faillance d'une source, la charge vitale est aliment\u00e9e sans interruption.<\/p>\n<h2>Technologie des diodes Schottky dans les combinateurs de batteries Argo<\/h2>\n<p>Les combinateurs de batteries Argo font la diff\u00e9rence en r\u00e9duisant la chute de tension au minimum, gr\u00e2ce \u00e0 l'incorporation de diodes Schottky de pointe. \u00c0 faible courant, la chute de tension est d'environ 0,3 V, tandis qu'en situation nominale, cette valeur est d'environ 0,45 V. Cette technologie efficace garantit des performances optimales en toutes circonstances.<\/p>\n<h2>Important !<\/h2>\n<h2>Installation s\u00e9curis\u00e9e du Victron Argo BCD 402 - BCD000402000 Victron Diode Battery Combiner - BCD000402000<\/h2>\n<p>Pour garantir un fonctionnement s\u00fbr et sans probl\u00e8me, il est essentiel de monter le combinateur de batteries \u00e0 diodes Argo sur une surface ininflammable. Ces appareils peuvent atteindre des temp\u00e9ratures \u00e9lev\u00e9es et vous devez prendre les mesures n\u00e9cessaires pour \u00e9viter les risques.<\/p>\n<p>Optimisez la fiabilit\u00e9 de vos syst\u00e8mes critiques gr\u00e2ce aux combinateurs de batteries Argo. Dot\u00e9s d'une technologie de pointe, ils offrent une alimentation \u00e9lectrique ininterrompue tout en maintenant les niveaux de tension \u00e0 des niveaux minimums. Mettez votre infrastructure \u00e0 niveau d\u00e8s aujourd'hui !<\/p>\n<h2 dir=\"ltr\" data-placeholder=\"Traducci\u00f3n\">Fiche technique Victron Diode Battery Combiner Argo BCD 402 - BCD000402000<\/h2>\n<p dir=\"ltr\" data-placeholder=\"Traducci\u00f3n\"><a href=\"https:\/\/fvcomponentes.com\/wp-content\/uploads\/2023\/03\/diodo-Battery-Combiners-EN.pdf\" target=\"_blank\" rel=\"noopener\">Voir la fiche technique de Victron Argo BCD 402 - BCD000402000 - Victron Diode Battery Combiner<\/a><\/p>","protected":false},"excerpt":{"rendered":"<p><strong>Courant continu maximal (A) :\u00a0<\/strong>40<br \/>\n<strong>Nombre de piles : <\/strong>2<\/p>","protected":false},"featured_media":6659,"comment_status":"open","ping_status":"closed","template":"","meta":{"site-sidebar-layout":"default","site-content-layout":"default","ast-site-content-layout":"default","site-content-style":"default","site-sidebar-style":"default","ast-global-header-display":"","ast-banner-title-visibility":"","ast-main-header-display":"","ast-hfb-above-header-display":"","ast-hfb-below-header-display":"","ast-hfb-mobile-header-display":"","site-post-title":"","ast-breadcrumbs-content":"","ast-featured-img":"","footer-sml-layout":"","ast-disable-related-posts":"","theme-transparent-header-meta":"default","adv-header-id-meta":"","stick-header-meta":"","header-above-stick-meta":"","header-main-stick-meta":"","header-below-stick-meta":"","astra-migrate-meta-layouts":"set","ast-page-background-enabled":"default","ast-page-background-meta":{"desktop":{"background-color":"var(--ast-global-color-4)","background-image":"","background-repeat":"repeat","background-position":"center center","background-size":"auto","background-attachment":"scroll","background-type":"","background-media":"","overlay-type":"","overlay-color":"","overlay-opacity":"","overlay-gradient":""},"tablet":{"background-color":"","background-image":"","background-repeat":"repeat","background-position":"center center","background-size":"auto","background-attachment":"scroll","background-type":"","background-media":"","overlay-type":"","overlay-color":"","overlay-opacity":"","overlay-gradient":""},"mobile":{"background-color":"","background-image":"","background-repeat":"repeat","background-position":"center center","background-size":"auto","background-attachment":"scroll","background-type":"","background-media":"","overlay-type":"","overlay-color":"","overlay-opacity":"","overlay-gradient":""}},"ast-content-background-meta":{"desktop":{"background-color":"var(--ast-global-color-5)","background-image":"","background-repeat":"repeat","background-position":"center center","background-size":"auto","background-attachment":"scroll","background-type":"","background-media":"","overlay-type":"","overlay-color":"","overlay-opacity":"","overlay-gradient":""},"tablet":{"background-color":"var(--ast-global-color-5)","background-image":"","background-repeat":"repeat","background-position":"center center","background-size":"auto","background-attachment":"scroll","background-type":"","background-media":"","overlay-type":"","overlay-color":"","overlay-opacity":"","overlay-gradient":""},"mobile":{"background-color":"var(--ast-global-color-5)","background-image":"","background-repeat":"repeat","background-position":"center center","background-size":"auto","background-attachment":"scroll","background-type":"","background-media":"","overlay-type":"","overlay-color":"","overlay-opacity":"","overlay-gradient":""}}},"pwb-brand":[332],"product_brand":[],"product_cat":[340,391,932],"product_tag":[],"class_list":{"0":"post-6655","1":"product","2":"type-product","3":"status-publish","4":"has-post-thumbnail","6":"pwb-brand-victron","7":"product_cat-baterias","8":"product_cat-accesorios-para-baterias","9":"product_cat-combinadores-de-baterias","10":"desktop-align-left","11":"tablet-align-left","12":"mobile-align-left","13":"ast-product-gallery-layout-horizontal-slider","14":"ast-product-tabs-layout-horizontal","16":"first","17":"instock","18":"taxable","19":"shipping-taxable","20":"purchasable","21":"product-type-simple"},"wcpa_form_fields":null,"brands":[{"id":332,"name":"Victron Energy","slug":"victron"}],"_links":{"self":[{"href":"https:\/\/fvcomponentes.com\/fr\/wp-json\/wp\/v2\/product\/6655","targetHints":{"allow":["GET"]}}],"collection":[{"href":"https:\/\/fvcomponentes.com\/fr\/wp-json\/wp\/v2\/product"}],"about":[{"href":"https:\/\/fvcomponentes.com\/fr\/wp-json\/wp\/v2\/types\/product"}],"replies":[{"embeddable":true,"href":"https:\/\/fvcomponentes.com\/fr\/wp-json\/wp\/v2\/comments?post=6655"}],"wp:featuredmedia":[{"embeddable":true,"href":"https:\/\/fvcomponentes.com\/fr\/wp-json\/wp\/v2\/media\/6659"}],"wp:attachment":[{"href":"https:\/\/fvcomponentes.com\/fr\/wp-json\/wp\/v2\/media?parent=6655"}],"wp:term":[{"taxonomy":"pwb-brand","embeddable":true,"href":"https:\/\/fvcomponentes.com\/fr\/wp-json\/wp\/v2\/pwb-brand?post=6655"},{"taxonomy":"product_brand","embeddable":true,"href":"https:\/\/fvcomponentes.com\/fr\/wp-json\/wp\/v2\/product_brand?post=6655"},{"taxonomy":"product_cat","embeddable":true,"href":"https:\/\/fvcomponentes.com\/fr\/wp-json\/wp\/v2\/product_cat?post=6655"},{"taxonomy":"product_tag","embeddable":true,"href":"https:\/\/fvcomponentes.com\/fr\/wp-json\/wp\/v2\/product_tag?post=6655"}],"curies":[{"name":"wp","href":"https:\/\/api.w.org\/{rel}","templated":true}]}}