{"id":6653,"date":"2023-09-06T09:06:25","date_gmt":"2023-09-06T07:06:25","guid":{"rendered":"https:\/\/fvcomponentes.com\/?post_type=product&#038;p=6653"},"modified":"2026-04-08T21:34:09","modified_gmt":"2026-04-08T19:34:09","slug":"victron-cyrix-i-24-48v-400a-cyr020400000-victron-battery-combiner-cyr020400000","status":"publish","type":"product","link":"https:\/\/fvcomponentes.com\/fr\/producto\/combinador-de-baterias-victron-cyrix-i-24-48v-400a-cyr020400000\/","title":{"rendered":"Victron Cyrix-i 24\/48V-400A - CYR020400000"},"content":{"rendered":"<h2>D\u00e9couvrez le combineur de batteries Victron Cyrix-i 24\/48V-400A - CYR020400000<\/h2>\n<p>D\u00e9couvrez la puissance de l'innovation avec notre dernier produit : le combineur de batteries Victron Cyrix-i 24\/48V-400A - CYR020400000, con\u00e7u pour \u00e9viter les transitions non d\u00e9sir\u00e9es. Contrairement aux autres combinateurs de batteries conventionnels, notre Cyrix-i va plus loin en prenant des d\u00e9cisions bas\u00e9es sur des donn\u00e9es intelligentes pour vous offrir des performances optimales.<\/p>\n<p>Pourquoi se contenter de combinateurs de batterie qui se d\u00e9connectent simplement en fonction de la tension ? Avec le Cyrix-i, vous pouvez oublier vos soucis. Il d\u00e9tecte les tendances de la tension au fil du temps et n'intervient que si la direction de la tendance change au cours d'une p\u00e9riode pr\u00e9d\u00e9finie. La flexibilit\u00e9 est essentielle : la dur\u00e9e de l'intervalle de temps s'adapte \u00e0 l'ampleur du changement de tension. En outre, vous pouvez choisir parmi quatre programmes de commutation pour l'adapter \u00e0 vos besoins.<\/p>\n<h4><strong>Caract\u00e9ristiques exceptionnelles :<\/strong><\/h4>\n<ol>\n<li><strong>Compatibilit\u00e9 universelle :<\/strong> Notre Cyrix-i s'adapte automatiquement aux syst\u00e8mes 12\/24V et 24\/48V, ce qui signifie que vous n'avez pas \u00e0 vous soucier de la configuration.<\/li>\n<li><strong>Pas de perte de puissance :<\/strong> Vous vous inqui\u00e9tez de la perte de tension ? Ce n'est plus le cas. Les combinateurs de batterie Cyrix sont l'alternative id\u00e9ale aux ponts de diodes, car ils maintiennent la tension de sortie de vos alternateurs et chargeurs de batterie sans qu'il soit n\u00e9cessaire de l'augmenter.<\/li>\n<li><strong>Priorit\u00e9 \u00e0 la batterie de d\u00e9marrage :<\/strong> Simplifiez votre installation \u00e9lectrique. Le Cyrix-i facilite la charge en parall\u00e8le de vos batteries de service et du propulseur d'\u00e9trave, en veillant \u00e0 ce que la batterie de d\u00e9marrage soit prioritaire.<\/li>\n<li><strong>Contr\u00f4le total :<\/strong> Gr\u00e2ce \u00e0 son capteur de tension et \u00e0 son alimentation bidirectionnelle, le Cyrix-i surveille et prend des d\u00e9cisions en connaissance de cause. Si la tension est trop faible pour fonctionner, le Cyrix-i s'\u00e9teint automatiquement.<\/li>\n<li><strong>Garder le contr\u00f4le :<\/strong> Dans les situations d'urgence, le Cyrix-i offre des options suppl\u00e9mentaires. Vous pouvez l'activer \u00e0 l'aide d'un bouton-poussoir (avec une mise en marche de 30 secondes) ou manuellement \u00e0 l'aide d'un interrupteur pour connecter les batteries en parall\u00e8le.<\/li>\n<\/ol>\n<p>L'avenir de la gestion des batteries est arriv\u00e9 avec le combineur de batteries Victron Cyrix-i 24\/48V-400A - CYR020400000 : Ne vous contentez pas de l'essentiel, choisissez l'intelligence pour des performances in\u00e9gal\u00e9es. Simplifiez, optimisez et s\u00e9curisez votre syst\u00e8me \u00e9lectrique avec le contr\u00f4le que vous m\u00e9ritez - obtenez le v\u00f4tre aujourd'hui !<\/p>\n<h2>Comment assembler le combineur de batteries Victron Cyrix-i 24\/48V-400A - CYR020400000<\/h2>\n<p><img fetchpriority=\"high\" decoding=\"async\" class=\"alignnone size-full wp-image-8952\" src=\"https:\/\/fvcomponentes.com\/wp-content\/uploads\/2023\/08\/como-montar.png\" alt=\"\" width=\"604\" height=\"240\" title=\"\"><\/p>\n<h2>Fiche technique Victron Cyrix-i Battery Combiner 24\/48V-400A - CYR020400000<\/h2>\n<p><a href=\"https:\/\/fvcomponentes.com\/wp-content\/uploads\/2023\/03\/Cyrix-i-400A-ES.pdf\" target=\"_blank\" rel=\"noopener\">Voir la fiche technique de Victron Cyrix-i 24\/48V-400A Battery Combiner - CYR020400000<\/a><\/p>","protected":false},"excerpt":{"rendered":"<p><strong>Courant continu :<\/strong> 400A<br \/>\n<strong>Courant de pointe :&lt;\/strong&gt; 2000A pendant 1 s.<br \/>\n<strong>Tension d&#039;entr&eacute;e de 24\/48V :&lt;\/strong&gt; 16-72VDC&lt;\/p&gt;<\/strong><\/strong><\/p>","protected":false},"featured_media":6654,"comment_status":"open","ping_status":"closed","template":"","meta":{"site-sidebar-layout":"default","site-content-layout":"default","ast-site-content-layout":"default","site-content-style":"default","site-sidebar-style":"default","ast-global-header-display":"","ast-banner-title-visibility":"","ast-main-header-display":"","ast-hfb-above-header-display":"","ast-hfb-below-header-display":"","ast-hfb-mobile-header-display":"","site-post-title":"","ast-breadcrumbs-content":"","ast-featured-img":"","footer-sml-layout":"","ast-disable-related-posts":"","theme-transparent-header-meta":"default","adv-header-id-meta":"","stick-header-meta":"","header-above-stick-meta":"","header-main-stick-meta":"","header-below-stick-meta":"","astra-migrate-meta-layouts":"set","ast-page-background-enabled":"default","ast-page-background-meta":{"desktop":{"background-color":"var(--ast-global-color-4)","background-image":"","background-repeat":"repeat","background-position":"center center","background-size":"auto","background-attachment":"scroll","background-type":"","background-media":"","overlay-type":"","overlay-color":"","overlay-opacity":"","overlay-gradient":""},"tablet":{"background-color":"","background-image":"","background-repeat":"repeat","background-position":"center center","background-size":"auto","background-attachment":"scroll","background-type":"","background-media":"","overlay-type":"","overlay-color":"","overlay-opacity":"","overlay-gradient":""},"mobile":{"background-color":"","background-image":"","background-repeat":"repeat","background-position":"center center","background-size":"auto","background-attachment":"scroll","background-type":"","background-media":"","overlay-type":"","overlay-color":"","overlay-opacity":"","overlay-gradient":""}},"ast-content-background-meta":{"desktop":{"background-color":"var(--ast-global-color-5)","background-image":"","background-repeat":"repeat","background-position":"center center","background-size":"auto","background-attachment":"scroll","background-type":"","background-media":"","overlay-type":"","overlay-color":"","overlay-opacity":"","overlay-gradient":""},"tablet":{"background-color":"var(--ast-global-color-5)","background-image":"","background-repeat":"repeat","background-position":"center center","background-size":"auto","background-attachment":"scroll","background-type":"","background-media":"","overlay-type":"","overlay-color":"","overlay-opacity":"","overlay-gradient":""},"mobile":{"background-color":"var(--ast-global-color-5)","background-image":"","background-repeat":"repeat","background-position":"center center","background-size":"auto","background-attachment":"scroll","background-type":"","background-media":"","overlay-type":"","overlay-color":"","overlay-opacity":"","overlay-gradient":""}}},"pwb-brand":[332],"product_brand":[],"product_cat":[340,391,932],"product_tag":[],"class_list":{"0":"post-6653","1":"product","2":"type-product","3":"status-publish","4":"has-post-thumbnail","6":"pwb-brand-victron","7":"product_cat-baterias","8":"product_cat-accesorios-para-baterias","9":"product_cat-combinadores-de-baterias","10":"desktop-align-left","11":"tablet-align-left","12":"mobile-align-left","13":"ast-product-gallery-layout-horizontal-slider","14":"ast-product-gallery-with-no-image","15":"ast-product-tabs-layout-horizontal","17":"first","18":"instock","19":"taxable","20":"shipping-taxable","21":"purchasable","22":"product-type-simple"},"wcpa_form_fields":null,"brands":[{"id":332,"name":"Victron Energy","slug":"victron"}],"_links":{"self":[{"href":"https:\/\/fvcomponentes.com\/fr\/wp-json\/wp\/v2\/product\/6653","targetHints":{"allow":["GET"]}}],"collection":[{"href":"https:\/\/fvcomponentes.com\/fr\/wp-json\/wp\/v2\/product"}],"about":[{"href":"https:\/\/fvcomponentes.com\/fr\/wp-json\/wp\/v2\/types\/product"}],"replies":[{"embeddable":true,"href":"https:\/\/fvcomponentes.com\/fr\/wp-json\/wp\/v2\/comments?post=6653"}],"wp:featuredmedia":[{"embeddable":true,"href":"https:\/\/fvcomponentes.com\/fr\/wp-json\/wp\/v2\/media\/6654"}],"wp:attachment":[{"href":"https:\/\/fvcomponentes.com\/fr\/wp-json\/wp\/v2\/media?parent=6653"}],"wp:term":[{"taxonomy":"pwb-brand","embeddable":true,"href":"https:\/\/fvcomponentes.com\/fr\/wp-json\/wp\/v2\/pwb-brand?post=6653"},{"taxonomy":"product_brand","embeddable":true,"href":"https:\/\/fvcomponentes.com\/fr\/wp-json\/wp\/v2\/product_brand?post=6653"},{"taxonomy":"product_cat","embeddable":true,"href":"https:\/\/fvcomponentes.com\/fr\/wp-json\/wp\/v2\/product_cat?post=6653"},{"taxonomy":"product_tag","embeddable":true,"href":"https:\/\/fvcomponentes.com\/fr\/wp-json\/wp\/v2\/product_tag?post=6653"}],"curies":[{"name":"wp","href":"https:\/\/api.w.org\/{rel}","templated":true}]}}