{"id":6650,"date":"2023-09-06T08:41:03","date_gmt":"2023-09-06T06:41:03","guid":{"rendered":"https:\/\/fvcomponentes.com\/?post_type=product&#038;p=6650"},"modified":"2026-04-08T21:34:08","modified_gmt":"2026-04-08T19:34:08","slug":"combinateur-de-batteries-victron-cyrix-i-12-24v-400a-cyr010400000","status":"publish","type":"product","link":"https:\/\/fvcomponentes.com\/fr\/producto\/combinador-de-baterias-victron-cyrix-i-12-24v-400a-cyr010400000\/","title":{"rendered":"Victron Cyrix-i Battery Combiner 12\/24V-400A - CYR010400000"},"content":{"rendered":"<h2><strong>Victron Cyrix-i 12\/24V-400A Battery Combiner - CYR010400000 : \u00c9vitez efficacement les pannes non d\u00e9sir\u00e9es.<\/strong><\/h2>\n<p>D\u00e9couvrez l'innovation du combineur de batteries Victron Cyrix-i 12\/24V-400A - CYR010400000, un syst\u00e8me de contr\u00f4le intelligent des batteries con\u00e7u pour \u00e9viter les commutations ind\u00e9sirables et optimiser l'efficacit\u00e9 de vos combineurs de batteries.<\/p>\n<h2><strong>Surmonter les d\u00e9fis courants li\u00e9s \u00e0 la commutation des batteries<\/strong><\/h2>\n<p>Les combinateurs de batterie d\u00e9connectent souvent une batterie dans le cas d'une charge courte mais d'un amp\u00e9rage \u00e9lev\u00e9. Ils peuvent \u00e9galement ne pas r\u00e9ussir \u00e0 connecter un banc de batteries important mais d\u00e9charg\u00e9, car la tension continue peut tomber en dessous du seuil de d\u00e9connexion lors de la connexion des batteries. Le logiciel Cyrix-i offre plus que de simples connexions et d\u00e9connexions bas\u00e9es sur la tension et un temps fixe. Le module Victron Cyrix-i Battery Combiner 12\/24V-400A - CYR010400000 analyse la tendance g\u00e9n\u00e9rale de la tension (augmentation ou diminution) et n'annule une action pr\u00e9c\u00e9dente que si la tendance change au cours d'une p\u00e9riode sp\u00e9cifi\u00e9e. La dur\u00e9e de cette p\u00e9riode varie en fonction de la d\u00e9viation de la tendance de la tension. En outre, vous pouvez choisir parmi quatre programmes de commutation pour r\u00e9pondre \u00e0 vos besoins.<\/p>\n<h2><strong>Victron Cyrix-i 12\/24V-400A Battery Combiner - CYR010400000 : Versatilit\u00e9 de tension avec entr\u00e9e universelle<\/strong><\/h2>\n<p>Le Cyrix-i s'adapte automatiquement \u00e0 la tension du syst\u00e8me, prenant en charge les entr\u00e9es 12\/24V et 24\/48V. Les combinateurs de batterie Victron Cyrix-i 12\/24V-400A sont une excellente alternative aux ponts de diodes. Une caract\u00e9ristique remarquable est la perte de tension presque inexistante, ce qui \u00e9vite d'avoir \u00e0 augmenter la tension de sortie des alternateurs ou des chargeurs de batterie.<\/p>\n<p>Le Cyrix-i Battery Combiner 12\/24V-400A - CYR010400000 de Victron d\u00e9tecte la tension des deux batteries connect\u00e9es et s'allume si la batterie de service est charg\u00e9e, par exemple par un chargeur de batterie. De plus, le Cyrix-i est doublement aliment\u00e9 et s'\u00e9teint si la tension est trop faible pour fonctionner.<\/p>\n<p>Pour \u00e9viter des op\u00e9rations inattendues pendant l'installation ou lors de la d\u00e9connexion d'une batterie, le Cyrix-i ne s'\u00e9teint pas si la tension de deux batteries connect\u00e9es tombe en dessous de 2V (12V), 4V (24V) ou 8V (48V).<\/p>\n<h2>Connexion parall\u00e8le en cas d'urgence<\/h2>\n<p>Le Cyrix peut \u00e9galement \u00eatre activ\u00e9 par un bouton-poussoir (il reste allum\u00e9 pendant 30 secondes) ou manuellement par un interrupteur pour connecter les batteries en parall\u00e8le. Cette fonction est essentielle en cas d'urgence, lorsque la batterie de d\u00e9marrage est d\u00e9charg\u00e9e ou endommag\u00e9e. Optez pour le Cyrix-i et gardez le contr\u00f4le total de vos batteries de mani\u00e8re efficace et s\u00fbre.<\/p>\n<h2>Fiche technique Victron Cyrix-i Battery Combiner 12\/24V-400A - CYR010400000<\/h2>\n<p><a href=\"https:\/\/fvcomponentes.com\/wp-content\/uploads\/2023\/03\/Cyrix-i-400A-ES.pdf\" target=\"_blank\" rel=\"noopener\">Voir la fiche technique de Victron Cyrix-i 12\/24V-400A Battery Combiner - CYR010400000<\/a><\/p>","protected":false},"excerpt":{"rendered":"<p><strong>Courant continu :<\/strong> 400A<br \/>\n<strong>Courant de pointe :<\/strong> 2000A pendant 1 s.<br \/>\n<strong>Tension d'entr\u00e9e 12\/24V :<\/strong> 8-36VDC<\/p>","protected":false},"featured_media":6652,"comment_status":"open","ping_status":"closed","template":"","meta":{"site-sidebar-layout":"default","site-content-layout":"default","ast-site-content-layout":"default","site-content-style":"default","site-sidebar-style":"default","ast-global-header-display":"","ast-banner-title-visibility":"","ast-main-header-display":"","ast-hfb-above-header-display":"","ast-hfb-below-header-display":"","ast-hfb-mobile-header-display":"","site-post-title":"","ast-breadcrumbs-content":"","ast-featured-img":"","footer-sml-layout":"","ast-disable-related-posts":"","theme-transparent-header-meta":"default","adv-header-id-meta":"","stick-header-meta":"","header-above-stick-meta":"","header-main-stick-meta":"","header-below-stick-meta":"","astra-migrate-meta-layouts":"set","ast-page-background-enabled":"default","ast-page-background-meta":{"desktop":{"background-color":"var(--ast-global-color-4)","background-image":"","background-repeat":"repeat","background-position":"center center","background-size":"auto","background-attachment":"scroll","background-type":"","background-media":"","overlay-type":"","overlay-color":"","overlay-opacity":"","overlay-gradient":""},"tablet":{"background-color":"","background-image":"","background-repeat":"repeat","background-position":"center center","background-size":"auto","background-attachment":"scroll","background-type":"","background-media":"","overlay-type":"","overlay-color":"","overlay-opacity":"","overlay-gradient":""},"mobile":{"background-color":"","background-image":"","background-repeat":"repeat","background-position":"center center","background-size":"auto","background-attachment":"scroll","background-type":"","background-media":"","overlay-type":"","overlay-color":"","overlay-opacity":"","overlay-gradient":""}},"ast-content-background-meta":{"desktop":{"background-color":"var(--ast-global-color-5)","background-image":"","background-repeat":"repeat","background-position":"center center","background-size":"auto","background-attachment":"scroll","background-type":"","background-media":"","overlay-type":"","overlay-color":"","overlay-opacity":"","overlay-gradient":""},"tablet":{"background-color":"var(--ast-global-color-5)","background-image":"","background-repeat":"repeat","background-position":"center center","background-size":"auto","background-attachment":"scroll","background-type":"","background-media":"","overlay-type":"","overlay-color":"","overlay-opacity":"","overlay-gradient":""},"mobile":{"background-color":"var(--ast-global-color-5)","background-image":"","background-repeat":"repeat","background-position":"center center","background-size":"auto","background-attachment":"scroll","background-type":"","background-media":"","overlay-type":"","overlay-color":"","overlay-opacity":"","overlay-gradient":""}}},"pwb-brand":[332],"product_brand":[],"product_cat":[340,391,932],"product_tag":[],"class_list":{"0":"post-6650","1":"product","2":"type-product","3":"status-publish","4":"has-post-thumbnail","6":"pwb-brand-victron","7":"product_cat-baterias","8":"product_cat-accesorios-para-baterias","9":"product_cat-combinadores-de-baterias","10":"desktop-align-left","11":"tablet-align-left","12":"mobile-align-left","13":"ast-product-gallery-layout-horizontal-slider","14":"ast-product-gallery-with-no-image","15":"ast-product-tabs-layout-horizontal","17":"first","18":"instock","19":"taxable","20":"shipping-taxable","21":"purchasable","22":"product-type-simple"},"wcpa_form_fields":null,"brands":[{"id":332,"name":"Victron Energy","slug":"victron"}],"_links":{"self":[{"href":"https:\/\/fvcomponentes.com\/fr\/wp-json\/wp\/v2\/product\/6650","targetHints":{"allow":["GET"]}}],"collection":[{"href":"https:\/\/fvcomponentes.com\/fr\/wp-json\/wp\/v2\/product"}],"about":[{"href":"https:\/\/fvcomponentes.com\/fr\/wp-json\/wp\/v2\/types\/product"}],"replies":[{"embeddable":true,"href":"https:\/\/fvcomponentes.com\/fr\/wp-json\/wp\/v2\/comments?post=6650"}],"wp:featuredmedia":[{"embeddable":true,"href":"https:\/\/fvcomponentes.com\/fr\/wp-json\/wp\/v2\/media\/6652"}],"wp:attachment":[{"href":"https:\/\/fvcomponentes.com\/fr\/wp-json\/wp\/v2\/media?parent=6650"}],"wp:term":[{"taxonomy":"pwb-brand","embeddable":true,"href":"https:\/\/fvcomponentes.com\/fr\/wp-json\/wp\/v2\/pwb-brand?post=6650"},{"taxonomy":"product_brand","embeddable":true,"href":"https:\/\/fvcomponentes.com\/fr\/wp-json\/wp\/v2\/product_brand?post=6650"},{"taxonomy":"product_cat","embeddable":true,"href":"https:\/\/fvcomponentes.com\/fr\/wp-json\/wp\/v2\/product_cat?post=6650"},{"taxonomy":"product_tag","embeddable":true,"href":"https:\/\/fvcomponentes.com\/fr\/wp-json\/wp\/v2\/product_tag?post=6650"}],"curies":[{"name":"wp","href":"https:\/\/api.w.org\/{rel}","templated":true}]}}