{"id":6644,"date":"2023-09-06T09:30:06","date_gmt":"2023-09-06T07:30:06","guid":{"rendered":"https:\/\/fvcomponentes.com\/?post_type=product&#038;p=6644"},"modified":"2026-04-04T12:46:18","modified_gmt":"2026-04-04T10:46:18","slug":"victron-cyrix-ct-12-24v-120a-battery-combiner-kit-cyr010120120110r","status":"publish","type":"product","link":"https:\/\/fvcomponentes.com\/fr\/producto\/kit-de-combinador-de-baterias-victron-cyrix-ct-12-24v-120a-cyr010120110r\/","title":{"rendered":"Kit de combinaison de batteries Victron Cyrix-ct 12\/24V-120A - CYR01010120110R"},"content":{"rendered":"<p>Victron Cyrix-ct 12\/24V-120A - CYR01010120110R pour ajouter une deuxi\u00e8me ou une troisi\u00e8me batterie au syst\u00e8me de votre caravane, de votre bateau ou de n'importe quel autre v\u00e9hicule. Il utilise la technologie la plus simple et la plus avanc\u00e9e pour maintenir toutes vos batteries charg\u00e9es en utilisant le syst\u00e8me \u00e9lectrique du moteur, mais il isole la batterie de d\u00e9marrage lorsque la charge s'arr\u00eate pour que vous ne soyez jamais en panne.<\/p>\n<p>Victron Cyrix-ct 12\/24V-120A battery combiner kit - CYR010120110R est un relais bidirectionnel sensible \u00e0 la tension. Il sera donc \u00e9galement activ\u00e9 si, par exemple, la batterie auxiliaire est charg\u00e9e par un chargeur de batterie.<\/p>\n<h2>La surveillance intelligente de la batterie permet d'\u00e9viter les cycles de charge\/d\u00e9charge.<\/h2>\n<p>Le logiciel Cyrix ne se contente pas d'allumer et d'\u00e9teindre l'appareil en fonction de la tension de la batterie et avec un d\u00e9lai fixe. Le Cyrix observe la tendance g\u00e9n\u00e9rale (augmentation ou diminution de la tension) et n'annule une action ant\u00e9rieure que si la tendance s'est invers\u00e9e pendant un certain temps. Le d\u00e9lai d\u00e9pend de l'\u00e9cart de tension par rapport \u00e0 la tendance.<\/p>\n<h2>Victron Cyrix-ct 12\/24V-120A battery combiner kit - CYR010120110R : Fonction parall\u00e8le d'urgence<\/h2>\n<p>Un bouton de d\u00e9marrage d'urgence peut \u00eatre raccord\u00e9 \u00e0 la connexion \"start assist\" si n\u00e9cessaire. Le relais s'active pendant 30 secondes apr\u00e8s que le bouton \"start assist\" a \u00e9t\u00e9 momentan\u00e9ment connect\u00e9 \u00e0 la batterie positive. Il est \u00e9galement possible d'utiliser un interrupteur \u00e0 connexion parall\u00e8le pour activer le relais tant que l'interrupteur reste ferm\u00e9.<\/p>\n<h2>Facile \u00e0 installer<\/h2>\n<p>Il n'est pas n\u00e9cessaire de couper le c\u00e2blage d'origine, ce qui pourrait annuler la garantie du fabricant de votre bateau ou de votre v\u00e9hicule.<\/p>\n<p>Les c\u00e2bles et terminaux suivants sont inclus :<\/p>\n<ul>\n<li>6 m\u00e8tres de c\u00e2ble rouge de 10 mm\u00b2<\/li>\n<li>0,5 m\u00e8tre de c\u00e2ble noir de 10 mm\u00b2.<\/li>\n<li>Assemblage de c\u00e2ble noir de 0,2 m\u00e8tre de 1,5 mm\u00b2 avec borne M8 et borne rapide de 6,3 mm<\/li>\n<li>2 bornes M8 avec manchon isol\u00e9<\/li>\n<li>4 bornes M6 avec manchon d'isolation<\/li>\n<li>4 colliers de serrage de 150 mm<\/li>\n<\/ul>\n<h2>Fiche technique Victron Cyrix-ct 12\/24V-120A battery combiner kit - CYR01010120110R<\/h2>\n<p><a href=\"https:\/\/fvcomponentes.com\/wp-content\/uploads\/2023\/09\/Manual-Cyrix-Battery-Combiner-Kit.pdf\" target=\"_blank\" rel=\"noopener\">Voir la fiche technique de Victron Cyrix-ct 12\/24V-120A battery combiner kit - CYR01010120110R<\/a><\/p>","protected":false},"excerpt":{"rendered":"<div id=\"tech-chars-attribute\" class=\"eypmo8v mgz-element mgz-child mgz-element-product_attribute content-text\">\n<div class=\"mgz-element-inner eypmo8v-s\">\n<div class=\"ppbd-product-attribute\">\n<p><strong>Tension<\/strong>\u00a012 \/ 24 V<br \/>\n<strong>Actuel <\/strong>120A<br \/>\n<strong>Classe de protection<\/strong>\u00a0IP54<\/p>\n<\/div>\n<\/div>\n<\/div>","protected":false},"featured_media":6647,"comment_status":"open","ping_status":"closed","template":"","meta":{"site-sidebar-layout":"default","site-content-layout":"default","ast-site-content-layout":"default","site-content-style":"default","site-sidebar-style":"default","ast-global-header-display":"","ast-banner-title-visibility":"","ast-main-header-display":"","ast-hfb-above-header-display":"","ast-hfb-below-header-display":"","ast-hfb-mobile-header-display":"","site-post-title":"","ast-breadcrumbs-content":"","ast-featured-img":"","footer-sml-layout":"","ast-disable-related-posts":"","theme-transparent-header-meta":"default","adv-header-id-meta":"","stick-header-meta":"","header-above-stick-meta":"","header-main-stick-meta":"","header-below-stick-meta":"","astra-migrate-meta-layouts":"set","ast-page-background-enabled":"default","ast-page-background-meta":{"desktop":{"background-color":"var(--ast-global-color-4)","background-image":"","background-repeat":"repeat","background-position":"center center","background-size":"auto","background-attachment":"scroll","background-type":"","background-media":"","overlay-type":"","overlay-color":"","overlay-opacity":"","overlay-gradient":""},"tablet":{"background-color":"","background-image":"","background-repeat":"repeat","background-position":"center center","background-size":"auto","background-attachment":"scroll","background-type":"","background-media":"","overlay-type":"","overlay-color":"","overlay-opacity":"","overlay-gradient":""},"mobile":{"background-color":"","background-image":"","background-repeat":"repeat","background-position":"center center","background-size":"auto","background-attachment":"scroll","background-type":"","background-media":"","overlay-type":"","overlay-color":"","overlay-opacity":"","overlay-gradient":""}},"ast-content-background-meta":{"desktop":{"background-color":"var(--ast-global-color-5)","background-image":"","background-repeat":"repeat","background-position":"center center","background-size":"auto","background-attachment":"scroll","background-type":"","background-media":"","overlay-type":"","overlay-color":"","overlay-opacity":"","overlay-gradient":""},"tablet":{"background-color":"var(--ast-global-color-5)","background-image":"","background-repeat":"repeat","background-position":"center center","background-size":"auto","background-attachment":"scroll","background-type":"","background-media":"","overlay-type":"","overlay-color":"","overlay-opacity":"","overlay-gradient":""},"mobile":{"background-color":"var(--ast-global-color-5)","background-image":"","background-repeat":"repeat","background-position":"center center","background-size":"auto","background-attachment":"scroll","background-type":"","background-media":"","overlay-type":"","overlay-color":"","overlay-opacity":"","overlay-gradient":""}}},"pwb-brand":[332],"product_brand":[],"product_cat":[340,391,932],"product_tag":[],"class_list":{"0":"post-6644","1":"product","2":"type-product","3":"status-publish","4":"has-post-thumbnail","6":"pwb-brand-victron","7":"product_cat-baterias","8":"product_cat-accesorios-para-baterias","9":"product_cat-combinadores-de-baterias","10":"desktop-align-left","11":"tablet-align-left","12":"mobile-align-left","13":"ast-product-gallery-layout-horizontal-slider","14":"ast-product-tabs-layout-horizontal","16":"first","17":"instock","18":"taxable","19":"shipping-taxable","20":"purchasable","21":"product-type-simple"},"wcpa_form_fields":null,"brands":[{"id":332,"name":"Victron Energy","slug":"victron"}],"_links":{"self":[{"href":"https:\/\/fvcomponentes.com\/fr\/wp-json\/wp\/v2\/product\/6644","targetHints":{"allow":["GET"]}}],"collection":[{"href":"https:\/\/fvcomponentes.com\/fr\/wp-json\/wp\/v2\/product"}],"about":[{"href":"https:\/\/fvcomponentes.com\/fr\/wp-json\/wp\/v2\/types\/product"}],"replies":[{"embeddable":true,"href":"https:\/\/fvcomponentes.com\/fr\/wp-json\/wp\/v2\/comments?post=6644"}],"wp:featuredmedia":[{"embeddable":true,"href":"https:\/\/fvcomponentes.com\/fr\/wp-json\/wp\/v2\/media\/6647"}],"wp:attachment":[{"href":"https:\/\/fvcomponentes.com\/fr\/wp-json\/wp\/v2\/media?parent=6644"}],"wp:term":[{"taxonomy":"pwb-brand","embeddable":true,"href":"https:\/\/fvcomponentes.com\/fr\/wp-json\/wp\/v2\/pwb-brand?post=6644"},{"taxonomy":"product_brand","embeddable":true,"href":"https:\/\/fvcomponentes.com\/fr\/wp-json\/wp\/v2\/product_brand?post=6644"},{"taxonomy":"product_cat","embeddable":true,"href":"https:\/\/fvcomponentes.com\/fr\/wp-json\/wp\/v2\/product_cat?post=6644"},{"taxonomy":"product_tag","embeddable":true,"href":"https:\/\/fvcomponentes.com\/fr\/wp-json\/wp\/v2\/product_tag?post=6644"}],"curies":[{"name":"wp","href":"https:\/\/api.w.org\/{rel}","templated":true}]}}