{"id":6637,"date":"2023-07-04T16:46:07","date_gmt":"2023-07-04T14:46:07","guid":{"rendered":"https:\/\/fvcomponentes.com\/?post_type=product&#038;p=6637"},"modified":"2025-07-16T10:03:17","modified_gmt":"2025-07-16T08:03:17","slug":"victron-cyrix-ct-12-24v-120a-battery-combiner-cyr010120011","status":"publish","type":"product","link":"https:\/\/fvcomponentes.com\/fr\/producto\/combinador-de-baterias-victron-cyrix-ct-12-24v-120a-cyr010120011\/","title":{"rendered":"Victron Cyrix-ct 12\/24V-120A combinateur de batteries - CYR010120011"},"content":{"rendered":"<p>Le combineur de batteries Victron Cyrix-ct 12\/24V-120A - CYR010120011 est un relais robuste contr\u00f4l\u00e9 par microprocesseur qui connecte automatiquement les batteries en parall\u00e8le lorsqu'une batterie a atteint une tension pr\u00e9d\u00e9finie (indiquant que la batterie est en cours de charge), et se d\u00e9connecte lorsque la tension descend en dessous du niveau de flottement (indiquant qu'une ou plusieurs batteries sont en cours de d\u00e9charge). Les combinateurs de batteries Cyrix sont un excellent substitut aux isolateurs \u00e0 diodes. La principale caract\u00e9ristique est qu'il n'y a pratiquement pas de perte de tension, de sorte qu'il n'est pas n\u00e9cessaire d'augmenter la tension de sortie des alternateurs ou des chargeurs de batterie.<\/p>\n<h2>Victron Cyrix-ct 12\/24V-120A battery combiner - CYR010120011 : Contr\u00f4le intelligent des batteries pour \u00e9viter les commutations intempestives<\/h2>\n<p>Certains combinateurs de batteries (\u00e9galement appel\u00e9s relais \u00e0 tension contr\u00f4l\u00e9e ou relais \u00e0 charge partag\u00e9e) d\u00e9connectent une batterie en cas de charge courte mais d'amp\u00e9rage \u00e9lev\u00e9. Un combinateur de batteries peut \u00e9galement tomber en panne lors de la connexion d'un groupe de batteries important mais d\u00e9charg\u00e9, car la tension continue chute imm\u00e9diatement en dessous de la valeur de d\u00e9connexion une fois que les batteries sont connect\u00e9es. Le logiciel du Cyrix-ct 12\/24 ne se contente pas d'allumer et d'\u00e9teindre l'appareil en fonction de la tension de la batterie et avec un d\u00e9lai fixe. Le Cyrix-ct 12\/24 observe la tendance g\u00e9n\u00e9rale (augmentation ou diminution de la tension) et n'annule une action ant\u00e9rieure que si la tendance s'est invers\u00e9e pendant un certain temps. Le d\u00e9lai d\u00e9pend de l'\u00e9cart de tension par rapport \u00e0 la tendance.<\/p>\n<h2>Protection contre la surchauffe (par exemple, en cas de surcharge prolong\u00e9e)<\/h2>\n<p>Le Cyrix s'\u00e9teint en cas de temp\u00e9rature de contact excessive et se rallume lorsqu'il a refroidi.<\/p>\n<h2>12\/24V autor\u00e9gul\u00e9<\/h2>\n<p>Le Cyrix-ct 12\/24 d\u00e9tecte automatiquement la tension du syst\u00e8me.<\/p>\n<h2>Pas de perte de tension<\/h2>\n<p>Les combinateurs de batterie Cyrix sont un excellent substitut aux isolateurs \u00e0 diodes. La principale caract\u00e9ristique est qu'il n'y a pratiquement pas de perte de tension, de sorte qu'il n'est pas n\u00e9cessaire d'augmenter la tension de sortie des alternateurs ou des chargeurs de batterie.<\/p>\n<h2>Priorit\u00e9 \u00e0 la batterie de d\u00e9marrage<\/h2>\n<p>Dans une configuration typique, l'alternateur est connect\u00e9 directement \u00e0 la batterie de d\u00e9marrage. La batterie d'accessoires, et \u00e9ventuellement un propulseur d'\u00e9trave et d'autres batteries, sont connect\u00e9s \u00e0 la batterie de d\u00e9marrage avec des combinateurs de batteries Cyrix. Lorsqu'un Cyrix d\u00e9tecte que la batterie de d\u00e9marrage a atteint la tension de connexion, il se connecte pour permettre la charge en parall\u00e8le des autres batteries.<\/p>\n<h2>Victron Cyrix-ct 12\/24V-120A battery combiner - CYR010120011 : d\u00e9tection de tension bidirectionnelle et alimentation des deux batteries<\/h2>\n<p>Le Cyrix d\u00e9tecte la tension des deux batteries connect\u00e9es. Il s'allumera donc \u00e9galement si, par exemple, la batterie de l'accessoire est en train d'\u00eatre charg\u00e9e par un chargeur de batterie.<\/p>\n<p>Le Cyrix-ct 12\/24 dispose d'une double alimentation. Par cons\u00e9quent, il s'arr\u00eatera \u00e9galement si la tension de l'une des batteries est trop faible pour faire fonctionner le Cyrix.<\/p>\n<p>Pour \u00e9viter un fonctionnement inattendu lors de l'installation ou lorsque l'une des batteries a \u00e9t\u00e9 d\u00e9connect\u00e9e, le Cyrix-ct 12\/24 ne s'\u00e9teindra pas si la tension \u00e0 l'une des deux connexions de la batterie est inf\u00e9rieure \u00e0 2 V (batterie 12 V) ou 4 V (batterie 24 V).<\/p>\n<h2>Connexion parall\u00e8le en cas d'urgence (StartAssist)<\/h2>\n<p>Le Cyrix peut \u00e9galement \u00eatre connect\u00e9 \u00e0 l'aide d'un bouton (le Cyrix reste connect\u00e9 pendant 30 secondes) ou d'un interrupteur pour connecter manuellement les batteries en parall\u00e8le.<\/p>\n<p>Cette fonction est particuli\u00e8rement utile en cas d'urgence, lorsque la batterie de d\u00e9marrage est d\u00e9charg\u00e9e ou endommag\u00e9e.<\/p>\n<p><img fetchpriority=\"high\" decoding=\"async\" class=\"size-full wp-image-8469\" src=\"https:\/\/fvcomponentes.com\/wp-content\/uploads\/2023\/05\/Cyrix-120.png\" alt=\"Victron Cyrix-ct combinateur de batteries 12\/24V-120A - CYR010120011\" width=\"857\" height=\"653\" title=\"\"><\/p>\n<h2>Fiche technique Victron Battery Combiner Cyrix-ct 12\/24V-120A - CYR010120011<\/h2>\n<p><a href=\"https:\/\/fvcomponentes.com\/wp-content\/uploads\/2023\/03\/Cyrix-ct-120A-230A-ES.pdf\" target=\"_blank\" rel=\"noopener\">Voir la fiche technique de Victron Cyrix-ct 12\/24V-120A Battery Combiner - CYR010120011<\/a><\/p>","protected":false},"excerpt":{"rendered":"<p><strong>Indicateur d'\u00e9tat LED :<\/strong> Non<br \/>\n<strong>Courant continu :<\/strong> 120 A<br \/>\n<strong>Capacit\u00e9 de d\u00e9marrage (5 secondes) :<\/strong> 180 A<\/p>","protected":false},"featured_media":6643,"comment_status":"open","ping_status":"closed","template":"","meta":{"site-sidebar-layout":"default","site-content-layout":"default","ast-site-content-layout":"default","site-content-style":"default","site-sidebar-style":"default","ast-global-header-display":"","ast-banner-title-visibility":"","ast-main-header-display":"","ast-hfb-above-header-display":"","ast-hfb-below-header-display":"","ast-hfb-mobile-header-display":"","site-post-title":"","ast-breadcrumbs-content":"","ast-featured-img":"","footer-sml-layout":"","ast-disable-related-posts":"","theme-transparent-header-meta":"default","adv-header-id-meta":"","stick-header-meta":"","header-above-stick-meta":"","header-main-stick-meta":"","header-below-stick-meta":"","astra-migrate-meta-layouts":"set","ast-page-background-enabled":"default","ast-page-background-meta":{"desktop":{"background-color":"var(--ast-global-color-4)","background-image":"","background-repeat":"repeat","background-position":"center center","background-size":"auto","background-attachment":"scroll","background-type":"","background-media":"","overlay-type":"","overlay-color":"","overlay-opacity":"","overlay-gradient":""},"tablet":{"background-color":"","background-image":"","background-repeat":"repeat","background-position":"center center","background-size":"auto","background-attachment":"scroll","background-type":"","background-media":"","overlay-type":"","overlay-color":"","overlay-opacity":"","overlay-gradient":""},"mobile":{"background-color":"","background-image":"","background-repeat":"repeat","background-position":"center center","background-size":"auto","background-attachment":"scroll","background-type":"","background-media":"","overlay-type":"","overlay-color":"","overlay-opacity":"","overlay-gradient":""}},"ast-content-background-meta":{"desktop":{"background-color":"var(--ast-global-color-5)","background-image":"","background-repeat":"repeat","background-position":"center center","background-size":"auto","background-attachment":"scroll","background-type":"","background-media":"","overlay-type":"","overlay-color":"","overlay-opacity":"","overlay-gradient":""},"tablet":{"background-color":"var(--ast-global-color-5)","background-image":"","background-repeat":"repeat","background-position":"center center","background-size":"auto","background-attachment":"scroll","background-type":"","background-media":"","overlay-type":"","overlay-color":"","overlay-opacity":"","overlay-gradient":""},"mobile":{"background-color":"var(--ast-global-color-5)","background-image":"","background-repeat":"repeat","background-position":"center center","background-size":"auto","background-attachment":"scroll","background-type":"","background-media":"","overlay-type":"","overlay-color":"","overlay-opacity":"","overlay-gradient":""}}},"pwb-brand":[332],"product_brand":[],"product_cat":[340,391,932],"product_tag":[],"class_list":{"0":"post-6637","1":"product","2":"type-product","3":"status-publish","4":"has-post-thumbnail","6":"pwb-brand-victron","7":"product_cat-baterias","8":"product_cat-accesorios-para-baterias","9":"product_cat-combinadores-de-baterias","10":"desktop-align-left","11":"tablet-align-left","12":"mobile-align-left","13":"ast-product-gallery-layout-horizontal-slider","14":"ast-product-gallery-with-no-image","15":"ast-product-tabs-layout-horizontal","17":"first","18":"instock","19":"taxable","20":"shipping-taxable","21":"purchasable","22":"product-type-simple"},"wcpa_form_fields":null,"brands":[{"id":332,"name":"Victron Energy","slug":"victron"}],"_links":{"self":[{"href":"https:\/\/fvcomponentes.com\/fr\/wp-json\/wp\/v2\/product\/6637","targetHints":{"allow":["GET"]}}],"collection":[{"href":"https:\/\/fvcomponentes.com\/fr\/wp-json\/wp\/v2\/product"}],"about":[{"href":"https:\/\/fvcomponentes.com\/fr\/wp-json\/wp\/v2\/types\/product"}],"replies":[{"embeddable":true,"href":"https:\/\/fvcomponentes.com\/fr\/wp-json\/wp\/v2\/comments?post=6637"}],"wp:featuredmedia":[{"embeddable":true,"href":"https:\/\/fvcomponentes.com\/fr\/wp-json\/wp\/v2\/media\/6643"}],"wp:attachment":[{"href":"https:\/\/fvcomponentes.com\/fr\/wp-json\/wp\/v2\/media?parent=6637"}],"wp:term":[{"taxonomy":"pwb-brand","embeddable":true,"href":"https:\/\/fvcomponentes.com\/fr\/wp-json\/wp\/v2\/pwb-brand?post=6637"},{"taxonomy":"product_brand","embeddable":true,"href":"https:\/\/fvcomponentes.com\/fr\/wp-json\/wp\/v2\/product_brand?post=6637"},{"taxonomy":"product_cat","embeddable":true,"href":"https:\/\/fvcomponentes.com\/fr\/wp-json\/wp\/v2\/product_cat?post=6637"},{"taxonomy":"product_tag","embeddable":true,"href":"https:\/\/fvcomponentes.com\/fr\/wp-json\/wp\/v2\/product_tag?post=6637"}],"curies":[{"name":"wp","href":"https:\/\/api.w.org\/{rel}","templated":true}]}}