{"id":6625,"date":"2023-07-04T17:26:51","date_gmt":"2023-07-04T15:26:51","guid":{"rendered":"https:\/\/fvcomponentes.com\/?post_type=product&#038;p=6625"},"modified":"2026-04-08T21:31:45","modified_gmt":"2026-04-08T19:31:45","slug":"victron-battery-separator-argofet-200-2-200a-arg200201020","status":"publish","type":"product","link":"https:\/\/fvcomponentes.com\/fr\/producto\/separador-victron-de-baterias-argofet-200-2-200a-arg200201020\/","title":{"rendered":"Victron Argofet 200-2 s\u00e9parateur de batterie - ARG200201020"},"content":{"rendered":"<p>Comme les ponts Argodiode, les ponts Argofet tels que le s\u00e9parateur de batterie Victron Argofet 200-2 permettent de charger simultan\u00e9ment deux ou plusieurs batteries \u00e0 partir d'un seul alternateur (ou d'un seul chargeur) sans connecter les batteries entre elles ; par exemple, la d\u00e9charge de la batterie de service ne d\u00e9charge pas la batterie de d\u00e9marrage, et vice versa.<\/p>\n<p>Par rapport aux ponts \u00e0 diodes, les ponts \u00e0 FET pr\u00e9sentent l'avantage d'une perte de tension pratiquement nulle : la chute de tension est inf\u00e9rieure \u00e0 0,02 V \u00e0 faible intensit\u00e9 et s'\u00e9l\u00e8ve en moyenne \u00e0 0,1 V \u00e0 intensit\u00e9 plus \u00e9lev\u00e9e.<\/p>\n<p>Lors de l'utilisation de ponts de diodes Argofet, il n'est pas n\u00e9cessaire d'augmenter \u00e9galement la tension de sortie de l'alternateur. Cependant, il est fortement recommand\u00e9 que les c\u00e2bles soient courts et d'une section appropri\u00e9e.<\/p>\n<p>Exemple :<br \/>\nLorsqu'un courant de 100 A circule dans un c\u00e2ble de 50 mm2 de section (AWG 0) et de 10 m de long, la chute de tension dans le c\u00e2ble est de 0,26 volt. De m\u00eame, un courant de 50 A travers un c\u00e2ble de 10 mm2 de section (AWG 7) et de 5 m de longueur (15 ft) entra\u00eenera une chute de tension de 0,35 volt.<\/p>\n<h2>Puissance absorb\u00e9e par l'alternateur<\/h2>\n<p>Certains alternateurs ont besoin d'une tension continue \u00e0 la sortie B+ pour commencer \u00e0 charger. Il est \u00e9vident que le courant continu sera pr\u00e9sent lorsque l'alternateur est connect\u00e9 directement \u00e0 la batterie. Cependant, si un pont de diodes ou un s\u00e9parateur FET est ins\u00e9r\u00e9, tout retour de tension\/courant des batteries vers la sortie B+ sera emp\u00each\u00e9 et l'alternateur ne sera pas activ\u00e9.<br \/>\nLes nouveaux ponts de diodes Argofet ont une entr\u00e9e sp\u00e9ciale aliment\u00e9e avec un limiteur de courant qui alimente la sortie B+ lorsque l'interrupteur de d\u00e9marrage\/arr\u00eat du moteur est ferm\u00e9.<\/p>\n<p><img fetchpriority=\"high\" decoding=\"async\" class=\"alignnone size-full wp-image-6612\" src=\"https:\/\/fvcomponentes.com\/wp-content\/uploads\/2023\/03\/Captura-ultima.png\" alt=\"Victron S\u00e9parateur de batterie Argofet 100-2 Deux batteries 100A - ARG100201020\" width=\"644\" height=\"497\" title=\"\"><\/p>\n<h2>Fiche technique S\u00e9parateur de batterie Victron Argofet 200-2 - ARG200201020<\/h2>\n<p><a href=\"https:\/\/fvcomponentes.com\/wp-content\/uploads\/2023\/03\/Argofet-Battery-Isolators-with-alternator-energize-input-ES.pdf\" target=\"_blank\" rel=\"noopener\">Voir la fiche technique du s\u00e9parateur de batterie Victron Argofet 200-2 - ARG200201020<\/a><\/p>","protected":false},"excerpt":{"rendered":"<p><strong>Courant de charge maximal (A) :<\/strong> 200<br \/>\n<strong>Courant max. de l'alternateur (A) :<\/strong> 200<br \/>\n<strong>Nombre de piles :<\/strong> 2<br \/>\n<strong>Poids (kg) :<\/strong> 1,4<br \/>\n<strong>Dimensions (mm) :<\/strong> 65 x 120 x 200<\/p>","protected":false},"featured_media":6629,"comment_status":"open","ping_status":"closed","template":"","meta":{"site-sidebar-layout":"default","site-content-layout":"default","ast-site-content-layout":"default","site-content-style":"default","site-sidebar-style":"default","ast-global-header-display":"","ast-banner-title-visibility":"","ast-main-header-display":"","ast-hfb-above-header-display":"","ast-hfb-below-header-display":"","ast-hfb-mobile-header-display":"","site-post-title":"","ast-breadcrumbs-content":"","ast-featured-img":"","footer-sml-layout":"","ast-disable-related-posts":"","theme-transparent-header-meta":"default","adv-header-id-meta":"","stick-header-meta":"","header-above-stick-meta":"","header-main-stick-meta":"","header-below-stick-meta":"","astra-migrate-meta-layouts":"set","ast-page-background-enabled":"default","ast-page-background-meta":{"desktop":{"background-color":"var(--ast-global-color-4)","background-image":"","background-repeat":"repeat","background-position":"center center","background-size":"auto","background-attachment":"scroll","background-type":"","background-media":"","overlay-type":"","overlay-color":"","overlay-opacity":"","overlay-gradient":""},"tablet":{"background-color":"","background-image":"","background-repeat":"repeat","background-position":"center center","background-size":"auto","background-attachment":"scroll","background-type":"","background-media":"","overlay-type":"","overlay-color":"","overlay-opacity":"","overlay-gradient":""},"mobile":{"background-color":"","background-image":"","background-repeat":"repeat","background-position":"center center","background-size":"auto","background-attachment":"scroll","background-type":"","background-media":"","overlay-type":"","overlay-color":"","overlay-opacity":"","overlay-gradient":""}},"ast-content-background-meta":{"desktop":{"background-color":"var(--ast-global-color-5)","background-image":"","background-repeat":"repeat","background-position":"center center","background-size":"auto","background-attachment":"scroll","background-type":"","background-media":"","overlay-type":"","overlay-color":"","overlay-opacity":"","overlay-gradient":""},"tablet":{"background-color":"var(--ast-global-color-5)","background-image":"","background-repeat":"repeat","background-position":"center center","background-size":"auto","background-attachment":"scroll","background-type":"","background-media":"","overlay-type":"","overlay-color":"","overlay-opacity":"","overlay-gradient":""},"mobile":{"background-color":"var(--ast-global-color-5)","background-image":"","background-repeat":"repeat","background-position":"center center","background-size":"auto","background-attachment":"scroll","background-type":"","background-media":"","overlay-type":"","overlay-color":"","overlay-opacity":"","overlay-gradient":""}}},"pwb-brand":[332],"product_brand":[],"product_cat":[340,391,931],"product_tag":[],"class_list":{"0":"post-6625","1":"product","2":"type-product","3":"status-publish","4":"has-post-thumbnail","6":"pwb-brand-victron","7":"product_cat-baterias","8":"product_cat-accesorios-para-baterias","9":"product_cat-diodos-separador-de-baterias","10":"desktop-align-left","11":"tablet-align-left","12":"mobile-align-left","13":"ast-product-gallery-layout-horizontal-slider","14":"ast-product-tabs-layout-horizontal","16":"first","17":"instock","18":"taxable","19":"shipping-taxable","20":"purchasable","21":"product-type-simple"},"wcpa_form_fields":null,"brands":[{"id":332,"name":"Victron Energy","slug":"victron"}],"_links":{"self":[{"href":"https:\/\/fvcomponentes.com\/fr\/wp-json\/wp\/v2\/product\/6625","targetHints":{"allow":["GET"]}}],"collection":[{"href":"https:\/\/fvcomponentes.com\/fr\/wp-json\/wp\/v2\/product"}],"about":[{"href":"https:\/\/fvcomponentes.com\/fr\/wp-json\/wp\/v2\/types\/product"}],"replies":[{"embeddable":true,"href":"https:\/\/fvcomponentes.com\/fr\/wp-json\/wp\/v2\/comments?post=6625"}],"wp:featuredmedia":[{"embeddable":true,"href":"https:\/\/fvcomponentes.com\/fr\/wp-json\/wp\/v2\/media\/6629"}],"wp:attachment":[{"href":"https:\/\/fvcomponentes.com\/fr\/wp-json\/wp\/v2\/media?parent=6625"}],"wp:term":[{"taxonomy":"pwb-brand","embeddable":true,"href":"https:\/\/fvcomponentes.com\/fr\/wp-json\/wp\/v2\/pwb-brand?post=6625"},{"taxonomy":"product_brand","embeddable":true,"href":"https:\/\/fvcomponentes.com\/fr\/wp-json\/wp\/v2\/product_brand?post=6625"},{"taxonomy":"product_cat","embeddable":true,"href":"https:\/\/fvcomponentes.com\/fr\/wp-json\/wp\/v2\/product_cat?post=6625"},{"taxonomy":"product_tag","embeddable":true,"href":"https:\/\/fvcomponentes.com\/fr\/wp-json\/wp\/v2\/product_tag?post=6625"}],"curies":[{"name":"wp","href":"https:\/\/api.w.org\/{rel}","templated":true}]}}