{"id":6606,"date":"2023-10-10T12:04:52","date_gmt":"2023-10-10T10:04:52","guid":{"rendered":"https:\/\/fvcomponentes.com\/?post_type=product&#038;p=6606"},"modified":"2026-04-04T12:45:51","modified_gmt":"2026-04-04T10:45:51","slug":"pont-de-diodes-victron-argodiode-120-2ac-2-batteries-120a-arg120201020r","status":"publish","type":"product","link":"https:\/\/fvcomponentes.com\/fr\/producto\/puente-de-diodo-victron-argodiode-120-2ac-2-baterias-120a-arg120201020r\/","title":{"rendered":"Pont de diodes Victron Argodiode 120-2AC - 2 batteries 120A - ARG120201020R"},"content":{"rendered":"<h2>Pont de diodes Victron Argodiode 120-2AC - 2 batteries 120A - ARG120201020R<\/h2>\n<p>Les ponts de diodes permettent de charger simultan\u00e9ment plusieurs batteries \u00e0 partir d'un seul alternateur, sans les relier entre elles. M\u00eame d\u00e9charg\u00e9es, les batteries restent isol\u00e9es, de sorte que l'utilisation de la batterie de service, par exemple, ne peut pas d\u00e9charger la batterie de d\u00e9marrage.<\/p>\n<p>Les ponts de diodes ARGO ont une faible chute de tension gr\u00e2ce \u00e0 l'utilisation de diodes Schottky : \u00e0 faible courant, la perte sera d'environ 0,3 V, et \u00e0 pleine puissance, de 0,45 V. Tous les mod\u00e8les sont \u00e9quip\u00e9s d'une diode de compensation qui permet d'augmenter l\u00e9g\u00e8rement la tension de sortie de l'alternateur pour compenser la perte de tension du pont de diodes. Pour de meilleurs r\u00e9sultats, voir nos ponts de diodes ARGO FET sans chute de tension.<\/p>\n<p>Voir notre livre gratuit <a href=\"https:\/\/www.victronenergy.com.es\/orderbook\" target=\"_blank\" rel=\"noopener\">\"L'\u00e9nergie sans limites<\/a> ou demandez conseil \u00e0 un sp\u00e9cialiste pour l'installation d'un pont de diodes. Les pertes de tension caus\u00e9es par l'utilisation de ponts de diodes peuvent r\u00e9duire les performances de la batterie en raison d'une charge incompl\u00e8te.<\/p>\n<h2>Puissance absorb\u00e9e par l'alternateur<\/h2>\n<p>Certains alternateurs ont besoin d'une tension continue \u00e0 la sortie B+ pour commencer \u00e0 charger. Il est \u00e9vident que le courant continu sera pr\u00e9sent lorsque l'alternateur est connect\u00e9 directement \u00e0 la batterie. Cependant, si un pont de diodes ou un s\u00e9parateur FET est ins\u00e9r\u00e9, tout retour de tension\/courant des batteries vers la sortie B+ sera emp\u00each\u00e9 et l'alternateur ne sera pas activ\u00e9.<br \/>\nLes nouveaux cavaliers \u00e0 diode \"AC\" ont une entr\u00e9e sp\u00e9ciale de limitation de courant qui alimente la sortie B+ lorsque l'interrupteur de d\u00e9marrage\/arr\u00eat du moteur est ferm\u00e9.<\/p>\n<p><img fetchpriority=\"high\" decoding=\"async\" class=\"alignnone size-full wp-image-6601\" src=\"https:\/\/fvcomponentes.com\/wp-content\/uploads\/2023\/03\/Captura-9867.png\" alt=\"Pont de diodes Victron Argodiode 80-2SC 2 batteries 80A - ARG08020202000\" width=\"600\" height=\"502\" title=\"\"><\/p>\n<h2>Fiche technique Victron Argodiode 120-2AC pont de diodes - 2 batteries 120A - ARG120201020R<\/h2>\n<p><a href=\"https:\/\/fvcomponentes.com\/wp-content\/uploads\/2023\/03\/Argodiode-Battery-Isolators-ES.pdf\" target=\"_blank\" rel=\"noopener\">Voir la fiche technique Victron Argodiode 120-2AC pont de diodes - 2 batteries 120A - ARG120201020R<\/a><\/p>","protected":false},"excerpt":{"rendered":"<p><strong>Courant de charge max :<\/strong> 120<br \/>\n<strong>Courant max. de l'alternateur (A) :<\/strong> 120<br \/>\n<strong>Nombre de piles :<\/strong> 2<\/p>","protected":false},"featured_media":10502,"comment_status":"open","ping_status":"closed","template":"","meta":{"site-sidebar-layout":"default","site-content-layout":"default","ast-site-content-layout":"default","site-content-style":"default","site-sidebar-style":"default","ast-global-header-display":"","ast-banner-title-visibility":"","ast-main-header-display":"","ast-hfb-above-header-display":"","ast-hfb-below-header-display":"","ast-hfb-mobile-header-display":"","site-post-title":"","ast-breadcrumbs-content":"","ast-featured-img":"","footer-sml-layout":"","ast-disable-related-posts":"","theme-transparent-header-meta":"default","adv-header-id-meta":"","stick-header-meta":"","header-above-stick-meta":"","header-main-stick-meta":"","header-below-stick-meta":"","astra-migrate-meta-layouts":"set","ast-page-background-enabled":"default","ast-page-background-meta":{"desktop":{"background-color":"var(--ast-global-color-4)","background-image":"","background-repeat":"repeat","background-position":"center center","background-size":"auto","background-attachment":"scroll","background-type":"","background-media":"","overlay-type":"","overlay-color":"","overlay-opacity":"","overlay-gradient":""},"tablet":{"background-color":"","background-image":"","background-repeat":"repeat","background-position":"center center","background-size":"auto","background-attachment":"scroll","background-type":"","background-media":"","overlay-type":"","overlay-color":"","overlay-opacity":"","overlay-gradient":""},"mobile":{"background-color":"","background-image":"","background-repeat":"repeat","background-position":"center center","background-size":"auto","background-attachment":"scroll","background-type":"","background-media":"","overlay-type":"","overlay-color":"","overlay-opacity":"","overlay-gradient":""}},"ast-content-background-meta":{"desktop":{"background-color":"var(--ast-global-color-5)","background-image":"","background-repeat":"repeat","background-position":"center center","background-size":"auto","background-attachment":"scroll","background-type":"","background-media":"","overlay-type":"","overlay-color":"","overlay-opacity":"","overlay-gradient":""},"tablet":{"background-color":"var(--ast-global-color-5)","background-image":"","background-repeat":"repeat","background-position":"center center","background-size":"auto","background-attachment":"scroll","background-type":"","background-media":"","overlay-type":"","overlay-color":"","overlay-opacity":"","overlay-gradient":""},"mobile":{"background-color":"var(--ast-global-color-5)","background-image":"","background-repeat":"repeat","background-position":"center center","background-size":"auto","background-attachment":"scroll","background-type":"","background-media":"","overlay-type":"","overlay-color":"","overlay-opacity":"","overlay-gradient":""}}},"pwb-brand":[332],"product_brand":[],"product_cat":[340,391,931],"product_tag":[],"class_list":{"0":"post-6606","1":"product","2":"type-product","3":"status-publish","4":"has-post-thumbnail","6":"pwb-brand-victron","7":"product_cat-baterias","8":"product_cat-accesorios-para-baterias","9":"product_cat-diodos-separador-de-baterias","10":"desktop-align-left","11":"tablet-align-left","12":"mobile-align-left","13":"ast-product-gallery-layout-horizontal-slider","14":"ast-product-gallery-with-no-image","15":"ast-product-tabs-layout-horizontal","17":"first","18":"instock","19":"taxable","20":"shipping-taxable","21":"purchasable","22":"product-type-simple"},"wcpa_form_fields":null,"brands":[{"id":332,"name":"Victron Energy","slug":"victron"}],"_links":{"self":[{"href":"https:\/\/fvcomponentes.com\/fr\/wp-json\/wp\/v2\/product\/6606","targetHints":{"allow":["GET"]}}],"collection":[{"href":"https:\/\/fvcomponentes.com\/fr\/wp-json\/wp\/v2\/product"}],"about":[{"href":"https:\/\/fvcomponentes.com\/fr\/wp-json\/wp\/v2\/types\/product"}],"replies":[{"embeddable":true,"href":"https:\/\/fvcomponentes.com\/fr\/wp-json\/wp\/v2\/comments?post=6606"}],"wp:featuredmedia":[{"embeddable":true,"href":"https:\/\/fvcomponentes.com\/fr\/wp-json\/wp\/v2\/media\/10502"}],"wp:attachment":[{"href":"https:\/\/fvcomponentes.com\/fr\/wp-json\/wp\/v2\/media?parent=6606"}],"wp:term":[{"taxonomy":"pwb-brand","embeddable":true,"href":"https:\/\/fvcomponentes.com\/fr\/wp-json\/wp\/v2\/pwb-brand?post=6606"},{"taxonomy":"product_brand","embeddable":true,"href":"https:\/\/fvcomponentes.com\/fr\/wp-json\/wp\/v2\/product_brand?post=6606"},{"taxonomy":"product_cat","embeddable":true,"href":"https:\/\/fvcomponentes.com\/fr\/wp-json\/wp\/v2\/product_cat?post=6606"},{"taxonomy":"product_tag","embeddable":true,"href":"https:\/\/fvcomponentes.com\/fr\/wp-json\/wp\/v2\/product_tag?post=6606"}],"curies":[{"name":"wp","href":"https:\/\/api.w.org\/{rel}","templated":true}]}}