{"id":6588,"date":"2023-10-23T16:56:00","date_gmt":"2023-10-23T14:56:00","guid":{"rendered":"https:\/\/fvcomponentes.com\/?post_type=product&#038;p=6588"},"modified":"2026-04-09T19:21:11","modified_gmt":"2026-04-09T17:21:11","slug":"victron-smartshunt-1000a-50mv-ip65-shu065210050-victron-battery-monitor-shu065210050","status":"publish","type":"product","link":"https:\/\/fvcomponentes.com\/fr\/producto\/monitor-de-baterias-victron-smartshunt-1000a-50mv-ip65-shu065210050\/","title":{"rendered":"Victron Smartshunt 1000A\/50mV IP65 Moniteur de batterie - SHU065210050"},"content":{"rendered":"<div style=\"position:relative;padding-bottom:56.25%;height:0;margin-bottom:24px;\">\n  <iframe \n    src=\"https:\/\/www.youtube-nocookie.com\/embed\/6EXFWD8E_d4?rel=0&#038;modestbranding=1\"\n    style=\"position:absolute;top:0;left:0;width:100%;height:100%;border:0;\"\n    loading=\"lazy\"\n    allowfullscreen><br \/>\n  <\/iframe>\n<\/div>\n<p><script type=\"application\/ld+json\">{\n    \"@context\": \"https:\\\/\\\/schema.org\",\n    \"@type\": \"VideoObject\",\n    \"name\": \"CONFIGURACI\\u00d3N de tu VICTRON SMARTSHUNT 500A como un PRO\",\n    \"description\": \"Aprende a configurar de forma eficiente un Victron SmartShunt 500A utilizando la app Victron Connect en iOS y Android para monitorizar tu bater\\u00eda con precisi\\u00f3n y sacar el m\\u00e1ximo rendimiento a tu sistema.\",\n    \"thumbnailUrl\": \"https:\\\/\\\/i.ytimg.com\\\/vi\\\/6EXFWD8E_d4\\\/maxresdefault.jpg\",\n    \"uploadDate\": \"2026-04-09T00:00:00+02:00\",\n    \"contentUrl\": \"https:\\\/\\\/www.youtube.com\\\/watch?v=6EXFWD8E_d4\",\n    \"embedUrl\": \"https:\\\/\\\/www.youtube-nocookie.com\\\/embed\\\/6EXFWD8E_d4\",\n    \"publisher\": {\n        \"@type\": \"Organization\",\n        \"name\": \"FV Componentes\"\n    }\n}<\/script><\/p>\n<h2>Caract\u00e9ristiques du contr\u00f4leur de batterie Victron Smartshunt 1000A\/50mV IP65 - SHU065210050<\/h2>\n<ul>\n<li><strong>Caract\u00e9ristiques principales :<\/strong>\n<ul>\n<li>Cette chasse au tr\u00e9sor est tout-en-un et \u00e9tanche.<\/li>\n<li>Disponible en versions 500 A, 1000 A et 2000 A.<\/li>\n<li>Connexion sans fil Bluetooth \u00e0 l'application <a href=\"https:\/\/www.victronenergy.com.es\/panel-systems-remote-monitoring\/victronconnect\" target=\"_blank\" rel=\"noopener\">VictronConnect.<\/a><\/li>\n<li>Raccordement par c\u00e2ble VE.Direct.<\/li>\n<\/ul>\n<\/li>\n<li><strong>Comparaison avec le BMV-712 :<\/strong>\n<ul>\n<li>Il n'y a pas d'alarmes visuelles ou sonores directes.<\/li>\n<li>Pas de relais programmable.<\/li>\n<li>Excellente r\u00e9sistance \u00e0 l'eau.<\/li>\n<li>Shunt connect\u00e9 directement \u00e0 l'unit\u00e9 de surveillance de la batterie.<\/li>\n<\/ul>\n<\/li>\n<li><strong>Fonctionnalit\u00e9s en vedette :<\/strong>\n<ul>\n<li>Surveillance des param\u00e8tres de la batterie, tels que l'\u00e9tat de charge et l'autonomie restante.<\/li>\n<li>Acc\u00e8s aux donn\u00e9es historiques et autres via l'application.<\/li>\n<li>Flexibilit\u00e9 avec le port VE.Direct.<\/li>\n<li>Connexion auxiliaire pour contr\u00f4ler une deuxi\u00e8me batterie ou un capteur de temp\u00e9rature.<\/li>\n<\/ul>\n<\/li>\n<li><strong>Avantages :<\/strong>\n<ul>\n<li>R\u00e9duction de la complexit\u00e9 du syst\u00e8me de surveillance de la batterie.<\/li>\n<li>Commodit\u00e9 et pr\u00e9cision dans le suivi de la batterie.<\/li>\n<li>Int\u00e9gration facile avec les appareils mobiles.<\/li>\n<li>Polyvalence dans la gestion des batteries.<\/li>\n<\/ul>\n<\/li>\n<\/ul>\n<p>Le contr\u00f4leur de batterie Victron Smartshunt 1000A\/50mV IP65 - SHU065210050 est une solution polyvalente et \u00e9tanche qui simplifie la surveillance des batteries en offrant une connectivit\u00e9 Bluetooth aux appareils mobiles. Contrairement au BMV-712, il ne dispose pas d'alarmes directes ou de relais programmables, mais offre une exp\u00e9rience de surveillance efficace et pratique. En outre, sa conception sans \u00e9cran r\u00e9duit la complexit\u00e9 du syst\u00e8me et le rend id\u00e9al pour les syst\u00e8mes qui n\u00e9cessitent une surveillance de la batterie sans l'inconv\u00e9nient de c\u00e2bles suppl\u00e9mentaires.<\/p>\n<p><img fetchpriority=\"high\" decoding=\"async\" class=\"alignnone size-full wp-image-6580\" src=\"https:\/\/fvcomponentes.com\/wp-content\/uploads\/2023\/03\/hjgtfdj.png\" alt=\"Victron Smartshunt 500A\/50mV IP65 shunt de batterie - SHU065150050\" width=\"495\" height=\"515\" title=\"\"><\/p>\n<p><strong>Fiche technique Victron Smartshunt 1000A\/50mV IP65 Moniteur de batterie - SHU065210050<\/strong><\/p>\n<p><a href=\"https:\/\/fvcomponentes.com\/wp-content\/uploads\/2023\/03\/SmartShunt-IP65-ES-1.pdf\" target=\"_blank\" rel=\"noopener\">Voir la fiche technique du contr\u00f4leur de batterie Victron Smartshunt 1000A\/50mV IP65 - SHU065210050<\/a><\/p>","protected":false},"excerpt":{"rendered":"<p><strong>Plage de tension d'alimentation :<\/strong> 6,5 - 70 VDC<br \/>\n&lt;strong&gt;Consommation de courant : &amp;lt; 1 mA<br \/>\n<strong>Plage de tension d'entr\u00e9e, batterie auxiliaire :<\/strong> 6,5 - 70 VDC<br \/>\n<strong>Dimensions :<\/strong> 68 X 120 X 54<\/p>","protected":false},"featured_media":6593,"comment_status":"open","ping_status":"closed","template":"","meta":{"site-sidebar-layout":"default","site-content-layout":"default","ast-site-content-layout":"default","site-content-style":"default","site-sidebar-style":"default","ast-global-header-display":"","ast-banner-title-visibility":"","ast-main-header-display":"","ast-hfb-above-header-display":"","ast-hfb-below-header-display":"","ast-hfb-mobile-header-display":"","site-post-title":"","ast-breadcrumbs-content":"","ast-featured-img":"","footer-sml-layout":"","ast-disable-related-posts":"","theme-transparent-header-meta":"default","adv-header-id-meta":"","stick-header-meta":"","header-above-stick-meta":"","header-main-stick-meta":"","header-below-stick-meta":"","astra-migrate-meta-layouts":"set","ast-page-background-enabled":"default","ast-page-background-meta":{"desktop":{"background-color":"var(--ast-global-color-4)","background-image":"","background-repeat":"repeat","background-position":"center center","background-size":"auto","background-attachment":"scroll","background-type":"","background-media":"","overlay-type":"","overlay-color":"","overlay-opacity":"","overlay-gradient":""},"tablet":{"background-color":"","background-image":"","background-repeat":"repeat","background-position":"center center","background-size":"auto","background-attachment":"scroll","background-type":"","background-media":"","overlay-type":"","overlay-color":"","overlay-opacity":"","overlay-gradient":""},"mobile":{"background-color":"","background-image":"","background-repeat":"repeat","background-position":"center center","background-size":"auto","background-attachment":"scroll","background-type":"","background-media":"","overlay-type":"","overlay-color":"","overlay-opacity":"","overlay-gradient":""}},"ast-content-background-meta":{"desktop":{"background-color":"var(--ast-global-color-5)","background-image":"","background-repeat":"repeat","background-position":"center center","background-size":"auto","background-attachment":"scroll","background-type":"","background-media":"","overlay-type":"","overlay-color":"","overlay-opacity":"","overlay-gradient":""},"tablet":{"background-color":"var(--ast-global-color-5)","background-image":"","background-repeat":"repeat","background-position":"center center","background-size":"auto","background-attachment":"scroll","background-type":"","background-media":"","overlay-type":"","overlay-color":"","overlay-opacity":"","overlay-gradient":""},"mobile":{"background-color":"var(--ast-global-color-5)","background-image":"","background-repeat":"repeat","background-position":"center center","background-size":"auto","background-attachment":"scroll","background-type":"","background-media":"","overlay-type":"","overlay-color":"","overlay-opacity":"","overlay-gradient":""}}},"pwb-brand":[332],"product_brand":[],"product_cat":[340,391,933],"product_tag":[],"class_list":{"0":"post-6588","1":"product","2":"type-product","3":"status-publish","4":"has-post-thumbnail","6":"pwb-brand-victron","7":"product_cat-baterias","8":"product_cat-accesorios-para-baterias","9":"product_cat-monitores-de-baterias","10":"desktop-align-left","11":"tablet-align-left","12":"mobile-align-left","13":"ast-product-gallery-layout-horizontal-slider","14":"ast-product-tabs-layout-horizontal","16":"first","17":"instock","18":"taxable","19":"shipping-taxable","20":"purchasable","21":"product-type-simple"},"wcpa_form_fields":null,"brands":[{"id":332,"name":"Victron Energy","slug":"victron"}],"_links":{"self":[{"href":"https:\/\/fvcomponentes.com\/fr\/wp-json\/wp\/v2\/product\/6588","targetHints":{"allow":["GET"]}}],"collection":[{"href":"https:\/\/fvcomponentes.com\/fr\/wp-json\/wp\/v2\/product"}],"about":[{"href":"https:\/\/fvcomponentes.com\/fr\/wp-json\/wp\/v2\/types\/product"}],"replies":[{"embeddable":true,"href":"https:\/\/fvcomponentes.com\/fr\/wp-json\/wp\/v2\/comments?post=6588"}],"wp:featuredmedia":[{"embeddable":true,"href":"https:\/\/fvcomponentes.com\/fr\/wp-json\/wp\/v2\/media\/6593"}],"wp:attachment":[{"href":"https:\/\/fvcomponentes.com\/fr\/wp-json\/wp\/v2\/media?parent=6588"}],"wp:term":[{"taxonomy":"pwb-brand","embeddable":true,"href":"https:\/\/fvcomponentes.com\/fr\/wp-json\/wp\/v2\/pwb-brand?post=6588"},{"taxonomy":"product_brand","embeddable":true,"href":"https:\/\/fvcomponentes.com\/fr\/wp-json\/wp\/v2\/product_brand?post=6588"},{"taxonomy":"product_cat","embeddable":true,"href":"https:\/\/fvcomponentes.com\/fr\/wp-json\/wp\/v2\/product_cat?post=6588"},{"taxonomy":"product_tag","embeddable":true,"href":"https:\/\/fvcomponentes.com\/fr\/wp-json\/wp\/v2\/product_tag?post=6588"}],"curies":[{"name":"wp","href":"https:\/\/api.w.org\/{rel}","templated":true}]}}