{"id":6576,"date":"2023-10-23T16:55:02","date_gmt":"2023-10-23T14:55:02","guid":{"rendered":"https:\/\/fvcomponentes.com\/?post_type=product&#038;p=6576"},"modified":"2026-04-04T12:46:25","modified_gmt":"2026-04-04T10:46:25","slug":"victron-smartshunt-500a-50mv-ip65-shu065150050-victron-battery-monitor-shu065150050","status":"publish","type":"product","link":"https:\/\/fvcomponentes.com\/fr\/producto\/monitor-de-baterias-victron-smartshunt-500a-50mv-ip65-shu065150050\/","title":{"rendered":"Victron Smartshunt 500A\/50mV IP65 Moniteur de batterie - SHU065150050"},"content":{"rendered":"<h2>Caract\u00e9ristiques du contr\u00f4leur de batterie Victron Smartshunt 500A\/50mV IP65 - SHU065150050<\/h2>\n<p>Le moniteur de batterie Victron Smartshunt 500A\/50mV IP65 - SHU065150050 est un moniteur de batterie tout-en-un innovant con\u00e7u pour fournir une surveillance efficace et pratique de vos syst\u00e8mes d'alimentation. Contrairement \u00e0 d'autres moniteurs, le SmartShunt n'a pas d'\u00e9cran int\u00e9gr\u00e9, mais utilise l'\u00e9cran de votre t\u00e9l\u00e9phone ou de votre tablette pour fournir un acc\u00e8s instantan\u00e9 aux informations critiques concernant votre batterie.<\/p>\n<p>La polyvalence est l'une des principales caract\u00e9ristiques du SmartShunt IP65, puisqu'il est disponible en trois versions diff\u00e9rentes : 500 A, 1000 A et 2000 A, ce qui lui permet de s'adapter \u00e0 une grande vari\u00e9t\u00e9 d'applications et de tailles de batteries. En outre, son indice de protection IP65 le rend \u00e9tanche, ce qui garantit son fonctionnement m\u00eame dans des conditions m\u00e9t\u00e9orologiques d\u00e9favorables.<\/p>\n<p>La connexion entre le SmartShunt IP65 et votre appareil mobile se fait sans fil via Bluetooth, \u00e0 l'aide de l'application VictronConnect, offrant ainsi la possibilit\u00e9 d'acc\u00e9der \u00e0 tous les param\u00e8tres de votre batterie : comme l'\u00e9tat de charge, l'autonomie restante et les donn\u00e9es historiques, le tout depuis la paume de votre main.<\/p>\n<p>En plus de la connexion Bluetooth, le SmartShunt IP65 peut \u00eatre reli\u00e9 \u00e0 un appareil GX \u00e0 l'aide d'un c\u00e2ble VE.Direct, offrant ainsi une flexibilit\u00e9 suppl\u00e9mentaire dans la fa\u00e7on dont il contr\u00f4le et surveille votre syst\u00e8me d'alimentation.<\/p>\n<p>Par rapport au moniteur de batterie <a href=\"https:\/\/fvcomponentes.com\/fr\/produit\/bmv-712-smart-victron-battery-monitor\/\" target=\"_blank\" rel=\"noopener\">BMV-712<\/a>Le SmartShunt pr\u00e9sente quelques diff\u00e9rences majeures. Bien qu'il ne dispose pas d'une alarme visuelle ou sonore directe, les alarmes peuvent \u00eatre visualis\u00e9es via l'application. <a href=\"https:\/\/www.victronenergy.com.es\/panel-systems-remote-monitoring\/victronconnect\" target=\"_blank\" rel=\"noopener\">VictronConnect<\/a> ou un dispositif GX, tel que le <a href=\"https:\/\/fvcomponentes.com\/fr\/produit\/victron-cerbo-gx-mk2-bpp900451100-victron-cerbo-mk2-monitor\/\" target=\"_blank\" rel=\"noopener\">Victron Cerbo GX MK2 Monitoring - BPP900451100<\/a>. Le SmartShunt ne comprend pas non plus de relais programmable, mais il compense cette lacune par sa r\u00e9sistance \u00e0 l'eau et une connexion plus simple entre le shunt et l'unit\u00e9 de surveillance de la batterie.<\/p>\n<p><img fetchpriority=\"high\" decoding=\"async\" class=\"alignnone size-full wp-image-6580\" src=\"https:\/\/fvcomponentes.com\/wp-content\/uploads\/2023\/03\/hjgtfdj.png\" alt=\"Victron Smartshunt 500A\/50mV IP65 shunt de batterie - SHU065150050\" width=\"495\" height=\"515\" title=\"\"><\/p>\n<h2>Fiche technique Victron Smartshunt 500A\/50mV IP65 Moniteur de batterie - SHU065150050<\/h2>\n<p><a href=\"https:\/\/fvcomponentes.com\/wp-content\/uploads\/2023\/03\/SmartShunt-IP65-ES-1.pdf\" target=\"_blank\" rel=\"noopener\">Voir la fiche technique du moniteur de batterie Victron Smartshunt 500A\/50mV IP65 - SHU065150050<\/a><\/p>","protected":false},"excerpt":{"rendered":"<p><strong>Plage de tension d'alimentation :<\/strong> 6,5 - 70 VDC<br \/>\n<strong>Consommation de courant :<\/strong> &lt; 1 mA<br \/>\n<strong>Plage de tension d'entr\u00e9e, batterie auxiliaire :<\/strong> 6,5 - 70 VDC<br \/>\n<strong>Dimensions :<\/strong> 46 x 120 x 54<\/p>","protected":false},"featured_media":6587,"comment_status":"open","ping_status":"closed","template":"","meta":{"site-sidebar-layout":"default","site-content-layout":"default","ast-site-content-layout":"default","site-content-style":"default","site-sidebar-style":"default","ast-global-header-display":"","ast-banner-title-visibility":"","ast-main-header-display":"","ast-hfb-above-header-display":"","ast-hfb-below-header-display":"","ast-hfb-mobile-header-display":"","site-post-title":"","ast-breadcrumbs-content":"","ast-featured-img":"","footer-sml-layout":"","ast-disable-related-posts":"","theme-transparent-header-meta":"default","adv-header-id-meta":"","stick-header-meta":"","header-above-stick-meta":"","header-main-stick-meta":"","header-below-stick-meta":"","astra-migrate-meta-layouts":"set","ast-page-background-enabled":"default","ast-page-background-meta":{"desktop":{"background-color":"var(--ast-global-color-4)","background-image":"","background-repeat":"repeat","background-position":"center center","background-size":"auto","background-attachment":"scroll","background-type":"","background-media":"","overlay-type":"","overlay-color":"","overlay-opacity":"","overlay-gradient":""},"tablet":{"background-color":"","background-image":"","background-repeat":"repeat","background-position":"center center","background-size":"auto","background-attachment":"scroll","background-type":"","background-media":"","overlay-type":"","overlay-color":"","overlay-opacity":"","overlay-gradient":""},"mobile":{"background-color":"","background-image":"","background-repeat":"repeat","background-position":"center center","background-size":"auto","background-attachment":"scroll","background-type":"","background-media":"","overlay-type":"","overlay-color":"","overlay-opacity":"","overlay-gradient":""}},"ast-content-background-meta":{"desktop":{"background-color":"var(--ast-global-color-5)","background-image":"","background-repeat":"repeat","background-position":"center center","background-size":"auto","background-attachment":"scroll","background-type":"","background-media":"","overlay-type":"","overlay-color":"","overlay-opacity":"","overlay-gradient":""},"tablet":{"background-color":"var(--ast-global-color-5)","background-image":"","background-repeat":"repeat","background-position":"center center","background-size":"auto","background-attachment":"scroll","background-type":"","background-media":"","overlay-type":"","overlay-color":"","overlay-opacity":"","overlay-gradient":""},"mobile":{"background-color":"var(--ast-global-color-5)","background-image":"","background-repeat":"repeat","background-position":"center center","background-size":"auto","background-attachment":"scroll","background-type":"","background-media":"","overlay-type":"","overlay-color":"","overlay-opacity":"","overlay-gradient":""}}},"pwb-brand":[332],"product_brand":[],"product_cat":[340,391,933],"product_tag":[],"class_list":{"0":"post-6576","1":"product","2":"type-product","3":"status-publish","4":"has-post-thumbnail","6":"pwb-brand-victron","7":"product_cat-baterias","8":"product_cat-accesorios-para-baterias","9":"product_cat-monitores-de-baterias","10":"desktop-align-left","11":"tablet-align-left","12":"mobile-align-left","13":"ast-product-gallery-layout-horizontal-slider","14":"ast-product-tabs-layout-horizontal","16":"first","17":"instock","18":"taxable","19":"shipping-taxable","20":"purchasable","21":"product-type-simple"},"wcpa_form_fields":null,"brands":[{"id":332,"name":"Victron Energy","slug":"victron"}],"_links":{"self":[{"href":"https:\/\/fvcomponentes.com\/fr\/wp-json\/wp\/v2\/product\/6576","targetHints":{"allow":["GET"]}}],"collection":[{"href":"https:\/\/fvcomponentes.com\/fr\/wp-json\/wp\/v2\/product"}],"about":[{"href":"https:\/\/fvcomponentes.com\/fr\/wp-json\/wp\/v2\/types\/product"}],"replies":[{"embeddable":true,"href":"https:\/\/fvcomponentes.com\/fr\/wp-json\/wp\/v2\/comments?post=6576"}],"wp:featuredmedia":[{"embeddable":true,"href":"https:\/\/fvcomponentes.com\/fr\/wp-json\/wp\/v2\/media\/6587"}],"wp:attachment":[{"href":"https:\/\/fvcomponentes.com\/fr\/wp-json\/wp\/v2\/media?parent=6576"}],"wp:term":[{"taxonomy":"pwb-brand","embeddable":true,"href":"https:\/\/fvcomponentes.com\/fr\/wp-json\/wp\/v2\/pwb-brand?post=6576"},{"taxonomy":"product_brand","embeddable":true,"href":"https:\/\/fvcomponentes.com\/fr\/wp-json\/wp\/v2\/product_brand?post=6576"},{"taxonomy":"product_cat","embeddable":true,"href":"https:\/\/fvcomponentes.com\/fr\/wp-json\/wp\/v2\/product_cat?post=6576"},{"taxonomy":"product_tag","embeddable":true,"href":"https:\/\/fvcomponentes.com\/fr\/wp-json\/wp\/v2\/product_tag?post=6576"}],"curies":[{"name":"wp","href":"https:\/\/api.w.org\/{rel}","templated":true}]}}