{"id":6556,"date":"2023-10-19T09:58:30","date_gmt":"2023-10-19T07:58:30","guid":{"rendered":"https:\/\/fvcomponentes.com\/?post_type=product&#038;p=6556"},"modified":"2026-04-04T12:51:56","modified_gmt":"2026-04-04T10:51:56","slug":"victron-anti-islanding-box-63-a-monophase-et-triphase-rcd000300200","status":"publish","type":"product","link":"https:\/\/fvcomponentes.com\/fr\/producto\/caja-victron-anti-isla-63-a-monofasica-y-trifasica-rcd000300200\/","title":{"rendered":"Bo\u00eete anti-\u00eelotage Victron 63 A monophas\u00e9 et triphas\u00e9 - RCD000300200"},"content":{"rendered":"<h2>Bo\u00eete de caract\u00e9ristiques <a href=\"https:\/\/www.victronenergy.com.es\/\" target=\"_blank\" rel=\"noopener\">Victron<\/a> anti-\u00eelotage 63 A monophas\u00e9 et triphas\u00e9<\/h2>\n<ul>\n<li style=\"font-weight: 400;\">Le coffret anti-\u00eelotage 63A monophas\u00e9 et triphas\u00e9 combine un dispositif anti-\u00eelotage, le Ziehl UFR1001E, deux contacteurs int\u00e9gr\u00e9s et un disjoncteur principal.<\/li>\n<li style=\"font-weight: 400;\">Il convient aux syst\u00e8mes monophas\u00e9s et triphas\u00e9s.<\/li>\n<li style=\"font-weight: 400;\">Il peut supporter jusqu'\u00e0 63 A par phase et toutes les pi\u00e8ces sont log\u00e9es dans un bo\u00eetier IP65.<\/li>\n<\/ul>\n<p style=\"font-weight: 400;\">Le bo\u00eetier anti-\u00eelotage peut \u00eatre ajout\u00e9 \u00e0 un syst\u00e8me d'onduleur\/chargeur aliment\u00e9 par le r\u00e9seau (ESS) afin de se conformer aux r\u00e9glementations locales en mati\u00e8re d'anti-\u00eelotage.<\/p>\n<h2>Dimensions du bo\u00eetier anti-\u00eelotage Victron 63 A monophas\u00e9 et triphas\u00e9 - RCD000300200<\/h2>\n<p><a href=\"https:\/\/fvcomponentes.com\/wp-content\/uploads\/2023\/10\/DimensionDrawing-Anti-islanding-box-63A-single-and-three-phase.pdf\" target=\"_blank\" rel=\"noopener\">Voir bo\u00eetier anti-\u00eelotage Victron 63 A monophas\u00e9 et triphas\u00e9 - RCD000300200<\/a><\/p>\n<p style=\"font-weight: 400;\">","protected":false},"excerpt":{"rendered":"<p>Il combine un dispositif anti-\u00eelotage, le Ziehl UFR1001E, deux contacteurs int\u00e9gr\u00e9s et un disjoncteur principal.<\/p>","protected":false},"featured_media":6563,"comment_status":"open","ping_status":"closed","template":"","meta":{"site-sidebar-layout":"default","site-content-layout":"default","ast-site-content-layout":"default","site-content-style":"default","site-sidebar-style":"default","ast-global-header-display":"","ast-banner-title-visibility":"","ast-main-header-display":"","ast-hfb-above-header-display":"","ast-hfb-below-header-display":"","ast-hfb-mobile-header-display":"","site-post-title":"","ast-breadcrumbs-content":"","ast-featured-img":"","footer-sml-layout":"","ast-disable-related-posts":"","theme-transparent-header-meta":"default","adv-header-id-meta":"","stick-header-meta":"","header-above-stick-meta":"","header-main-stick-meta":"","header-below-stick-meta":"","astra-migrate-meta-layouts":"set","ast-page-background-enabled":"default","ast-page-background-meta":{"desktop":{"background-color":"var(--ast-global-color-4)","background-image":"","background-repeat":"repeat","background-position":"center center","background-size":"auto","background-attachment":"scroll","background-type":"","background-media":"","overlay-type":"","overlay-color":"","overlay-opacity":"","overlay-gradient":""},"tablet":{"background-color":"","background-image":"","background-repeat":"repeat","background-position":"center center","background-size":"auto","background-attachment":"scroll","background-type":"","background-media":"","overlay-type":"","overlay-color":"","overlay-opacity":"","overlay-gradient":""},"mobile":{"background-color":"","background-image":"","background-repeat":"repeat","background-position":"center center","background-size":"auto","background-attachment":"scroll","background-type":"","background-media":"","overlay-type":"","overlay-color":"","overlay-opacity":"","overlay-gradient":""}},"ast-content-background-meta":{"desktop":{"background-color":"var(--ast-global-color-5)","background-image":"","background-repeat":"repeat","background-position":"center center","background-size":"auto","background-attachment":"scroll","background-type":"","background-media":"","overlay-type":"","overlay-color":"","overlay-opacity":"","overlay-gradient":""},"tablet":{"background-color":"var(--ast-global-color-5)","background-image":"","background-repeat":"repeat","background-position":"center center","background-size":"auto","background-attachment":"scroll","background-type":"","background-media":"","overlay-type":"","overlay-color":"","overlay-opacity":"","overlay-gradient":""},"mobile":{"background-color":"var(--ast-global-color-5)","background-image":"","background-repeat":"repeat","background-position":"center center","background-size":"auto","background-attachment":"scroll","background-type":"","background-media":"","overlay-type":"","overlay-color":"","overlay-opacity":"","overlay-gradient":""}}},"pwb-brand":[332],"product_brand":[],"product_cat":[333,351],"product_tag":[],"class_list":{"0":"post-6556","1":"product","2":"type-product","3":"status-publish","4":"has-post-thumbnail","6":"pwb-brand-victron","7":"product_cat-inversores","8":"product_cat-accesorios","9":"desktop-align-left","10":"tablet-align-left","11":"mobile-align-left","12":"ast-product-gallery-layout-horizontal-slider","13":"ast-product-tabs-layout-horizontal","15":"first","16":"instock","17":"taxable","18":"shipping-taxable","19":"purchasable","20":"product-type-simple"},"wcpa_form_fields":null,"brands":[{"id":332,"name":"Victron Energy","slug":"victron"}],"_links":{"self":[{"href":"https:\/\/fvcomponentes.com\/fr\/wp-json\/wp\/v2\/product\/6556","targetHints":{"allow":["GET"]}}],"collection":[{"href":"https:\/\/fvcomponentes.com\/fr\/wp-json\/wp\/v2\/product"}],"about":[{"href":"https:\/\/fvcomponentes.com\/fr\/wp-json\/wp\/v2\/types\/product"}],"replies":[{"embeddable":true,"href":"https:\/\/fvcomponentes.com\/fr\/wp-json\/wp\/v2\/comments?post=6556"}],"wp:featuredmedia":[{"embeddable":true,"href":"https:\/\/fvcomponentes.com\/fr\/wp-json\/wp\/v2\/media\/6563"}],"wp:attachment":[{"href":"https:\/\/fvcomponentes.com\/fr\/wp-json\/wp\/v2\/media?parent=6556"}],"wp:term":[{"taxonomy":"pwb-brand","embeddable":true,"href":"https:\/\/fvcomponentes.com\/fr\/wp-json\/wp\/v2\/pwb-brand?post=6556"},{"taxonomy":"product_brand","embeddable":true,"href":"https:\/\/fvcomponentes.com\/fr\/wp-json\/wp\/v2\/product_brand?post=6556"},{"taxonomy":"product_cat","embeddable":true,"href":"https:\/\/fvcomponentes.com\/fr\/wp-json\/wp\/v2\/product_cat?post=6556"},{"taxonomy":"product_tag","embeddable":true,"href":"https:\/\/fvcomponentes.com\/fr\/wp-json\/wp\/v2\/product_tag?post=6556"}],"curies":[{"name":"wp","href":"https:\/\/api.w.org\/{rel}","templated":true}]}}