{"id":6535,"date":"2023-10-10T17:14:14","date_gmt":"2023-10-10T15:14:14","guid":{"rendered":"https:\/\/fvcomponentes.com\/?post_type=product&#038;p=6535"},"modified":"2026-01-15T10:06:11","modified_gmt":"2026-01-15T09:06:11","slug":"victron-em24-3-phase-65a-ethernet-rel200200100-compteur-denergie-victron-em24-3-phase-65a-ethernet-rel200200100","status":"publish","type":"product","link":"https:\/\/fvcomponentes.com\/fr\/producto\/medidor-de-energia-victron-em24-3-fases-65a-ethernet-rel200200100\/","title":{"rendered":"Victron EM24 compteur d'\u00e9nergie Ethernet triphas\u00e9 65A - REL200200100"},"content":{"rendered":"<h2>Caract\u00e9ristiques du compteur d'\u00e9nergie Victron EM24 3 phases 65A Ethernet - REL200200100<\/h2>\n<p><span class=\"a-list-item\">Le compteur d'\u00e9nergie Victron EM24 3 phases 65A Ethernet - REL200200100 est un appareil standard pour mesurer la puissance et l'\u00e9nergie d'une application triphas\u00e9e. Le compteur d'\u00e9nergie Victron EM24 avec \u00e9cran LCD est con\u00e7u pour surveiller une installation triphas\u00e9e, mais peut \u00e9galement \u00eatre utilis\u00e9 dans une installation monophas\u00e9e (max. 65 A\/phase).<\/span><\/p>\n<h2>Sp\u00e9cifications<\/h2>\n<ul>\n<li><strong>Affichage :<\/strong> LCD<\/li>\n<li><strong>Phases :<\/strong> 3<\/li>\n<li><strong>Courant nominal max :<\/strong> 65 A par phase<\/li>\n<li><strong>Type de mesure :<\/strong> Transformateurs de courant direct\/shunt<\/li>\n<li><strong>Communication :<\/strong> Ethernet<\/li>\n<li><strong>Taux de mise \u00e0 jour :<\/strong> 600 ms<\/li>\n<\/ul>\n<h2>Options de configuration du compteur d'\u00e9nergie Victron EM24<\/h2>\n<p>Le compteur d'\u00e9nergie Victron EM24 3-Phase 65A Ethernet peut \u00eatre configur\u00e9 avec quatre fonctions diff\u00e9rentes dans un seul appareil GX, telles que <a href=\"https:\/\/fvcomponentes.com\/fr\/produit\/victron-cerbo-gx-mk2-bpp900451100-victron-cerbo-mk2-monitor\/\" target=\"_blank\" rel=\"noopener\">Victron Cerbo GX MK2 Monitoring - BPP900451100<\/a>:<\/p>\n<div class=\"orderedlist\">\n<ol class=\"orderedlist\" type=\"1\">\n<li class=\"listitem\">En tant que compteur de r\u00e9seau et entr\u00e9e de contr\u00f4le d'un syst\u00e8me ESS.<\/li>\n<li class=\"listitem\">Pour mesurer la sortie d'un onduleur photovolta\u00efque.<\/li>\n<li class=\"listitem\">Mesurer la puissance d'un g\u00e9n\u00e9rateur de courant alternatif.<\/li>\n<li class=\"listitem\">En tant qu'appareil de mesure du courant alternatif pour mesurer un circuit de charge sp\u00e9cifique en courant alternatif.<\/li>\n<\/ol>\n<p><strong>Exemple de sch\u00e9ma de c\u00e2blage triphas\u00e9<\/strong><\/p>\n<p>Lorsqu'elles sont utilis\u00e9es pour mesurer un onduleur photovolta\u00efque, les bornes 1, 4 et 7 doivent se trouver en face de l'onduleur photovolta\u00efque afin de garantir la direction correcte du courant et de la puissance.<\/p>\n<p><img fetchpriority=\"high\" decoding=\"async\" class=\"wp-image-23357\" src=\"https:\/\/fvcomponentes.com\/wp-content\/uploads\/2025\/02\/cableado-trifasico-Medidor-de-energia-Victron-EM24-3-fases-65A-Ethernet-REL200200100-2.png\" alt=\"C\u00e2blage triphas\u00e9 Compteur d&#039;\u00e9nergie triphas\u00e9 Victron EM24 3 phases 65A Ethernet - REL200200100\" width=\"514\" height=\"407\" title=\"\"><\/p>\n<p><strong>Exemple de sch\u00e9ma de c\u00e2blage monophas\u00e9<\/strong><\/p>\n<\/div>\n<div class=\"orderedlist\">Pour mesurer un onduleur PV monophas\u00e9 dans un syst\u00e8me triphas\u00e9, connectez les trois phases aux bornes de phase du r\u00e9seau (3, 6 et 9). Vous devez maintenant choisir la phase sur laquelle vous souhaitez installer l'onduleur PV, en connectant la ligne L1 de l'onduleur PV \u00e0 la borne 1, 4 ou 7.<\/div>\n<p><img decoding=\"async\" class=\"wp-image-23356\" src=\"https:\/\/fvcomponentes.com\/wp-content\/uploads\/2025\/02\/cableado-monofasico-Medidor-de-energia-Victron-EM24-3-fases-65A-Ethernet-REL200200100-1.png\" alt=\"C\u00e2blage monophas\u00e9 Compteur d&#039;\u00e9nergie monophas\u00e9 Victron EM24 3 phases 65A Ethernet - REL200200100\" width=\"523\" height=\"363\" title=\"\"><\/p>\n<h2>Connexion Ethernet du compteur d'\u00e9nergie Victron EM24<\/h2>\n<p>Le mode Ethernet est plus avantageux dans les installations o\u00f9 un r\u00e9seau Ethernet est disponible. Au lieu de faire passer un c\u00e2ble RS485 entre le panneau de distribution CA principal et le syst\u00e8me de stockage, il est possible d'utiliser le r\u00e9seau Ethernet existant. L'inconv\u00e9nient est que cela d\u00e9pend du bon fonctionnement du r\u00e9seau ; en cas de probl\u00e8me, le syst\u00e8me de stockage passe en mode veille.<br \/>\nLes compteurs d'\u00e9nergie EM24, EM3XX, EM5XX et ABB utilisent l'enregistrement vectoriel pour comptabiliser l'\u00e9nergie. C'est la m\u00e9thode pr\u00e9f\u00e9r\u00e9e dans des pays comme l'Allemagne et l'Autriche, et presque partout ailleurs. Tous les autres compteurs utilisent le registre arithm\u00e9tique.<\/p>\n<h2>Fiche technique et manuel pour Victron EM24 Energy Meter - 3 phase - 65A - Ethernet - REL200200100<\/h2>\n<p><a href=\"https:\/\/fvcomponentes.com\/wp-content\/uploads\/2023\/03\/guia-de-seccion-de-contadores-de-energia-ES-.pdf\" target=\"_blank\" rel=\"noopener\">Voir la fiche technique Victron EM24 Energy Meter - 3 phase - 65A - Ethernet - REL200200100<\/a><\/p>\n<p><a href=\"https:\/\/fvcomponentes.com\/wp-content\/uploads\/2025\/02\/Manual-Medidor-de-energia-Victron-EM24.pdf\" target=\"_blank\" rel=\"noopener\">Voir le manuel du compteur d'\u00e9nergie Ethernet Victron EM24 3 phases 65A<\/a><\/p>","protected":false},"excerpt":{"rendered":"<ul>\n<li><strong>Phases :<\/strong> 3<\/li>\n<li><strong>Courant nominal maximal :<\/strong> 65 A par phase<\/li>\n<li><strong>Taux de mise \u00e0 jour :<\/strong> 600 ms<\/li>\n<li><strong>Affichage :<\/strong> LCD<\/li>\n<\/ul>","protected":false},"featured_media":6534,"comment_status":"open","ping_status":"closed","template":"","meta":{"site-sidebar-layout":"default","site-content-layout":"default","ast-site-content-layout":"default","site-content-style":"default","site-sidebar-style":"default","ast-global-header-display":"","ast-banner-title-visibility":"","ast-main-header-display":"","ast-hfb-above-header-display":"","ast-hfb-below-header-display":"","ast-hfb-mobile-header-display":"","site-post-title":"","ast-breadcrumbs-content":"","ast-featured-img":"","footer-sml-layout":"","ast-disable-related-posts":"","theme-transparent-header-meta":"default","adv-header-id-meta":"","stick-header-meta":"","header-above-stick-meta":"","header-main-stick-meta":"","header-below-stick-meta":"","astra-migrate-meta-layouts":"set","ast-page-background-enabled":"default","ast-page-background-meta":{"desktop":{"background-color":"var(--ast-global-color-4)","background-image":"","background-repeat":"repeat","background-position":"center center","background-size":"auto","background-attachment":"scroll","background-type":"","background-media":"","overlay-type":"","overlay-color":"","overlay-opacity":"","overlay-gradient":""},"tablet":{"background-color":"","background-image":"","background-repeat":"repeat","background-position":"center center","background-size":"auto","background-attachment":"scroll","background-type":"","background-media":"","overlay-type":"","overlay-color":"","overlay-opacity":"","overlay-gradient":""},"mobile":{"background-color":"","background-image":"","background-repeat":"repeat","background-position":"center center","background-size":"auto","background-attachment":"scroll","background-type":"","background-media":"","overlay-type":"","overlay-color":"","overlay-opacity":"","overlay-gradient":""}},"ast-content-background-meta":{"desktop":{"background-color":"var(--ast-global-color-5)","background-image":"","background-repeat":"repeat","background-position":"center center","background-size":"auto","background-attachment":"scroll","background-type":"","background-media":"","overlay-type":"","overlay-color":"","overlay-opacity":"","overlay-gradient":""},"tablet":{"background-color":"var(--ast-global-color-5)","background-image":"","background-repeat":"repeat","background-position":"center center","background-size":"auto","background-attachment":"scroll","background-type":"","background-media":"","overlay-type":"","overlay-color":"","overlay-opacity":"","overlay-gradient":""},"mobile":{"background-color":"var(--ast-global-color-5)","background-image":"","background-repeat":"repeat","background-position":"center center","background-size":"auto","background-attachment":"scroll","background-type":"","background-media":"","overlay-type":"","overlay-color":"","overlay-opacity":"","overlay-gradient":""}}},"pwb-brand":[332],"product_brand":[],"product_cat":[349,333],"product_tag":[],"class_list":{"0":"post-6535","1":"product","2":"type-product","3":"status-publish","4":"has-post-thumbnail","6":"pwb-brand-victron","7":"product_cat-meters","8":"product_cat-inversores","9":"desktop-align-left","10":"tablet-align-left","11":"mobile-align-left","12":"ast-product-gallery-layout-horizontal-slider","13":"ast-product-tabs-layout-horizontal","15":"first","16":"instock","17":"taxable","18":"shipping-taxable","19":"purchasable","20":"product-type-simple"},"wcpa_form_fields":null,"brands":[{"id":332,"name":"Victron Energy","slug":"victron"}],"_links":{"self":[{"href":"https:\/\/fvcomponentes.com\/fr\/wp-json\/wp\/v2\/product\/6535","targetHints":{"allow":["GET"]}}],"collection":[{"href":"https:\/\/fvcomponentes.com\/fr\/wp-json\/wp\/v2\/product"}],"about":[{"href":"https:\/\/fvcomponentes.com\/fr\/wp-json\/wp\/v2\/types\/product"}],"replies":[{"embeddable":true,"href":"https:\/\/fvcomponentes.com\/fr\/wp-json\/wp\/v2\/comments?post=6535"}],"wp:featuredmedia":[{"embeddable":true,"href":"https:\/\/fvcomponentes.com\/fr\/wp-json\/wp\/v2\/media\/6534"}],"wp:attachment":[{"href":"https:\/\/fvcomponentes.com\/fr\/wp-json\/wp\/v2\/media?parent=6535"}],"wp:term":[{"taxonomy":"pwb-brand","embeddable":true,"href":"https:\/\/fvcomponentes.com\/fr\/wp-json\/wp\/v2\/pwb-brand?post=6535"},{"taxonomy":"product_brand","embeddable":true,"href":"https:\/\/fvcomponentes.com\/fr\/wp-json\/wp\/v2\/product_brand?post=6535"},{"taxonomy":"product_cat","embeddable":true,"href":"https:\/\/fvcomponentes.com\/fr\/wp-json\/wp\/v2\/product_cat?post=6535"},{"taxonomy":"product_tag","embeddable":true,"href":"https:\/\/fvcomponentes.com\/fr\/wp-json\/wp\/v2\/product_tag?post=6535"}],"curies":[{"name":"wp","href":"https:\/\/api.w.org\/{rel}","templated":true}]}}