{"id":6528,"date":"2023-10-10T17:21:42","date_gmt":"2023-10-10T15:21:42","guid":{"rendered":"https:\/\/fvcomponentes.com\/?post_type=product&#038;p=6528"},"modified":"2026-04-08T21:30:31","modified_gmt":"2026-04-08T19:30:31","slug":"victron-et340-3-phase-65a-rel300300000-victron-et340-3-phase-power-meter-rel300300000","status":"publish","type":"product","link":"https:\/\/fvcomponentes.com\/fr\/producto\/medidor-de-energia-victron-et340-3-fases-65a-rel300300000\/","title":{"rendered":"Victron ET340 Compteur d'\u00e9nergie - 3 phases - 65A - REL300300000"},"content":{"rendered":"<p>Le compteur d'\u00e9nergie Victron ET340 - 3 phases - 65A\u00a0<span class=\"a-list-item\">mesure les flux de puissance et d'\u00e9nergie de l'ensemble de l'installation \u00e0 partir de la bo\u00eete de distribution. La sortie d'un onduleur photovolta\u00efque peut \u00e9galement \u00eatre mesur\u00e9e. Les donn\u00e9es sont affich\u00e9es dans l'\u00e9cran <a href=\"https:\/\/fvcomponentes.com\/fr\/produit\/victron-colour-control-gx-display\/\" target=\"_blank\" rel=\"noopener\">Contr\u00f4le des couleurs GX<\/a> et le portail VRM.<\/span><\/p>\n<p><span class=\"a-list-item\">Le compteur d'\u00e9nergie Victron ET340 est con\u00e7u exclusivement pour surveiller une installation triphas\u00e9e, mais il peut \u00e9galement \u00eatre utilis\u00e9 dans une installation monophas\u00e9e (max. 65 A\/phase).<\/span><\/p>\n<h2>Caract\u00e9ristiques Compteur d'\u00e9nergie Victron ET340 - 3 phases - max 65A\/phase<\/h2>\n<p>Les\u00a0<span class=\"phrase\">ET340<\/span> peut \u00eatre configur\u00e9 avec quatre fonctions diff\u00e9rentes sur un dispositif GX, telles que le <a href=\"https:\/\/fvcomponentes.com\/fr\/produit\/victron-cerbo-gx-mk2-bpp900451100-victron-cerbo-mk2-monitor\/\" target=\"_blank\" rel=\"noopener\">Victron Cerbo GX MK2 Monitoring - BPP900451100<\/a>:<\/p>\n<div class=\"orderedlist\">\n<ol class=\"orderedlist\" type=\"1\">\n<li class=\"listitem\">En tant que compteur de r\u00e9seau et entr\u00e9e de contr\u00f4le d'un syst\u00e8me ESS.<\/li>\n<li class=\"listitem\">Pour mesurer la sortie d'un onduleur photovolta\u00efque.<\/li>\n<li class=\"listitem\">Mesurer la puissance d'un g\u00e9n\u00e9rateur de courant alternatif.<\/li>\n<li class=\"listitem\">Comme compteur de courant alternatif pour mesurer la sortie d'un onduleur ou d'un onduleur\/chargeur.<\/li>\n<\/ol>\n<\/div>\n<p>Il offre\u00a0<span class=\"phrase\">deux options<\/span>\u00a0pour la connexion \u00e0 un dispositif GX :<\/p>\n<div class=\"orderedlist\">\n<ol class=\"orderedlist\" type=\"1\">\n<li class=\"listitem\">Une connexion c\u00e2bl\u00e9e, \u00e0 l'aide du\u00a0<a class=\"link\" href=\"https:\/\/fvcomponentes.com\/fr\/produit\/interface-rs485-to-usb-5m-ass030572050\/\" target=\"_blank\" rel=\"noopener\">Interface RS485 vers USB\u00a0<\/a>avec une longueur de c\u00e2ble de 1,8 m ou 5 m.<\/li>\n<li>Une connexion sans fil via Zigbee<\/li>\n<\/ol>\n<\/div>\n<h2>Pour faire votre choix, d\u00e9terminez d'abord si vous avez besoin d'un compteur monophas\u00e9 ou triphas\u00e9 :<\/h2>\n<p>Le compteur d'\u00e9nergie doit \u00eatre choisi en fonction de l'installation, du nombre de phases \u00e0 mesurer et du courant maximal par phase. Exemples : Pour un raccordement au r\u00e9seau triphas\u00e9, utilisez un compteur triphas\u00e9. Pour un onduleur photovolta\u00efque triphas\u00e9, utilisez \u00e9galement un compteur triphas\u00e9. Pour un raccordement monophas\u00e9 au r\u00e9seau, utilisez un compteur monophas\u00e9. Et dans une installation avec<br \/>\nun raccordement monophas\u00e9 au r\u00e9seau, qui poss\u00e8de \u00e9galement un onduleur PV n\u00e9cessitant un compteur, vous pouvez utiliser deux ET112 ou ET340. Si l'application d\u00e9passe le courant nominal maximum, utilisez un compteur avec des transformateurs de courant. Notez que presque tous les onduleurs PV ont une \"lecture directe\" par le syst\u00e8me Victron, de sorte qu'un compteur n'est pas n\u00e9cessaire pour mesurer votre production.<\/p>\n<h2>Fiche technique Victron ET340 Compteur d'\u00e9nergie - 3 phases - 65A - REL300300000<\/h2>\n<p><a href=\"https:\/\/fvcomponentes.com\/wp-content\/uploads\/2023\/03\/guia-de-seccion-de-contadores-de-energia-ES-.pdf\" target=\"_blank\" rel=\"noopener\">Voir le guide du compteur d'\u00e9nergie Victron ET340 - 3 phases - 65A - REL300300000<\/a><\/p>","protected":false},"excerpt":{"rendered":"<p><strong>Affichage :<\/strong> Non<br \/>\n<strong>Phases :<\/strong> 3<br \/>\n<strong>Courant nominal maximal :<\/strong> 65 A par phase<br \/>\n<strong>Taux de mise \u00e0 jour :<\/strong> 2000 ms<\/p>","protected":false},"featured_media":6531,"comment_status":"open","ping_status":"closed","template":"","meta":{"site-sidebar-layout":"default","site-content-layout":"default","ast-site-content-layout":"default","site-content-style":"default","site-sidebar-style":"default","ast-global-header-display":"","ast-banner-title-visibility":"","ast-main-header-display":"","ast-hfb-above-header-display":"","ast-hfb-below-header-display":"","ast-hfb-mobile-header-display":"","site-post-title":"","ast-breadcrumbs-content":"","ast-featured-img":"","footer-sml-layout":"","ast-disable-related-posts":"","theme-transparent-header-meta":"default","adv-header-id-meta":"","stick-header-meta":"","header-above-stick-meta":"","header-main-stick-meta":"","header-below-stick-meta":"","astra-migrate-meta-layouts":"set","ast-page-background-enabled":"default","ast-page-background-meta":{"desktop":{"background-color":"var(--ast-global-color-4)","background-image":"","background-repeat":"repeat","background-position":"center center","background-size":"auto","background-attachment":"scroll","background-type":"","background-media":"","overlay-type":"","overlay-color":"","overlay-opacity":"","overlay-gradient":""},"tablet":{"background-color":"","background-image":"","background-repeat":"repeat","background-position":"center center","background-size":"auto","background-attachment":"scroll","background-type":"","background-media":"","overlay-type":"","overlay-color":"","overlay-opacity":"","overlay-gradient":""},"mobile":{"background-color":"","background-image":"","background-repeat":"repeat","background-position":"center center","background-size":"auto","background-attachment":"scroll","background-type":"","background-media":"","overlay-type":"","overlay-color":"","overlay-opacity":"","overlay-gradient":""}},"ast-content-background-meta":{"desktop":{"background-color":"var(--ast-global-color-5)","background-image":"","background-repeat":"repeat","background-position":"center center","background-size":"auto","background-attachment":"scroll","background-type":"","background-media":"","overlay-type":"","overlay-color":"","overlay-opacity":"","overlay-gradient":""},"tablet":{"background-color":"var(--ast-global-color-5)","background-image":"","background-repeat":"repeat","background-position":"center center","background-size":"auto","background-attachment":"scroll","background-type":"","background-media":"","overlay-type":"","overlay-color":"","overlay-opacity":"","overlay-gradient":""},"mobile":{"background-color":"var(--ast-global-color-5)","background-image":"","background-repeat":"repeat","background-position":"center center","background-size":"auto","background-attachment":"scroll","background-type":"","background-media":"","overlay-type":"","overlay-color":"","overlay-opacity":"","overlay-gradient":""}}},"pwb-brand":[332],"product_brand":[],"product_cat":[333,349],"product_tag":[],"class_list":{"0":"post-6528","1":"product","2":"type-product","3":"status-publish","4":"has-post-thumbnail","6":"pwb-brand-victron","7":"product_cat-inversores","8":"product_cat-meters","9":"desktop-align-left","10":"tablet-align-left","11":"mobile-align-left","12":"ast-product-gallery-layout-horizontal-slider","13":"ast-product-tabs-layout-horizontal","15":"first","16":"instock","17":"taxable","18":"shipping-taxable","19":"purchasable","20":"product-type-simple"},"wcpa_form_fields":null,"brands":[{"id":332,"name":"Victron Energy","slug":"victron"}],"_links":{"self":[{"href":"https:\/\/fvcomponentes.com\/fr\/wp-json\/wp\/v2\/product\/6528","targetHints":{"allow":["GET"]}}],"collection":[{"href":"https:\/\/fvcomponentes.com\/fr\/wp-json\/wp\/v2\/product"}],"about":[{"href":"https:\/\/fvcomponentes.com\/fr\/wp-json\/wp\/v2\/types\/product"}],"replies":[{"embeddable":true,"href":"https:\/\/fvcomponentes.com\/fr\/wp-json\/wp\/v2\/comments?post=6528"}],"wp:featuredmedia":[{"embeddable":true,"href":"https:\/\/fvcomponentes.com\/fr\/wp-json\/wp\/v2\/media\/6531"}],"wp:attachment":[{"href":"https:\/\/fvcomponentes.com\/fr\/wp-json\/wp\/v2\/media?parent=6528"}],"wp:term":[{"taxonomy":"pwb-brand","embeddable":true,"href":"https:\/\/fvcomponentes.com\/fr\/wp-json\/wp\/v2\/pwb-brand?post=6528"},{"taxonomy":"product_brand","embeddable":true,"href":"https:\/\/fvcomponentes.com\/fr\/wp-json\/wp\/v2\/product_brand?post=6528"},{"taxonomy":"product_cat","embeddable":true,"href":"https:\/\/fvcomponentes.com\/fr\/wp-json\/wp\/v2\/product_cat?post=6528"},{"taxonomy":"product_tag","embeddable":true,"href":"https:\/\/fvcomponentes.com\/fr\/wp-json\/wp\/v2\/product_tag?post=6528"}],"curies":[{"name":"wp","href":"https:\/\/api.w.org\/{rel}","templated":true}]}}