{"id":6517,"date":"2024-01-19T19:31:08","date_gmt":"2024-01-19T18:31:08","guid":{"rendered":"https:\/\/fvcomponentes.com\/?post_type=product&#038;p=6517"},"modified":"2026-04-04T12:44:00","modified_gmt":"2026-04-04T10:44:00","slug":"capteur-de-temperature-victron-pour-le-bmv-712-smart-et-le-bmv-702-ass000100000","status":"publish","type":"product","link":"https:\/\/fvcomponentes.com\/fr\/producto\/sensor-victron-de-temperatura-para-el-bmv-712-smart-y-bmv-702-ass000100000\/","title":{"rendered":"Capteur de temp\u00e9rature Victron pour le BMV-712 Smart et le BMV-702 - ASS000100000"},"content":{"rendered":"<ul>\n<li>La surveillance et l'entretien des batteries dans les syst\u00e8mes \u00e9lectriques sont essentiels pour garantir leur performance optimale et leur long\u00e9vit\u00e9. Des outils fiables et pr\u00e9cis sont essentiels \u00e0 cette t\u00e2che, et nous offrons une solution efficace avec notre capteur de temp\u00e9rature con\u00e7u pour les mod\u00e8les de moniteurs de batterie. <a href=\"https:\/\/fvcomponentes.com\/fr\/produit\/bmv-712-smart-victron-battery-monitor\/\" target=\"_blank\" rel=\"noopener\">BMV-712 Smart<\/a> y <a href=\"https:\/\/fvcomponentes.com\/fr\/produit\/victron-bmv-702-battery-monitor\/\" target=\"_blank\" rel=\"noopener\">BMV-702<\/a>.<\/li>\n<li>Le capteur de temp\u00e9rature Victron s'int\u00e8gre parfaitement aux moniteurs de batterie. <a href=\"https:\/\/fvcomponentes.com\/fr\/produit\/bmv-712-smart-victron-battery-monitor\/\" target=\"_blank\" rel=\"noopener\">BMV-712 Smart<\/a> y <a href=\"https:\/\/fvcomponentes.com\/fr\/produit\/victron-bmv-702-battery-monitor\/\" target=\"_blank\" rel=\"noopener\">BMV-702<\/a>Les utilisateurs peuvent ainsi surveiller en temps r\u00e9el la temp\u00e9rature de leurs batteries. Les temp\u00e9ratures en dehors de la plage optimale peuvent avoir un effet n\u00e9gatif sur les performances et la dur\u00e9e de vie des batteries, ce qui fait de ce capteur un outil crucial pour assurer un fonctionnement efficace du syst\u00e8me \u00e9lectrique.<\/li>\n<li>La compatibilit\u00e9 de ce capteur avec les shunts de batterie VICTRON SmartShunt est une caract\u00e9ristique suppl\u00e9mentaire qui augmente la polyvalence de ce capteur. Cette synergie entre les appareils Victron offre aux utilisateurs une capacit\u00e9 de surveillance encore plus compl\u00e8te et sophistiqu\u00e9e. Le shunt de batterie SmartShunt est un composant essentiel dans la gestion de l'\u00e9nergie et, lorsqu'il est combin\u00e9 avec le capteur de temp\u00e9rature, les utilisateurs peuvent obtenir un contr\u00f4le complet de leur syst\u00e8me \u00e9lectrique et de l'\u00e9tat de leur batterie.<\/li>\n<li>Le capteur est intuitif et facile \u00e0 utiliser, ce qui le rend adapt\u00e9 \u00e0 un large \u00e9ventail d'utilisateurs, des propri\u00e9taires de syst\u00e8mes solaires aux installateurs professionnels. L'installation est simple et ne n\u00e9cessite pas de formation technique approfondie.<\/li>\n<\/ul>","protected":false},"excerpt":{"rendered":"<p>Capteur de temp\u00e9rature Victron pour le BMV-712 Smart et le BMV-702 - ASS000100000<\/p>","protected":false},"featured_media":6518,"comment_status":"open","ping_status":"closed","template":"","meta":{"site-sidebar-layout":"default","site-content-layout":"default","ast-site-content-layout":"default","site-content-style":"default","site-sidebar-style":"default","ast-global-header-display":"","ast-banner-title-visibility":"","ast-main-header-display":"","ast-hfb-above-header-display":"","ast-hfb-below-header-display":"","ast-hfb-mobile-header-display":"","site-post-title":"","ast-breadcrumbs-content":"","ast-featured-img":"","footer-sml-layout":"","ast-disable-related-posts":"","theme-transparent-header-meta":"default","adv-header-id-meta":"","stick-header-meta":"","header-above-stick-meta":"","header-main-stick-meta":"","header-below-stick-meta":"","astra-migrate-meta-layouts":"set","ast-page-background-enabled":"default","ast-page-background-meta":{"desktop":{"background-color":"var(--ast-global-color-4)","background-image":"","background-repeat":"repeat","background-position":"center center","background-size":"auto","background-attachment":"scroll","background-type":"","background-media":"","overlay-type":"","overlay-color":"","overlay-opacity":"","overlay-gradient":""},"tablet":{"background-color":"","background-image":"","background-repeat":"repeat","background-position":"center center","background-size":"auto","background-attachment":"scroll","background-type":"","background-media":"","overlay-type":"","overlay-color":"","overlay-opacity":"","overlay-gradient":""},"mobile":{"background-color":"","background-image":"","background-repeat":"repeat","background-position":"center center","background-size":"auto","background-attachment":"scroll","background-type":"","background-media":"","overlay-type":"","overlay-color":"","overlay-opacity":"","overlay-gradient":""}},"ast-content-background-meta":{"desktop":{"background-color":"var(--ast-global-color-5)","background-image":"","background-repeat":"repeat","background-position":"center center","background-size":"auto","background-attachment":"scroll","background-type":"","background-media":"","overlay-type":"","overlay-color":"","overlay-opacity":"","overlay-gradient":""},"tablet":{"background-color":"var(--ast-global-color-5)","background-image":"","background-repeat":"repeat","background-position":"center center","background-size":"auto","background-attachment":"scroll","background-type":"","background-media":"","overlay-type":"","overlay-color":"","overlay-opacity":"","overlay-gradient":""},"mobile":{"background-color":"var(--ast-global-color-5)","background-image":"","background-repeat":"repeat","background-position":"center center","background-size":"auto","background-attachment":"scroll","background-type":"","background-media":"","overlay-type":"","overlay-color":"","overlay-opacity":"","overlay-gradient":""}}},"pwb-brand":[332],"product_brand":[],"product_cat":[410,878],"product_tag":[],"class_list":{"0":"post-6517","1":"product","2":"type-product","3":"status-publish","4":"has-post-thumbnail","6":"pwb-brand-victron","7":"product_cat-material-electrico","8":"product_cat-cables-victron","9":"desktop-align-left","10":"tablet-align-left","11":"mobile-align-left","12":"ast-product-gallery-layout-horizontal-slider","13":"ast-product-gallery-with-no-image","14":"ast-product-tabs-layout-horizontal","16":"first","17":"instock","18":"taxable","19":"shipping-taxable","20":"purchasable","21":"product-type-simple"},"wcpa_form_fields":null,"brands":[{"id":332,"name":"Victron Energy","slug":"victron"}],"_links":{"self":[{"href":"https:\/\/fvcomponentes.com\/fr\/wp-json\/wp\/v2\/product\/6517","targetHints":{"allow":["GET"]}}],"collection":[{"href":"https:\/\/fvcomponentes.com\/fr\/wp-json\/wp\/v2\/product"}],"about":[{"href":"https:\/\/fvcomponentes.com\/fr\/wp-json\/wp\/v2\/types\/product"}],"replies":[{"embeddable":true,"href":"https:\/\/fvcomponentes.com\/fr\/wp-json\/wp\/v2\/comments?post=6517"}],"wp:featuredmedia":[{"embeddable":true,"href":"https:\/\/fvcomponentes.com\/fr\/wp-json\/wp\/v2\/media\/6518"}],"wp:attachment":[{"href":"https:\/\/fvcomponentes.com\/fr\/wp-json\/wp\/v2\/media?parent=6517"}],"wp:term":[{"taxonomy":"pwb-brand","embeddable":true,"href":"https:\/\/fvcomponentes.com\/fr\/wp-json\/wp\/v2\/pwb-brand?post=6517"},{"taxonomy":"product_brand","embeddable":true,"href":"https:\/\/fvcomponentes.com\/fr\/wp-json\/wp\/v2\/product_brand?post=6517"},{"taxonomy":"product_cat","embeddable":true,"href":"https:\/\/fvcomponentes.com\/fr\/wp-json\/wp\/v2\/product_cat?post=6517"},{"taxonomy":"product_tag","embeddable":true,"href":"https:\/\/fvcomponentes.com\/fr\/wp-json\/wp\/v2\/product_tag?post=6517"}],"curies":[{"name":"wp","href":"https:\/\/api.w.org\/{rel}","templated":true}]}}