{"id":6511,"date":"2024-01-19T19:31:13","date_gmt":"2024-01-19T18:31:13","guid":{"rendered":"https:\/\/fvcomponentes.com\/?post_type=product&#038;p=6511"},"modified":"2026-04-08T21:27:33","modified_gmt":"2026-04-08T19:27:33","slug":"victron-quattro-multiplus-temperature-sensor-and-gx-device-ass000001000","status":"publish","type":"product","link":"https:\/\/fvcomponentes.com\/fr\/producto\/sensor-victron-de-temperatura-quattro-multiplus-y-dispositivo-gx-ass000001000\/","title":{"rendered":"Capteur de temp\u00e9rature Victron Quattro, MultiPlus et GX - ASS000001000"},"content":{"rendered":"<p>Le capteur de temp\u00e9rature Victron Quattro, MultiPlus et GX - ASS000001000 est un composant utilis\u00e9 dans les syst\u00e8mes d'alimentation et les blocs-batteries du Victron Quattro, MultiPlus et GX - ASS000001000. <a href=\"https:\/\/www.victronenergy.com.es\/\" target=\"_blank\" rel=\"noopener\">Victron Energy<\/a>. Ce capteur a la capacit\u00e9 de mesurer la temp\u00e9rature et de transmettre cette information \u00e0 des dispositifs tels que les onduleurs. <a href=\"https:\/\/fvcomponentes.com\/fr\/produit\/victron-quattro-12-3000va-120a-5050a-inverter\/\" target=\"_blank\" rel=\"noopener\">Quattro<\/a> y <a href=\"https:\/\/fvcomponentes.com\/fr\/produit\/onduleur-victron-multiplus-24v-2000va-50-32a-pmp242200000\/\" target=\"_blank\" rel=\"noopener\">MultiPlus<\/a> ainsi que les appareils de la s\u00e9rie GX de Victron, tels que le <a href=\"https:\/\/fvcomponentes.com\/fr\/produit\/victron-colour-control-gx-display\/\" target=\"_blank\" rel=\"noopener\">Contr\u00f4le des couleurs GX<\/a>, <a href=\"https:\/\/fvcomponentes.com\/fr\/produit\/victron-venus-gx-monitoring\/\" target=\"_blank\" rel=\"noopener\">Venus GX<\/a>et autres.<\/p>\n<p>La plage de temp\u00e9rature s'\u00e9tend de -20\u00b0C \u00e0 +70\u00b0C. Actuellement, il peut mesurer jusqu'\u00e0 100\u00b0C, mais le capteur n'est pas con\u00e7u pour r\u00e9sister \u00e0 des temp\u00e9ratures sup\u00e9rieures \u00e0 70\u00b0C pendant une longue p\u00e9riode. Veuillez noter qu'il s'agit d'un capteur de temp\u00e9rature approximatif et qu'il n'est pas \u00e9talonn\u00e9. Un \u00e9cart de +\/- 2 \u00b0C est \u00e0 pr\u00e9voir.<\/p>\n<p>La principale utilit\u00e9 du capteur de temp\u00e9rature est de contr\u00f4ler et de surveiller la temp\u00e9rature des batteries et des autres composants du syst\u00e8me. Cette fonction est essentielle dans les applications de stockage d'\u00e9nergie, car la temp\u00e9rature peut avoir un impact significatif sur la dur\u00e9e de vie et les performances des batteries.<\/p>\n<p>Les principales fonctions du capteur de temp\u00e9rature Victron Quattro, du MultiPlus et du GX sont les suivantes :<\/p>\n<ol>\n<li><strong>Protection de la batterie :<\/strong> Surveille la temp\u00e9rature de la batterie et aide \u00e0 pr\u00e9venir la surcharge ou la d\u00e9charge \u00e0 des temp\u00e9ratures extr\u00eames, qui peuvent endommager les batteries.<\/li>\n<li><strong>Optimisation de la charge :<\/strong> Permet \u00e0 l'onduleur d'ajuster la charge des batteries en fonction de la temp\u00e9rature. Les batteries se chargent diff\u00e9remment selon la temp\u00e9rature, et ce capteur permet au syst\u00e8me de s'adapter pour des performances optimales.<\/li>\n<li><strong>Informations en temps r\u00e9el :<\/strong> Il fournit des donn\u00e9es de temp\u00e9rature en temps r\u00e9el, ce qui permet aux utilisateurs de conna\u00eetre l'\u00e9tat de leurs batteries et de prendre des mesures pr\u00e9ventives si n\u00e9cessaire.<\/li>\n<li><strong>La s\u00e9curit\u00e9 :<\/strong> Il permet d'\u00e9viter les situations dangereuses, telles que la surchauffe des piles, qui peut entra\u00eener un incendie ou une d\u00e9faillance catastrophique.<\/li>\n<\/ol>","protected":false},"excerpt":{"rendered":"<p>Capteur de temp\u00e9rature Quattro, MultiPlus et GX<\/p>\n<p>Plage de temp\u00e9rature -20 \u00b0C \u00e0 +70 \u00b0C<\/p>","protected":false},"featured_media":6512,"comment_status":"open","ping_status":"closed","template":"","meta":{"site-sidebar-layout":"default","site-content-layout":"default","ast-site-content-layout":"default","site-content-style":"default","site-sidebar-style":"default","ast-global-header-display":"","ast-banner-title-visibility":"","ast-main-header-display":"","ast-hfb-above-header-display":"","ast-hfb-below-header-display":"","ast-hfb-mobile-header-display":"","site-post-title":"","ast-breadcrumbs-content":"","ast-featured-img":"","footer-sml-layout":"","ast-disable-related-posts":"","theme-transparent-header-meta":"default","adv-header-id-meta":"","stick-header-meta":"","header-above-stick-meta":"","header-main-stick-meta":"","header-below-stick-meta":"","astra-migrate-meta-layouts":"set","ast-page-background-enabled":"default","ast-page-background-meta":{"desktop":{"background-color":"var(--ast-global-color-4)","background-image":"","background-repeat":"repeat","background-position":"center center","background-size":"auto","background-attachment":"scroll","background-type":"","background-media":"","overlay-type":"","overlay-color":"","overlay-opacity":"","overlay-gradient":""},"tablet":{"background-color":"","background-image":"","background-repeat":"repeat","background-position":"center center","background-size":"auto","background-attachment":"scroll","background-type":"","background-media":"","overlay-type":"","overlay-color":"","overlay-opacity":"","overlay-gradient":""},"mobile":{"background-color":"","background-image":"","background-repeat":"repeat","background-position":"center center","background-size":"auto","background-attachment":"scroll","background-type":"","background-media":"","overlay-type":"","overlay-color":"","overlay-opacity":"","overlay-gradient":""}},"ast-content-background-meta":{"desktop":{"background-color":"var(--ast-global-color-5)","background-image":"","background-repeat":"repeat","background-position":"center center","background-size":"auto","background-attachment":"scroll","background-type":"","background-media":"","overlay-type":"","overlay-color":"","overlay-opacity":"","overlay-gradient":""},"tablet":{"background-color":"var(--ast-global-color-5)","background-image":"","background-repeat":"repeat","background-position":"center center","background-size":"auto","background-attachment":"scroll","background-type":"","background-media":"","overlay-type":"","overlay-color":"","overlay-opacity":"","overlay-gradient":""},"mobile":{"background-color":"var(--ast-global-color-5)","background-image":"","background-repeat":"repeat","background-position":"center center","background-size":"auto","background-attachment":"scroll","background-type":"","background-media":"","overlay-type":"","overlay-color":"","overlay-opacity":"","overlay-gradient":""}}},"pwb-brand":[332],"product_brand":[],"product_cat":[410,351,878,333],"product_tag":[],"class_list":{"0":"post-6511","1":"product","2":"type-product","3":"status-publish","4":"has-post-thumbnail","6":"pwb-brand-victron","7":"product_cat-material-electrico","8":"product_cat-accesorios","9":"product_cat-cables-victron","10":"product_cat-inversores","11":"desktop-align-left","12":"tablet-align-left","13":"mobile-align-left","14":"ast-product-gallery-layout-horizontal-slider","15":"ast-product-gallery-with-no-image","16":"ast-product-tabs-layout-horizontal","18":"first","19":"instock","20":"taxable","21":"shipping-taxable","22":"purchasable","23":"product-type-simple"},"wcpa_form_fields":null,"brands":[{"id":332,"name":"Victron Energy","slug":"victron"}],"_links":{"self":[{"href":"https:\/\/fvcomponentes.com\/fr\/wp-json\/wp\/v2\/product\/6511","targetHints":{"allow":["GET"]}}],"collection":[{"href":"https:\/\/fvcomponentes.com\/fr\/wp-json\/wp\/v2\/product"}],"about":[{"href":"https:\/\/fvcomponentes.com\/fr\/wp-json\/wp\/v2\/types\/product"}],"replies":[{"embeddable":true,"href":"https:\/\/fvcomponentes.com\/fr\/wp-json\/wp\/v2\/comments?post=6511"}],"wp:featuredmedia":[{"embeddable":true,"href":"https:\/\/fvcomponentes.com\/fr\/wp-json\/wp\/v2\/media\/6512"}],"wp:attachment":[{"href":"https:\/\/fvcomponentes.com\/fr\/wp-json\/wp\/v2\/media?parent=6511"}],"wp:term":[{"taxonomy":"pwb-brand","embeddable":true,"href":"https:\/\/fvcomponentes.com\/fr\/wp-json\/wp\/v2\/pwb-brand?post=6511"},{"taxonomy":"product_brand","embeddable":true,"href":"https:\/\/fvcomponentes.com\/fr\/wp-json\/wp\/v2\/product_brand?post=6511"},{"taxonomy":"product_cat","embeddable":true,"href":"https:\/\/fvcomponentes.com\/fr\/wp-json\/wp\/v2\/product_cat?post=6511"},{"taxonomy":"product_tag","embeddable":true,"href":"https:\/\/fvcomponentes.com\/fr\/wp-json\/wp\/v2\/product_tag?post=6511"}],"curies":[{"name":"wp","href":"https:\/\/api.w.org\/{rel}","templated":true}]}}