{"id":6498,"date":"2024-01-19T19:30:22","date_gmt":"2024-01-19T18:30:22","guid":{"rendered":"https:\/\/fvcomponentes.com\/?post_type=product&#038;p=6498"},"modified":"2026-01-15T10:04:53","modified_gmt":"2026-01-15T09:04:53","slug":"victron-single-phase-ac-sensor-max-40-a-cse000100000","status":"publish","type":"product","link":"https:\/\/fvcomponentes.com\/fr\/producto\/sensor-victron-de-corriente-alterna-monofasica-max-40-a-cse000100000\/","title":{"rendered":"Victron AC Sensor - monophas\u00e9 - max 40 A - CSE000100000"},"content":{"rendered":"<p>Le capteur <a href=\"https:\/\/www.victronenergy.com.es\/\" target=\"_blank\" rel=\"noopener\">Victron<\/a> Le capteur de courant alternatif - monophas\u00e9 - max 40 A est un outil essentiel dans les syst\u00e8mes photovolta\u00efques. Ce simple capteur permet de mesurer le courant alternatif, de calculer la puissance (en VA) et de d\u00e9terminer l'\u00e9nergie g\u00e9n\u00e9r\u00e9e par un onduleur PV. Il peut \u00eatre facilement connect\u00e9 \u00e0 l'entr\u00e9e ou \u00e0 la sortie CA d'un Multiplus ou d'un onduleur PV. <a href=\"https:\/\/fvcomponentes.com\/fr\/produit\/victron-quattro-24-3000va-70a-5050a-inverter\/\" target=\"_blank\" rel=\"noopener\">Quattro<\/a>.<\/p>\n<p>Ce capteur de courant alternatif Victron - monophas\u00e9 - max 40 A est particuli\u00e8rement utile pour la surveillance et la gestion des syst\u00e8mes d'\u00e9nergie solaire. En mesurant le courant CA, vous pouvez obtenir des donn\u00e9es pr\u00e9cises sur la quantit\u00e9 d'\u00e9lectricit\u00e9 qui circule dans le syst\u00e8me. De plus, en calculant la puissance VA, vous pouvez \u00e9valuer la capacit\u00e9 de charge de votre onduleur et vous assurer qu'il fonctionne efficacement.<\/p>\n<p>La capacit\u00e9 \u00e0 calculer la puissance g\u00e9n\u00e9r\u00e9e par l'onduleur est essentielle pour comprendre les performances de votre syst\u00e8me photovolta\u00efque. Cela vous permet de maximiser la production d'\u00e9nergie et de prendre des d\u00e9cisions \u00e9clair\u00e9es en mati\u00e8re de gestion de l'\u00e9nergie.<\/p>\n<p>En bref, le capteur de courant AC jusqu'\u00e0 40A est un outil essentiel pour mesurer, calculer et surveiller le courant, la puissance et l'\u00e9nergie dans les syst\u00e8mes PV. Connect\u00e9 \u00e0 un Multi ou \u00e0 un Quattro, il vous fournit des donn\u00e9es pr\u00e9cises qui vous permettent d'optimiser l'efficacit\u00e9 de votre onduleur et de tirer le meilleur parti de l'\u00e9nergie solaire g\u00e9n\u00e9r\u00e9e - une solution indispensable pour tout syst\u00e8me PV !<\/p>","protected":false},"excerpt":{"rendered":"<p>Le capteur de courant CA est un simple capteur de courant externe utilis\u00e9 pour mesurer le courant CA, la puissance (en VA) et calculer l'\u00e9nergie d'un onduleur PV connect\u00e9 \u00e0 une entr\u00e9e ou une sortie CA d'un Multi ou d'un Quattro.<br \/>\nCes valeurs peuvent ensuite \u00eatre affich\u00e9es et envoy\u00e9es \u00e0 un VRM web via le Colour Control.<br \/>\nLes deux fils d'essai peuvent \u00eatre connect\u00e9s \u00e0 l'entr\u00e9e AUX et\/ou \u00e0 l'entr\u00e9e du capteur de temp\u00e9rature d'un Multi ou d'un Quattro.<\/p>","protected":false},"featured_media":6500,"comment_status":"open","ping_status":"closed","template":"","meta":{"site-sidebar-layout":"default","site-content-layout":"default","ast-site-content-layout":"default","site-content-style":"default","site-sidebar-style":"default","ast-global-header-display":"","ast-banner-title-visibility":"","ast-main-header-display":"","ast-hfb-above-header-display":"","ast-hfb-below-header-display":"","ast-hfb-mobile-header-display":"","site-post-title":"","ast-breadcrumbs-content":"","ast-featured-img":"","footer-sml-layout":"","ast-disable-related-posts":"","theme-transparent-header-meta":"default","adv-header-id-meta":"","stick-header-meta":"","header-above-stick-meta":"","header-main-stick-meta":"","header-below-stick-meta":"","astra-migrate-meta-layouts":"set","ast-page-background-enabled":"default","ast-page-background-meta":{"desktop":{"background-color":"var(--ast-global-color-4)","background-image":"","background-repeat":"repeat","background-position":"center center","background-size":"auto","background-attachment":"scroll","background-type":"","background-media":"","overlay-type":"","overlay-color":"","overlay-opacity":"","overlay-gradient":""},"tablet":{"background-color":"","background-image":"","background-repeat":"repeat","background-position":"center center","background-size":"auto","background-attachment":"scroll","background-type":"","background-media":"","overlay-type":"","overlay-color":"","overlay-opacity":"","overlay-gradient":""},"mobile":{"background-color":"","background-image":"","background-repeat":"repeat","background-position":"center center","background-size":"auto","background-attachment":"scroll","background-type":"","background-media":"","overlay-type":"","overlay-color":"","overlay-opacity":"","overlay-gradient":""}},"ast-content-background-meta":{"desktop":{"background-color":"var(--ast-global-color-5)","background-image":"","background-repeat":"repeat","background-position":"center center","background-size":"auto","background-attachment":"scroll","background-type":"","background-media":"","overlay-type":"","overlay-color":"","overlay-opacity":"","overlay-gradient":""},"tablet":{"background-color":"var(--ast-global-color-5)","background-image":"","background-repeat":"repeat","background-position":"center center","background-size":"auto","background-attachment":"scroll","background-type":"","background-media":"","overlay-type":"","overlay-color":"","overlay-opacity":"","overlay-gradient":""},"mobile":{"background-color":"var(--ast-global-color-5)","background-image":"","background-repeat":"repeat","background-position":"center center","background-size":"auto","background-attachment":"scroll","background-type":"","background-media":"","overlay-type":"","overlay-color":"","overlay-opacity":"","overlay-gradient":""}}},"pwb-brand":[332],"product_brand":[],"product_cat":[410,878],"product_tag":[],"class_list":{"0":"post-6498","1":"product","2":"type-product","3":"status-publish","4":"has-post-thumbnail","6":"pwb-brand-victron","7":"product_cat-material-electrico","8":"product_cat-cables-victron","9":"desktop-align-left","10":"tablet-align-left","11":"mobile-align-left","12":"ast-product-gallery-layout-horizontal-slider","13":"ast-product-tabs-layout-horizontal","15":"first","16":"instock","17":"taxable","18":"shipping-taxable","19":"purchasable","20":"product-type-simple"},"wcpa_form_fields":null,"brands":[{"id":332,"name":"Victron Energy","slug":"victron"}],"_links":{"self":[{"href":"https:\/\/fvcomponentes.com\/fr\/wp-json\/wp\/v2\/product\/6498","targetHints":{"allow":["GET"]}}],"collection":[{"href":"https:\/\/fvcomponentes.com\/fr\/wp-json\/wp\/v2\/product"}],"about":[{"href":"https:\/\/fvcomponentes.com\/fr\/wp-json\/wp\/v2\/types\/product"}],"replies":[{"embeddable":true,"href":"https:\/\/fvcomponentes.com\/fr\/wp-json\/wp\/v2\/comments?post=6498"}],"wp:featuredmedia":[{"embeddable":true,"href":"https:\/\/fvcomponentes.com\/fr\/wp-json\/wp\/v2\/media\/6500"}],"wp:attachment":[{"href":"https:\/\/fvcomponentes.com\/fr\/wp-json\/wp\/v2\/media?parent=6498"}],"wp:term":[{"taxonomy":"pwb-brand","embeddable":true,"href":"https:\/\/fvcomponentes.com\/fr\/wp-json\/wp\/v2\/pwb-brand?post=6498"},{"taxonomy":"product_brand","embeddable":true,"href":"https:\/\/fvcomponentes.com\/fr\/wp-json\/wp\/v2\/product_brand?post=6498"},{"taxonomy":"product_cat","embeddable":true,"href":"https:\/\/fvcomponentes.com\/fr\/wp-json\/wp\/v2\/product_cat?post=6498"},{"taxonomy":"product_tag","embeddable":true,"href":"https:\/\/fvcomponentes.com\/fr\/wp-json\/wp\/v2\/product_tag?post=6498"}],"curies":[{"name":"wp","href":"https:\/\/api.w.org\/{rel}","templated":true}]}}