{"id":6491,"date":"2024-01-19T19:31:06","date_gmt":"2024-01-19T18:31:06","guid":{"rendered":"https:\/\/fvcomponentes.com\/?post_type=product&#038;p=6491"},"modified":"2026-04-08T21:27:32","modified_gmt":"2026-04-08T19:27:32","slug":"victron-skylla-i-remote-switch-on-off-cable-ass030550400","status":"publish","type":"product","link":"https:\/\/fvcomponentes.com\/fr\/producto\/cable-victron-de-encendido-apagado-remoto-skylla-i-ass030550400\/","title":{"rendered":"Victron Skylla-i - C\u00e2ble marche\/arr\u00eat \u00e0 distance - ASS030550400"},"content":{"rendered":"<h2>C\u00e2ble de l'interrupteur marche\/arr\u00eat \u00e0 distance Victron Skylla-i<\/h2>\n<p>Si vous cherchez une solution efficace pour contr\u00f4ler la charge de vos batteries dans un syst\u00e8me d'alimentation, le c\u00e2ble de connexion entre un Skylla-i et un BMS VE.Bus est exactement ce qu'il vous faut. Ce c\u00e2ble est con\u00e7u pour simplifier le processus de charge, en permettant au BMS VE.Bus de prendre le contr\u00f4le et de d\u00e9sactiver le chargeur Skylla-i au moment opportun.<\/p>\n<p>Le principal avantage de ce c\u00e2ble r\u00e9side dans la capacit\u00e9 du BMS VE.Bus \u00e0 d\u00e9tecter le moment o\u00f9 les batteries sont compl\u00e8tement charg\u00e9es. A ce moment, le BMS VE.Bus envoie un signal au chargeur Skylla-i \u00e0 travers ce c\u00e2ble, lui indiquant qu'il est temps d'arr\u00eater la charge. Ceci est crucial pour maintenir la sant\u00e9 de vos batteries et \u00e9viter la surcharge, qui peut r\u00e9duire leur dur\u00e9e de vie.<\/p>\n<p>La fonctionnalit\u00e9 de ce c\u00e2ble est simple mais puissante. Lorsque le signal de la source est \u00e9lev\u00e9 et que le Skylla-i doit \u00eatre allum\u00e9, le c\u00e2ble permet au chargeur de continuer \u00e0 fonctionner. En revanche, lorsque le signal est faible ou libre, le Skylla-i s'\u00e9teint automatiquement. Cela garantit que vos batteries sont maintenues \u00e0 un niveau de charge optimal sans intervention manuelle.<\/p>\n<p>Un exemple courant d'utilisation de ce c\u00e2ble est la commande marche-arr\u00eat du <a href=\"https:\/\/fvcomponentes.com\/fr\/produit\/panneau-de-commande-victron-skylla-i-control-gx-rec000300010r\/\" target=\"_blank\" rel=\"noopener\">Skylla-i<\/a> par le BMS VE.Bus. Cette combinaison permet une gestion intelligente de la charge des batteries dans les syst\u00e8mes d'alimentation, ce qui se traduit par des \u00e9conomies d'\u00e9nergie et une prolongation de la dur\u00e9e de vie des batteries.<\/p>","protected":false},"excerpt":{"rendered":"<p>Les\u00a0<strong>c\u00e2ble de mise en marche et d'arr\u00eat \u00e0 distance pour Victron Energy Skylla-i<\/strong>\u00a0peut \u00eatre utilis\u00e9 pour connecter un Skylla-i \u00e0 un BMS VE.Bus.<\/p>","protected":false},"featured_media":6492,"comment_status":"open","ping_status":"closed","template":"","meta":{"site-sidebar-layout":"default","site-content-layout":"default","ast-site-content-layout":"default","site-content-style":"default","site-sidebar-style":"default","ast-global-header-display":"","ast-banner-title-visibility":"","ast-main-header-display":"","ast-hfb-above-header-display":"","ast-hfb-below-header-display":"","ast-hfb-mobile-header-display":"","site-post-title":"","ast-breadcrumbs-content":"","ast-featured-img":"","footer-sml-layout":"","ast-disable-related-posts":"","theme-transparent-header-meta":"default","adv-header-id-meta":"","stick-header-meta":"","header-above-stick-meta":"","header-main-stick-meta":"","header-below-stick-meta":"","astra-migrate-meta-layouts":"set","ast-page-background-enabled":"default","ast-page-background-meta":{"desktop":{"background-color":"var(--ast-global-color-4)","background-image":"","background-repeat":"repeat","background-position":"center center","background-size":"auto","background-attachment":"scroll","background-type":"","background-media":"","overlay-type":"","overlay-color":"","overlay-opacity":"","overlay-gradient":""},"tablet":{"background-color":"","background-image":"","background-repeat":"repeat","background-position":"center center","background-size":"auto","background-attachment":"scroll","background-type":"","background-media":"","overlay-type":"","overlay-color":"","overlay-opacity":"","overlay-gradient":""},"mobile":{"background-color":"","background-image":"","background-repeat":"repeat","background-position":"center center","background-size":"auto","background-attachment":"scroll","background-type":"","background-media":"","overlay-type":"","overlay-color":"","overlay-opacity":"","overlay-gradient":""}},"ast-content-background-meta":{"desktop":{"background-color":"var(--ast-global-color-5)","background-image":"","background-repeat":"repeat","background-position":"center center","background-size":"auto","background-attachment":"scroll","background-type":"","background-media":"","overlay-type":"","overlay-color":"","overlay-opacity":"","overlay-gradient":""},"tablet":{"background-color":"var(--ast-global-color-5)","background-image":"","background-repeat":"repeat","background-position":"center center","background-size":"auto","background-attachment":"scroll","background-type":"","background-media":"","overlay-type":"","overlay-color":"","overlay-opacity":"","overlay-gradient":""},"mobile":{"background-color":"var(--ast-global-color-5)","background-image":"","background-repeat":"repeat","background-position":"center center","background-size":"auto","background-attachment":"scroll","background-type":"","background-media":"","overlay-type":"","overlay-color":"","overlay-opacity":"","overlay-gradient":""}}},"pwb-brand":[332],"product_brand":[],"product_cat":[410,878],"product_tag":[],"class_list":{"0":"post-6491","1":"product","2":"type-product","3":"status-publish","4":"has-post-thumbnail","6":"pwb-brand-victron","7":"product_cat-material-electrico","8":"product_cat-cables-victron","9":"desktop-align-left","10":"tablet-align-left","11":"mobile-align-left","12":"ast-product-gallery-layout-horizontal-slider","13":"ast-product-gallery-with-no-image","14":"ast-product-tabs-layout-horizontal","16":"first","17":"instock","18":"taxable","19":"shipping-taxable","20":"purchasable","21":"product-type-simple"},"wcpa_form_fields":null,"brands":[{"id":332,"name":"Victron Energy","slug":"victron"}],"_links":{"self":[{"href":"https:\/\/fvcomponentes.com\/fr\/wp-json\/wp\/v2\/product\/6491","targetHints":{"allow":["GET"]}}],"collection":[{"href":"https:\/\/fvcomponentes.com\/fr\/wp-json\/wp\/v2\/product"}],"about":[{"href":"https:\/\/fvcomponentes.com\/fr\/wp-json\/wp\/v2\/types\/product"}],"replies":[{"embeddable":true,"href":"https:\/\/fvcomponentes.com\/fr\/wp-json\/wp\/v2\/comments?post=6491"}],"wp:featuredmedia":[{"embeddable":true,"href":"https:\/\/fvcomponentes.com\/fr\/wp-json\/wp\/v2\/media\/6492"}],"wp:attachment":[{"href":"https:\/\/fvcomponentes.com\/fr\/wp-json\/wp\/v2\/media?parent=6491"}],"wp:term":[{"taxonomy":"pwb-brand","embeddable":true,"href":"https:\/\/fvcomponentes.com\/fr\/wp-json\/wp\/v2\/pwb-brand?post=6491"},{"taxonomy":"product_brand","embeddable":true,"href":"https:\/\/fvcomponentes.com\/fr\/wp-json\/wp\/v2\/product_brand?post=6491"},{"taxonomy":"product_cat","embeddable":true,"href":"https:\/\/fvcomponentes.com\/fr\/wp-json\/wp\/v2\/product_cat?post=6491"},{"taxonomy":"product_tag","embeddable":true,"href":"https:\/\/fvcomponentes.com\/fr\/wp-json\/wp\/v2\/product_tag?post=6491"}],"curies":[{"name":"wp","href":"https:\/\/api.w.org\/{rel}","templated":true}]}}