{"id":6489,"date":"2024-01-19T19:31:08","date_gmt":"2024-01-19T18:31:08","guid":{"rendered":"https:\/\/fvcomponentes.com\/?post_type=product&#038;p=6489"},"modified":"2026-04-08T21:28:21","modified_gmt":"2026-04-08T19:28:21","slug":"victron-ve-bus-alternator-control-cable-from-ve-bus-to-bms-12-200-ass030510120","status":"publish","type":"product","link":"https:\/\/fvcomponentes.com\/fr\/producto\/cable-victron-de-control-del-alternador-de-ve-bus-a-bms-12-200-ass030510120\/","title":{"rendered":"Victron C\u00e2ble de contr\u00f4le de l'alternateur du VE.Bus au BMS 12-200 - ASS030510120"},"content":{"rendered":"<ul>\n<li>Le c\u00e2ble <a href=\"https:\/\/www.victronenergy.com.es\/\" target=\"_blank\" rel=\"noopener\">Victron<\/a> Le c\u00e2ble de commande d'alternateur VE.Bus vers le BMS 12-200 est un c\u00e2ble d\u00e9di\u00e9 utilis\u00e9 pour connecter et permettre la communication entre un alternateur et le syst\u00e8me de gestion de batterie Victron BMS 12-200 via le syst\u00e8me VE.Bus.<\/li>\n<li>Le VE.Bus est un syst\u00e8me de communication et de contr\u00f4le d\u00e9velopp\u00e9 par Victron pour interconnecter ses appareils \u00e9lectroniques, ce qui permet de surveiller et de contr\u00f4ler les diff\u00e9rents composants \u00e9nerg\u00e9tiques d'une installation. Le VE.Bus <a href=\"https:\/\/fvcomponentes.com\/fr\/produit\/smart-bms-victron-12-200-bms210055000\/\" target=\"_blank\" rel=\"noopener\">BMS 12-200<\/a> est un syst\u00e8me de gestion de batterie 12V 200A con\u00e7u pour surveiller et prot\u00e9ger les batteries dans un syst\u00e8me de stockage d'\u00e9nergie.<\/li>\n<li>Le c\u00e2ble de commande d'alternateur Victron VE.Bus vers BMS 12-200 peut \u00eatre n\u00e9cessaire dans les configurations o\u00f9 un alternateur est utilis\u00e9 pour charger les batteries, dans le cadre d'un syst\u00e8me d'alimentation hybride, o\u00f9 l'\u00e9nergie est g\u00e9n\u00e9r\u00e9e \u00e0 la fois par des sources d'\u00e9nergie solaire et par l'alternateur ou le g\u00e9n\u00e9rateur du v\u00e9hicule.<\/li>\n<li>Le c\u00e2ble de commande de l'alternateur permet au syst\u00e8me BMS 12-200 de surveiller et de contr\u00f4ler la charge des batteries \u00e0 partir de l'alternateur, ce qui est important pour assurer une charge s\u00fbre et efficace des batteries et \u00e9viter tout dommage ou surcharge.<\/li>\n<\/ul>","protected":false},"excerpt":{"rendered":"<p>C\u00e2ble de commande de l'alternateur entre le VE.Bus et le BMS 12-200<\/p>","protected":false},"featured_media":6490,"comment_status":"open","ping_status":"closed","template":"","meta":{"site-sidebar-layout":"default","site-content-layout":"default","ast-site-content-layout":"default","site-content-style":"default","site-sidebar-style":"default","ast-global-header-display":"","ast-banner-title-visibility":"","ast-main-header-display":"","ast-hfb-above-header-display":"","ast-hfb-below-header-display":"","ast-hfb-mobile-header-display":"","site-post-title":"","ast-breadcrumbs-content":"","ast-featured-img":"","footer-sml-layout":"","ast-disable-related-posts":"","theme-transparent-header-meta":"default","adv-header-id-meta":"","stick-header-meta":"","header-above-stick-meta":"","header-main-stick-meta":"","header-below-stick-meta":"","astra-migrate-meta-layouts":"set","ast-page-background-enabled":"default","ast-page-background-meta":{"desktop":{"background-color":"var(--ast-global-color-4)","background-image":"","background-repeat":"repeat","background-position":"center center","background-size":"auto","background-attachment":"scroll","background-type":"","background-media":"","overlay-type":"","overlay-color":"","overlay-opacity":"","overlay-gradient":""},"tablet":{"background-color":"","background-image":"","background-repeat":"repeat","background-position":"center center","background-size":"auto","background-attachment":"scroll","background-type":"","background-media":"","overlay-type":"","overlay-color":"","overlay-opacity":"","overlay-gradient":""},"mobile":{"background-color":"","background-image":"","background-repeat":"repeat","background-position":"center center","background-size":"auto","background-attachment":"scroll","background-type":"","background-media":"","overlay-type":"","overlay-color":"","overlay-opacity":"","overlay-gradient":""}},"ast-content-background-meta":{"desktop":{"background-color":"var(--ast-global-color-5)","background-image":"","background-repeat":"repeat","background-position":"center center","background-size":"auto","background-attachment":"scroll","background-type":"","background-media":"","overlay-type":"","overlay-color":"","overlay-opacity":"","overlay-gradient":""},"tablet":{"background-color":"var(--ast-global-color-5)","background-image":"","background-repeat":"repeat","background-position":"center center","background-size":"auto","background-attachment":"scroll","background-type":"","background-media":"","overlay-type":"","overlay-color":"","overlay-opacity":"","overlay-gradient":""},"mobile":{"background-color":"var(--ast-global-color-5)","background-image":"","background-repeat":"repeat","background-position":"center center","background-size":"auto","background-attachment":"scroll","background-type":"","background-media":"","overlay-type":"","overlay-color":"","overlay-opacity":"","overlay-gradient":""}}},"pwb-brand":[332],"product_brand":[],"product_cat":[410,878],"product_tag":[],"class_list":{"0":"post-6489","1":"product","2":"type-product","3":"status-publish","4":"has-post-thumbnail","6":"pwb-brand-victron","7":"product_cat-material-electrico","8":"product_cat-cables-victron","9":"desktop-align-left","10":"tablet-align-left","11":"mobile-align-left","12":"ast-product-gallery-layout-horizontal-slider","13":"ast-product-gallery-with-no-image","14":"ast-product-tabs-layout-horizontal","16":"first","17":"instock","18":"taxable","19":"shipping-taxable","20":"purchasable","21":"product-type-simple"},"wcpa_form_fields":null,"brands":[{"id":332,"name":"Victron Energy","slug":"victron"}],"_links":{"self":[{"href":"https:\/\/fvcomponentes.com\/fr\/wp-json\/wp\/v2\/product\/6489","targetHints":{"allow":["GET"]}}],"collection":[{"href":"https:\/\/fvcomponentes.com\/fr\/wp-json\/wp\/v2\/product"}],"about":[{"href":"https:\/\/fvcomponentes.com\/fr\/wp-json\/wp\/v2\/types\/product"}],"replies":[{"embeddable":true,"href":"https:\/\/fvcomponentes.com\/fr\/wp-json\/wp\/v2\/comments?post=6489"}],"wp:featuredmedia":[{"embeddable":true,"href":"https:\/\/fvcomponentes.com\/fr\/wp-json\/wp\/v2\/media\/6490"}],"wp:attachment":[{"href":"https:\/\/fvcomponentes.com\/fr\/wp-json\/wp\/v2\/media?parent=6489"}],"wp:term":[{"taxonomy":"pwb-brand","embeddable":true,"href":"https:\/\/fvcomponentes.com\/fr\/wp-json\/wp\/v2\/pwb-brand?post=6489"},{"taxonomy":"product_brand","embeddable":true,"href":"https:\/\/fvcomponentes.com\/fr\/wp-json\/wp\/v2\/product_brand?post=6489"},{"taxonomy":"product_cat","embeddable":true,"href":"https:\/\/fvcomponentes.com\/fr\/wp-json\/wp\/v2\/product_cat?post=6489"},{"taxonomy":"product_tag","embeddable":true,"href":"https:\/\/fvcomponentes.com\/fr\/wp-json\/wp\/v2\/product_tag?post=6489"}],"curies":[{"name":"wp","href":"https:\/\/api.w.org\/{rel}","templated":true}]}}