{"id":6485,"date":"2024-01-19T19:31:14","date_gmt":"2024-01-19T18:31:14","guid":{"rendered":"https:\/\/fvcomponentes.com\/?post_type=product&#038;p=6485"},"modified":"2026-04-08T21:27:26","modified_gmt":"2026-04-08T19:27:26","slug":"victron-ve-direct-cable-no-inverter-remote-switch-on-off-ass030550320","status":"publish","type":"product","link":"https:\/\/fvcomponentes.com\/fr\/producto\/cable-victron-ve-direct-no-inversor-de-encendido-apagado-remoto-ass030550320\/","title":{"rendered":"Victron VE.Direct c\u00e2ble de t\u00e9l\u00e9commande marche\/arr\u00eat sans onduleur - ASS030550320"},"content":{"rendered":"<ul>\n<li>Veuillez noter qu'il n'est pas n\u00e9cessaire d'utiliser ce c\u00e2ble dans les mod\u00e8les suivants <a href=\"https:\/\/fvcomponentes.com\/fr\/produit\/victron-smartsolar-controller-mppt-250-100-tr\/\" target=\"_blank\" rel=\"noopener\">SmartSolar<\/a> Ils sont dot\u00e9s d'une connexion marche\/arr\u00eat \u00e0 distance int\u00e9gr\u00e9e.<\/li>\n<li>Le chargeur s'active lorsque le signal du c\u00e2ble est \u00e9lev\u00e9 et se d\u00e9sactive lorsque le signal de la source atteint un niveau inf\u00e9rieur ou est laiss\u00e9 en flottaison libre.<\/li>\n<li>Veuillez noter qu'en utilisant ce c\u00e2ble, il n'est pas possible d'utiliser le port VE.Direct \u00e0 d'autres fins, par exemple pour raccorder un ordinateur portable.\u00a0<a href=\"https:\/\/fvcomponentes.com\/fr\/produit\/victron-venus-gx-monitoring\/\" target=\"_blank\" rel=\"noopener\">Dispositif GX<\/a>ou un sac \u00e0 dos VE.Direct Bluetooth Smart sur un chargeur BlueSolar.<\/li>\n<\/ul>","protected":false},"excerpt":{"rendered":"<p>Utilisez ce c\u00e2ble pour contr\u00f4ler \u00e0 distance les mod\u00e8les de r\u00e9gulateurs de charge MPPT BlueSolar et SmartSolar.<\/p>","protected":false},"featured_media":6486,"comment_status":"open","ping_status":"closed","template":"","meta":{"site-sidebar-layout":"default","site-content-layout":"default","ast-site-content-layout":"default","site-content-style":"default","site-sidebar-style":"default","ast-global-header-display":"","ast-banner-title-visibility":"","ast-main-header-display":"","ast-hfb-above-header-display":"","ast-hfb-below-header-display":"","ast-hfb-mobile-header-display":"","site-post-title":"","ast-breadcrumbs-content":"","ast-featured-img":"","footer-sml-layout":"","ast-disable-related-posts":"","theme-transparent-header-meta":"default","adv-header-id-meta":"","stick-header-meta":"","header-above-stick-meta":"","header-main-stick-meta":"","header-below-stick-meta":"","astra-migrate-meta-layouts":"set","ast-page-background-enabled":"default","ast-page-background-meta":{"desktop":{"background-color":"var(--ast-global-color-4)","background-image":"","background-repeat":"repeat","background-position":"center center","background-size":"auto","background-attachment":"scroll","background-type":"","background-media":"","overlay-type":"","overlay-color":"","overlay-opacity":"","overlay-gradient":""},"tablet":{"background-color":"","background-image":"","background-repeat":"repeat","background-position":"center center","background-size":"auto","background-attachment":"scroll","background-type":"","background-media":"","overlay-type":"","overlay-color":"","overlay-opacity":"","overlay-gradient":""},"mobile":{"background-color":"","background-image":"","background-repeat":"repeat","background-position":"center center","background-size":"auto","background-attachment":"scroll","background-type":"","background-media":"","overlay-type":"","overlay-color":"","overlay-opacity":"","overlay-gradient":""}},"ast-content-background-meta":{"desktop":{"background-color":"var(--ast-global-color-5)","background-image":"","background-repeat":"repeat","background-position":"center center","background-size":"auto","background-attachment":"scroll","background-type":"","background-media":"","overlay-type":"","overlay-color":"","overlay-opacity":"","overlay-gradient":""},"tablet":{"background-color":"var(--ast-global-color-5)","background-image":"","background-repeat":"repeat","background-position":"center center","background-size":"auto","background-attachment":"scroll","background-type":"","background-media":"","overlay-type":"","overlay-color":"","overlay-opacity":"","overlay-gradient":""},"mobile":{"background-color":"var(--ast-global-color-5)","background-image":"","background-repeat":"repeat","background-position":"center center","background-size":"auto","background-attachment":"scroll","background-type":"","background-media":"","overlay-type":"","overlay-color":"","overlay-opacity":"","overlay-gradient":""}}},"pwb-brand":[332],"product_brand":[],"product_cat":[410,878],"product_tag":[],"class_list":{"0":"post-6485","1":"product","2":"type-product","3":"status-publish","4":"has-post-thumbnail","6":"pwb-brand-victron","7":"product_cat-material-electrico","8":"product_cat-cables-victron","9":"desktop-align-left","10":"tablet-align-left","11":"mobile-align-left","12":"ast-product-gallery-layout-horizontal-slider","13":"ast-product-gallery-with-no-image","14":"ast-product-tabs-layout-horizontal","16":"first","17":"instock","18":"taxable","19":"shipping-taxable","20":"purchasable","21":"product-type-simple"},"wcpa_form_fields":null,"brands":[{"id":332,"name":"Victron Energy","slug":"victron"}],"_links":{"self":[{"href":"https:\/\/fvcomponentes.com\/fr\/wp-json\/wp\/v2\/product\/6485","targetHints":{"allow":["GET"]}}],"collection":[{"href":"https:\/\/fvcomponentes.com\/fr\/wp-json\/wp\/v2\/product"}],"about":[{"href":"https:\/\/fvcomponentes.com\/fr\/wp-json\/wp\/v2\/types\/product"}],"replies":[{"embeddable":true,"href":"https:\/\/fvcomponentes.com\/fr\/wp-json\/wp\/v2\/comments?post=6485"}],"wp:featuredmedia":[{"embeddable":true,"href":"https:\/\/fvcomponentes.com\/fr\/wp-json\/wp\/v2\/media\/6486"}],"wp:attachment":[{"href":"https:\/\/fvcomponentes.com\/fr\/wp-json\/wp\/v2\/media?parent=6485"}],"wp:term":[{"taxonomy":"pwb-brand","embeddable":true,"href":"https:\/\/fvcomponentes.com\/fr\/wp-json\/wp\/v2\/pwb-brand?post=6485"},{"taxonomy":"product_brand","embeddable":true,"href":"https:\/\/fvcomponentes.com\/fr\/wp-json\/wp\/v2\/product_brand?post=6485"},{"taxonomy":"product_cat","embeddable":true,"href":"https:\/\/fvcomponentes.com\/fr\/wp-json\/wp\/v2\/product_cat?post=6485"},{"taxonomy":"product_tag","embeddable":true,"href":"https:\/\/fvcomponentes.com\/fr\/wp-json\/wp\/v2\/product_tag?post=6485"}],"curies":[{"name":"wp","href":"https:\/\/api.w.org\/{rel}","templated":true}]}}