{"id":6469,"date":"2023-10-10T16:50:46","date_gmt":"2023-10-10T14:50:46","guid":{"rendered":"https:\/\/fvcomponentes.com\/?post_type=product&#038;p=6469"},"modified":"2026-01-15T10:02:32","modified_gmt":"2026-01-15T09:02:32","slug":"victron-cable-from-ve-can-to-can-bus-for-bms-type-a-18m-ass030710018","status":"publish","type":"product","link":"https:\/\/fvcomponentes.com\/fr\/producto\/cable-victron-de-ve-can-a-can-bus-para-bms-tipo-a-18m-ass030710018\/","title":{"rendered":"Victron VE.Can vers c\u00e2ble CAN-bus pour BMS type A 1,8m - ASS030710018"},"content":{"rendered":"<h2>Caract\u00e9ristiques du c\u00e2ble Victron VE.Can vers CAN-bus pour BMS type A 1,8m - ASS030710018<\/h2>\n<ul>\n<li>Utilisez ce c\u00e2ble pour connecter une batterie compatible CAN-bus d'une marque autre que Victron \u00e0 un syst\u00e8me Victron.<\/li>\n<li>Utilisez ces c\u00e2bles VE.Can vers CAN-bus pour connecter une batterie compatible CAN-bus \u00e0 un appareil GX, tel que le <a href=\"https:\/\/fvcomponentes.com\/fr\/produit\/victron-cerbo-gx-mk2-bpp900451100-victron-cerbo-mk2-monitor\/\" target=\"_blank\" rel=\"noopener\">Victron Cerbo GX MK2 Monitoring - BPP900451100<\/a><\/li>\n<li>Mod\u00e8les compatibles :\n<ul>\n<li><a href=\"https:\/\/fvcomponentes.com\/fr\/marque\/byd\/\" target=\"_blank\" rel=\"noopener\">Batteries BYD-Box<\/a><\/li>\n<li>Pylontech :\n<ul>\n<li><a href=\"https:\/\/fvcomponentes.com\/fr\/produit\/batterie-au-lithium-2-4-kwh-pylontech-us2000c-48-v\/\" target=\"_blank\" rel=\"noopener\">Pylontech Lithium Battery 2.4kWh - US2000C 48V<\/a><\/li>\n<li><a href=\"https:\/\/fvcomponentes.com\/fr\/produit\/batterie-lithium-3-6kwh-pylontech-us3000c-48v\/\" target=\"_blank\" rel=\"noopener\">Pylontech Lithium Battery 3.6kWh - US3000C 48V<\/a><\/li>\n<li><a href=\"https:\/\/fvcomponentes.com\/fr\/produit\/batterie-lithium-4-8kwh-pylontech-us5000-48v\/\" target=\"_blank\" rel=\"noopener\">Pylontech Lithium Battery 4.8kWh - US5000 48V<\/a><\/li>\n<li>UP5000<\/li>\n<li>Force-L<\/li>\n<\/ul>\n<\/li>\n<\/ul>\n<\/li>\n<\/ul>\n<p>Consulter le\u00a0<a href=\"https:\/\/fvcomponentes.com\/wp-content\/uploads\/2024\/09\/Cableado-sin-limites-Victron.pdf\" target=\"_blank\" rel=\"noopener\">manuel<\/a>\u00a0pour plus d'informations sur le c\u00e2ble \u00e0 utiliser en fonction de la marque de votre batterie.<\/p>\n<h2>Fiche technique Victron VE.Can vers c\u00e2ble CAN-bus pour BMS type A 1,8m - ASS030710018<\/h2>\n<p><a href=\"https:\/\/fvcomponentes.com\/wp-content\/uploads\/2025\/09\/ve.can_to_can-bus_bms_cables_manual.pdf\" target=\"_blank\" rel=\"noopener\">Voir la fiche technique du c\u00e2ble Victron VE.Can vers CAN-bus pour BMS type A 1,8m - ASS030710018<\/a><\/p>","protected":false},"excerpt":{"rendered":"<p><strong>Longueur :<\/strong> 1,8 m<\/p>","protected":false},"featured_media":6470,"comment_status":"open","ping_status":"closed","template":"","meta":{"site-sidebar-layout":"default","site-content-layout":"default","ast-site-content-layout":"default","site-content-style":"default","site-sidebar-style":"default","ast-global-header-display":"","ast-banner-title-visibility":"","ast-main-header-display":"","ast-hfb-above-header-display":"","ast-hfb-below-header-display":"","ast-hfb-mobile-header-display":"","site-post-title":"","ast-breadcrumbs-content":"","ast-featured-img":"","footer-sml-layout":"","ast-disable-related-posts":"","theme-transparent-header-meta":"default","adv-header-id-meta":"","stick-header-meta":"","header-above-stick-meta":"","header-main-stick-meta":"","header-below-stick-meta":"","astra-migrate-meta-layouts":"set","ast-page-background-enabled":"default","ast-page-background-meta":{"desktop":{"background-color":"var(--ast-global-color-4)","background-image":"","background-repeat":"repeat","background-position":"center center","background-size":"auto","background-attachment":"scroll","background-type":"","background-media":"","overlay-type":"","overlay-color":"","overlay-opacity":"","overlay-gradient":""},"tablet":{"background-color":"","background-image":"","background-repeat":"repeat","background-position":"center center","background-size":"auto","background-attachment":"scroll","background-type":"","background-media":"","overlay-type":"","overlay-color":"","overlay-opacity":"","overlay-gradient":""},"mobile":{"background-color":"","background-image":"","background-repeat":"repeat","background-position":"center center","background-size":"auto","background-attachment":"scroll","background-type":"","background-media":"","overlay-type":"","overlay-color":"","overlay-opacity":"","overlay-gradient":""}},"ast-content-background-meta":{"desktop":{"background-color":"var(--ast-global-color-5)","background-image":"","background-repeat":"repeat","background-position":"center center","background-size":"auto","background-attachment":"scroll","background-type":"","background-media":"","overlay-type":"","overlay-color":"","overlay-opacity":"","overlay-gradient":""},"tablet":{"background-color":"var(--ast-global-color-5)","background-image":"","background-repeat":"repeat","background-position":"center center","background-size":"auto","background-attachment":"scroll","background-type":"","background-media":"","overlay-type":"","overlay-color":"","overlay-opacity":"","overlay-gradient":""},"mobile":{"background-color":"var(--ast-global-color-5)","background-image":"","background-repeat":"repeat","background-position":"center center","background-size":"auto","background-attachment":"scroll","background-type":"","background-media":"","overlay-type":"","overlay-color":"","overlay-opacity":"","overlay-gradient":""}}},"pwb-brand":[332],"product_brand":[],"product_cat":[391,341,340,878],"product_tag":[],"class_list":{"0":"post-6469","1":"product","2":"type-product","3":"status-publish","4":"has-post-thumbnail","6":"pwb-brand-victron","7":"product_cat-accesorios-para-baterias","8":"product_cat-baterias-litio-48v","9":"product_cat-baterias","10":"product_cat-cables-victron","11":"desktop-align-left","12":"tablet-align-left","13":"mobile-align-left","14":"ast-product-gallery-layout-horizontal-slider","15":"ast-product-gallery-with-no-image","16":"ast-product-tabs-layout-horizontal","18":"first","19":"outofstock","20":"taxable","21":"shipping-taxable","22":"purchasable","23":"product-type-simple"},"wcpa_form_fields":null,"brands":[{"id":332,"name":"Victron Energy","slug":"victron"}],"_links":{"self":[{"href":"https:\/\/fvcomponentes.com\/fr\/wp-json\/wp\/v2\/product\/6469","targetHints":{"allow":["GET"]}}],"collection":[{"href":"https:\/\/fvcomponentes.com\/fr\/wp-json\/wp\/v2\/product"}],"about":[{"href":"https:\/\/fvcomponentes.com\/fr\/wp-json\/wp\/v2\/types\/product"}],"replies":[{"embeddable":true,"href":"https:\/\/fvcomponentes.com\/fr\/wp-json\/wp\/v2\/comments?post=6469"}],"wp:featuredmedia":[{"embeddable":true,"href":"https:\/\/fvcomponentes.com\/fr\/wp-json\/wp\/v2\/media\/6470"}],"wp:attachment":[{"href":"https:\/\/fvcomponentes.com\/fr\/wp-json\/wp\/v2\/media?parent=6469"}],"wp:term":[{"taxonomy":"pwb-brand","embeddable":true,"href":"https:\/\/fvcomponentes.com\/fr\/wp-json\/wp\/v2\/pwb-brand?post=6469"},{"taxonomy":"product_brand","embeddable":true,"href":"https:\/\/fvcomponentes.com\/fr\/wp-json\/wp\/v2\/product_brand?post=6469"},{"taxonomy":"product_cat","embeddable":true,"href":"https:\/\/fvcomponentes.com\/fr\/wp-json\/wp\/v2\/product_cat?post=6469"},{"taxonomy":"product_tag","embeddable":true,"href":"https:\/\/fvcomponentes.com\/fr\/wp-json\/wp\/v2\/product_tag?post=6469"}],"curies":[{"name":"wp","href":"https:\/\/api.w.org\/{rel}","templated":true}]}}