{"id":6467,"date":"2024-01-19T19:31:10","date_gmt":"2024-01-19T18:31:10","guid":{"rendered":"https:\/\/fvcomponentes.com\/?post_type=product&#038;p=6467"},"modified":"2026-04-08T21:27:59","modified_gmt":"2026-04-08T19:27:59","slug":"victron-ve-direct-to-rs232-interface-ass030520500","status":"publish","type":"product","link":"https:\/\/fvcomponentes.com\/fr\/producto\/interfaz-victron-ve-direct-a-rs232-ass030520500\/","title":{"rendered":"Victron VE.Direct vers interface RS232 - ASS030520500"},"content":{"rendered":"<p>L'interface VE.Direct vers RS232 de <a href=\"https:\/\/www.victronenergy.com\/\" target=\"_blank\" rel=\"noopener\">Victron Energy<\/a> est un outil indispensable pour ceux qui veulent surveiller et contr\u00f4ler efficacement leurs appareils Victron Energy, y compris les onduleurs, les chargeurs, les syst\u00e8mes de stockage d'\u00e9nergie, les panneaux solaires et bien plus encore. Cette interface sert de pont parfait entre les appareils compatibles VE.Direct et un port RS232 de votre ordinateur.<\/p>\n<p>La simplicit\u00e9 d'utilisation est l'une des caract\u00e9ristiques exceptionnelles de cette interface. Elle ne n\u00e9cessite pas d'installations compliqu\u00e9es ou de configurations encombrantes. Il vous suffit de connecter l'interface VE.Direct RS232 \u00e0 votre port RS232 et vous \u00eates pr\u00eat \u00e0 commencer \u00e0 surveiller et \u00e0 contr\u00f4ler vos appareils Victron Energy. Cela signifie qu'en quelques minutes, vous pouvez avoir un contr\u00f4le complet de votre syst\u00e8me \u00e9lectrique, ce qui est essentiel pour optimiser ses performances et son efficacit\u00e9.<\/p>\n<p>Cette interface vous permet de garder un \u0153il sur vos appareils Victron Energy, ce qui est particuli\u00e8rement utile dans les situations o\u00f9 la surveillance est cruciale, comme dans les applications marines, les syst\u00e8mes d'\u00e9nergie solaire et les caravanes. Vous pouvez obtenir des informations d\u00e9taill\u00e9es sur l'\u00e9tat de vos appareils, les niveaux de charge des batteries et d'autres donn\u00e9es pertinentes, ce qui vous aide \u00e0 prendre des d\u00e9cisions \u00e9clair\u00e9es et \u00e0 assurer le bon fonctionnement de votre syst\u00e8me \u00e9lectrique.<\/p>","protected":false},"excerpt":{"rendered":"<p>Avec la\u00a0<strong>VE.interface directe avec RS232<\/strong>Avec Victron Energy, vous pouvez surveiller et entretenir les performances de vos appareils Victron Energy connect\u00e9s, y compris les onduleurs, les chargeurs, les syst\u00e8mes de stockage d'\u00e9nergie et les panneaux solaires.<\/p>\n<p>L'interface est facile \u00e0 utiliser et ne n\u00e9cessite aucune installation ou configuration complexe. Il suffit de connecter l'appareil \u00e0 votre <strong>Port RS232<\/strong>\u00a0et commencez \u00e0 surveiller et \u00e0 contr\u00f4ler vos appareils<strong>\u00e0 Victron Energy.<\/strong><\/p>","protected":false},"featured_media":6468,"comment_status":"open","ping_status":"closed","template":"","meta":{"site-sidebar-layout":"default","site-content-layout":"default","ast-site-content-layout":"default","site-content-style":"default","site-sidebar-style":"default","ast-global-header-display":"","ast-banner-title-visibility":"","ast-main-header-display":"","ast-hfb-above-header-display":"","ast-hfb-below-header-display":"","ast-hfb-mobile-header-display":"","site-post-title":"","ast-breadcrumbs-content":"","ast-featured-img":"","footer-sml-layout":"","ast-disable-related-posts":"","theme-transparent-header-meta":"default","adv-header-id-meta":"","stick-header-meta":"","header-above-stick-meta":"","header-main-stick-meta":"","header-below-stick-meta":"","astra-migrate-meta-layouts":"set","ast-page-background-enabled":"default","ast-page-background-meta":{"desktop":{"background-color":"var(--ast-global-color-4)","background-image":"","background-repeat":"repeat","background-position":"center center","background-size":"auto","background-attachment":"scroll","background-type":"","background-media":"","overlay-type":"","overlay-color":"","overlay-opacity":"","overlay-gradient":""},"tablet":{"background-color":"","background-image":"","background-repeat":"repeat","background-position":"center center","background-size":"auto","background-attachment":"scroll","background-type":"","background-media":"","overlay-type":"","overlay-color":"","overlay-opacity":"","overlay-gradient":""},"mobile":{"background-color":"","background-image":"","background-repeat":"repeat","background-position":"center center","background-size":"auto","background-attachment":"scroll","background-type":"","background-media":"","overlay-type":"","overlay-color":"","overlay-opacity":"","overlay-gradient":""}},"ast-content-background-meta":{"desktop":{"background-color":"var(--ast-global-color-5)","background-image":"","background-repeat":"repeat","background-position":"center center","background-size":"auto","background-attachment":"scroll","background-type":"","background-media":"","overlay-type":"","overlay-color":"","overlay-opacity":"","overlay-gradient":""},"tablet":{"background-color":"var(--ast-global-color-5)","background-image":"","background-repeat":"repeat","background-position":"center center","background-size":"auto","background-attachment":"scroll","background-type":"","background-media":"","overlay-type":"","overlay-color":"","overlay-opacity":"","overlay-gradient":""},"mobile":{"background-color":"var(--ast-global-color-5)","background-image":"","background-repeat":"repeat","background-position":"center center","background-size":"auto","background-attachment":"scroll","background-type":"","background-media":"","overlay-type":"","overlay-color":"","overlay-opacity":"","overlay-gradient":""}}},"pwb-brand":[332],"product_brand":[],"product_cat":[410,351,878,333,934],"product_tag":[],"class_list":{"0":"post-6467","1":"product","2":"type-product","3":"status-publish","4":"has-post-thumbnail","6":"pwb-brand-victron","7":"product_cat-material-electrico","8":"product_cat-accesorios","9":"product_cat-cables-victron","10":"product_cat-inversores","11":"product_cat-monitorizacion","12":"desktop-align-left","13":"tablet-align-left","14":"mobile-align-left","15":"ast-product-gallery-layout-horizontal-slider","16":"ast-product-gallery-with-no-image","17":"ast-product-tabs-layout-horizontal","19":"first","20":"instock","21":"taxable","22":"shipping-taxable","23":"purchasable","24":"product-type-simple"},"wcpa_form_fields":null,"brands":[{"id":332,"name":"Victron Energy","slug":"victron"}],"_links":{"self":[{"href":"https:\/\/fvcomponentes.com\/fr\/wp-json\/wp\/v2\/product\/6467","targetHints":{"allow":["GET"]}}],"collection":[{"href":"https:\/\/fvcomponentes.com\/fr\/wp-json\/wp\/v2\/product"}],"about":[{"href":"https:\/\/fvcomponentes.com\/fr\/wp-json\/wp\/v2\/types\/product"}],"replies":[{"embeddable":true,"href":"https:\/\/fvcomponentes.com\/fr\/wp-json\/wp\/v2\/comments?post=6467"}],"wp:featuredmedia":[{"embeddable":true,"href":"https:\/\/fvcomponentes.com\/fr\/wp-json\/wp\/v2\/media\/6468"}],"wp:attachment":[{"href":"https:\/\/fvcomponentes.com\/fr\/wp-json\/wp\/v2\/media?parent=6467"}],"wp:term":[{"taxonomy":"pwb-brand","embeddable":true,"href":"https:\/\/fvcomponentes.com\/fr\/wp-json\/wp\/v2\/pwb-brand?post=6467"},{"taxonomy":"product_brand","embeddable":true,"href":"https:\/\/fvcomponentes.com\/fr\/wp-json\/wp\/v2\/product_brand?post=6467"},{"taxonomy":"product_cat","embeddable":true,"href":"https:\/\/fvcomponentes.com\/fr\/wp-json\/wp\/v2\/product_cat?post=6467"},{"taxonomy":"product_tag","embeddable":true,"href":"https:\/\/fvcomponentes.com\/fr\/wp-json\/wp\/v2\/product_tag?post=6467"}],"curies":[{"name":"wp","href":"https:\/\/api.w.org\/{rel}","templated":true}]}}