{"id":6448,"date":"2024-01-19T19:31:07","date_gmt":"2024-01-19T18:31:07","guid":{"rendered":"https:\/\/fvcomponentes.com\/?post_type=product&#038;p=6448"},"modified":"2026-01-15T10:04:00","modified_gmt":"2026-01-15T09:04:00","slug":"victron-cable-with-m8-male-female-3-pin-circular-connector-1-m-ass030560100","status":"publish","type":"product","link":"https:\/\/fvcomponentes.com\/fr\/producto\/cable-victron-con-conector-circular-m8-macho-hembra-de-3-polos-1-m-ass030560100\/","title":{"rendered":"C\u00e2ble Victron avec connecteur circulaire M8 \u00e0 3 broches m\u00e2le\/femelle 1 m - ASS030560100"},"content":{"rendered":"<div class=\"productDetail__content-desc\">\n<h2>C\u00e2ble <a href=\"https:\/\/www.victronenergy.com.es\/\" target=\"_blank\" rel=\"noopener\">Victron<\/a> avec connecteur circulaire M8 \u00e0 3 p\u00f4les m\u00e2le\/femelle 1 m<\/h2>\n<ul>\n<li>Ce c\u00e2ble polyvalent Victron \u00e0 connecteur circulaire M8 \u00e0 3 broches m\u00e2le\/femelle a \u00e9t\u00e9 sp\u00e9cialement con\u00e7u pour \u00e9tendre la communication du syst\u00e8me de gestion de la batterie (BMS) dans les applications impliquant des batteries lithium intelligentes. Sa capacit\u00e9 \u00e0 \u00e9tendre la connexion entre la batterie lithium intelligente et le BMS offre une plus grande flexibilit\u00e9 dans l'installation et la conception des syst\u00e8mes de gestion de l'\u00e9nergie.<\/li>\n<li>Le c\u00e2ble Victron avec connecteur circulaire M8 m\u00e2le\/femelle \u00e0 3 broches de 1 m est emball\u00e9 dans un sachet contenant 2 pi\u00e8ces, ce qui le rend pratique et facile \u00e0 transporter. Cette caract\u00e9ristique permet aux professionnels de l'industrie et aux amateurs d'\u00e9lectronique de transporter sans effort les c\u00e2bles d'extension n\u00e9cessaires, que ce soit pour l'entretien, les r\u00e9parations ou les premi\u00e8res installations.<\/li>\n<li>La disponibilit\u00e9 de ce c\u00e2ble dans une vari\u00e9t\u00e9 de longueurs, y compris 1, 2, 3 et 5 m\u00e8tres, garantit aux utilisateurs des options adapt\u00e9es \u00e0 leurs besoins sp\u00e9cifiques. Que vous travailliez sur un projet de grande envergure n\u00e9cessitant une longue extension ou sur une application plus modeste ne n\u00e9cessitant que quelques m\u00e8tres, ce c\u00e2ble est fait pour vous.<\/li>\n<li>La qualit\u00e9 et la durabilit\u00e9 de ce c\u00e2ble sont remarquables, ce qui en fait un choix fiable pour les applications qui n\u00e9cessitent une transmission de donn\u00e9es pr\u00e9cise et s\u00e9curis\u00e9e entre la batterie Smart lithium et le BMS. Sa construction robuste assure une connexion stable avec un faible risque d'interf\u00e9rence.<\/li>\n<\/ul>\n<\/div>\n<div class=\"productDetail__content-footer\">\n<div class=\"productDetail__content-footer-column productDetail__content-footer-column--vrm\"><\/div>\n<\/div>","protected":false},"excerpt":{"rendered":"<p><strong>Longueur :<\/strong> 1 m<\/p>","protected":false},"featured_media":6456,"comment_status":"open","ping_status":"closed","template":"","meta":{"site-sidebar-layout":"default","site-content-layout":"default","ast-site-content-layout":"default","site-content-style":"default","site-sidebar-style":"default","ast-global-header-display":"","ast-banner-title-visibility":"","ast-main-header-display":"","ast-hfb-above-header-display":"","ast-hfb-below-header-display":"","ast-hfb-mobile-header-display":"","site-post-title":"","ast-breadcrumbs-content":"","ast-featured-img":"","footer-sml-layout":"","ast-disable-related-posts":"","theme-transparent-header-meta":"default","adv-header-id-meta":"","stick-header-meta":"","header-above-stick-meta":"","header-main-stick-meta":"","header-below-stick-meta":"","astra-migrate-meta-layouts":"set","ast-page-background-enabled":"default","ast-page-background-meta":{"desktop":{"background-color":"var(--ast-global-color-4)","background-image":"","background-repeat":"repeat","background-position":"center center","background-size":"auto","background-attachment":"scroll","background-type":"","background-media":"","overlay-type":"","overlay-color":"","overlay-opacity":"","overlay-gradient":""},"tablet":{"background-color":"","background-image":"","background-repeat":"repeat","background-position":"center center","background-size":"auto","background-attachment":"scroll","background-type":"","background-media":"","overlay-type":"","overlay-color":"","overlay-opacity":"","overlay-gradient":""},"mobile":{"background-color":"","background-image":"","background-repeat":"repeat","background-position":"center center","background-size":"auto","background-attachment":"scroll","background-type":"","background-media":"","overlay-type":"","overlay-color":"","overlay-opacity":"","overlay-gradient":""}},"ast-content-background-meta":{"desktop":{"background-color":"var(--ast-global-color-5)","background-image":"","background-repeat":"repeat","background-position":"center center","background-size":"auto","background-attachment":"scroll","background-type":"","background-media":"","overlay-type":"","overlay-color":"","overlay-opacity":"","overlay-gradient":""},"tablet":{"background-color":"var(--ast-global-color-5)","background-image":"","background-repeat":"repeat","background-position":"center center","background-size":"auto","background-attachment":"scroll","background-type":"","background-media":"","overlay-type":"","overlay-color":"","overlay-opacity":"","overlay-gradient":""},"mobile":{"background-color":"var(--ast-global-color-5)","background-image":"","background-repeat":"repeat","background-position":"center center","background-size":"auto","background-attachment":"scroll","background-type":"","background-media":"","overlay-type":"","overlay-color":"","overlay-opacity":"","overlay-gradient":""}}},"pwb-brand":[332],"product_brand":[],"product_cat":[410,878],"product_tag":[],"class_list":{"0":"post-6448","1":"product","2":"type-product","3":"status-publish","4":"has-post-thumbnail","6":"pwb-brand-victron","7":"product_cat-material-electrico","8":"product_cat-cables-victron","9":"desktop-align-left","10":"tablet-align-left","11":"mobile-align-left","12":"ast-product-gallery-layout-horizontal-slider","13":"ast-product-tabs-layout-horizontal","15":"first","16":"instock","17":"taxable","18":"shipping-taxable","19":"purchasable","20":"product-type-simple"},"wcpa_form_fields":null,"brands":[{"id":332,"name":"Victron Energy","slug":"victron"}],"_links":{"self":[{"href":"https:\/\/fvcomponentes.com\/fr\/wp-json\/wp\/v2\/product\/6448","targetHints":{"allow":["GET"]}}],"collection":[{"href":"https:\/\/fvcomponentes.com\/fr\/wp-json\/wp\/v2\/product"}],"about":[{"href":"https:\/\/fvcomponentes.com\/fr\/wp-json\/wp\/v2\/types\/product"}],"replies":[{"embeddable":true,"href":"https:\/\/fvcomponentes.com\/fr\/wp-json\/wp\/v2\/comments?post=6448"}],"wp:featuredmedia":[{"embeddable":true,"href":"https:\/\/fvcomponentes.com\/fr\/wp-json\/wp\/v2\/media\/6456"}],"wp:attachment":[{"href":"https:\/\/fvcomponentes.com\/fr\/wp-json\/wp\/v2\/media?parent=6448"}],"wp:term":[{"taxonomy":"pwb-brand","embeddable":true,"href":"https:\/\/fvcomponentes.com\/fr\/wp-json\/wp\/v2\/pwb-brand?post=6448"},{"taxonomy":"product_brand","embeddable":true,"href":"https:\/\/fvcomponentes.com\/fr\/wp-json\/wp\/v2\/product_brand?post=6448"},{"taxonomy":"product_cat","embeddable":true,"href":"https:\/\/fvcomponentes.com\/fr\/wp-json\/wp\/v2\/product_cat?post=6448"},{"taxonomy":"product_tag","embeddable":true,"href":"https:\/\/fvcomponentes.com\/fr\/wp-json\/wp\/v2\/product_tag?post=6448"}],"curies":[{"name":"wp","href":"https:\/\/api.w.org\/{rel}","templated":true}]}}