{"id":6444,"date":"2024-01-19T19:31:18","date_gmt":"2024-01-19T18:31:18","guid":{"rendered":"https:\/\/fvcomponentes.com\/?post_type=product&#038;p=6444"},"modified":"2026-04-04T12:42:50","modified_gmt":"2026-04-04T10:42:50","slug":"victron-ve-direct-cable-18m-one-side-right-angle-connector-ass030531218","status":"publish","type":"product","link":"https:\/\/fvcomponentes.com\/fr\/producto\/cable-victron-ve-direct-18m-un-lado-conector-en-angulo-recto-ass030531218\/","title":{"rendered":"Victron VE.Direct cable 1,8m (one side right angle connector) - ASS030531218"},"content":{"rendered":"<p>Le c\u00e2ble d'interface <a href=\"https:\/\/www.victronenergy.com\/\" target=\"_blank\" rel=\"noopener\">Victron Energ<\/a>et VE Direct est un \u00e9l\u00e9ment essentiel du kit dans le monde de l'\u00e9nergie solaire et de la surveillance des syst\u00e8mes \u00e9lectriques. D'une longueur de 1,8 m\u00e8tre, ce c\u00e2ble a \u00e9t\u00e9 sp\u00e9cialement con\u00e7u pour une large gamme d'applications, y compris la connectivit\u00e9 aux compteurs d'\u00e9nergie BMV700 et BMV702, ainsi qu'\u00e0 la plupart des r\u00e9gulateurs de charge solaire MPPT et \u00e0 l'unit\u00e9 de contr\u00f4le de l'\u00e9nergie solaire. <a href=\"https:\/\/fvcomponentes.com\/fr\/produit\/victron-colour-control-gx-display\/\" target=\"_blank\" rel=\"noopener\">Contr\u00f4le des couleurs GX<\/a> de Victron Energy.<\/p>\n<p>Le c\u00e2ble Victron VE. Direct Cable permet une communication efficace et fiable entre ces appareils et les unit\u00e9s de contr\u00f4le, ce qui est crucial pour maintenir un contr\u00f4le pr\u00e9cis des syst\u00e8mes \u00e9nerg\u00e9tiques. Dans le cas des compteurs d'\u00e9nergie BMV700 et <a href=\"https:\/\/fvcomponentes.com\/fr\/produit\/victron-bmv-702-battery-monitor\/\" target=\"_blank\" rel=\"noopener\">BMV702<\/a>Ce c\u00e2ble facilite le transfert de donn\u00e9es cl\u00e9s qui permettent de surveiller en temps r\u00e9el l'\u00e9tat de la batterie et l'\u00e9nergie consomm\u00e9e, informations essentielles pour la maintenance et l'efficacit\u00e9 \u00e9nerg\u00e9tique.<\/p>\n<p>En ce qui concerne les r\u00e9gulateurs de charge solaire MPPT, le c\u00e2ble d'interface directe VE assure la transmission des donn\u00e9es essentielles concernant la production et le flux d'\u00e9nergie solaire. Cela permet un contr\u00f4le plus pr\u00e9cis de la charge de la batterie et une plus grande efficacit\u00e9 dans la conversion de l'\u00e9nergie solaire en \u00e9lectricit\u00e9 utilisable.<\/p>\n<p>L'appareil Color Control GX de Victron Energy est une unit\u00e9 de contr\u00f4le avanc\u00e9e qui permet de surveiller et de g\u00e9rer plusieurs syst\u00e8mes \u00e9nerg\u00e9tiques. Le c\u00e2ble d'interface directe VE sert de pont essentiel entre cet appareil et les autres composants du syst\u00e8me, garantissant la transmission transparente des donn\u00e9es et la prise de d\u00e9cisions \u00e9clair\u00e9es sur les performances du syst\u00e8me.<\/p>","protected":false},"excerpt":{"rendered":"<p>Longueur : 1,8 m<\/p>","protected":false},"featured_media":6442,"comment_status":"open","ping_status":"closed","template":"","meta":{"site-sidebar-layout":"default","site-content-layout":"default","ast-site-content-layout":"default","site-content-style":"default","site-sidebar-style":"default","ast-global-header-display":"","ast-banner-title-visibility":"","ast-main-header-display":"","ast-hfb-above-header-display":"","ast-hfb-below-header-display":"","ast-hfb-mobile-header-display":"","site-post-title":"","ast-breadcrumbs-content":"","ast-featured-img":"","footer-sml-layout":"","ast-disable-related-posts":"","theme-transparent-header-meta":"default","adv-header-id-meta":"","stick-header-meta":"","header-above-stick-meta":"","header-main-stick-meta":"","header-below-stick-meta":"","astra-migrate-meta-layouts":"set","ast-page-background-enabled":"default","ast-page-background-meta":{"desktop":{"background-color":"var(--ast-global-color-4)","background-image":"","background-repeat":"repeat","background-position":"center center","background-size":"auto","background-attachment":"scroll","background-type":"","background-media":"","overlay-type":"","overlay-color":"","overlay-opacity":"","overlay-gradient":""},"tablet":{"background-color":"","background-image":"","background-repeat":"repeat","background-position":"center center","background-size":"auto","background-attachment":"scroll","background-type":"","background-media":"","overlay-type":"","overlay-color":"","overlay-opacity":"","overlay-gradient":""},"mobile":{"background-color":"","background-image":"","background-repeat":"repeat","background-position":"center center","background-size":"auto","background-attachment":"scroll","background-type":"","background-media":"","overlay-type":"","overlay-color":"","overlay-opacity":"","overlay-gradient":""}},"ast-content-background-meta":{"desktop":{"background-color":"var(--ast-global-color-5)","background-image":"","background-repeat":"repeat","background-position":"center center","background-size":"auto","background-attachment":"scroll","background-type":"","background-media":"","overlay-type":"","overlay-color":"","overlay-opacity":"","overlay-gradient":""},"tablet":{"background-color":"var(--ast-global-color-5)","background-image":"","background-repeat":"repeat","background-position":"center center","background-size":"auto","background-attachment":"scroll","background-type":"","background-media":"","overlay-type":"","overlay-color":"","overlay-opacity":"","overlay-gradient":""},"mobile":{"background-color":"var(--ast-global-color-5)","background-image":"","background-repeat":"repeat","background-position":"center center","background-size":"auto","background-attachment":"scroll","background-type":"","background-media":"","overlay-type":"","overlay-color":"","overlay-opacity":"","overlay-gradient":""}}},"pwb-brand":[332],"product_brand":[],"product_cat":[878,410],"product_tag":[],"class_list":{"0":"post-6444","1":"product","2":"type-product","3":"status-publish","4":"has-post-thumbnail","6":"pwb-brand-victron","7":"product_cat-cables-victron","8":"product_cat-material-electrico","9":"desktop-align-left","10":"tablet-align-left","11":"mobile-align-left","12":"ast-product-gallery-layout-horizontal-slider","13":"ast-product-gallery-with-no-image","14":"ast-product-tabs-layout-horizontal","16":"first","17":"instock","18":"taxable","19":"shipping-taxable","20":"purchasable","21":"product-type-simple"},"wcpa_form_fields":null,"brands":[{"id":332,"name":"Victron Energy","slug":"victron"}],"_links":{"self":[{"href":"https:\/\/fvcomponentes.com\/fr\/wp-json\/wp\/v2\/product\/6444","targetHints":{"allow":["GET"]}}],"collection":[{"href":"https:\/\/fvcomponentes.com\/fr\/wp-json\/wp\/v2\/product"}],"about":[{"href":"https:\/\/fvcomponentes.com\/fr\/wp-json\/wp\/v2\/types\/product"}],"replies":[{"embeddable":true,"href":"https:\/\/fvcomponentes.com\/fr\/wp-json\/wp\/v2\/comments?post=6444"}],"wp:featuredmedia":[{"embeddable":true,"href":"https:\/\/fvcomponentes.com\/fr\/wp-json\/wp\/v2\/media\/6442"}],"wp:attachment":[{"href":"https:\/\/fvcomponentes.com\/fr\/wp-json\/wp\/v2\/media?parent=6444"}],"wp:term":[{"taxonomy":"pwb-brand","embeddable":true,"href":"https:\/\/fvcomponentes.com\/fr\/wp-json\/wp\/v2\/pwb-brand?post=6444"},{"taxonomy":"product_brand","embeddable":true,"href":"https:\/\/fvcomponentes.com\/fr\/wp-json\/wp\/v2\/product_brand?post=6444"},{"taxonomy":"product_cat","embeddable":true,"href":"https:\/\/fvcomponentes.com\/fr\/wp-json\/wp\/v2\/product_cat?post=6444"},{"taxonomy":"product_tag","embeddable":true,"href":"https:\/\/fvcomponentes.com\/fr\/wp-json\/wp\/v2\/product_tag?post=6444"}],"curies":[{"name":"wp","href":"https:\/\/api.w.org\/{rel}","templated":true}]}}