{"id":6423,"date":"2024-01-19T19:31:16","date_gmt":"2024-01-19T18:31:16","guid":{"rendered":"https:\/\/fvcomponentes.com\/?post_type=product&#038;p=6423"},"modified":"2026-04-08T21:27:18","modified_gmt":"2026-04-08T19:27:18","slug":"rj12-utp-victron-cable-5m-ass030066050","status":"publish","type":"product","link":"https:\/\/fvcomponentes.com\/fr\/producto\/rj12-utp-cable-victron-5-m-ass030066050\/","title":{"rendered":"RJ12 UTP Victron Cable 5 m - ASS030066050"},"content":{"rendered":"<ul>\n<li>Les compteurs de batterie du BMV <a href=\"https:\/\/www.victronenergy.com\/\" target=\"_blank\" rel=\"noopener\">Victron Energy<\/a> Les shunts sont des dispositifs essentiels pour la surveillance et le contr\u00f4le de l'\u00e9nergie dans les syst\u00e8mes de batteries, et pour assurer leur bon fonctionnement, la connexion entre le shunt et l'unit\u00e9 principale est essentielle. Pour r\u00e9aliser cette connexion, un c\u00e2ble RJ12 est utilis\u00e9.<\/li>\n<li>Ce c\u00e2ble RJ12 est fourni en standard avec chaque <a href=\"https:\/\/fvcomponentes.com\/fr\/produit\/victron-bmv-702-battery-monitor\/\" target=\"_blank\" rel=\"noopener\">Moniteur de batterie BMV<\/a>Cela signifie que lorsque vous achetez l'un de ces appareils, vous disposez d\u00e9j\u00e0 des moyens n\u00e9cessaires pour \u00e9tablir la communication entre le shunt et l'unit\u00e9 de contr\u00f4le. Toutefois, la longueur de ce c\u00e2ble peut ne pas convenir dans tous les cas, car les exigences d'installation peuvent varier.<\/li>\n<li>Lorsque le c\u00e2ble fourni est trop long ou trop court, nous proposons une solution pratique. Les c\u00e2bles de remplacement ont \u00e9t\u00e9 con\u00e7us en diff\u00e9rentes longueurs, allant de 0,3 \u00e0 30 m\u00e8tres. Cela permet aux utilisateurs d'adapter la connexion \u00e0 leurs besoins d'installation sp\u00e9cifiques sans complications.<\/li>\n<li>Ces c\u00e2bles de remplacement RJ12 sont de haute qualit\u00e9 et offrent une excellente transmission de donn\u00e9es, garantissant que les informations du compteur de batterie sont communiqu\u00e9es de mani\u00e8re pr\u00e9cise et fiable entre le shunt et l'unit\u00e9 principale BMV. De plus, la souplesse du choix de la longueur offre une grande polyvalence dans l'installation de ces syst\u00e8mes, que ce soit dans les applications marines, les v\u00e9hicules de loisirs, les syst\u00e8mes solaires ou tout autre environnement o\u00f9 les moniteurs de batterie BMV de Victron Energy sont utilis\u00e9s.<\/li>\n<\/ul>","protected":false},"excerpt":{"rendered":"<p>Longueur : 5 m<\/p>","protected":false},"featured_media":6418,"comment_status":"open","ping_status":"closed","template":"","meta":{"site-sidebar-layout":"default","site-content-layout":"default","ast-site-content-layout":"default","site-content-style":"default","site-sidebar-style":"default","ast-global-header-display":"","ast-banner-title-visibility":"","ast-main-header-display":"","ast-hfb-above-header-display":"","ast-hfb-below-header-display":"","ast-hfb-mobile-header-display":"","site-post-title":"","ast-breadcrumbs-content":"","ast-featured-img":"","footer-sml-layout":"","ast-disable-related-posts":"","theme-transparent-header-meta":"default","adv-header-id-meta":"","stick-header-meta":"","header-above-stick-meta":"","header-main-stick-meta":"","header-below-stick-meta":"","astra-migrate-meta-layouts":"set","ast-page-background-enabled":"default","ast-page-background-meta":{"desktop":{"background-color":"var(--ast-global-color-4)","background-image":"","background-repeat":"repeat","background-position":"center center","background-size":"auto","background-attachment":"scroll","background-type":"","background-media":"","overlay-type":"","overlay-color":"","overlay-opacity":"","overlay-gradient":""},"tablet":{"background-color":"","background-image":"","background-repeat":"repeat","background-position":"center center","background-size":"auto","background-attachment":"scroll","background-type":"","background-media":"","overlay-type":"","overlay-color":"","overlay-opacity":"","overlay-gradient":""},"mobile":{"background-color":"","background-image":"","background-repeat":"repeat","background-position":"center center","background-size":"auto","background-attachment":"scroll","background-type":"","background-media":"","overlay-type":"","overlay-color":"","overlay-opacity":"","overlay-gradient":""}},"ast-content-background-meta":{"desktop":{"background-color":"var(--ast-global-color-5)","background-image":"","background-repeat":"repeat","background-position":"center center","background-size":"auto","background-attachment":"scroll","background-type":"","background-media":"","overlay-type":"","overlay-color":"","overlay-opacity":"","overlay-gradient":""},"tablet":{"background-color":"var(--ast-global-color-5)","background-image":"","background-repeat":"repeat","background-position":"center center","background-size":"auto","background-attachment":"scroll","background-type":"","background-media":"","overlay-type":"","overlay-color":"","overlay-opacity":"","overlay-gradient":""},"mobile":{"background-color":"var(--ast-global-color-5)","background-image":"","background-repeat":"repeat","background-position":"center center","background-size":"auto","background-attachment":"scroll","background-type":"","background-media":"","overlay-type":"","overlay-color":"","overlay-opacity":"","overlay-gradient":""}}},"pwb-brand":[332],"product_brand":[],"product_cat":[410,878],"product_tag":[],"class_list":{"0":"post-6423","1":"product","2":"type-product","3":"status-publish","4":"has-post-thumbnail","6":"pwb-brand-victron","7":"product_cat-material-electrico","8":"product_cat-cables-victron","9":"desktop-align-left","10":"tablet-align-left","11":"mobile-align-left","12":"ast-product-gallery-layout-horizontal-slider","13":"ast-product-gallery-with-no-image","14":"ast-product-tabs-layout-horizontal","16":"first","17":"instock","18":"taxable","19":"shipping-taxable","20":"purchasable","21":"product-type-simple"},"wcpa_form_fields":null,"brands":[{"id":332,"name":"Victron Energy","slug":"victron"}],"_links":{"self":[{"href":"https:\/\/fvcomponentes.com\/fr\/wp-json\/wp\/v2\/product\/6423","targetHints":{"allow":["GET"]}}],"collection":[{"href":"https:\/\/fvcomponentes.com\/fr\/wp-json\/wp\/v2\/product"}],"about":[{"href":"https:\/\/fvcomponentes.com\/fr\/wp-json\/wp\/v2\/types\/product"}],"replies":[{"embeddable":true,"href":"https:\/\/fvcomponentes.com\/fr\/wp-json\/wp\/v2\/comments?post=6423"}],"wp:featuredmedia":[{"embeddable":true,"href":"https:\/\/fvcomponentes.com\/fr\/wp-json\/wp\/v2\/media\/6418"}],"wp:attachment":[{"href":"https:\/\/fvcomponentes.com\/fr\/wp-json\/wp\/v2\/media?parent=6423"}],"wp:term":[{"taxonomy":"pwb-brand","embeddable":true,"href":"https:\/\/fvcomponentes.com\/fr\/wp-json\/wp\/v2\/pwb-brand?post=6423"},{"taxonomy":"product_brand","embeddable":true,"href":"https:\/\/fvcomponentes.com\/fr\/wp-json\/wp\/v2\/product_brand?post=6423"},{"taxonomy":"product_cat","embeddable":true,"href":"https:\/\/fvcomponentes.com\/fr\/wp-json\/wp\/v2\/product_cat?post=6423"},{"taxonomy":"product_tag","embeddable":true,"href":"https:\/\/fvcomponentes.com\/fr\/wp-json\/wp\/v2\/product_tag?post=6423"}],"curies":[{"name":"wp","href":"https:\/\/api.w.org\/{rel}","templated":true}]}}