{"id":6420,"date":"2023-10-09T18:20:09","date_gmt":"2023-10-09T16:20:09","guid":{"rendered":"https:\/\/fvcomponentes.com\/?post_type=product&#038;p=6420"},"modified":"2026-04-04T12:42:18","modified_gmt":"2026-04-04T10:42:18","slug":"rj12-utp-cable-victron-18-m-ass030066018","status":"publish","type":"product","link":"https:\/\/fvcomponentes.com\/fr\/producto\/rj12-utp-cable-victron-18-m-ass030066018\/","title":{"rendered":"RJ12 UTP Victron Cable 1,8 m - ASS030066018"},"content":{"rendered":"<h2>Description C\u00e2ble RJ12 UTP Victron 1,8 m<\/h2>\n<p>Le c\u00e2ble RJ12 UTP de Victron est un composant essentiel dans le monde de la surveillance des batteries, reliant le shunt BMV \u00e0 l'unit\u00e9 principale BMV. Il est sp\u00e9cialement con\u00e7u pour fonctionner avec des mod\u00e8les tels que le <a href=\"https:\/\/fvcomponentes.com\/fr\/produit\/victron-bmv-700-battery-monitor\/\" target=\"_blank\" rel=\"noopener\">BMV700<\/a> et le <a href=\"https:\/\/fvcomponentes.com\/fr\/produit\/victron-bmv-702-battery-monitor\/\" target=\"_blank\" rel=\"noopener\">BMV702<\/a> de <a href=\"https:\/\/www.victronenergy.com.es\/\" target=\"_blank\" rel=\"noopener\">Victron Energy<\/a>.<\/p>\n<p>Ce c\u00e2ble RJ12, petit mais puissant, constitue une solution fiable et polyvalente pour ceux qui souhaitent s'assurer que leurs syst\u00e8mes de batteries fonctionnent de mani\u00e8re optimale.<\/p>\n<p>En outre, un moniteur de batterie BMV est un outil crucial dans les applications o\u00f9 la gestion de l'\u00e9nergie est essentielle, comme les syst\u00e8mes d'\u00e9nergie solaire, les navires, les v\u00e9hicules de loisirs et d'autres syst\u00e8mes autonomes. Sa fonction premi\u00e8re est de mesurer et de surveiller l'\u00e9tat de la batterie, en fournissant des informations pr\u00e9cises sur la charge, la d\u00e9charge, la tension et d'autres param\u00e8tres vitaux. Pour que ces informations atteignent l'unit\u00e9 principale du BMV de mani\u00e8re pr\u00e9cise et opportune, un c\u00e2ble de haute qualit\u00e9, tel que le c\u00e2ble RJ12 UTP de Victron, est n\u00e9cessaire.<\/p>\n<p>Enfin, ce c\u00e2ble est con\u00e7u avec des connecteurs m\u00e2les RJ12 aux deux extr\u00e9mit\u00e9s, ce qui facilite la connexion entre le shunt BMV et l'unit\u00e9 principale BMV. Les connecteurs RJ12 sont courants dans les applications de communication et de donn\u00e9es, ce qui garantit une connexion fiable et sans probl\u00e8me. En outre, le c\u00e2ble utilise la technologie UTP (paires torsad\u00e9es non blind\u00e9es), qui contribue \u00e0 minimiser les interf\u00e9rences \u00e9lectromagn\u00e9tiques et garantit une transmission stable et pr\u00e9cise des donn\u00e9es.<\/p>\n<ul>\n<li>Ce c\u00e2ble RJ12 UTP de Victron relie le shunt BMV \u00e0 l'unit\u00e9 principale BMV (BMV700 et BMV702).<\/li>\n<li>Un c\u00e2ble RJ12 est livr\u00e9 en standard avec un moniteur de batterie BMV, mais si ce c\u00e2ble est trop long ou trop court, il peut \u00eatre remplac\u00e9 par l'un de ces c\u00e2bles.<\/li>\n<li>1xRJ12 m\u00e2le vers 1RJ12 m\u00e2le<\/li>\n<li>Longueur 1,8m<\/li>\n<\/ul>\n<p><em>Voir d'autres c\u00e2bles susceptibles de vous int\u00e9resser <a href=\"https:\/\/fvcomponentes.com\/fr\/?s=UTP&amp;post_type=product&amp;type_aws=true&amp;aws_id=1&amp;aws_filter=1\" target=\"_blank\" rel=\"noopener\">ici<\/a><\/em><\/p>","protected":false},"excerpt":{"rendered":"<p>1xRJ12 m\u00e2le vers 1RJ12 m\u00e2le<\/p>\n<p>Longueur 1,8 m<\/p>\n<p>A utiliser avec les moniteurs de batterie BMV700 et BMV702.<\/p>","protected":false},"featured_media":6418,"comment_status":"open","ping_status":"closed","template":"","meta":{"site-sidebar-layout":"default","site-content-layout":"default","ast-site-content-layout":"default","site-content-style":"default","site-sidebar-style":"default","ast-global-header-display":"","ast-banner-title-visibility":"","ast-main-header-display":"","ast-hfb-above-header-display":"","ast-hfb-below-header-display":"","ast-hfb-mobile-header-display":"","site-post-title":"","ast-breadcrumbs-content":"","ast-featured-img":"","footer-sml-layout":"","ast-disable-related-posts":"","theme-transparent-header-meta":"default","adv-header-id-meta":"","stick-header-meta":"","header-above-stick-meta":"","header-main-stick-meta":"","header-below-stick-meta":"","astra-migrate-meta-layouts":"set","ast-page-background-enabled":"default","ast-page-background-meta":{"desktop":{"background-color":"var(--ast-global-color-4)","background-image":"","background-repeat":"repeat","background-position":"center center","background-size":"auto","background-attachment":"scroll","background-type":"","background-media":"","overlay-type":"","overlay-color":"","overlay-opacity":"","overlay-gradient":""},"tablet":{"background-color":"","background-image":"","background-repeat":"repeat","background-position":"center center","background-size":"auto","background-attachment":"scroll","background-type":"","background-media":"","overlay-type":"","overlay-color":"","overlay-opacity":"","overlay-gradient":""},"mobile":{"background-color":"","background-image":"","background-repeat":"repeat","background-position":"center center","background-size":"auto","background-attachment":"scroll","background-type":"","background-media":"","overlay-type":"","overlay-color":"","overlay-opacity":"","overlay-gradient":""}},"ast-content-background-meta":{"desktop":{"background-color":"var(--ast-global-color-5)","background-image":"","background-repeat":"repeat","background-position":"center center","background-size":"auto","background-attachment":"scroll","background-type":"","background-media":"","overlay-type":"","overlay-color":"","overlay-opacity":"","overlay-gradient":""},"tablet":{"background-color":"var(--ast-global-color-5)","background-image":"","background-repeat":"repeat","background-position":"center center","background-size":"auto","background-attachment":"scroll","background-type":"","background-media":"","overlay-type":"","overlay-color":"","overlay-opacity":"","overlay-gradient":""},"mobile":{"background-color":"var(--ast-global-color-5)","background-image":"","background-repeat":"repeat","background-position":"center center","background-size":"auto","background-attachment":"scroll","background-type":"","background-media":"","overlay-type":"","overlay-color":"","overlay-opacity":"","overlay-gradient":""}}},"pwb-brand":[332],"product_brand":[],"product_cat":[410,878],"product_tag":[],"class_list":{"0":"post-6420","1":"product","2":"type-product","3":"status-publish","4":"has-post-thumbnail","6":"pwb-brand-victron","7":"product_cat-material-electrico","8":"product_cat-cables-victron","9":"desktop-align-left","10":"tablet-align-left","11":"mobile-align-left","12":"ast-product-gallery-layout-horizontal-slider","13":"ast-product-gallery-with-no-image","14":"ast-product-tabs-layout-horizontal","16":"first","17":"instock","18":"taxable","19":"shipping-taxable","20":"purchasable","21":"product-type-simple"},"wcpa_form_fields":null,"brands":[{"id":332,"name":"Victron Energy","slug":"victron"}],"_links":{"self":[{"href":"https:\/\/fvcomponentes.com\/fr\/wp-json\/wp\/v2\/product\/6420","targetHints":{"allow":["GET"]}}],"collection":[{"href":"https:\/\/fvcomponentes.com\/fr\/wp-json\/wp\/v2\/product"}],"about":[{"href":"https:\/\/fvcomponentes.com\/fr\/wp-json\/wp\/v2\/types\/product"}],"replies":[{"embeddable":true,"href":"https:\/\/fvcomponentes.com\/fr\/wp-json\/wp\/v2\/comments?post=6420"}],"wp:featuredmedia":[{"embeddable":true,"href":"https:\/\/fvcomponentes.com\/fr\/wp-json\/wp\/v2\/media\/6418"}],"wp:attachment":[{"href":"https:\/\/fvcomponentes.com\/fr\/wp-json\/wp\/v2\/media?parent=6420"}],"wp:term":[{"taxonomy":"pwb-brand","embeddable":true,"href":"https:\/\/fvcomponentes.com\/fr\/wp-json\/wp\/v2\/pwb-brand?post=6420"},{"taxonomy":"product_brand","embeddable":true,"href":"https:\/\/fvcomponentes.com\/fr\/wp-json\/wp\/v2\/product_brand?post=6420"},{"taxonomy":"product_cat","embeddable":true,"href":"https:\/\/fvcomponentes.com\/fr\/wp-json\/wp\/v2\/product_cat?post=6420"},{"taxonomy":"product_tag","embeddable":true,"href":"https:\/\/fvcomponentes.com\/fr\/wp-json\/wp\/v2\/product_tag?post=6420"}],"curies":[{"name":"wp","href":"https:\/\/api.w.org\/{rel}","templated":true}]}}