{"id":6406,"date":"2023-08-24T09:28:48","date_gmt":"2023-08-24T07:28:48","guid":{"rendered":"https:\/\/fvcomponentes.com\/?post_type=product&#038;p=6406"},"modified":"2026-04-08T21:27:45","modified_gmt":"2026-04-08T19:27:45","slug":"victron-wall-mount-housing-for-bmv-or-mppt-control-ass050500000","status":"publish","type":"product","link":"https:\/\/fvcomponentes.com\/fr\/producto\/carcasa-victron-de-montaje-en-pared-para-bmv-o-mppt-control-ass050500000\/","title":{"rendered":"Victron Bo\u00eetier de montage mural pour BMV ou MPPT - ASS050500000"},"content":{"rendered":"<p>Bo\u00eetier de montage mural Victron pour BMV ou contr\u00f4leur MPPT. Fixez facilement et \u00e9l\u00e9gamment votre contr\u00f4leur de batterie BMV 700, BMV 702 ou votre contr\u00f4leur MPPT.<\/p>\n<p>Cet \u00e9tui offre une protection et une s\u00e9curit\u00e9 accrues \u00e0 vos composants.<\/p>\n<p>Convient aux produits suivants :<\/p>\n<ul>\n<li><a href=\"https:\/\/fvcomponentes.com\/fr\/produit\/victron-bmv-702-battery-monitor\/\" target=\"_blank\" rel=\"noopener\">Moniteur de batterie BMV-702 Victron - BAM010702000<\/a><\/li>\n<li><a href=\"https:\/\/fvcomponentes.com\/fr\/produit\/victron-bmv-700-battery-monitor\/\" target=\"_blank\" rel=\"noopener\">Victron BMV-700 Moniteur de batterie - BAM010700000<\/a><\/li>\n<li><a href=\"https:\/\/fvcomponentes.com\/fr\/produit\/controle-mppt-victron-scc900500000\/\" target=\"_blank\" rel=\"noopener\">Contr\u00f4le MPPT Victron - SCC900500000<\/a><\/li>\n<\/ul>\n<h2>Fiche technique Bo\u00eetier de montage mural Victron pour contr\u00f4le BMV ou MPPT - ASS050500000<\/h2>\n<p><a href=\"https:\/\/fvcomponentes.com\/wp-content\/uploads\/2023\/03\/Wall-mounted-display-enclosures-EN.pdf\" target=\"_blank\" rel=\"noopener\">Voir la fiche technique du Bo\u00eetier de montage mural Victron pour contr\u00f4le BMV ou MPPT - ASS050500000<\/a><\/p>","protected":false},"excerpt":{"rendered":"<p><strong>Taille de la bo\u00eete :<\/strong> 130 x 85 x 65<\/p>","protected":false},"featured_media":6408,"comment_status":"open","ping_status":"closed","template":"","meta":{"site-sidebar-layout":"default","site-content-layout":"default","ast-site-content-layout":"default","site-content-style":"default","site-sidebar-style":"default","ast-global-header-display":"","ast-banner-title-visibility":"","ast-main-header-display":"","ast-hfb-above-header-display":"","ast-hfb-below-header-display":"","ast-hfb-mobile-header-display":"","site-post-title":"","ast-breadcrumbs-content":"","ast-featured-img":"","footer-sml-layout":"","ast-disable-related-posts":"","theme-transparent-header-meta":"default","adv-header-id-meta":"","stick-header-meta":"","header-above-stick-meta":"","header-main-stick-meta":"","header-below-stick-meta":"","astra-migrate-meta-layouts":"set","ast-page-background-enabled":"default","ast-page-background-meta":{"desktop":{"background-color":"var(--ast-global-color-4)","background-image":"","background-repeat":"repeat","background-position":"center center","background-size":"auto","background-attachment":"scroll","background-type":"","background-media":"","overlay-type":"","overlay-color":"","overlay-opacity":"","overlay-gradient":""},"tablet":{"background-color":"","background-image":"","background-repeat":"repeat","background-position":"center center","background-size":"auto","background-attachment":"scroll","background-type":"","background-media":"","overlay-type":"","overlay-color":"","overlay-opacity":"","overlay-gradient":""},"mobile":{"background-color":"","background-image":"","background-repeat":"repeat","background-position":"center center","background-size":"auto","background-attachment":"scroll","background-type":"","background-media":"","overlay-type":"","overlay-color":"","overlay-opacity":"","overlay-gradient":""}},"ast-content-background-meta":{"desktop":{"background-color":"var(--ast-global-color-5)","background-image":"","background-repeat":"repeat","background-position":"center center","background-size":"auto","background-attachment":"scroll","background-type":"","background-media":"","overlay-type":"","overlay-color":"","overlay-opacity":"","overlay-gradient":""},"tablet":{"background-color":"var(--ast-global-color-5)","background-image":"","background-repeat":"repeat","background-position":"center center","background-size":"auto","background-attachment":"scroll","background-type":"","background-media":"","overlay-type":"","overlay-color":"","overlay-opacity":"","overlay-gradient":""},"mobile":{"background-color":"var(--ast-global-color-5)","background-image":"","background-repeat":"repeat","background-position":"center center","background-size":"auto","background-attachment":"scroll","background-type":"","background-media":"","overlay-type":"","overlay-color":"","overlay-opacity":"","overlay-gradient":""}}},"pwb-brand":[332],"product_brand":[],"product_cat":[391,340,933],"product_tag":[],"class_list":{"0":"post-6406","1":"product","2":"type-product","3":"status-publish","4":"has-post-thumbnail","6":"pwb-brand-victron","7":"product_cat-accesorios-para-baterias","8":"product_cat-baterias","9":"product_cat-monitores-de-baterias","10":"desktop-align-left","11":"tablet-align-left","12":"mobile-align-left","13":"ast-product-gallery-layout-horizontal-slider","14":"ast-product-tabs-layout-horizontal","16":"first","17":"instock","18":"taxable","19":"shipping-taxable","20":"purchasable","21":"product-type-simple"},"wcpa_form_fields":null,"brands":[{"id":332,"name":"Victron Energy","slug":"victron"}],"_links":{"self":[{"href":"https:\/\/fvcomponentes.com\/fr\/wp-json\/wp\/v2\/product\/6406","targetHints":{"allow":["GET"]}}],"collection":[{"href":"https:\/\/fvcomponentes.com\/fr\/wp-json\/wp\/v2\/product"}],"about":[{"href":"https:\/\/fvcomponentes.com\/fr\/wp-json\/wp\/v2\/types\/product"}],"replies":[{"embeddable":true,"href":"https:\/\/fvcomponentes.com\/fr\/wp-json\/wp\/v2\/comments?post=6406"}],"wp:featuredmedia":[{"embeddable":true,"href":"https:\/\/fvcomponentes.com\/fr\/wp-json\/wp\/v2\/media\/6408"}],"wp:attachment":[{"href":"https:\/\/fvcomponentes.com\/fr\/wp-json\/wp\/v2\/media?parent=6406"}],"wp:term":[{"taxonomy":"pwb-brand","embeddable":true,"href":"https:\/\/fvcomponentes.com\/fr\/wp-json\/wp\/v2\/pwb-brand?post=6406"},{"taxonomy":"product_brand","embeddable":true,"href":"https:\/\/fvcomponentes.com\/fr\/wp-json\/wp\/v2\/product_brand?post=6406"},{"taxonomy":"product_cat","embeddable":true,"href":"https:\/\/fvcomponentes.com\/fr\/wp-json\/wp\/v2\/product_cat?post=6406"},{"taxonomy":"product_tag","embeddable":true,"href":"https:\/\/fvcomponentes.com\/fr\/wp-json\/wp\/v2\/product_tag?post=6406"}],"curies":[{"name":"wp","href":"https:\/\/api.w.org\/{rel}","templated":true}]}}