{"id":6400,"date":"2023-08-24T09:16:09","date_gmt":"2023-08-24T07:16:09","guid":{"rendered":"https:\/\/fvcomponentes.com\/?post_type=product&#038;p=6400"},"modified":"2026-04-08T21:28:35","modified_gmt":"2026-04-08T19:28:35","slug":"victron-wall-mount-housing-for-colorcontrol-gx-ass050400000","status":"publish","type":"product","link":"https:\/\/fvcomponentes.com\/fr\/producto\/carcasa-victron-de-montaje-en-pared-para-colorcontrol-gx-ass050400000\/","title":{"rendered":"Bo\u00eetier de montage mural Victron pour ColorControl GX - ASS050400000"},"content":{"rendered":"<p>Bo\u00eetier de montage mural Victron pour ColorControl GX - ASS050400000. Montez votre moniteur Color Control GX de mani\u00e8re simple et \u00e9l\u00e9gante.<\/p>\n<p>Cet \u00e9tui offre une protection et une s\u00e9curit\u00e9 accrues \u00e0 vos composants.<\/p>\n<p>Convient aux produits suivants :<\/p>\n<ul>\n<li><a href=\"https:\/\/fvcomponentes.com\/fr\/produit\/victron-colour-control-gx-display\/\" target=\"_blank\" rel=\"noopener\">Contr\u00f4le des couleurs GX<\/a><\/li>\n<li>VE.Net Blue Power Panel de GX<\/li>\n<\/ul>\n<h2>Fiche technique Victron Bo\u00eetier de montage mural pour ColorControl GX - ASS050400000<\/h2>\n<p><a href=\"https:\/\/fvcomponentes.com\/wp-content\/uploads\/2023\/03\/Wall-mounted-display-enclosures-EN.pdf\" target=\"_blank\" rel=\"noopener\">Voir la fiche technique des bo\u00eetiers muraux ColorControl GX Victron - ASS050400000\u00a0<\/a><\/p>","protected":false},"excerpt":{"rendered":"<p><strong>Taille de la bo\u00eete :<\/strong> 163 x 135 x 72mm<\/p>","protected":false},"featured_media":6405,"comment_status":"open","ping_status":"closed","template":"","meta":{"site-sidebar-layout":"default","site-content-layout":"default","ast-site-content-layout":"default","site-content-style":"default","site-sidebar-style":"default","ast-global-header-display":"","ast-banner-title-visibility":"","ast-main-header-display":"","ast-hfb-above-header-display":"","ast-hfb-below-header-display":"","ast-hfb-mobile-header-display":"","site-post-title":"","ast-breadcrumbs-content":"","ast-featured-img":"","footer-sml-layout":"","ast-disable-related-posts":"","theme-transparent-header-meta":"default","adv-header-id-meta":"","stick-header-meta":"","header-above-stick-meta":"","header-main-stick-meta":"","header-below-stick-meta":"","astra-migrate-meta-layouts":"set","ast-page-background-enabled":"default","ast-page-background-meta":{"desktop":{"background-color":"var(--ast-global-color-4)","background-image":"","background-repeat":"repeat","background-position":"center center","background-size":"auto","background-attachment":"scroll","background-type":"","background-media":"","overlay-type":"","overlay-color":"","overlay-opacity":"","overlay-gradient":""},"tablet":{"background-color":"","background-image":"","background-repeat":"repeat","background-position":"center center","background-size":"auto","background-attachment":"scroll","background-type":"","background-media":"","overlay-type":"","overlay-color":"","overlay-opacity":"","overlay-gradient":""},"mobile":{"background-color":"","background-image":"","background-repeat":"repeat","background-position":"center center","background-size":"auto","background-attachment":"scroll","background-type":"","background-media":"","overlay-type":"","overlay-color":"","overlay-opacity":"","overlay-gradient":""}},"ast-content-background-meta":{"desktop":{"background-color":"var(--ast-global-color-5)","background-image":"","background-repeat":"repeat","background-position":"center center","background-size":"auto","background-attachment":"scroll","background-type":"","background-media":"","overlay-type":"","overlay-color":"","overlay-opacity":"","overlay-gradient":""},"tablet":{"background-color":"var(--ast-global-color-5)","background-image":"","background-repeat":"repeat","background-position":"center center","background-size":"auto","background-attachment":"scroll","background-type":"","background-media":"","overlay-type":"","overlay-color":"","overlay-opacity":"","overlay-gradient":""},"mobile":{"background-color":"var(--ast-global-color-5)","background-image":"","background-repeat":"repeat","background-position":"center center","background-size":"auto","background-attachment":"scroll","background-type":"","background-media":"","overlay-type":"","overlay-color":"","overlay-opacity":"","overlay-gradient":""}}},"pwb-brand":[332],"product_brand":[],"product_cat":[351,391,340,933],"product_tag":[],"class_list":{"0":"post-6400","1":"product","2":"type-product","3":"status-publish","4":"has-post-thumbnail","6":"pwb-brand-victron","7":"product_cat-accesorios","8":"product_cat-accesorios-para-baterias","9":"product_cat-baterias","10":"product_cat-monitores-de-baterias","11":"desktop-align-left","12":"tablet-align-left","13":"mobile-align-left","14":"ast-product-gallery-layout-horizontal-slider","15":"ast-product-tabs-layout-horizontal","17":"first","18":"instock","19":"taxable","20":"shipping-taxable","21":"purchasable","22":"product-type-simple"},"wcpa_form_fields":null,"brands":[{"id":332,"name":"Victron Energy","slug":"victron"}],"_links":{"self":[{"href":"https:\/\/fvcomponentes.com\/fr\/wp-json\/wp\/v2\/product\/6400","targetHints":{"allow":["GET"]}}],"collection":[{"href":"https:\/\/fvcomponentes.com\/fr\/wp-json\/wp\/v2\/product"}],"about":[{"href":"https:\/\/fvcomponentes.com\/fr\/wp-json\/wp\/v2\/types\/product"}],"replies":[{"embeddable":true,"href":"https:\/\/fvcomponentes.com\/fr\/wp-json\/wp\/v2\/comments?post=6400"}],"wp:featuredmedia":[{"embeddable":true,"href":"https:\/\/fvcomponentes.com\/fr\/wp-json\/wp\/v2\/media\/6405"}],"wp:attachment":[{"href":"https:\/\/fvcomponentes.com\/fr\/wp-json\/wp\/v2\/media?parent=6400"}],"wp:term":[{"taxonomy":"pwb-brand","embeddable":true,"href":"https:\/\/fvcomponentes.com\/fr\/wp-json\/wp\/v2\/pwb-brand?post=6400"},{"taxonomy":"product_brand","embeddable":true,"href":"https:\/\/fvcomponentes.com\/fr\/wp-json\/wp\/v2\/product_brand?post=6400"},{"taxonomy":"product_cat","embeddable":true,"href":"https:\/\/fvcomponentes.com\/fr\/wp-json\/wp\/v2\/product_cat?post=6400"},{"taxonomy":"product_tag","embeddable":true,"href":"https:\/\/fvcomponentes.com\/fr\/wp-json\/wp\/v2\/product_tag?post=6400"}],"curies":[{"name":"wp","href":"https:\/\/api.w.org\/{rel}","templated":true}]}}