{"id":6386,"date":"2023-11-22T13:54:04","date_gmt":"2023-11-22T12:54:04","guid":{"rendered":"https:\/\/fvcomponentes.com\/?post_type=product&#038;p=6386"},"modified":"2026-04-08T21:33:43","modified_gmt":"2026-04-08T19:33:43","slug":"globlalling-520-victron-ass030543020","status":"publish","type":"product","link":"https:\/\/fvcomponentes.com\/fr\/producto\/globlalling-520-victron-ass030543020\/","title":{"rendered":"GloblalLink 520 Victron - ASS03054303020"},"content":{"rendered":"<div>Victron estime que la possibilit\u00e9 de contr\u00f4ler l'installation \u00e0 tout moment et en tout lieu est un facteur cl\u00e9 pour la maintenance et le fonctionnement corrects de ses solutions hors r\u00e9seau. L'absence de connexion au r\u00e9seau ne doit pas signifier l'absence de connexion \u00e0 Internet, c'est pourquoi Victron a cr\u00e9\u00e9 le Victron GloblalLink 520 - ASS03054303020. Cet appareil apporte la connectivit\u00e9 4G LTE-M \u00e0 tous les appareils compatibles VE.Direct sans avoir besoin de frais mensuels ou d'abonnements, <strong>pour les cinq premi\u00e8res ann\u00e9es.<\/strong><\/div>\n<p>&nbsp;<\/p>\n<h2>Connectivit\u00e9 mondiale avec 4G LTE-M<\/h2>\n<div>LTE-M est l'abr\u00e9viation de LTE Cat-M1 ou Long Term Evolution (4G), cat\u00e9gorie M1. Cette technologie mobile est con\u00e7ue pour connecter les appareils de l'internet des objets aux tours 4G existantes en utilisant une faible puissance. Le LTE-M prend en charge les transferts et l'itin\u00e9rance, de sorte qu'il est possible d'utiliser cet appareil dans un v\u00e9hicule en mouvement, tel qu'un camping-car. <strong>Consultation <a href=\"https:\/\/www.1nce.com\/en-us\" target=\"_blank\" rel=\"noopener\">https:\/\/1nce.com\/en\/coverage\/<\/a> pour savoir si la disponibilit\u00e9 du LTE-M a \u00e9t\u00e9 officiellement confirm\u00e9e dans votre r\u00e9gion.<\/strong>. La couverture augmente chaque semaine au fur et \u00e0 mesure que les fournisseurs locaux apportent leur soutien. Votre achat inclut 5 ans de connectivit\u00e9, vous n'avez donc pas \u00e0 vous soucier d'acheter un forfait de donn\u00e9es et une carte SIM s\u00e9par\u00e9ment.<\/div>\n<div>Apr\u00e8s ces 5 ann\u00e9es, les s<span style=\"font-size: 16px\">Si les r\u00e9seaux 4G LTE-M continuent \u00e0 fonctionner, vous pouvez soit a) acheter 5 ans suppl\u00e9mentaires aupr\u00e8s de Victron, soit b) ins\u00e9rer votre propre carte SIM.<\/span><\/div>\n<p>&nbsp;<\/p>\n<h2>Surveillance et contr\u00f4le ais\u00e9s du syst\u00e8me<\/h2>\n<div>Le GloblalLink 520 de Victron - ASS030543020 comprend deux ports VE.Direct qui vous permettent de connecter jusqu'\u00e0 deux appareils VE.Direct, tels qu'un contr\u00f4leur de batterie BMV et\/ou un contr\u00f4leur de charge solaire MPPT, directement au VRM. Avec deux entr\u00e9es num\u00e9riques qui font \u00e9galement office de compteurs d'impulsions et un relais contr\u00f4lable \u00e0 distance, il s'agit d'une solution parfaite pour surveiller et contr\u00f4ler votre installation.<\/div>\n<p>&nbsp;<\/p>\n<h2>Antenne int\u00e9gr\u00e9e<\/h2>\n<div>Le GlobalLink 520 est livr\u00e9 avec une antenne int\u00e9gr\u00e9e con\u00e7ue pour fonctionner dans le monde entier. Cependant, si vous avez besoin d'une meilleure r\u00e9ception, il est \u00e9galement possible de monter une antenne externe.<\/div>\n<p>&nbsp;<\/p>\n<h2>Gestion \u00e0 distance de Victron<\/h2>\n<div>\n<p>Le portail en ligne Victron Remote Management (VRM) permet d'acc\u00e9der \u00e0 l'installation de n'importe o\u00f9 et \u00e0 n'importe quel moment. Dans le VRM, vous pouvez v\u00e9rifier l'\u00e9tat des produits connect\u00e9s, visualiser des graphiques historiques d\u00e9taill\u00e9s sur l'\u00e9nergie, g\u00e9n\u00e9rer des rapports analytiques d\u00e9taill\u00e9s et m\u00eame configurer des alarmes automatiques en cas de probl\u00e8me.<\/p>\n<p>&nbsp;<\/p>\n<\/div>\n<h2>Fiche technique GloblalLink 520 Victron - ASS03054303020<\/h2>\n<p><a href=\"https:\/\/fvcomponentes.com\/wp-content\/uploads\/2023\/03\/GlobalLink-520-ES.pdf\" target=\"_blank\" rel=\"noopener\">Voir la fiche technique Victron GloblalLink 520 - ASS03054303020<\/a><\/p>\n<h2>Manuel Victron GloblalLink 520 - ASS030543020<\/h2>\n<p><a href=\"https:\/\/fvcomponentes.com\/wp-content\/uploads\/2025\/10\/19329-GlobalLink_520-pdf-es.pdf\" target=\"_blank\" rel=\"noopener\">Voir le manuel GloblalLink 520 Victron<\/a><\/p>","protected":false},"excerpt":{"rendered":"<ul>\n<li><strong>Dimensions (mm)<\/strong>: 23 x 123 x 67<\/li>\n<li><b>Comprend une carte SIM avec 5 ans de connectivit\u00e9.<\/b><\/li>\n<li><strong>Assembl\u00e9e<\/strong> et la configuration.<\/li>\n<li><strong>Bluetooth.<\/strong><\/li>\n<\/ul>","protected":false},"featured_media":6391,"comment_status":"open","ping_status":"closed","template":"","meta":{"site-sidebar-layout":"default","site-content-layout":"default","ast-site-content-layout":"default","site-content-style":"default","site-sidebar-style":"default","ast-global-header-display":"","ast-banner-title-visibility":"","ast-main-header-display":"","ast-hfb-above-header-display":"","ast-hfb-below-header-display":"","ast-hfb-mobile-header-display":"","site-post-title":"","ast-breadcrumbs-content":"","ast-featured-img":"","footer-sml-layout":"","ast-disable-related-posts":"","theme-transparent-header-meta":"default","adv-header-id-meta":"","stick-header-meta":"","header-above-stick-meta":"","header-main-stick-meta":"","header-below-stick-meta":"","astra-migrate-meta-layouts":"set","ast-page-background-enabled":"default","ast-page-background-meta":{"desktop":{"background-color":"var(--ast-global-color-4)","background-image":"","background-repeat":"repeat","background-position":"center center","background-size":"auto","background-attachment":"scroll","background-type":"","background-media":"","overlay-type":"","overlay-color":"","overlay-opacity":"","overlay-gradient":""},"tablet":{"background-color":"","background-image":"","background-repeat":"repeat","background-position":"center center","background-size":"auto","background-attachment":"scroll","background-type":"","background-media":"","overlay-type":"","overlay-color":"","overlay-opacity":"","overlay-gradient":""},"mobile":{"background-color":"","background-image":"","background-repeat":"repeat","background-position":"center center","background-size":"auto","background-attachment":"scroll","background-type":"","background-media":"","overlay-type":"","overlay-color":"","overlay-opacity":"","overlay-gradient":""}},"ast-content-background-meta":{"desktop":{"background-color":"var(--ast-global-color-5)","background-image":"","background-repeat":"repeat","background-position":"center center","background-size":"auto","background-attachment":"scroll","background-type":"","background-media":"","overlay-type":"","overlay-color":"","overlay-opacity":"","overlay-gradient":""},"tablet":{"background-color":"var(--ast-global-color-5)","background-image":"","background-repeat":"repeat","background-position":"center center","background-size":"auto","background-attachment":"scroll","background-type":"","background-media":"","overlay-type":"","overlay-color":"","overlay-opacity":"","overlay-gradient":""},"mobile":{"background-color":"var(--ast-global-color-5)","background-image":"","background-repeat":"repeat","background-position":"center center","background-size":"auto","background-attachment":"scroll","background-type":"","background-media":"","overlay-type":"","overlay-color":"","overlay-opacity":"","overlay-gradient":""}}},"pwb-brand":[332],"product_brand":[],"product_cat":[351,333,934],"product_tag":[],"class_list":{"0":"post-6386","1":"product","2":"type-product","3":"status-publish","4":"has-post-thumbnail","6":"pwb-brand-victron","7":"product_cat-accesorios","8":"product_cat-inversores","9":"product_cat-monitorizacion","10":"desktop-align-left","11":"tablet-align-left","12":"mobile-align-left","13":"ast-product-gallery-layout-horizontal-slider","14":"ast-product-tabs-layout-horizontal","16":"first","17":"instock","18":"taxable","19":"shipping-taxable","20":"purchasable","21":"product-type-simple"},"wcpa_form_fields":null,"brands":[{"id":332,"name":"Victron Energy","slug":"victron"}],"_links":{"self":[{"href":"https:\/\/fvcomponentes.com\/fr\/wp-json\/wp\/v2\/product\/6386","targetHints":{"allow":["GET"]}}],"collection":[{"href":"https:\/\/fvcomponentes.com\/fr\/wp-json\/wp\/v2\/product"}],"about":[{"href":"https:\/\/fvcomponentes.com\/fr\/wp-json\/wp\/v2\/types\/product"}],"replies":[{"embeddable":true,"href":"https:\/\/fvcomponentes.com\/fr\/wp-json\/wp\/v2\/comments?post=6386"}],"wp:featuredmedia":[{"embeddable":true,"href":"https:\/\/fvcomponentes.com\/fr\/wp-json\/wp\/v2\/media\/6391"}],"wp:attachment":[{"href":"https:\/\/fvcomponentes.com\/fr\/wp-json\/wp\/v2\/media?parent=6386"}],"wp:term":[{"taxonomy":"pwb-brand","embeddable":true,"href":"https:\/\/fvcomponentes.com\/fr\/wp-json\/wp\/v2\/pwb-brand?post=6386"},{"taxonomy":"product_brand","embeddable":true,"href":"https:\/\/fvcomponentes.com\/fr\/wp-json\/wp\/v2\/product_brand?post=6386"},{"taxonomy":"product_cat","embeddable":true,"href":"https:\/\/fvcomponentes.com\/fr\/wp-json\/wp\/v2\/product_cat?post=6386"},{"taxonomy":"product_tag","embeddable":true,"href":"https:\/\/fvcomponentes.com\/fr\/wp-json\/wp\/v2\/product_tag?post=6386"}],"curies":[{"name":"wp","href":"https:\/\/api.w.org\/{rel}","templated":true}]}}