{"id":6353,"date":"2023-10-23T16:49:46","date_gmt":"2023-10-23T14:49:46","guid":{"rendered":"https:\/\/fvcomponentes.com\/?post_type=product&#038;p=6353"},"modified":"2026-04-04T12:47:47","modified_gmt":"2026-04-04T10:47:47","slug":"victron-skylla-sdrpskc-victron-skylla-control-panel","status":"publish","type":"product","link":"https:\/\/fvcomponentes.com\/fr\/producto\/panel-de-control-victron-skylla-sdrpskc\/","title":{"rendered":"Panneau de contr\u00f4le Victron Skylla - SDRPSKC"},"content":{"rendered":"<h2>Caract\u00e9ristiques du panneau de contr\u00f4le Victron Skylla - SDRPSKC<\/h2>\n<p>Le panneau de contr\u00f4le Victron Energy Victron Skylla - SDRPSKC est un dispositif utilis\u00e9 pour contr\u00f4ler et surveiller les chargeurs de batterie de la s\u00e9rie Skylla de Victron Energy. <a href=\"https:\/\/www.victronenergy.com.es\/\" target=\"_blank\" rel=\"noopener\">Victron Energy<\/a>.<\/p>\n<p>Elle permet \u00e9galement d'acc\u00e9der \u00e0 diverses fonctions et param\u00e8tres du chargeur de batterie, ce qui facilite la gestion et le suivi du processus de charge de la batterie. Voici quelques-unes des fonctions que la t\u00e9l\u00e9commande Skylla peut offrir :<\/p>\n<ol>\n<li><strong>Contr\u00f4le de la charge :<\/strong> Vous pouvez r\u00e9gler le courant et la tension de charge en fonction des besoins sp\u00e9cifiques de vos batteries, ce qui contribue \u00e0 prolonger leur dur\u00e9e de vie.<\/li>\n<li><strong>Contr\u00f4le de l'\u00e9tat de charge :<\/strong> La t\u00e9l\u00e9commande affiche des informations sur l'\u00e9tat de charge de la batterie, telles que le niveau de charge, le courant de charge et la tension de la batterie, ce qui vous permet de suivre l'\u00e9tat de la batterie.<\/li>\n<li><strong>Alarmes et notifications :<\/strong> Vous pouvez d\u00e9finir des alarmes et des notifications pour vous avertir en cas de probl\u00e8mes ou lorsque certains seuils de charge sont atteints.<\/li>\n<li><strong>Diagnostic des probl\u00e8mes :<\/strong> La t\u00e9l\u00e9commande Skylla peut fournir des informations sur les probl\u00e8mes \u00e9ventuels li\u00e9s aux batteries ou au chargeur, ce qui facilite l'identification et la r\u00e9solution des probl\u00e8mes.<\/li>\n<li><strong>T\u00e9l\u00e9commande :<\/strong> Permet de contr\u00f4ler \u00e0 distance le chargeur de batterie \u00e0 partir d'un endroit pratique, ce qui est utile dans les applications o\u00f9 le chargeur peut \u00eatre situ\u00e9 dans un endroit difficile d'acc\u00e8s.<\/li>\n<\/ol>\n<h2>Chargeurs compatibles recommand\u00e9s par FVComponents<\/h2>\n<ul>\n<li>Si votre installation est de type marin, camping-car ou solaire domestique : le Skylla-i (mod\u00e8les <a href=\"https:\/\/fvcomponentes.com\/fr\/produit\/chargeur-victron-skylla-i-24-80-11-ski024100000\/\" target=\"_blank\" rel=\"noopener\">24 V<\/a>, <a href=\"https:\/\/fvcomponentes.com\/fr\/produit\/chargeur-victron-skylla-i-24-100-11-ski024100000\/\" target=\"_blank\" rel=\"noopener\">1+1<\/a> o <a href=\"https:\/\/fvcomponentes.com\/fr\/produit\/chargeur-victron-skylla-i-24-80-3-ski024080002\/\" target=\"_blank\" rel=\"noopener\">3 points de vente<\/a>.) ou Skylla-IP65 (mod\u00e8les <a href=\"https:\/\/fvcomponentes.com\/fr\/produit\/victron-skylla-charger-ip65-12-70-11-120-240v-sky012070000\/\" target=\"_blank\" rel=\"noopener\">12\/70 (1+1)<\/a> o <a href=\"https:\/\/fvcomponentes.com\/fr\/produit\/victron-skylla-charger-ip65-24-35-11-120-240v-sky024035000\/\" target=\"_blank\" rel=\"noopener\">24\/35<\/a>) sont les meilleurs choix.<\/li>\n<li>Pour les environnements industriels\/arides ou ceux n\u00e9cessitant un courant \u00e9lev\u00e9 : optez pour le Skylla-TG (mod\u00e8les Skylla-TG). <a href=\"https:\/\/fvcomponentes.com\/fr\/produit\/chargeur-victron-skylla-tg-24-50-11-sdtg2400501\/\" target=\"_blank\" rel=\"noopener\">24\/50<\/a>, <a href=\"https:\/\/fvcomponentes.com\/fr\/produit\/chargeur-victron-skylla-tg-48-50-11-sdtg4800501\/\" target=\"_blank\" rel=\"noopener\">48\/50<\/a>.)<\/li>\n<\/ul>","protected":false},"excerpt":{"rendered":"<p><strong>Dimensions (mm) :<\/strong> 65 x 120 x 40<\/p>","protected":false},"featured_media":6354,"comment_status":"open","ping_status":"closed","template":"","meta":{"site-sidebar-layout":"default","site-content-layout":"default","ast-site-content-layout":"default","site-content-style":"default","site-sidebar-style":"default","ast-global-header-display":"","ast-banner-title-visibility":"","ast-main-header-display":"","ast-hfb-above-header-display":"","ast-hfb-below-header-display":"","ast-hfb-mobile-header-display":"","site-post-title":"","ast-breadcrumbs-content":"","ast-featured-img":"","footer-sml-layout":"","ast-disable-related-posts":"","theme-transparent-header-meta":"default","adv-header-id-meta":"","stick-header-meta":"","header-above-stick-meta":"","header-main-stick-meta":"","header-below-stick-meta":"","astra-migrate-meta-layouts":"set","ast-page-background-enabled":"default","ast-page-background-meta":{"desktop":{"background-color":"var(--ast-global-color-4)","background-image":"","background-repeat":"repeat","background-position":"center center","background-size":"auto","background-attachment":"scroll","background-type":"","background-media":"","overlay-type":"","overlay-color":"","overlay-opacity":"","overlay-gradient":""},"tablet":{"background-color":"","background-image":"","background-repeat":"repeat","background-position":"center center","background-size":"auto","background-attachment":"scroll","background-type":"","background-media":"","overlay-type":"","overlay-color":"","overlay-opacity":"","overlay-gradient":""},"mobile":{"background-color":"","background-image":"","background-repeat":"repeat","background-position":"center center","background-size":"auto","background-attachment":"scroll","background-type":"","background-media":"","overlay-type":"","overlay-color":"","overlay-opacity":"","overlay-gradient":""}},"ast-content-background-meta":{"desktop":{"background-color":"var(--ast-global-color-5)","background-image":"","background-repeat":"repeat","background-position":"center center","background-size":"auto","background-attachment":"scroll","background-type":"","background-media":"","overlay-type":"","overlay-color":"","overlay-opacity":"","overlay-gradient":""},"tablet":{"background-color":"var(--ast-global-color-5)","background-image":"","background-repeat":"repeat","background-position":"center center","background-size":"auto","background-attachment":"scroll","background-type":"","background-media":"","overlay-type":"","overlay-color":"","overlay-opacity":"","overlay-gradient":""},"mobile":{"background-color":"var(--ast-global-color-5)","background-image":"","background-repeat":"repeat","background-position":"center center","background-size":"auto","background-attachment":"scroll","background-type":"","background-media":"","overlay-type":"","overlay-color":"","overlay-opacity":"","overlay-gradient":""}}},"pwb-brand":[332],"product_brand":[],"product_cat":[419,966],"product_tag":[],"class_list":{"0":"post-6353","1":"product","2":"type-product","3":"status-publish","4":"has-post-thumbnail","6":"pwb-brand-victron","7":"product_cat-cargadores-de-baterias","8":"product_cat-accesorios-cargadores","9":"desktop-align-left","10":"tablet-align-left","11":"mobile-align-left","12":"ast-product-gallery-layout-horizontal-slider","13":"ast-product-gallery-with-no-image","14":"ast-product-tabs-layout-horizontal","16":"first","17":"instock","18":"taxable","19":"shipping-taxable","20":"purchasable","21":"product-type-simple"},"wcpa_form_fields":null,"brands":[{"id":332,"name":"Victron Energy","slug":"victron"}],"_links":{"self":[{"href":"https:\/\/fvcomponentes.com\/fr\/wp-json\/wp\/v2\/product\/6353","targetHints":{"allow":["GET"]}}],"collection":[{"href":"https:\/\/fvcomponentes.com\/fr\/wp-json\/wp\/v2\/product"}],"about":[{"href":"https:\/\/fvcomponentes.com\/fr\/wp-json\/wp\/v2\/types\/product"}],"replies":[{"embeddable":true,"href":"https:\/\/fvcomponentes.com\/fr\/wp-json\/wp\/v2\/comments?post=6353"}],"wp:featuredmedia":[{"embeddable":true,"href":"https:\/\/fvcomponentes.com\/fr\/wp-json\/wp\/v2\/media\/6354"}],"wp:attachment":[{"href":"https:\/\/fvcomponentes.com\/fr\/wp-json\/wp\/v2\/media?parent=6353"}],"wp:term":[{"taxonomy":"pwb-brand","embeddable":true,"href":"https:\/\/fvcomponentes.com\/fr\/wp-json\/wp\/v2\/pwb-brand?post=6353"},{"taxonomy":"product_brand","embeddable":true,"href":"https:\/\/fvcomponentes.com\/fr\/wp-json\/wp\/v2\/product_brand?post=6353"},{"taxonomy":"product_cat","embeddable":true,"href":"https:\/\/fvcomponentes.com\/fr\/wp-json\/wp\/v2\/product_cat?post=6353"},{"taxonomy":"product_tag","embeddable":true,"href":"https:\/\/fvcomponentes.com\/fr\/wp-json\/wp\/v2\/product_tag?post=6353"}],"curies":[{"name":"wp","href":"https:\/\/api.w.org\/{rel}","templated":true}]}}