{"id":6344,"date":"2024-01-19T19:30:15","date_gmt":"2024-01-19T18:30:15","guid":{"rendered":"https:\/\/fvcomponentes.com\/?post_type=product&#038;p=6344"},"modified":"2026-04-08T21:30:23","modified_gmt":"2026-04-08T19:30:23","slug":"victron-phoenix-charger-control-panel-rec010001110","status":"publish","type":"product","link":"https:\/\/fvcomponentes.com\/fr\/producto\/panel-de-control-del-cargador-victron-phoenix-rec010001110\/","title":{"rendered":"Victron Phoenix Charger Control Panel - REC010001110"},"content":{"rendered":"<h2>Caract\u00e9ristiques du panneau de contr\u00f4le du chargeur <a href=\"https:\/\/www.victronenergy.com.es\/\" target=\"_blank\" rel=\"noopener\">Victron<\/a> Phoenix - REC010001110<\/h2>\n<p>Le panneau PCC, ou panneau de contr\u00f4le de la charge, est un \u00e9l\u00e9ment fondamental du processus de charge de la batterie qui offre une s\u00e9rie d'avantages et de fonctionnalit\u00e9s qui optimisent le contr\u00f4le et la surveillance \u00e0 distance. Ce dispositif, \u00e9quip\u00e9 d'indications LED, fournit des informations en temps r\u00e9el sur l'\u00e9tat du chargeur, ce qui facilite le contr\u00f4le de la charge de mani\u00e8re efficace et sans qu'il soit n\u00e9cessaire d'\u00eatre physiquement pr\u00e9sent sur le site de charge.<\/p>\n<p>D'une part, nous pouvons souligner l'une des caract\u00e9ristiques les plus importantes du panneau PCC, \u00e0 savoir sa capacit\u00e9 \u00e0 ajuster le courant de sortie. Cela permet non seulement d'adapter la charge aux besoins sp\u00e9cifiques de la batterie, mais aussi de limiter le courant de sortie. Cette derni\u00e8re fonction est particuli\u00e8rement utile dans les situations o\u00f9 le chargeur fonctionne avec un courant de repos limit\u00e9 ou avec de petits g\u00e9n\u00e9rateurs de courant. Cela \u00e9vite de surcharger l'alimentation en courant alternatif et garantit une r\u00e9partition uniforme de la puissance disponible.<\/p>\n<p>Outre le contr\u00f4le du courant de sortie, le panneau PCC offre \u00e9galement la possibilit\u00e9 de modifier les param\u00e8tres de charge de la batterie, ce qui est essentiel pour adapter le processus de charge aux sp\u00e9cifications de la batterie en question, en prolongeant sa dur\u00e9e de vie et en maintenant ses performances optimales.<\/p>\n<p>Pour garantir un fonctionnement efficace dans toutes les conditions, le panneau PCC est dot\u00e9 d'un syst\u00e8me qui r\u00e9duit automatiquement la luminosit\u00e9 des LED la nuit, \u00e9vitant ainsi les distractions inutiles et garantissant un environnement de travail ad\u00e9quat.<\/p>\n<p>La connexion au chargeur s'effectue facilement par l'interm\u00e9diaire d'un <a href=\"https:\/\/fvcomponentes.com\/fr\/produit\/rj12-utp-victron-cable-10-m-ass030066100\/\" target=\"_blank\" rel=\"noopener\">C\u00e2ble UTP<\/a> simplifiant ainsi l'installation et garantissant une connexion stable et fiable. En r\u00e9sum\u00e9, le panneau PCC est un outil polyvalent et essentiel pour optimiser le processus de charge de la batterie, offrant contr\u00f4le et flexibilit\u00e9 dans un ensemble compact et efficace.<\/p>","protected":false},"excerpt":{"rendered":"<p><strong>Dimensions (mm) :<\/strong> 65 x 120 x 40<\/p>","protected":false},"featured_media":7138,"comment_status":"open","ping_status":"closed","template":"","meta":{"site-sidebar-layout":"default","site-content-layout":"default","ast-site-content-layout":"default","site-content-style":"default","site-sidebar-style":"default","ast-global-header-display":"","ast-banner-title-visibility":"","ast-main-header-display":"","ast-hfb-above-header-display":"","ast-hfb-below-header-display":"","ast-hfb-mobile-header-display":"","site-post-title":"","ast-breadcrumbs-content":"","ast-featured-img":"","footer-sml-layout":"","ast-disable-related-posts":"","theme-transparent-header-meta":"default","adv-header-id-meta":"","stick-header-meta":"","header-above-stick-meta":"","header-main-stick-meta":"","header-below-stick-meta":"","astra-migrate-meta-layouts":"set","ast-page-background-enabled":"default","ast-page-background-meta":{"desktop":{"background-color":"var(--ast-global-color-4)","background-image":"","background-repeat":"repeat","background-position":"center center","background-size":"auto","background-attachment":"scroll","background-type":"","background-media":"","overlay-type":"","overlay-color":"","overlay-opacity":"","overlay-gradient":""},"tablet":{"background-color":"","background-image":"","background-repeat":"repeat","background-position":"center center","background-size":"auto","background-attachment":"scroll","background-type":"","background-media":"","overlay-type":"","overlay-color":"","overlay-opacity":"","overlay-gradient":""},"mobile":{"background-color":"","background-image":"","background-repeat":"repeat","background-position":"center center","background-size":"auto","background-attachment":"scroll","background-type":"","background-media":"","overlay-type":"","overlay-color":"","overlay-opacity":"","overlay-gradient":""}},"ast-content-background-meta":{"desktop":{"background-color":"var(--ast-global-color-5)","background-image":"","background-repeat":"repeat","background-position":"center center","background-size":"auto","background-attachment":"scroll","background-type":"","background-media":"","overlay-type":"","overlay-color":"","overlay-opacity":"","overlay-gradient":""},"tablet":{"background-color":"var(--ast-global-color-5)","background-image":"","background-repeat":"repeat","background-position":"center center","background-size":"auto","background-attachment":"scroll","background-type":"","background-media":"","overlay-type":"","overlay-color":"","overlay-opacity":"","overlay-gradient":""},"mobile":{"background-color":"var(--ast-global-color-5)","background-image":"","background-repeat":"repeat","background-position":"center center","background-size":"auto","background-attachment":"scroll","background-type":"","background-media":"","overlay-type":"","overlay-color":"","overlay-opacity":"","overlay-gradient":""}}},"pwb-brand":[332],"product_brand":[],"product_cat":[419,966],"product_tag":[],"class_list":{"0":"post-6344","1":"product","2":"type-product","3":"status-publish","4":"has-post-thumbnail","6":"pwb-brand-victron","7":"product_cat-cargadores-de-baterias","8":"product_cat-accesorios-cargadores","9":"desktop-align-left","10":"tablet-align-left","11":"mobile-align-left","12":"ast-product-gallery-layout-horizontal-slider","13":"ast-product-gallery-with-no-image","14":"ast-product-tabs-layout-horizontal","16":"first","17":"instock","18":"taxable","19":"shipping-taxable","20":"purchasable","21":"product-type-simple"},"wcpa_form_fields":null,"brands":[{"id":332,"name":"Victron Energy","slug":"victron"}],"_links":{"self":[{"href":"https:\/\/fvcomponentes.com\/fr\/wp-json\/wp\/v2\/product\/6344","targetHints":{"allow":["GET"]}}],"collection":[{"href":"https:\/\/fvcomponentes.com\/fr\/wp-json\/wp\/v2\/product"}],"about":[{"href":"https:\/\/fvcomponentes.com\/fr\/wp-json\/wp\/v2\/types\/product"}],"replies":[{"embeddable":true,"href":"https:\/\/fvcomponentes.com\/fr\/wp-json\/wp\/v2\/comments?post=6344"}],"wp:featuredmedia":[{"embeddable":true,"href":"https:\/\/fvcomponentes.com\/fr\/wp-json\/wp\/v2\/media\/7138"}],"wp:attachment":[{"href":"https:\/\/fvcomponentes.com\/fr\/wp-json\/wp\/v2\/media?parent=6344"}],"wp:term":[{"taxonomy":"pwb-brand","embeddable":true,"href":"https:\/\/fvcomponentes.com\/fr\/wp-json\/wp\/v2\/pwb-brand?post=6344"},{"taxonomy":"product_brand","embeddable":true,"href":"https:\/\/fvcomponentes.com\/fr\/wp-json\/wp\/v2\/product_brand?post=6344"},{"taxonomy":"product_cat","embeddable":true,"href":"https:\/\/fvcomponentes.com\/fr\/wp-json\/wp\/v2\/product_cat?post=6344"},{"taxonomy":"product_tag","embeddable":true,"href":"https:\/\/fvcomponentes.com\/fr\/wp-json\/wp\/v2\/product_tag?post=6344"}],"curies":[{"name":"wp","href":"https:\/\/api.w.org\/{rel}","templated":true}]}}