{"id":6343,"date":"2024-01-19T19:30:13","date_gmt":"2024-01-19T18:30:13","guid":{"rendered":"https:\/\/fvcomponentes.com\/?post_type=product&#038;p=6343"},"modified":"2026-04-08T21:30:43","modified_gmt":"2026-04-08T19:30:43","slug":"victron-phoenix-phoenix-inverter-control-panel-rec030001210","status":"publish","type":"product","link":"https:\/\/fvcomponentes.com\/fr\/producto\/panel-de-control-del-inversor-victron-phoenix-rec030001210\/","title":{"rendered":"Panneau de contr\u00f4le de l'onduleur Victron Phoenix - REC030001210"},"content":{"rendered":"<h2>Caract\u00e9ristiques du panneau de contr\u00f4le de l'onduleur Victron Phoenix - REC030001210<\/h2>\n<p>Le panneau con\u00e7u pour les onduleurs Phoenix repr\u00e9sente une solution intelligente pour la surveillance et le contr\u00f4le \u00e0 distance des syst\u00e8mes d'\u00e9nergie solaire et de stockage. Ce dispositif a \u00e9t\u00e9 d\u00e9velopp\u00e9 sp\u00e9cifiquement pour une utilisation dans les onduleurs Phoenix avec une prise UTP, ce qui facilite son int\u00e9gration dans ces syst\u00e8mes et permet une surveillance \u00e0 distance efficace. En outre, il s'agit d'une option polyvalente qui peut \u00e9galement \u00eatre utilis\u00e9e dans les onduleurs\/chargeurs MultiPlus lorsqu'un commutateur de transfert automatique est n\u00e9cessaire, sans la fonction de chargeur. Cela signifie que le panneau est un outil utile dans une vari\u00e9t\u00e9 de configurations de syst\u00e8mes d'alimentation, offrant aux utilisateurs flexibilit\u00e9 et contr\u00f4le.<\/p>\n<p>Pour garantir un fonctionnement efficace dans toutes les conditions, le panneau est dot\u00e9 d'une fonction intelligente. La luminosit\u00e9 des LED est automatiquement r\u00e9gl\u00e9e la nuit, ce qui \u00e9vite les distractions inutiles et garantit un environnement de travail optimal. Cette fonction est particuli\u00e8rement utile dans les applications solaires hors r\u00e9seau, o\u00f9 l'efficacit\u00e9 \u00e9nerg\u00e9tique et le confort sont primordiaux.<\/p>\n<p>Il est important de noter que ce panneau est con\u00e7u sp\u00e9cifiquement pour les mod\u00e8les d'onduleurs Phoenix et MultiPlus avec certaines sp\u00e9cifications. Les mod\u00e8les compatibles comprennent les onduleurs Phoenix <a href=\"https:\/\/fvcomponentes.com\/fr\/produit\/onduleur-victron-victron-phoenix-compact-12v-1200va-cin121220000\/\" target=\"_blank\" rel=\"noopener\">12\/1200<\/a>, <a href=\"https:\/\/fvcomponentes.com\/fr\/produit\/onduleur-12v-victron-victron-phoenix-compact-12v-1600va-cin122160000\/\" target=\"_blank\" rel=\"noopener\">12\/1600<\/a>, <a href=\"https:\/\/fvcomponentes.com\/fr\/produit\/onduleur-victron-phoenix-compact-12v-2000va-cin122200000\/\" target=\"_blank\" rel=\"noopener\">12\/2000<\/a>, <a href=\"https:\/\/fvcomponentes.com\/fr\/produit\/onduleur-victron-phoenix-12v-3000va-pin123020000\/\" target=\"_blank\" rel=\"noopener\">12\/3000<\/a>, <a href=\"https:\/\/fvcomponentes.com\/fr\/produit\/victron-quattro-inverter-12-5000va-220a-100100a\/\" target=\"_blank\" rel=\"noopener\">12\/5000<\/a>, <a href=\"https:\/\/fvcomponentes.com\/fr\/produit\/chargeur-donduleur-24v-victron-multiplus-compact-24-1200-25-16-cmp242120000\/\" target=\"_blank\" rel=\"noopener\">24\/1200<\/a>, <a href=\"https:\/\/fvcomponentes.com\/fr\/produit\/chargeur-donduleur-victron-multiplus-compact-24-1600-40-16-cmp241620000\/\" target=\"_blank\" rel=\"noopener\">24\/1600<\/a>, <a href=\"https:\/\/fvcomponentes.com\/fr\/produit\/onduleur-victron-phoenix-compact-24v-2000va-cin242200000\/\" target=\"_blank\" rel=\"noopener\">24\/2000<\/a>, <a href=\"https:\/\/fvcomponentes.com\/fr\/produit\/onduleur-victron-phoenix-24v-3000va-pin243020000\/\" target=\"_blank\" rel=\"noopener\">24\/3000<\/a>, <a href=\"https:\/\/fvcomponentes.com\/fr\/produit\/onduleur-chargeur-24v-victron-multiplus-24-5000-120-100-pmp245021010\/\" target=\"_blank\" rel=\"noopener\">24\/5000<\/a>, <a href=\"https:\/\/fvcomponentes.com\/fr\/produit\/onduleur-48v-victron-victron-phoenix-48-3000-pin483020000\/\" target=\"_blank\" rel=\"noopener\">48\/3000<\/a>, <a href=\"https:\/\/fvcomponentes.com\/fr\/produit\/onduleur-48v-victron-phoenix-48-5000-pin485020000\/\" target=\"_blank\" rel=\"noopener\">48\/5000<\/a>. Cela garantit une compatibilit\u00e9 parfaite et un fonctionnement sans probl\u00e8me des syst\u00e8mes utilisant ces mod\u00e8les.<\/p>","protected":false},"excerpt":{"rendered":"<p><span style=\"color: #ff0000\">Ce produit <strong>uniquement compatible<\/strong> <strong>avec<\/strong> les investisseurs qui ont <strong>port<\/strong> de la communication <strong>VE.Bus<\/strong><\/span><\/p>\n<p><strong>Dimensions (mm) :<\/strong> 65 X 120 X 40<\/p>","protected":false},"featured_media":7137,"comment_status":"open","ping_status":"closed","template":"","meta":{"site-sidebar-layout":"default","site-content-layout":"default","ast-site-content-layout":"default","site-content-style":"default","site-sidebar-style":"default","ast-global-header-display":"","ast-banner-title-visibility":"","ast-main-header-display":"","ast-hfb-above-header-display":"","ast-hfb-below-header-display":"","ast-hfb-mobile-header-display":"","site-post-title":"","ast-breadcrumbs-content":"","ast-featured-img":"","footer-sml-layout":"","ast-disable-related-posts":"","theme-transparent-header-meta":"default","adv-header-id-meta":"","stick-header-meta":"","header-above-stick-meta":"","header-main-stick-meta":"","header-below-stick-meta":"","astra-migrate-meta-layouts":"set","ast-page-background-enabled":"default","ast-page-background-meta":{"desktop":{"background-color":"var(--ast-global-color-4)","background-image":"","background-repeat":"repeat","background-position":"center center","background-size":"auto","background-attachment":"scroll","background-type":"","background-media":"","overlay-type":"","overlay-color":"","overlay-opacity":"","overlay-gradient":""},"tablet":{"background-color":"","background-image":"","background-repeat":"repeat","background-position":"center center","background-size":"auto","background-attachment":"scroll","background-type":"","background-media":"","overlay-type":"","overlay-color":"","overlay-opacity":"","overlay-gradient":""},"mobile":{"background-color":"","background-image":"","background-repeat":"repeat","background-position":"center center","background-size":"auto","background-attachment":"scroll","background-type":"","background-media":"","overlay-type":"","overlay-color":"","overlay-opacity":"","overlay-gradient":""}},"ast-content-background-meta":{"desktop":{"background-color":"var(--ast-global-color-5)","background-image":"","background-repeat":"repeat","background-position":"center center","background-size":"auto","background-attachment":"scroll","background-type":"","background-media":"","overlay-type":"","overlay-color":"","overlay-opacity":"","overlay-gradient":""},"tablet":{"background-color":"var(--ast-global-color-5)","background-image":"","background-repeat":"repeat","background-position":"center center","background-size":"auto","background-attachment":"scroll","background-type":"","background-media":"","overlay-type":"","overlay-color":"","overlay-opacity":"","overlay-gradient":""},"mobile":{"background-color":"var(--ast-global-color-5)","background-image":"","background-repeat":"repeat","background-position":"center center","background-size":"auto","background-attachment":"scroll","background-type":"","background-media":"","overlay-type":"","overlay-color":"","overlay-opacity":"","overlay-gradient":""}}},"pwb-brand":[332],"product_brand":[],"product_cat":[410,351,333,934],"product_tag":[],"class_list":{"0":"post-6343","1":"product","2":"type-product","3":"status-publish","4":"has-post-thumbnail","6":"pwb-brand-victron","7":"product_cat-material-electrico","8":"product_cat-accesorios","9":"product_cat-inversores","10":"product_cat-monitorizacion","11":"desktop-align-left","12":"tablet-align-left","13":"mobile-align-left","14":"ast-product-gallery-layout-horizontal-slider","15":"ast-product-tabs-layout-horizontal","17":"first","18":"instock","19":"taxable","20":"shipping-taxable","21":"purchasable","22":"product-type-simple"},"wcpa_form_fields":null,"brands":[{"id":332,"name":"Victron Energy","slug":"victron"}],"_links":{"self":[{"href":"https:\/\/fvcomponentes.com\/fr\/wp-json\/wp\/v2\/product\/6343","targetHints":{"allow":["GET"]}}],"collection":[{"href":"https:\/\/fvcomponentes.com\/fr\/wp-json\/wp\/v2\/product"}],"about":[{"href":"https:\/\/fvcomponentes.com\/fr\/wp-json\/wp\/v2\/types\/product"}],"replies":[{"embeddable":true,"href":"https:\/\/fvcomponentes.com\/fr\/wp-json\/wp\/v2\/comments?post=6343"}],"wp:featuredmedia":[{"embeddable":true,"href":"https:\/\/fvcomponentes.com\/fr\/wp-json\/wp\/v2\/media\/7137"}],"wp:attachment":[{"href":"https:\/\/fvcomponentes.com\/fr\/wp-json\/wp\/v2\/media?parent=6343"}],"wp:term":[{"taxonomy":"pwb-brand","embeddable":true,"href":"https:\/\/fvcomponentes.com\/fr\/wp-json\/wp\/v2\/pwb-brand?post=6343"},{"taxonomy":"product_brand","embeddable":true,"href":"https:\/\/fvcomponentes.com\/fr\/wp-json\/wp\/v2\/product_brand?post=6343"},{"taxonomy":"product_cat","embeddable":true,"href":"https:\/\/fvcomponentes.com\/fr\/wp-json\/wp\/v2\/product_cat?post=6343"},{"taxonomy":"product_tag","embeddable":true,"href":"https:\/\/fvcomponentes.com\/fr\/wp-json\/wp\/v2\/product_tag?post=6343"}],"curies":[{"name":"wp","href":"https:\/\/api.w.org\/{rel}","templated":true}]}}