{"id":6341,"date":"2023-07-18T18:30:55","date_gmt":"2023-07-18T16:30:55","guid":{"rendered":"https:\/\/fvcomponentes.com\/?post_type=product&#038;p=6341"},"modified":"2026-04-04T12:46:55","modified_gmt":"2026-04-04T10:46:55","slug":"panneau-digital-victron-multicontrol-200-200a-gx-dmc000200010r","status":"publish","type":"product","link":"https:\/\/fvcomponentes.com\/fr\/producto\/panel-digital-victron-multicontrol-200-200a-gx-dmc000200010r\/","title":{"rendered":"Panneau num\u00e9rique Victron Multicontrol 200\/200A GX - DMC000200010R"},"content":{"rendered":"<div>Le panneau num\u00e9rique Victron Multicontrol 200\/200A GX - DMC000200010R est utilis\u00e9 pour interroger et ajuster \u00e0 distance les courants d'entr\u00e9e CA et pour allumer ou \u00e9teindre les Multis ou Quattros. Il a \u00e9t\u00e9 con\u00e7u pour s'int\u00e9grer parfaitement au panneau de contr\u00f4le de votre syst\u00e8me install\u00e9 sur votre bateau, dans votre v\u00e9hicule ou dans votre maison.<\/div>\n<div><\/div>\n<div>Le panneau DMC (Digital Multi Control) est con\u00e7u pour s'interfacer avec tous les Multis ou Quattros. Cela comprend les configurations autonomes, parall\u00e8les, biphas\u00e9es et triphas\u00e9es. La connexion du DMC \u00e0 vos syst\u00e8mes est facile : dans la plupart des cas, il suffit de connecter le DMC \u00e0 votre syst\u00e8me \u00e0 l'aide d'un c\u00e2ble RJ45 et aucune configuration suppl\u00e9mentaire n'est n\u00e9cessaire.<\/div>","protected":false},"excerpt":{"rendered":"<p>El Panel Digital Victron Multicontrol 200\/200A GX &#8211; DMC000200010R se utiliza para consultar y ajustar de forma remota las corrientes CA de entrada y para encender o apagar los Multis o Quattros. Ha sido dise\u00f1ado para integrarse limpiamente en el panel de control de su sistema instalado en su barco, en su veh\u00edculo o en [&hellip;]<\/p>\n","protected":false},"featured_media":6342,"comment_status":"open","ping_status":"closed","template":"","meta":{"site-sidebar-layout":"default","site-content-layout":"default","ast-site-content-layout":"default","site-content-style":"default","site-sidebar-style":"default","ast-global-header-display":"","ast-banner-title-visibility":"","ast-main-header-display":"","ast-hfb-above-header-display":"","ast-hfb-below-header-display":"","ast-hfb-mobile-header-display":"","site-post-title":"","ast-breadcrumbs-content":"","ast-featured-img":"","footer-sml-layout":"","ast-disable-related-posts":"","theme-transparent-header-meta":"default","adv-header-id-meta":"","stick-header-meta":"","header-above-stick-meta":"","header-main-stick-meta":"","header-below-stick-meta":"","astra-migrate-meta-layouts":"set","ast-page-background-enabled":"default","ast-page-background-meta":{"desktop":{"background-color":"var(--ast-global-color-4)","background-image":"","background-repeat":"repeat","background-position":"center center","background-size":"auto","background-attachment":"scroll","background-type":"","background-media":"","overlay-type":"","overlay-color":"","overlay-opacity":"","overlay-gradient":""},"tablet":{"background-color":"","background-image":"","background-repeat":"repeat","background-position":"center center","background-size":"auto","background-attachment":"scroll","background-type":"","background-media":"","overlay-type":"","overlay-color":"","overlay-opacity":"","overlay-gradient":""},"mobile":{"background-color":"","background-image":"","background-repeat":"repeat","background-position":"center center","background-size":"auto","background-attachment":"scroll","background-type":"","background-media":"","overlay-type":"","overlay-color":"","overlay-opacity":"","overlay-gradient":""}},"ast-content-background-meta":{"desktop":{"background-color":"var(--ast-global-color-5)","background-image":"","background-repeat":"repeat","background-position":"center center","background-size":"auto","background-attachment":"scroll","background-type":"","background-media":"","overlay-type":"","overlay-color":"","overlay-opacity":"","overlay-gradient":""},"tablet":{"background-color":"var(--ast-global-color-5)","background-image":"","background-repeat":"repeat","background-position":"center center","background-size":"auto","background-attachment":"scroll","background-type":"","background-media":"","overlay-type":"","overlay-color":"","overlay-opacity":"","overlay-gradient":""},"mobile":{"background-color":"var(--ast-global-color-5)","background-image":"","background-repeat":"repeat","background-position":"center center","background-size":"auto","background-attachment":"scroll","background-type":"","background-media":"","overlay-type":"","overlay-color":"","overlay-opacity":"","overlay-gradient":""}}},"pwb-brand":[332],"product_brand":[],"product_cat":[333,351],"product_tag":[],"class_list":{"0":"post-6341","1":"product","2":"type-product","3":"status-publish","4":"has-post-thumbnail","6":"pwb-brand-victron","7":"product_cat-inversores","8":"product_cat-accesorios","9":"desktop-align-left","10":"tablet-align-left","11":"mobile-align-left","12":"ast-product-gallery-layout-horizontal-slider","13":"ast-product-gallery-with-no-image","14":"ast-product-tabs-layout-horizontal","16":"first","17":"instock","18":"taxable","19":"shipping-taxable","20":"purchasable","21":"product-type-simple"},"wcpa_form_fields":null,"brands":[{"id":332,"name":"Victron Energy","slug":"victron"}],"_links":{"self":[{"href":"https:\/\/fvcomponentes.com\/fr\/wp-json\/wp\/v2\/product\/6341","targetHints":{"allow":["GET"]}}],"collection":[{"href":"https:\/\/fvcomponentes.com\/fr\/wp-json\/wp\/v2\/product"}],"about":[{"href":"https:\/\/fvcomponentes.com\/fr\/wp-json\/wp\/v2\/types\/product"}],"replies":[{"embeddable":true,"href":"https:\/\/fvcomponentes.com\/fr\/wp-json\/wp\/v2\/comments?post=6341"}],"wp:featuredmedia":[{"embeddable":true,"href":"https:\/\/fvcomponentes.com\/fr\/wp-json\/wp\/v2\/media\/6342"}],"wp:attachment":[{"href":"https:\/\/fvcomponentes.com\/fr\/wp-json\/wp\/v2\/media?parent=6341"}],"wp:term":[{"taxonomy":"pwb-brand","embeddable":true,"href":"https:\/\/fvcomponentes.com\/fr\/wp-json\/wp\/v2\/pwb-brand?post=6341"},{"taxonomy":"product_brand","embeddable":true,"href":"https:\/\/fvcomponentes.com\/fr\/wp-json\/wp\/v2\/product_brand?post=6341"},{"taxonomy":"product_cat","embeddable":true,"href":"https:\/\/fvcomponentes.com\/fr\/wp-json\/wp\/v2\/product_cat?post=6341"},{"taxonomy":"product_tag","embeddable":true,"href":"https:\/\/fvcomponentes.com\/fr\/wp-json\/wp\/v2\/product_tag?post=6341"}],"curies":[{"name":"wp","href":"https:\/\/api.w.org\/{rel}","templated":true}]}}