{"id":6339,"date":"2023-11-22T14:00:42","date_gmt":"2023-11-22T13:00:42","guid":{"rendered":"https:\/\/fvcomponentes.com\/?post_type=product&#038;p=6339"},"modified":"2026-04-08T21:32:12","modified_gmt":"2026-04-08T19:32:12","slug":"victron-multicontrol-200-200a-digital-panel-rec020005010","status":"publish","type":"product","link":"https:\/\/fvcomponentes.com\/fr\/producto\/panel-digital-victron-multicontrol-200-200a-rec020005010\/","title":{"rendered":"Panneau num\u00e9rique Victron Multicontrol 200\/200A - REC020005010"},"content":{"rendered":"<div class=\"hidden-xs\">\n<h2>Panneau num\u00e9rique multi-contr\u00f4le 200\/200A<\/h2>\n<p>Le panneau num\u00e9rique Multicontrol 200\/200A de Victron est un outil essentiel dans le monde de la gestion des syst\u00e8mes \u00e9lectriques. Con\u00e7u pour \u00eatre compatible \u00e0 la fois avec les onduleurs Multis et le <a href=\"https:\/\/fvcomponentes.com\/fr\/produit\/onduleur-victron-quattro-24-5000va-120a-100100a\/\" target=\"_blank\" rel=\"noopener\">Quattros<\/a> de <a href=\"https:\/\/www.victronenergy.com.es\/\" target=\"_blank\" rel=\"noopener\">Victron<\/a>Ce panneau vous permet de contr\u00f4ler votre syst\u00e8me \u00e9nerg\u00e9tique au creux de votre main.<\/p>\n<p>L'une des caract\u00e9ristiques les plus remarquables de ce panneau est sa capacit\u00e9 \u00e0 d\u00e9finir la limite de courant PowerControl et PowerAssist pour deux sources d'alimentation en courant alternatif. Cette fonction est particuli\u00e8rement utile dans les situations o\u00f9 plusieurs sources d'alimentation sont utilis\u00e9es, comme dans le cas d'un g\u00e9n\u00e9rateur. Vous pouvez r\u00e9gler la plage de courant jusqu'\u00e0 200 amp\u00e8res, ce qui vous donne un contr\u00f4le total sur la fa\u00e7on dont la puissance est distribu\u00e9e et utilis\u00e9e dans le syst\u00e8me.<\/p>\n<p>La polyvalence de ce panneau en fait un composant pr\u00e9cieux pour une large gamme d'applications, des applications marines aux syst\u00e8mes d'alimentation \u00e0 quai. Sa capacit\u00e9 \u00e0 g\u00e9rer efficacement l'\u00e9nergie provenant de sources multiples garantit un fonctionnement ininterrompu et une gestion intelligente de la charge de la batterie.<\/p>\n<p>En plus de ses fonctionnalit\u00e9s avanc\u00e9es, le panneau num\u00e9rique Multicontrol 200\/200A de Victron a \u00e9t\u00e9 con\u00e7u pour le confort de l'utilisateur. Pendant la nuit, les LED du panneau r\u00e9duisent automatiquement leur luminosit\u00e9, \u00e9vitant ainsi toute distraction inutile et garantissant que votre syst\u00e8me de contr\u00f4le est efficace et respectueux de l'environnement.<\/p>\n<\/div>","protected":false},"excerpt":{"rendered":"<p><strong>Panneau num\u00e9rique multi-contr\u00f4le Victron : <\/strong>R\u00e9gler la limite de courant de deux sources de courant alternatif avec PowerControl et PowerAssist<\/p>","protected":false},"featured_media":6340,"comment_status":"open","ping_status":"closed","template":"","meta":{"site-sidebar-layout":"default","site-content-layout":"default","ast-site-content-layout":"default","site-content-style":"default","site-sidebar-style":"default","ast-global-header-display":"","ast-banner-title-visibility":"","ast-main-header-display":"","ast-hfb-above-header-display":"","ast-hfb-below-header-display":"","ast-hfb-mobile-header-display":"","site-post-title":"","ast-breadcrumbs-content":"","ast-featured-img":"","footer-sml-layout":"","ast-disable-related-posts":"","theme-transparent-header-meta":"default","adv-header-id-meta":"","stick-header-meta":"","header-above-stick-meta":"","header-main-stick-meta":"","header-below-stick-meta":"","astra-migrate-meta-layouts":"set","ast-page-background-enabled":"default","ast-page-background-meta":{"desktop":{"background-color":"var(--ast-global-color-4)","background-image":"","background-repeat":"repeat","background-position":"center center","background-size":"auto","background-attachment":"scroll","background-type":"","background-media":"","overlay-type":"","overlay-color":"","overlay-opacity":"","overlay-gradient":""},"tablet":{"background-color":"","background-image":"","background-repeat":"repeat","background-position":"center center","background-size":"auto","background-attachment":"scroll","background-type":"","background-media":"","overlay-type":"","overlay-color":"","overlay-opacity":"","overlay-gradient":""},"mobile":{"background-color":"","background-image":"","background-repeat":"repeat","background-position":"center center","background-size":"auto","background-attachment":"scroll","background-type":"","background-media":"","overlay-type":"","overlay-color":"","overlay-opacity":"","overlay-gradient":""}},"ast-content-background-meta":{"desktop":{"background-color":"var(--ast-global-color-5)","background-image":"","background-repeat":"repeat","background-position":"center center","background-size":"auto","background-attachment":"scroll","background-type":"","background-media":"","overlay-type":"","overlay-color":"","overlay-opacity":"","overlay-gradient":""},"tablet":{"background-color":"var(--ast-global-color-5)","background-image":"","background-repeat":"repeat","background-position":"center center","background-size":"auto","background-attachment":"scroll","background-type":"","background-media":"","overlay-type":"","overlay-color":"","overlay-opacity":"","overlay-gradient":""},"mobile":{"background-color":"var(--ast-global-color-5)","background-image":"","background-repeat":"repeat","background-position":"center center","background-size":"auto","background-attachment":"scroll","background-type":"","background-media":"","overlay-type":"","overlay-color":"","overlay-opacity":"","overlay-gradient":""}}},"pwb-brand":[332],"product_brand":[],"product_cat":[333,351],"product_tag":[],"class_list":{"0":"post-6339","1":"product","2":"type-product","3":"status-publish","4":"has-post-thumbnail","6":"pwb-brand-victron","7":"product_cat-inversores","8":"product_cat-accesorios","9":"desktop-align-left","10":"tablet-align-left","11":"mobile-align-left","12":"ast-product-gallery-layout-horizontal-slider","13":"ast-product-gallery-with-no-image","14":"ast-product-tabs-layout-horizontal","16":"first","17":"instock","18":"taxable","19":"shipping-taxable","20":"purchasable","21":"product-type-simple"},"wcpa_form_fields":null,"brands":[{"id":332,"name":"Victron Energy","slug":"victron"}],"_links":{"self":[{"href":"https:\/\/fvcomponentes.com\/fr\/wp-json\/wp\/v2\/product\/6339","targetHints":{"allow":["GET"]}}],"collection":[{"href":"https:\/\/fvcomponentes.com\/fr\/wp-json\/wp\/v2\/product"}],"about":[{"href":"https:\/\/fvcomponentes.com\/fr\/wp-json\/wp\/v2\/types\/product"}],"replies":[{"embeddable":true,"href":"https:\/\/fvcomponentes.com\/fr\/wp-json\/wp\/v2\/comments?post=6339"}],"wp:featuredmedia":[{"embeddable":true,"href":"https:\/\/fvcomponentes.com\/fr\/wp-json\/wp\/v2\/media\/6340"}],"wp:attachment":[{"href":"https:\/\/fvcomponentes.com\/fr\/wp-json\/wp\/v2\/media?parent=6339"}],"wp:term":[{"taxonomy":"pwb-brand","embeddable":true,"href":"https:\/\/fvcomponentes.com\/fr\/wp-json\/wp\/v2\/pwb-brand?post=6339"},{"taxonomy":"product_brand","embeddable":true,"href":"https:\/\/fvcomponentes.com\/fr\/wp-json\/wp\/v2\/product_brand?post=6339"},{"taxonomy":"product_cat","embeddable":true,"href":"https:\/\/fvcomponentes.com\/fr\/wp-json\/wp\/v2\/product_cat?post=6339"},{"taxonomy":"product_tag","embeddable":true,"href":"https:\/\/fvcomponentes.com\/fr\/wp-json\/wp\/v2\/product_tag?post=6339"}],"curies":[{"name":"wp","href":"https:\/\/api.w.org\/{rel}","templated":true}]}}