{"id":6328,"date":"2024-01-19T19:30:02","date_gmt":"2024-01-19T18:30:02","guid":{"rendered":"https:\/\/fvcomponentes.com\/?post_type=product&#038;p=6328"},"modified":"2026-04-04T11:16:22","modified_gmt":"2026-04-04T09:16:22","slug":"wifi-gx-victron-module-wifi-longue-portee-netgear-ac1200-bpp900200400","status":"publish","type":"product","link":"https:\/\/fvcomponentes.com\/fr\/producto\/modulo-wifi-gx-victron-largo-alcance-netgear-ac1200-bpp900200400\/","title":{"rendered":"GX Victron Module WiFi longue port\u00e9e GX (Netgear AC1200) - BPP900200400"},"content":{"rendered":"<h2>Le module WiFi GX par excellence<\/h2>\n<h4>Tr\u00e8s efficace<\/h4>\n<ul>\n<li>Le module WiFi GX longue port\u00e9e, connu sous le nom de Netgear AC1200, est un dispositif de connectivit\u00e9 sans fil tr\u00e8s avanc\u00e9 et efficace. Dans un monde de plus en plus interconnect\u00e9, la capacit\u00e9 d'acc\u00e9der aux r\u00e9seaux WiFi est devenue essentielle, et le Netgear AC1200 est con\u00e7u pour fournir une exp\u00e9rience de connectivit\u00e9 optimale, en surmontant les limites de la distance et de la faiblesse du signal qui entravent souvent la connectivit\u00e9 conventionnelle.<\/li>\n<\/ul>\n<h4>Longue port\u00e9e<\/h4>\n<ul>\n<li>Ce qui distingue le module WiFi longue port\u00e9e GX des autres appareils, c'est l'accent mis sur l'extension de la port\u00e9e sans fil. Cela est rendu possible par l'incorporation d'une puce WiFi de pointe et d'une antenne plus puissante. La combinaison de ces deux innovations technologiques permet au Netgear AC1200 de se connecter \u00e0 des r\u00e9seaux WiFi \u00e0 des distances consid\u00e9rablement plus grandes que les appareils conventionnels. Vous n'avez plus besoin d'\u00eatre confin\u00e9 \u00e0 proximit\u00e9 du routeur pour b\u00e9n\u00e9ficier d'une connexion fluide et rapide.<\/li>\n<\/ul>\n<h4>Connectivit\u00e9 garantie<\/h4>\n<ul>\n<li>Cette capacit\u00e9 de longue port\u00e9e est particuli\u00e8rement pr\u00e9cieuse dans les situations o\u00f9 le signal WiFi est plus faible, comme dans les zones isol\u00e9es, les b\u00e2timents aux murs \u00e9pais ou les endroits pr\u00e9sentant de nombreux obstacles. Le module Netgear AC1200 WiFi GX garantit que la connectivit\u00e9 n'est pas un probl\u00e8me, car il surmonte facilement ces obstacles.<\/li>\n<\/ul>\n<h4>Vitesse \u00e9lev\u00e9e<\/h4>\n<ul>\n<li>En plus de sa port\u00e9e exceptionnelle, le module WiFi GX offre \u00e9galement des performances \u00e0 grande vitesse, ce qui en fait un choix fiable pour les t\u00e2ches qui n\u00e9cessitent une connexion solide et rapide. Que ce soit pour le travail, le divertissement ou toute autre activit\u00e9 en ligne, le Netgear AC1200 se pr\u00e9sente comme un compagnon indispensable pour rester efficacement connect\u00e9.<\/li>\n<\/ul>\n<p>En bref, le module WiFi GX longue port\u00e9e (Netgear AC1200) est un appareil sans fil qui excelle dans sa capacit\u00e9 \u00e0 se connecter \u00e0 des r\u00e9seaux WiFi \u00e0 de plus grandes distances et dans des endroits o\u00f9 les signaux sont plus faibles, tout cela gr\u00e2ce \u00e0 sa puce WiFi de pointe et \u00e0 son antenne tr\u00e8s puissante. Cela en fait une solution id\u00e9ale pour ceux qui recherchent une connectivit\u00e9 robuste et fiable dans une vari\u00e9t\u00e9 d'environnements et de situations.<\/p>","protected":false},"excerpt":{"rendered":"<p>Les<strong>\u00a0Module WiFi GX<\/strong>\u00a0de<strong>\u00a0longue port\u00e9e (Netgear AC1200)<\/strong>\u00a0est un dispositif de connectivit\u00e9\u00a0<strong>WiFi<\/strong>.<\/p>\n<p>Il a une grande port\u00e9e sans fil, gr\u00e2ce \u00e0 sa puce WiFi de pointe et \u00e0 son antenne puissante. Cela vous permet de vous connecter \u00e0 des r\u00e9seaux WiFi sur de longues distances et dans des endroits o\u00f9 le signal WiFi est plus faible.<\/p>","protected":false},"featured_media":6330,"comment_status":"open","ping_status":"closed","template":"","meta":{"site-sidebar-layout":"default","site-content-layout":"default","ast-site-content-layout":"default","site-content-style":"default","site-sidebar-style":"default","ast-global-header-display":"","ast-banner-title-visibility":"","ast-main-header-display":"","ast-hfb-above-header-display":"","ast-hfb-below-header-display":"","ast-hfb-mobile-header-display":"","site-post-title":"","ast-breadcrumbs-content":"","ast-featured-img":"","footer-sml-layout":"","ast-disable-related-posts":"","theme-transparent-header-meta":"default","adv-header-id-meta":"","stick-header-meta":"","header-above-stick-meta":"","header-main-stick-meta":"","header-below-stick-meta":"","astra-migrate-meta-layouts":"set","ast-page-background-enabled":"default","ast-page-background-meta":{"desktop":{"background-color":"var(--ast-global-color-4)","background-image":"","background-repeat":"repeat","background-position":"center center","background-size":"auto","background-attachment":"scroll","background-type":"","background-media":"","overlay-type":"","overlay-color":"","overlay-opacity":"","overlay-gradient":""},"tablet":{"background-color":"","background-image":"","background-repeat":"repeat","background-position":"center center","background-size":"auto","background-attachment":"scroll","background-type":"","background-media":"","overlay-type":"","overlay-color":"","overlay-opacity":"","overlay-gradient":""},"mobile":{"background-color":"","background-image":"","background-repeat":"repeat","background-position":"center center","background-size":"auto","background-attachment":"scroll","background-type":"","background-media":"","overlay-type":"","overlay-color":"","overlay-opacity":"","overlay-gradient":""}},"ast-content-background-meta":{"desktop":{"background-color":"var(--ast-global-color-5)","background-image":"","background-repeat":"repeat","background-position":"center center","background-size":"auto","background-attachment":"scroll","background-type":"","background-media":"","overlay-type":"","overlay-color":"","overlay-opacity":"","overlay-gradient":""},"tablet":{"background-color":"var(--ast-global-color-5)","background-image":"","background-repeat":"repeat","background-position":"center center","background-size":"auto","background-attachment":"scroll","background-type":"","background-media":"","overlay-type":"","overlay-color":"","overlay-opacity":"","overlay-gradient":""},"mobile":{"background-color":"var(--ast-global-color-5)","background-image":"","background-repeat":"repeat","background-position":"center center","background-size":"auto","background-attachment":"scroll","background-type":"","background-media":"","overlay-type":"","overlay-color":"","overlay-opacity":"","overlay-gradient":""}}},"pwb-brand":[332],"product_brand":[],"product_cat":[351,333,934],"product_tag":[],"class_list":{"0":"post-6328","1":"product","2":"type-product","3":"status-publish","4":"has-post-thumbnail","6":"pwb-brand-victron","7":"product_cat-accesorios","8":"product_cat-inversores","9":"product_cat-monitorizacion","10":"desktop-align-left","11":"tablet-align-left","12":"mobile-align-left","13":"ast-product-gallery-layout-horizontal-slider","14":"ast-product-tabs-layout-horizontal","16":"first","17":"instock","18":"taxable","19":"shipping-taxable","20":"purchasable","21":"product-type-simple"},"wcpa_form_fields":null,"brands":[{"id":332,"name":"Victron Energy","slug":"victron"}],"_links":{"self":[{"href":"https:\/\/fvcomponentes.com\/fr\/wp-json\/wp\/v2\/product\/6328","targetHints":{"allow":["GET"]}}],"collection":[{"href":"https:\/\/fvcomponentes.com\/fr\/wp-json\/wp\/v2\/product"}],"about":[{"href":"https:\/\/fvcomponentes.com\/fr\/wp-json\/wp\/v2\/types\/product"}],"replies":[{"embeddable":true,"href":"https:\/\/fvcomponentes.com\/fr\/wp-json\/wp\/v2\/comments?post=6328"}],"wp:featuredmedia":[{"embeddable":true,"href":"https:\/\/fvcomponentes.com\/fr\/wp-json\/wp\/v2\/media\/6330"}],"wp:attachment":[{"href":"https:\/\/fvcomponentes.com\/fr\/wp-json\/wp\/v2\/media?parent=6328"}],"wp:term":[{"taxonomy":"pwb-brand","embeddable":true,"href":"https:\/\/fvcomponentes.com\/fr\/wp-json\/wp\/v2\/pwb-brand?post=6328"},{"taxonomy":"product_brand","embeddable":true,"href":"https:\/\/fvcomponentes.com\/fr\/wp-json\/wp\/v2\/product_brand?post=6328"},{"taxonomy":"product_cat","embeddable":true,"href":"https:\/\/fvcomponentes.com\/fr\/wp-json\/wp\/v2\/product_cat?post=6328"},{"taxonomy":"product_tag","embeddable":true,"href":"https:\/\/fvcomponentes.com\/fr\/wp-json\/wp\/v2\/product_tag?post=6328"}],"curies":[{"name":"wp","href":"https:\/\/api.w.org\/{rel}","templated":true}]}}