{"id":6311,"date":"2023-09-01T15:06:20","date_gmt":"2023-09-01T13:06:20","guid":{"rendered":"https:\/\/fvcomponentes.com\/?post_type=product&#038;p=6311"},"modified":"2026-04-04T11:12:43","modified_gmt":"2026-04-04T09:12:43","slug":"module-wifi-controle-des-couleurs-gx-victron-bpp900100200","status":"publish","type":"product","link":"https:\/\/fvcomponentes.com\/fr\/producto\/modulo-wifi-color-control-gx-victron-bpp900100200\/","title":{"rendered":"Victron GX Wifi Colour Control GX Module - BPP900100200"},"content":{"rendered":"<h2>Etendez votre connectivit\u00e9 avec le module Wifi Victron Color Control GX - BPP900100200 Compatible avec Color Control GX<\/h2>\n<p>Ce dongle offre non seulement une connexion sans fil de haute qualit\u00e9, mais il est \u00e9galement enti\u00e8rement compatible avec le logiciel Color Control GX. Contrairement \u00e0 de nombreux dongles standard similaires qui pr\u00e9sentent des probl\u00e8mes de compatibilit\u00e9 dus aux pilotes, vous pouvez \u00eatre s\u00fbr que notre dongle est con\u00e7u pour une int\u00e9gration transparente.<\/p>\n<p>Il se distingue par sa capacit\u00e9 \u00e0 ajouter une connectivit\u00e9 LAN sans fil dans les situations o\u00f9 il n'est pas possible d'installer des c\u00e2bles r\u00e9seau jusqu'au routeur ou au point d'acc\u00e8s. Cela offre une flexibilit\u00e9 exceptionnelle quant \u00e0 l'emplacement de votre appareil et vous permet de b\u00e9n\u00e9ficier d'une connexion fiable quelles que soient les limitations de l'infrastructure physique.<\/p>","protected":false},"excerpt":{"rendered":"<p><strong>USB :<\/strong> 2.0 interface<br \/>\n<strong>D\u00e9bit de donn\u00e9es :<\/strong> 802.11n, 802.11g, 802.11b<br \/>\n<strong>Bande de fr\u00e9quence :<\/strong>\u00a0 2,4 GHz<\/p>","protected":false},"featured_media":8841,"comment_status":"open","ping_status":"closed","template":"","meta":{"site-sidebar-layout":"default","site-content-layout":"default","ast-site-content-layout":"default","site-content-style":"default","site-sidebar-style":"default","ast-global-header-display":"","ast-banner-title-visibility":"","ast-main-header-display":"","ast-hfb-above-header-display":"","ast-hfb-below-header-display":"","ast-hfb-mobile-header-display":"","site-post-title":"","ast-breadcrumbs-content":"","ast-featured-img":"","footer-sml-layout":"","ast-disable-related-posts":"","theme-transparent-header-meta":"default","adv-header-id-meta":"","stick-header-meta":"","header-above-stick-meta":"","header-main-stick-meta":"","header-below-stick-meta":"","astra-migrate-meta-layouts":"set","ast-page-background-enabled":"default","ast-page-background-meta":{"desktop":{"background-color":"var(--ast-global-color-4)","background-image":"","background-repeat":"repeat","background-position":"center center","background-size":"auto","background-attachment":"scroll","background-type":"","background-media":"","overlay-type":"","overlay-color":"","overlay-opacity":"","overlay-gradient":""},"tablet":{"background-color":"","background-image":"","background-repeat":"repeat","background-position":"center center","background-size":"auto","background-attachment":"scroll","background-type":"","background-media":"","overlay-type":"","overlay-color":"","overlay-opacity":"","overlay-gradient":""},"mobile":{"background-color":"","background-image":"","background-repeat":"repeat","background-position":"center center","background-size":"auto","background-attachment":"scroll","background-type":"","background-media":"","overlay-type":"","overlay-color":"","overlay-opacity":"","overlay-gradient":""}},"ast-content-background-meta":{"desktop":{"background-color":"var(--ast-global-color-5)","background-image":"","background-repeat":"repeat","background-position":"center center","background-size":"auto","background-attachment":"scroll","background-type":"","background-media":"","overlay-type":"","overlay-color":"","overlay-opacity":"","overlay-gradient":""},"tablet":{"background-color":"var(--ast-global-color-5)","background-image":"","background-repeat":"repeat","background-position":"center center","background-size":"auto","background-attachment":"scroll","background-type":"","background-media":"","overlay-type":"","overlay-color":"","overlay-opacity":"","overlay-gradient":""},"mobile":{"background-color":"var(--ast-global-color-5)","background-image":"","background-repeat":"repeat","background-position":"center center","background-size":"auto","background-attachment":"scroll","background-type":"","background-media":"","overlay-type":"","overlay-color":"","overlay-opacity":"","overlay-gradient":""}}},"pwb-brand":[332],"product_brand":[],"product_cat":[351,333],"product_tag":[],"class_list":{"0":"post-6311","1":"product","2":"type-product","3":"status-publish","4":"has-post-thumbnail","6":"pwb-brand-victron","7":"product_cat-accesorios","8":"product_cat-inversores","9":"desktop-align-left","10":"tablet-align-left","11":"mobile-align-left","12":"ast-product-gallery-layout-horizontal-slider","13":"ast-product-tabs-layout-horizontal","15":"first","16":"instock","17":"taxable","18":"shipping-taxable","19":"purchasable","20":"product-type-simple"},"wcpa_form_fields":null,"brands":[{"id":332,"name":"Victron Energy","slug":"victron"}],"_links":{"self":[{"href":"https:\/\/fvcomponentes.com\/fr\/wp-json\/wp\/v2\/product\/6311","targetHints":{"allow":["GET"]}}],"collection":[{"href":"https:\/\/fvcomponentes.com\/fr\/wp-json\/wp\/v2\/product"}],"about":[{"href":"https:\/\/fvcomponentes.com\/fr\/wp-json\/wp\/v2\/types\/product"}],"replies":[{"embeddable":true,"href":"https:\/\/fvcomponentes.com\/fr\/wp-json\/wp\/v2\/comments?post=6311"}],"wp:featuredmedia":[{"embeddable":true,"href":"https:\/\/fvcomponentes.com\/fr\/wp-json\/wp\/v2\/media\/8841"}],"wp:attachment":[{"href":"https:\/\/fvcomponentes.com\/fr\/wp-json\/wp\/v2\/media?parent=6311"}],"wp:term":[{"taxonomy":"pwb-brand","embeddable":true,"href":"https:\/\/fvcomponentes.com\/fr\/wp-json\/wp\/v2\/pwb-brand?post=6311"},{"taxonomy":"product_brand","embeddable":true,"href":"https:\/\/fvcomponentes.com\/fr\/wp-json\/wp\/v2\/product_brand?post=6311"},{"taxonomy":"product_cat","embeddable":true,"href":"https:\/\/fvcomponentes.com\/fr\/wp-json\/wp\/v2\/product_cat?post=6311"},{"taxonomy":"product_tag","embeddable":true,"href":"https:\/\/fvcomponentes.com\/fr\/wp-json\/wp\/v2\/product_tag?post=6311"}],"curies":[{"name":"wp","href":"https:\/\/api.w.org\/{rel}","templated":true}]}}