{"id":6230,"date":"2023-10-02T18:22:59","date_gmt":"2023-10-02T16:22:59","guid":{"rendered":"https:\/\/fvcomponentes.com\/?post_type=product&#038;p=6230"},"modified":"2026-04-08T21:27:15","modified_gmt":"2026-04-08T19:27:15","slug":"mega-fuse-victron-225a-32v-cip136225010","status":"publish","type":"product","link":"https:\/\/fvcomponentes.com\/fr\/producto\/mega-fuse-victron-225a-32v-cip136225010\/","title":{"rendered":"Victron Mega-fuse 225A\/32v (5 pcs) - CIP136225010"},"content":{"rendered":"<h2>Caract\u00e9ristiques M\u00e9ga-fusible Victron 225A\/32v<\/h2>\n<p>Les fusibles sont des dispositifs de s\u00e9curit\u00e9 \u00e9lectrique qui prot\u00e8gent les circuits. Ils fonctionnent en coupant le flux d'\u00e9lectricit\u00e9 en cas de surcharge, \u00e9vitant ainsi d'endommager les appareils et les syst\u00e8mes \u00e9lectriques.<br \/>\nLe m\u00e9gafusible Victron 225A\/32v - CIP136225010 est con\u00e7u pour \u00eatre utilis\u00e9 comme protection contre les dommages caus\u00e9s par les surcharges et les courts-circuits dans les installations photovolta\u00efques jusqu'\u00e0 32V et un courant maximum de 225A.<\/p>\n<p>Pour les porte-fusibles de type Mega tels que le <a href=\"https:\/\/fvcomponentes.com\/fr\/produit\/porte-fusible-pour-mega-fusible-victron-cip000100001\/\" target=\"_blank\" rel=\"noopener\">Porte-fusible Porte-fusible pour MEGA-fuse Victron - CIP000100001<\/a><\/p>\n<p>Le pack<strong> comprend 5 fusibles.<\/strong><\/p>\n<h2>Fiche technique M\u00e9ga-fusible Victron 225A\/32v - CIP136225010<\/h2>\n<p><a href=\"https:\/\/fvcomponentes.com\/wp-content\/uploads\/2023\/03\/Midi-Mega-and-ANL-fuses-and-fuse-holders-EN.pdf\" target=\"_blank\" rel=\"noopener\">Voir la fiche technique Victron Mega-fuse 225A\/32v<\/a><\/p>","protected":false},"excerpt":{"rendered":"<p><strong>La tension : <\/strong>225 V<strong><br \/>\nAmp\u00e9rage : <\/strong>32 A<strong><br \/>\nChute de tension :<\/strong> 80 mV<br \/>\n<strong>R\u00e9sistance au froid :<\/strong> 0,22 m\u03a9<\/p>","protected":false},"featured_media":7954,"comment_status":"open","ping_status":"closed","template":"","meta":{"site-sidebar-layout":"default","site-content-layout":"default","ast-site-content-layout":"default","site-content-style":"default","site-sidebar-style":"default","ast-global-header-display":"","ast-banner-title-visibility":"","ast-main-header-display":"","ast-hfb-above-header-display":"","ast-hfb-below-header-display":"","ast-hfb-mobile-header-display":"","site-post-title":"","ast-breadcrumbs-content":"","ast-featured-img":"","footer-sml-layout":"","ast-disable-related-posts":"","theme-transparent-header-meta":"default","adv-header-id-meta":"","stick-header-meta":"","header-above-stick-meta":"","header-main-stick-meta":"","header-below-stick-meta":"","astra-migrate-meta-layouts":"set","ast-page-background-enabled":"default","ast-page-background-meta":{"desktop":{"background-color":"var(--ast-global-color-4)","background-image":"","background-repeat":"repeat","background-position":"center center","background-size":"auto","background-attachment":"scroll","background-type":"","background-media":"","overlay-type":"","overlay-color":"","overlay-opacity":"","overlay-gradient":""},"tablet":{"background-color":"","background-image":"","background-repeat":"repeat","background-position":"center center","background-size":"auto","background-attachment":"scroll","background-type":"","background-media":"","overlay-type":"","overlay-color":"","overlay-opacity":"","overlay-gradient":""},"mobile":{"background-color":"","background-image":"","background-repeat":"repeat","background-position":"center center","background-size":"auto","background-attachment":"scroll","background-type":"","background-media":"","overlay-type":"","overlay-color":"","overlay-opacity":"","overlay-gradient":""}},"ast-content-background-meta":{"desktop":{"background-color":"var(--ast-global-color-5)","background-image":"","background-repeat":"repeat","background-position":"center center","background-size":"auto","background-attachment":"scroll","background-type":"","background-media":"","overlay-type":"","overlay-color":"","overlay-opacity":"","overlay-gradient":""},"tablet":{"background-color":"var(--ast-global-color-5)","background-image":"","background-repeat":"repeat","background-position":"center center","background-size":"auto","background-attachment":"scroll","background-type":"","background-media":"","overlay-type":"","overlay-color":"","overlay-opacity":"","overlay-gradient":""},"mobile":{"background-color":"var(--ast-global-color-5)","background-image":"","background-repeat":"repeat","background-position":"center center","background-size":"auto","background-attachment":"scroll","background-type":"","background-media":"","overlay-type":"","overlay-color":"","overlay-opacity":"","overlay-gradient":""}}},"pwb-brand":[332],"product_brand":[],"product_cat":[410,862,992],"product_tag":[],"class_list":{"0":"post-6230","1":"product","2":"type-product","3":"status-publish","4":"has-post-thumbnail","6":"pwb-brand-victron","7":"product_cat-material-electrico","8":"product_cat-fusibles","9":"product_cat-fusibles-mega","10":"desktop-align-left","11":"tablet-align-left","12":"mobile-align-left","13":"ast-product-gallery-layout-horizontal-slider","14":"ast-product-gallery-with-no-image","15":"ast-product-tabs-layout-horizontal","17":"first","18":"instock","19":"taxable","20":"shipping-taxable","21":"purchasable","22":"product-type-simple"},"wcpa_form_fields":null,"brands":[{"id":332,"name":"Victron Energy","slug":"victron"}],"_links":{"self":[{"href":"https:\/\/fvcomponentes.com\/fr\/wp-json\/wp\/v2\/product\/6230","targetHints":{"allow":["GET"]}}],"collection":[{"href":"https:\/\/fvcomponentes.com\/fr\/wp-json\/wp\/v2\/product"}],"about":[{"href":"https:\/\/fvcomponentes.com\/fr\/wp-json\/wp\/v2\/types\/product"}],"replies":[{"embeddable":true,"href":"https:\/\/fvcomponentes.com\/fr\/wp-json\/wp\/v2\/comments?post=6230"}],"wp:featuredmedia":[{"embeddable":true,"href":"https:\/\/fvcomponentes.com\/fr\/wp-json\/wp\/v2\/media\/7954"}],"wp:attachment":[{"href":"https:\/\/fvcomponentes.com\/fr\/wp-json\/wp\/v2\/media?parent=6230"}],"wp:term":[{"taxonomy":"pwb-brand","embeddable":true,"href":"https:\/\/fvcomponentes.com\/fr\/wp-json\/wp\/v2\/pwb-brand?post=6230"},{"taxonomy":"product_brand","embeddable":true,"href":"https:\/\/fvcomponentes.com\/fr\/wp-json\/wp\/v2\/product_brand?post=6230"},{"taxonomy":"product_cat","embeddable":true,"href":"https:\/\/fvcomponentes.com\/fr\/wp-json\/wp\/v2\/product_cat?post=6230"},{"taxonomy":"product_tag","embeddable":true,"href":"https:\/\/fvcomponentes.com\/fr\/wp-json\/wp\/v2\/product_tag?post=6230"}],"curies":[{"name":"wp","href":"https:\/\/api.w.org\/{rel}","templated":true}]}}