{"id":6212,"date":"2024-01-19T19:31:06","date_gmt":"2024-01-19T18:31:06","guid":{"rendered":"https:\/\/fvcomponentes.com\/?post_type=product&#038;p=6212"},"modified":"2026-04-04T12:44:17","modified_gmt":"2026-04-04T10:44:17","slug":"victron-battery-switch-on-off-275a-vbs127010010","status":"publish","type":"product","link":"https:\/\/fvcomponentes.com\/fr\/producto\/interruptor-de-bateria-victron-on-off-275a-vbs127010010\/","title":{"rendered":"D\u00e9connecteur \u2013 Interrupteur de batterie Victron ON\/OFF 275A \u2013 VBS127010010"},"content":{"rendered":"<p>Le coupe-batterie 275 A est un composant essentiel pour assurer la s\u00e9curit\u00e9 et l'efficacit\u00e9 des syst\u00e8mes de batteries jusqu'\u00e0 48 V. Gr\u00e2ce \u00e0 son courant continu nominal et \u00e0 sa conception ergonomique, il devient un outil essentiel pour diverses applications.<\/p>\n<p><strong>Utilisations :<\/strong><\/p>\n<p>Ce commutateur est r\u00e9put\u00e9 pour sa polyvalence. Il peut \u00eatre utilis\u00e9 pour isoler une batterie des charges ou des sources de charge en courant continu, ce qui est essentiel pour pr\u00e9server la charge de la batterie dans diverses situations. Par exemple, il est id\u00e9al lorsque le syst\u00e8me doit \u00eatre laiss\u00e9 sans surveillance pendant de longues p\u00e9riodes ou pour des travaux d'entretien. En outre, en cas d'urgence, le coupe-batterie peut mettre en parall\u00e8le la batterie auxiliaire et la batterie de d\u00e9marrage, ce qui est essentiel pour compenser une batterie d\u00e9charg\u00e9e et \u00e9viter les situations critiques.<\/p>\n<p><strong>Installation :<\/strong><\/p>\n<p>La polyvalence du commutateur s'\u00e9tend \u00e0 son installation. Il peut \u00eatre mont\u00e9 en surface ou sur panneau, offrant ainsi flexibilit\u00e9 et adaptabilit\u00e9 dans la configuration de votre syst\u00e8me. En outre, il est dot\u00e9 de panneaux lat\u00e9raux faciles d'acc\u00e8s, ce qui simplifie la connexion des c\u00e2bles. La possibilit\u00e9 de personnaliser son utilisation avec des \u00e9tiquettes adh\u00e9sives permet une identification claire et efficace.<\/p>\n<p><strong>La s\u00e9curit\u00e9 :<\/strong><\/p>\n<p>La s\u00e9curit\u00e9 est une priorit\u00e9 dans les syst\u00e8mes de batteries, et cet interrupteur est conforme aux normes ISO8846 relatives \u00e0 la protection contre l'allumage. Il peut donc \u00eatre utilis\u00e9 dans les salles des machines et autres environnements critiques. En outre, la possibilit\u00e9 de retirer la commande \u00e0 des fins d'isolation ou de s\u00e9curit\u00e9 permet de contr\u00f4ler davantage le syst\u00e8me, ce qui offre une certaine tranquillit\u00e9 d'esprit dans les situations d\u00e9licates.<\/p>\n<p><img fetchpriority=\"high\" decoding=\"async\" class=\"alignnone size-full wp-image-6213\" src=\"https:\/\/fvcomponentes.com\/wp-content\/uploads\/2023\/03\/Capturaaazaaaa.png\" alt=\"Batterie Victron Interrupteur ON\/OFF 275A - VBS127010010\" width=\"514\" height=\"192\" title=\"\"><\/p>\n<h2>Fiche technique Interrupteur de batterie <a href=\"https:\/\/www.victronenergy.com.es\/\" target=\"_blank\" rel=\"noopener\">Victron<\/a> ON\/OFF 275A - VBS127010010<\/h2>\n<p><a href=\"https:\/\/fvcomponentes.com\/wp-content\/uploads\/2023\/03\/Battery-Switch-275-A-ES.pdf\" target=\"_blank\" rel=\"noopener\">Voir la fiche technique de l'interrupteur de batterie ON\/OFF 275A de Victron - VBS127010010<\/a><\/p>","protected":false},"excerpt":{"rendered":"<p><strong>Courant continu maximal :<\/strong> 275 A<br \/>\n<strong>Capacit\u00e9 de d\u00e9marrage :<\/strong> 1250 A<br \/>\n<strong>Tension nominale :<\/strong> 48 V<br \/>\n<strong>Poids :<\/strong> 0,2 kg<br \/>\n<strong>Dimensions :<\/strong> 69,5 x 76,3 x 69,5 mm<\/p>","protected":false},"featured_media":6219,"comment_status":"open","ping_status":"closed","template":"","meta":{"site-sidebar-layout":"default","site-content-layout":"default","ast-site-content-layout":"default","site-content-style":"default","site-sidebar-style":"default","ast-global-header-display":"","ast-banner-title-visibility":"","ast-main-header-display":"","ast-hfb-above-header-display":"","ast-hfb-below-header-display":"","ast-hfb-mobile-header-display":"","site-post-title":"","ast-breadcrumbs-content":"","ast-featured-img":"","footer-sml-layout":"","ast-disable-related-posts":"","theme-transparent-header-meta":"default","adv-header-id-meta":"","stick-header-meta":"","header-above-stick-meta":"","header-main-stick-meta":"","header-below-stick-meta":"","astra-migrate-meta-layouts":"set","ast-page-background-enabled":"default","ast-page-background-meta":{"desktop":{"background-color":"var(--ast-global-color-4)","background-image":"","background-repeat":"repeat","background-position":"center center","background-size":"auto","background-attachment":"scroll","background-type":"","background-media":"","overlay-type":"","overlay-color":"","overlay-opacity":"","overlay-gradient":""},"tablet":{"background-color":"","background-image":"","background-repeat":"repeat","background-position":"center center","background-size":"auto","background-attachment":"scroll","background-type":"","background-media":"","overlay-type":"","overlay-color":"","overlay-opacity":"","overlay-gradient":""},"mobile":{"background-color":"","background-image":"","background-repeat":"repeat","background-position":"center center","background-size":"auto","background-attachment":"scroll","background-type":"","background-media":"","overlay-type":"","overlay-color":"","overlay-opacity":"","overlay-gradient":""}},"ast-content-background-meta":{"desktop":{"background-color":"var(--ast-global-color-5)","background-image":"","background-repeat":"repeat","background-position":"center center","background-size":"auto","background-attachment":"scroll","background-type":"","background-media":"","overlay-type":"","overlay-color":"","overlay-opacity":"","overlay-gradient":""},"tablet":{"background-color":"var(--ast-global-color-5)","background-image":"","background-repeat":"repeat","background-position":"center center","background-size":"auto","background-attachment":"scroll","background-type":"","background-media":"","overlay-type":"","overlay-color":"","overlay-opacity":"","overlay-gradient":""},"mobile":{"background-color":"var(--ast-global-color-5)","background-image":"","background-repeat":"repeat","background-position":"center center","background-size":"auto","background-attachment":"scroll","background-type":"","background-media":"","overlay-type":"","overlay-color":"","overlay-opacity":"","overlay-gradient":""}}},"pwb-brand":[332],"product_brand":[],"product_cat":[340,391,1016],"product_tag":[],"class_list":{"0":"post-6212","1":"product","2":"type-product","3":"status-publish","4":"has-post-thumbnail","6":"pwb-brand-victron","7":"product_cat-baterias","8":"product_cat-accesorios-para-baterias","9":"product_cat-montaje","10":"desktop-align-left","11":"tablet-align-left","12":"mobile-align-left","13":"ast-product-gallery-layout-horizontal-slider","14":"ast-product-tabs-layout-horizontal","16":"first","17":"instock","18":"taxable","19":"shipping-taxable","20":"purchasable","21":"product-type-simple"},"wcpa_form_fields":null,"brands":[{"id":332,"name":"Victron Energy","slug":"victron"}],"_links":{"self":[{"href":"https:\/\/fvcomponentes.com\/fr\/wp-json\/wp\/v2\/product\/6212","targetHints":{"allow":["GET"]}}],"collection":[{"href":"https:\/\/fvcomponentes.com\/fr\/wp-json\/wp\/v2\/product"}],"about":[{"href":"https:\/\/fvcomponentes.com\/fr\/wp-json\/wp\/v2\/types\/product"}],"replies":[{"embeddable":true,"href":"https:\/\/fvcomponentes.com\/fr\/wp-json\/wp\/v2\/comments?post=6212"}],"wp:featuredmedia":[{"embeddable":true,"href":"https:\/\/fvcomponentes.com\/fr\/wp-json\/wp\/v2\/media\/6219"}],"wp:attachment":[{"href":"https:\/\/fvcomponentes.com\/fr\/wp-json\/wp\/v2\/media?parent=6212"}],"wp:term":[{"taxonomy":"pwb-brand","embeddable":true,"href":"https:\/\/fvcomponentes.com\/fr\/wp-json\/wp\/v2\/pwb-brand?post=6212"},{"taxonomy":"product_brand","embeddable":true,"href":"https:\/\/fvcomponentes.com\/fr\/wp-json\/wp\/v2\/product_brand?post=6212"},{"taxonomy":"product_cat","embeddable":true,"href":"https:\/\/fvcomponentes.com\/fr\/wp-json\/wp\/v2\/product_cat?post=6212"},{"taxonomy":"product_tag","embeddable":true,"href":"https:\/\/fvcomponentes.com\/fr\/wp-json\/wp\/v2\/product_tag?post=6212"}],"curies":[{"name":"wp","href":"https:\/\/api.w.org\/{rel}","templated":true}]}}