{"id":6178,"date":"2023-08-24T08:47:41","date_gmt":"2023-08-24T06:47:41","guid":{"rendered":"https:\/\/fvcomponentes.com\/?post_type=product&#038;p=6178"},"modified":"2026-01-15T10:02:56","modified_gmt":"2026-01-15T09:02:56","slug":"jeu-de-barres-victron-150a-4p-couvert-vbb115040020","status":"publish","type":"product","link":"https:\/\/fvcomponentes.com\/fr\/producto\/busbar-victron-150a-4p-cubierta-vbb115040020\/","title":{"rendered":"Victron 150A 4P busbar + cover - VBB115040020"},"content":{"rendered":"<p>Victron 150A 4P busbar + cover - VBB115040020 pour la distribution de courant \u00e9lev\u00e9 qui fournit \u00e9galement des connexions pour les batteries et\/ou l'\u00e9quipement DC.<\/p>\n<p>Les jeux de barres, ou barres omnibus, sont utilis\u00e9s pour la distribution de courant \u00e9lev\u00e9 et fournissent en m\u00eame temps des connexions pour les batteries et\/ou l'\u00e9quipement \u00e0 courant continu.<\/p>\n<p>Victron propose plusieurs jeux de barres avec diff\u00e9rents courants nominaux et un nombre diff\u00e9rent de bornes de connexion. Chaque jeu de barres est \u00e9quip\u00e9 d'un couvercle de protection amovible.<\/p>\n<p>\u00c9galement disponible en 6P : <a href=\"https:\/\/fvcomponentes.com\/fr\/produit\/jeu-de-barres-victron-150a-6p-couvert-vbb115060020\/\" target=\"_blank\" rel=\"noopener\">Jeu de barres Victron 150A 6P + couvercle - VBB115060020<\/a><\/p>\n<h2>Fiche technique Jeu de barres Victron 150A 4P + couvercle - VBB115040020<\/h2>\n<p><a href=\"https:\/\/fvcomponentes.com\/wp-content\/uploads\/2023\/03\/Busbar-150-A-EN.pdf\" target=\"_blank\" rel=\"noopener\">Voir la fiche technique du jeu de barres Victron 150A 4P + couvercle<\/a><\/p>","protected":false},"excerpt":{"rendered":"<p><strong>Courant maximum :<\/strong> 150 A<br \/>\n<strong>Tension :<\/strong> 70 VDC<br \/>\n<strong>Poids :<\/strong> 0,2 kg<br \/>\n<strong>Dimensions :<\/strong> 45 x 152,4 x 31,8 mm<\/p>","protected":false},"featured_media":6184,"comment_status":"open","ping_status":"closed","template":"","meta":{"site-sidebar-layout":"default","site-content-layout":"default","ast-site-content-layout":"default","site-content-style":"default","site-sidebar-style":"default","ast-global-header-display":"","ast-banner-title-visibility":"","ast-main-header-display":"","ast-hfb-above-header-display":"","ast-hfb-below-header-display":"","ast-hfb-mobile-header-display":"","site-post-title":"","ast-breadcrumbs-content":"","ast-featured-img":"","footer-sml-layout":"","ast-disable-related-posts":"","theme-transparent-header-meta":"default","adv-header-id-meta":"","stick-header-meta":"","header-above-stick-meta":"","header-main-stick-meta":"","header-below-stick-meta":"","astra-migrate-meta-layouts":"set","ast-page-background-enabled":"default","ast-page-background-meta":{"desktop":{"background-color":"var(--ast-global-color-4)","background-image":"","background-repeat":"repeat","background-position":"center center","background-size":"auto","background-attachment":"scroll","background-type":"","background-media":"","overlay-type":"","overlay-color":"","overlay-opacity":"","overlay-gradient":""},"tablet":{"background-color":"","background-image":"","background-repeat":"repeat","background-position":"center center","background-size":"auto","background-attachment":"scroll","background-type":"","background-media":"","overlay-type":"","overlay-color":"","overlay-opacity":"","overlay-gradient":""},"mobile":{"background-color":"","background-image":"","background-repeat":"repeat","background-position":"center center","background-size":"auto","background-attachment":"scroll","background-type":"","background-media":"","overlay-type":"","overlay-color":"","overlay-opacity":"","overlay-gradient":""}},"ast-content-background-meta":{"desktop":{"background-color":"var(--ast-global-color-5)","background-image":"","background-repeat":"repeat","background-position":"center center","background-size":"auto","background-attachment":"scroll","background-type":"","background-media":"","overlay-type":"","overlay-color":"","overlay-opacity":"","overlay-gradient":""},"tablet":{"background-color":"var(--ast-global-color-5)","background-image":"","background-repeat":"repeat","background-position":"center center","background-size":"auto","background-attachment":"scroll","background-type":"","background-media":"","overlay-type":"","overlay-color":"","overlay-opacity":"","overlay-gradient":""},"mobile":{"background-color":"var(--ast-global-color-5)","background-image":"","background-repeat":"repeat","background-position":"center center","background-size":"auto","background-attachment":"scroll","background-type":"","background-media":"","overlay-type":"","overlay-color":"","overlay-opacity":"","overlay-gradient":""}}},"pwb-brand":[332],"product_brand":[],"product_cat":[410,991],"product_tag":[],"class_list":{"0":"post-6178","1":"product","2":"type-product","3":"status-publish","4":"has-post-thumbnail","6":"pwb-brand-victron","7":"product_cat-material-electrico","8":"product_cat-busbar","9":"desktop-align-left","10":"tablet-align-left","11":"mobile-align-left","12":"ast-product-gallery-layout-horizontal-slider","13":"ast-product-tabs-layout-horizontal","15":"first","16":"instock","17":"taxable","18":"shipping-taxable","19":"purchasable","20":"product-type-simple"},"wcpa_form_fields":null,"brands":[{"id":332,"name":"Victron Energy","slug":"victron"}],"_links":{"self":[{"href":"https:\/\/fvcomponentes.com\/fr\/wp-json\/wp\/v2\/product\/6178","targetHints":{"allow":["GET"]}}],"collection":[{"href":"https:\/\/fvcomponentes.com\/fr\/wp-json\/wp\/v2\/product"}],"about":[{"href":"https:\/\/fvcomponentes.com\/fr\/wp-json\/wp\/v2\/types\/product"}],"replies":[{"embeddable":true,"href":"https:\/\/fvcomponentes.com\/fr\/wp-json\/wp\/v2\/comments?post=6178"}],"wp:featuredmedia":[{"embeddable":true,"href":"https:\/\/fvcomponentes.com\/fr\/wp-json\/wp\/v2\/media\/6184"}],"wp:attachment":[{"href":"https:\/\/fvcomponentes.com\/fr\/wp-json\/wp\/v2\/media?parent=6178"}],"wp:term":[{"taxonomy":"pwb-brand","embeddable":true,"href":"https:\/\/fvcomponentes.com\/fr\/wp-json\/wp\/v2\/pwb-brand?post=6178"},{"taxonomy":"product_brand","embeddable":true,"href":"https:\/\/fvcomponentes.com\/fr\/wp-json\/wp\/v2\/product_brand?post=6178"},{"taxonomy":"product_cat","embeddable":true,"href":"https:\/\/fvcomponentes.com\/fr\/wp-json\/wp\/v2\/product_cat?post=6178"},{"taxonomy":"product_tag","embeddable":true,"href":"https:\/\/fvcomponentes.com\/fr\/wp-json\/wp\/v2\/product_tag?post=6178"}],"curies":[{"name":"wp","href":"https:\/\/api.w.org\/{rel}","templated":true}]}}