{"id":6124,"date":"2023-09-14T08:53:59","date_gmt":"2023-09-14T06:53:59","guid":{"rendered":"https:\/\/fvcomponentes.com\/?post_type=product&#038;p=6124"},"modified":"2026-01-26T08:53:55","modified_gmt":"2026-01-26T07:53:55","slug":"lynx-power-in-victron-lyn020102000","status":"publish","type":"product","link":"https:\/\/fvcomponentes.com\/fr\/producto\/lynx-power-in-victron-lyn020102000\/","title":{"rendered":"Lynx Power In Victron - LYN020102000"},"content":{"rendered":"<div class=\"ast-oembed-container\" style=\"height: 100%;\"><iframe title=\"Vous avez BESOIN d&#039;un Victron Lynx Power In dans votre installation de batterie + Modification hack fuses\" width=\"500\" height=\"281\" src=\"https:\/\/www.youtube.com\/embed\/VTMBoM6dEQ0?feature=oembed&#038;enablejsapi=1&#038;origin=https:\/\/fvcomponentes.com\" frameborder=\"0\" allow=\"accelerometer; autoplay; clipboard-write; encrypted-media; gyroscope; picture-in-picture; web-share\" referrerpolicy=\"strict-origin-when-cross-origin\" allowfullscreen><\/iframe><\/div>\n<p>&nbsp;<\/p>\n<hr \/>\n<h2>Caract\u00e9ristiques du Lynx Power In Victron - LYN020102000<\/h2>\n<div class=\"ui9f13y mgz-element mgz-child mgz-element-product_description content-text\">\n<div class=\"mgz-element-inner ui9f13y-s\">\n<div class=\"ppbd-product-description\">Le Lynx Power In Victron - LYN020102000 est une barre modulaire de courant continu, utilis\u00e9e pour connecter les batteries au syst\u00e8me de distribution de courant continu Lynx. Le module Lynx Power In est utilis\u00e9 pour connecter les batteries via un fusible externe. Il peut \u00eatre utile si vous avez plusieurs cha\u00eenes en parall\u00e8le. En raison du potentiel de courant de court-circuit extr\u00eamement \u00e9lev\u00e9 de la plupart des batteries, il est sugg\u00e9r\u00e9 d'utiliser un syst\u00e8me de fusible externe avec un courant d'interruption de d\u00e9faut appropri\u00e9 (tel qu'un NH HRC). Le Power In contient une barre de bus CC n\u00e9gative et positive avec des boulons M8 auxquels connecter les c\u00e2bles de la batterie. Il peut recevoir des c\u00e2bles d'un diam\u00e8tre allant jusqu'\u00e0 22 mm par les guides d'entr\u00e9e inf\u00e9rieurs, et un nombre illimit\u00e9 par les deux connexions lat\u00e9rales.<\/div>\n<div><\/div>\n<\/div>\n<\/div>\n<p>Il s'agit d'un syst\u00e8me modulaire de barres omnibus incorporant des connexions CC, une distribution, des fusibles, une surveillance de la batterie et\/ou une gestion de la batterie au lithium.<\/p>\n<h2>Le syst\u00e8me de distribution Lynx<\/h2>\n<p>Ce syst\u00e8me de distribution se compose des \u00e9l\u00e9ments suivants :<\/p>\n<ul>\n<li><a href=\"https:\/\/fvcomponentes.com\/fr\/produit\/lynx-power-in-victron-lyn020102000\/\" target=\"_blank\" rel=\"noopener\"><strong>Lynx Power In<\/strong><\/a> - Un jeu de barres positif et un jeu de barres n\u00e9gatif avec quatre connexions pour les batteries ou les \u00e9quipements \u00e0 courant continu.<\/li>\n<li><a href=\"https:\/\/fvcomponentes.com\/fr\/produit\/busbar-lynx-distributor-lyn060102000\/\" target=\"_blank\" rel=\"noopener\"><strong>Distributeur Lynx<\/strong><\/a> - Un jeu de barres positif et un jeu de barres n\u00e9gatif avec quatre connexions \u00e0 fusibles pour les batteries ou les \u00e9quipements \u00e0 courant continu, ainsi qu'un contr\u00f4le des fusibles.<\/li>\n<li><a href=\"https:\/\/fvcomponentes.com\/fr\/?post_type=product&amp;p=6161&amp;preview=true\" target=\"_blank\" rel=\"noopener\"><strong>Shunt Lynx VE.Can<\/strong><\/a> - Un jeu de barres positif avec un espace pour un fusible du syst\u00e8me principal et un jeu de barres n\u00e9gatif avec un shunt pour la surveillance de la batterie. Communication VE.Can pour la surveillance et la configuration avec un dispositif GX.<\/li>\n<li><a href=\"https:\/\/fvcomponentes.com\/fr\/produit\/victron-lynx-smart-bms-lyn034160200\/\" target=\"_blank\" rel=\"noopener\"><strong>Lynx Smart BMS<\/strong><\/a> - A utiliser avec les batteries au lithium Victron Energy Smart. Contient une barre de bus positive avec un contacteur pilot\u00e9 par un syst\u00e8me de gestion de la batterie (BMS) et une barre de bus n\u00e9gative avec un shunt pour la surveillance de la batterie. Il dispose d'une communication Bluetooth pour la surveillance et la configuration via l'application. <a href=\"https:\/\/www.victronenergy.com.es\/panel-systems-remote-monitoring\/victronconnect\" target=\"_blank\" rel=\"noopener\">VictronConnect<\/a> et VE.Can pour la surveillance avec un dispositif GX et le portail VRM.<\/li>\n<\/ul>\n<h2>Sch\u00e9ma de c\u00e2blage pour Lynx Power In Victron - LYN020102000<\/h2>\n<p><img fetchpriority=\"high\" decoding=\"async\" class=\"alignnone size-full wp-image-9193\" src=\"https:\/\/fvcomponentes.com\/wp-content\/uploads\/2023\/08\/Lynx-In.png\" alt=\"\" width=\"770\" height=\"745\" title=\"\"><\/p>\n<h2>Interconnexions des modules Lynx<\/h2>\n<p>Les modules Lynx peuvent \u00eatre connect\u00e9s \u00e0 d'autres modules Lynx sur le c\u00f4t\u00e9 gauche (trou M8) et sur le c\u00f4t\u00e9 droit (vis M8).<\/p>\n<p>Si le module Lynx est le premier ou le dernier de la rang\u00e9e ou s'il est utilis\u00e9 seul, les batteries, les charges ou les chargeurs peuvent \u00eatre raccord\u00e9s directement \u00e0 ces connexions. Cependant, nous ne recommandons g\u00e9n\u00e9ralement pas cette solution car une isolation et un fusible suppl\u00e9mentaires sont n\u00e9cessaires.<\/p>\n<h2>Fiche technique Lynx Power in Victron - LYN020102000<\/h2>\n<p><a href=\"https:\/\/fvcomponentes.com\/wp-content\/uploads\/2023\/08\/Lynx_Power_In-es.pdf\" target=\"_blank\" rel=\"noopener\">Voir la fiche technique Lynx_Power_In-en Lynx Power in Victron - LYN020102000<\/a><\/p>","protected":false},"excerpt":{"rendered":"<p><span style=\"color: #ff0000\"><strong>PROCHE DE LA DISPARITION. CHOISIR LE M10<\/strong><\/span><\/p>\n<p><strong>Classe de protection :<\/strong> IP22<br \/>\n<strong>Plage de tension :<\/strong> 9-60 V DC<br \/>\n<strong>Courant nominal :<\/strong> 1000 A<\/p>","protected":false},"featured_media":6132,"comment_status":"open","ping_status":"closed","template":"","meta":{"site-sidebar-layout":"default","site-content-layout":"default","ast-site-content-layout":"default","site-content-style":"default","site-sidebar-style":"default","ast-global-header-display":"","ast-banner-title-visibility":"","ast-main-header-display":"","ast-hfb-above-header-display":"","ast-hfb-below-header-display":"","ast-hfb-mobile-header-display":"","site-post-title":"","ast-breadcrumbs-content":"","ast-featured-img":"","footer-sml-layout":"","ast-disable-related-posts":"","theme-transparent-header-meta":"default","adv-header-id-meta":"","stick-header-meta":"","header-above-stick-meta":"","header-main-stick-meta":"","header-below-stick-meta":"","astra-migrate-meta-layouts":"set","ast-page-background-enabled":"default","ast-page-background-meta":{"desktop":{"background-color":"var(--ast-global-color-4)","background-image":"","background-repeat":"repeat","background-position":"center center","background-size":"auto","background-attachment":"scroll","background-type":"","background-media":"","overlay-type":"","overlay-color":"","overlay-opacity":"","overlay-gradient":""},"tablet":{"background-color":"","background-image":"","background-repeat":"repeat","background-position":"center center","background-size":"auto","background-attachment":"scroll","background-type":"","background-media":"","overlay-type":"","overlay-color":"","overlay-opacity":"","overlay-gradient":""},"mobile":{"background-color":"","background-image":"","background-repeat":"repeat","background-position":"center center","background-size":"auto","background-attachment":"scroll","background-type":"","background-media":"","overlay-type":"","overlay-color":"","overlay-opacity":"","overlay-gradient":""}},"ast-content-background-meta":{"desktop":{"background-color":"var(--ast-global-color-5)","background-image":"","background-repeat":"repeat","background-position":"center center","background-size":"auto","background-attachment":"scroll","background-type":"","background-media":"","overlay-type":"","overlay-color":"","overlay-opacity":"","overlay-gradient":""},"tablet":{"background-color":"var(--ast-global-color-5)","background-image":"","background-repeat":"repeat","background-position":"center center","background-size":"auto","background-attachment":"scroll","background-type":"","background-media":"","overlay-type":"","overlay-color":"","overlay-opacity":"","overlay-gradient":""},"mobile":{"background-color":"var(--ast-global-color-5)","background-image":"","background-repeat":"repeat","background-position":"center center","background-size":"auto","background-attachment":"scroll","background-type":"","background-media":"","overlay-type":"","overlay-color":"","overlay-opacity":"","overlay-gradient":""}}},"pwb-brand":[332],"product_brand":[],"product_cat":[410,991],"product_tag":[],"class_list":{"0":"post-6124","1":"product","2":"type-product","3":"status-publish","4":"has-post-thumbnail","6":"pwb-brand-victron","7":"product_cat-material-electrico","8":"product_cat-busbar","9":"desktop-align-left","10":"tablet-align-left","11":"mobile-align-left","12":"ast-product-gallery-layout-horizontal-slider","13":"ast-product-tabs-layout-horizontal","15":"first","16":"outofstock","17":"taxable","18":"shipping-taxable","19":"purchasable","20":"product-type-simple"},"wcpa_form_fields":null,"brands":[{"id":332,"name":"Victron Energy","slug":"victron"}],"_links":{"self":[{"href":"https:\/\/fvcomponentes.com\/fr\/wp-json\/wp\/v2\/product\/6124","targetHints":{"allow":["GET"]}}],"collection":[{"href":"https:\/\/fvcomponentes.com\/fr\/wp-json\/wp\/v2\/product"}],"about":[{"href":"https:\/\/fvcomponentes.com\/fr\/wp-json\/wp\/v2\/types\/product"}],"replies":[{"embeddable":true,"href":"https:\/\/fvcomponentes.com\/fr\/wp-json\/wp\/v2\/comments?post=6124"}],"wp:featuredmedia":[{"embeddable":true,"href":"https:\/\/fvcomponentes.com\/fr\/wp-json\/wp\/v2\/media\/6132"}],"wp:attachment":[{"href":"https:\/\/fvcomponentes.com\/fr\/wp-json\/wp\/v2\/media?parent=6124"}],"wp:term":[{"taxonomy":"pwb-brand","embeddable":true,"href":"https:\/\/fvcomponentes.com\/fr\/wp-json\/wp\/v2\/pwb-brand?post=6124"},{"taxonomy":"product_brand","embeddable":true,"href":"https:\/\/fvcomponentes.com\/fr\/wp-json\/wp\/v2\/product_brand?post=6124"},{"taxonomy":"product_cat","embeddable":true,"href":"https:\/\/fvcomponentes.com\/fr\/wp-json\/wp\/v2\/product_cat?post=6124"},{"taxonomy":"product_tag","embeddable":true,"href":"https:\/\/fvcomponentes.com\/fr\/wp-json\/wp\/v2\/product_tag?post=6124"}],"curies":[{"name":"wp","href":"https:\/\/api.w.org\/{rel}","templated":true}]}}