{"id":6099,"date":"2023-08-17T09:51:55","date_gmt":"2023-08-17T07:51:55","guid":{"rendered":"https:\/\/fvcomponentes.com\/?post_type=product&#038;p=6099"},"modified":"2026-04-08T21:33:26","modified_gmt":"2026-04-08T19:33:26","slug":"convertisseur-victron-orion-tr-isole-12-24-15a-ori122441110","status":"publish","type":"product","link":"https:\/\/fvcomponentes.com\/fr\/producto\/convertidor-victron-orion-tr-aislado-12-24-15a-ori122441110\/","title":{"rendered":"Victron Orion-Tr convertisseur isol\u00e9 12\/24-15A - ORI122441110"},"content":{"rendered":"<p>Avec un convertisseur DC isol\u00e9 Victron Orion-Tr 12\/24-15A, vous pouvez stabiliser la tension DC provenant d'une alimentation ou d'une batterie et obtenir une tension plus \u00e9lev\u00e9e que la tension d'entr\u00e9e.<\/p>\n<h2>Borne de marche\/arr\u00eat \u00e0 distance<\/h2>\n<p>La borne marche\/arr\u00eat \u00e0 distance \u00e9limine la n\u00e9cessit\u00e9 de monter un interrupteur \u00e0 haute puissance dans le c\u00e2blage d'entr\u00e9e. L'interrupteur marche\/arr\u00eat \u00e0 distance peut \u00eatre actionn\u00e9 par un interrupteur de faible puissance ou, par exemple, par l'interrupteur de d\u00e9marrage\/arr\u00eat du moteur (voir le manuel).<\/p>\n<h2>Tous les mod\u00e8les sont prot\u00e9g\u00e9s contre les courts-circuits et peuvent \u00eatre connect\u00e9s en parall\u00e8le pour augmenter le courant de sortie.<\/h2>\n<p>Un nombre illimit\u00e9 d'unit\u00e9s peut \u00eatre connect\u00e9 en parall\u00e8le.<\/p>\n<h2>Protection contre les temp\u00e9ratures \u00e9lev\u00e9es<\/h2>\n<p>Le courant de sortie sera r\u00e9duit en cas de temp\u00e9rature ambiante \u00e9lev\u00e9e.<\/p>\n<h2>Protection IP43<\/h2>\n<p>S'il est install\u00e9 avec les bornes \u00e0 vis orient\u00e9es vers le bas.<\/p>\n<h2>Bornes \u00e0 vis<\/h2>\n<p>Aucun outil sp\u00e9cial n'est n\u00e9cessaire pour l'installation<\/p>\n<h2>Fusible d'entr\u00e9e (non rempla\u00e7able)<\/h2>\n<p>Uniquement pour les mod\u00e8les avec entr\u00e9e 12 et 24 V.<\/p>\n<h2>Tension de sortie r\u00e9glable<\/h2>\n<p>Il n'est pas con\u00e7u pour charger des batteries.<br \/>\nNous recommandons d'utiliser le mod\u00e8le Orion-Tr Smart pour charger les batteries.<\/p>\n<h2>Fiche technique Victron Orion-Tr convertisseur isol\u00e9 12\/24-15A - ORI122441110<\/h2>\n<p><a href=\"https:\/\/fvcomponentes.com\/wp-content\/uploads\/2023\/03\/Orion-Tr-DC-DC-converters-isolated-100-250-400W-ES.pdf\" target=\"_blank\" rel=\"noopener\">Fiche technique Victron Orion-Tr Onduleur isol\u00e9 12\/24-15A - ORI122441110<\/a><\/p>","protected":false},"excerpt":{"rendered":"<p><span style=\"color: #ff0000\">Cet \u00e9quipement <strong>NE CONVIENT PAS POUR CHARGER DES BATTERIES<\/strong>. Choisissez le mod\u00e8le Smart avec Blutetooth.<\/span><\/p>\n<ul>\n<li><strong><span style=\"color: #ff0000\">\u00c9quipement sans Bluetooth<\/span><\/strong><\/li>\n<li><strong><a href=\"https:\/\/fvcomponentes.com\/fr\/produit\/convertisseur-victron-orion-tr-smart-12-24-15a-dc-dc-isole-ori122436120\/\" target=\"_blank\" rel=\"noopener\">Voir le mod\u00e8le Bluetooth<\/a><\/strong><\/li>\n<li><strong>Tension <\/strong>12\/24V<\/li>\n<li><strong>Courant de sortie Cont.\u00a0<\/strong> 15A<\/li>\n<li><strong>Isolation galvanique<\/strong> 200 V entre l'entr\u00e9e, la sortie et le bo\u00eetier<\/li>\n<\/ul>","protected":false},"featured_media":6100,"comment_status":"open","ping_status":"closed","template":"","meta":{"site-sidebar-layout":"default","site-content-layout":"default","ast-site-content-layout":"default","site-content-style":"default","site-sidebar-style":"default","ast-global-header-display":"","ast-banner-title-visibility":"","ast-main-header-display":"","ast-hfb-above-header-display":"","ast-hfb-below-header-display":"","ast-hfb-mobile-header-display":"","site-post-title":"","ast-breadcrumbs-content":"","ast-featured-img":"","footer-sml-layout":"","ast-disable-related-posts":"","theme-transparent-header-meta":"default","adv-header-id-meta":"","stick-header-meta":"","header-above-stick-meta":"","header-main-stick-meta":"","header-below-stick-meta":"","astra-migrate-meta-layouts":"set","ast-page-background-enabled":"default","ast-page-background-meta":{"desktop":{"background-color":"var(--ast-global-color-4)","background-image":"","background-repeat":"repeat","background-position":"center center","background-size":"auto","background-attachment":"scroll","background-type":"","background-media":"","overlay-type":"","overlay-color":"","overlay-opacity":"","overlay-gradient":""},"tablet":{"background-color":"","background-image":"","background-repeat":"repeat","background-position":"center center","background-size":"auto","background-attachment":"scroll","background-type":"","background-media":"","overlay-type":"","overlay-color":"","overlay-opacity":"","overlay-gradient":""},"mobile":{"background-color":"","background-image":"","background-repeat":"repeat","background-position":"center center","background-size":"auto","background-attachment":"scroll","background-type":"","background-media":"","overlay-type":"","overlay-color":"","overlay-opacity":"","overlay-gradient":""}},"ast-content-background-meta":{"desktop":{"background-color":"var(--ast-global-color-5)","background-image":"","background-repeat":"repeat","background-position":"center center","background-size":"auto","background-attachment":"scroll","background-type":"","background-media":"","overlay-type":"","overlay-color":"","overlay-opacity":"","overlay-gradient":""},"tablet":{"background-color":"var(--ast-global-color-5)","background-image":"","background-repeat":"repeat","background-position":"center center","background-size":"auto","background-attachment":"scroll","background-type":"","background-media":"","overlay-type":"","overlay-color":"","overlay-opacity":"","overlay-gradient":""},"mobile":{"background-color":"var(--ast-global-color-5)","background-image":"","background-repeat":"repeat","background-position":"center center","background-size":"auto","background-attachment":"scroll","background-type":"","background-media":"","overlay-type":"","overlay-color":"","overlay-opacity":"","overlay-gradient":""}}},"pwb-brand":[332],"product_brand":[],"product_cat":[865,899,419],"product_tag":[],"class_list":{"0":"post-6099","1":"product","2":"type-product","3":"status-publish","4":"has-post-thumbnail","6":"pwb-brand-victron","7":"product_cat-convertidores","8":"product_cat-12v-24v","9":"product_cat-cargadores-de-baterias","10":"desktop-align-left","11":"tablet-align-left","12":"mobile-align-left","13":"ast-product-gallery-layout-horizontal-slider","14":"ast-product-gallery-with-no-image","15":"ast-product-tabs-layout-horizontal","17":"first","18":"instock","19":"taxable","20":"shipping-taxable","21":"purchasable","22":"product-type-simple"},"wcpa_form_fields":null,"brands":[{"id":332,"name":"Victron Energy","slug":"victron"}],"_links":{"self":[{"href":"https:\/\/fvcomponentes.com\/fr\/wp-json\/wp\/v2\/product\/6099","targetHints":{"allow":["GET"]}}],"collection":[{"href":"https:\/\/fvcomponentes.com\/fr\/wp-json\/wp\/v2\/product"}],"about":[{"href":"https:\/\/fvcomponentes.com\/fr\/wp-json\/wp\/v2\/types\/product"}],"replies":[{"embeddable":true,"href":"https:\/\/fvcomponentes.com\/fr\/wp-json\/wp\/v2\/comments?post=6099"}],"wp:featuredmedia":[{"embeddable":true,"href":"https:\/\/fvcomponentes.com\/fr\/wp-json\/wp\/v2\/media\/6100"}],"wp:attachment":[{"href":"https:\/\/fvcomponentes.com\/fr\/wp-json\/wp\/v2\/media?parent=6099"}],"wp:term":[{"taxonomy":"pwb-brand","embeddable":true,"href":"https:\/\/fvcomponentes.com\/fr\/wp-json\/wp\/v2\/pwb-brand?post=6099"},{"taxonomy":"product_brand","embeddable":true,"href":"https:\/\/fvcomponentes.com\/fr\/wp-json\/wp\/v2\/product_brand?post=6099"},{"taxonomy":"product_cat","embeddable":true,"href":"https:\/\/fvcomponentes.com\/fr\/wp-json\/wp\/v2\/product_cat?post=6099"},{"taxonomy":"product_tag","embeddable":true,"href":"https:\/\/fvcomponentes.com\/fr\/wp-json\/wp\/v2\/product_tag?post=6099"}],"curies":[{"name":"wp","href":"https:\/\/api.w.org\/{rel}","templated":true}]}}