{"id":6072,"date":"2023-08-14T15:35:03","date_gmt":"2023-08-14T13:35:03","guid":{"rendered":"https:\/\/fvcomponentes.com\/?post_type=product&#038;p=6072"},"modified":"2026-04-08T21:33:26","modified_gmt":"2026-04-08T19:33:26","slug":"convertisseur-victron-orion-tr-isole-12-12-12-30a-ori121240110","status":"publish","type":"product","link":"https:\/\/fvcomponentes.com\/fr\/producto\/convertidor-victron-orion-tr-aislado-12-12-30a-ori121240110\/","title":{"rendered":"Victron Orion-Tr convertisseur isol\u00e9 12\/12-30A - ORI121240110"},"content":{"rendered":"<h2>Marche\/arr\u00eat \u00e0 distance<\/h2>\n<p>Gr\u00e2ce \u00e0 l'interrupteur marche\/arr\u00eat \u00e0 distance, le Victron Orion-Tr isol\u00e9 12\/12-30A \u00e9limine la n\u00e9cessit\u00e9 de monter un interrupteur haute puissance dans le c\u00e2blage d'entr\u00e9e. L'interrupteur marche\/arr\u00eat \u00e0 distance peut \u00eatre actionn\u00e9 par un interrupteur de faible puissance ou, par exemple, par l'interrupteur de d\u00e9marrage\/arr\u00eat du moteur.<\/p>\n<h2>Tous les mod\u00e8les sont prot\u00e9g\u00e9s contre les courts-circuits et peuvent \u00eatre connect\u00e9s en parall\u00e8le pour augmenter le courant de sortie.<\/h2>\n<p>Un nombre illimit\u00e9 d'unit\u00e9s peut \u00eatre connect\u00e9 en parall\u00e8le.<\/p>\n<h2>Tension de sortie r\u00e9glable<\/h2>\n<p>Le Victron Orion-Tr isol\u00e9 12\/12-30A n'est pas con\u00e7u pour charger des batteries.<\/p>\n<h2>Protection contre les temp\u00e9ratures \u00e9lev\u00e9es<\/h2>\n<p>Le courant de sortie sera r\u00e9duit en cas de temp\u00e9rature ambiante \u00e9lev\u00e9e.<\/p>\n<h2>Protection IP43<\/h2>\n<p>S'il est install\u00e9 avec les bornes \u00e0 vis orient\u00e9es vers le bas.<\/p>\n<h2>Bornes \u00e0 vis<\/h2>\n<p>Aucun outil sp\u00e9cial n'est n\u00e9cessaire pour l'installation<\/p>\n<h2>Fiche technique Victron Orion-Tr convertisseur isol\u00e9 12\/12-30A - ORI121240110<\/h2>\n<p><a href=\"https:\/\/fvcomponentes.com\/wp-content\/uploads\/2023\/03\/Orion-Tr-DC-DC-converters-isolated-100-250-400W-ES.pdf\" target=\"_blank\" rel=\"noopener\">Fiche technique Victron Orion-Tr Onduleur isol\u00e9 12\/12-30A - ORI121240110<\/a><\/p>","protected":false},"excerpt":{"rendered":"<ul>\n<li><span style=\"color: #ff0000\"><strong>Cet appareil n'est pas adapt\u00e9 au chargement de la batterie. Choisissez le mod\u00e8le Smart avec Blutetooth.<\/strong><\/span><\/li>\n<li><span style=\"color: #ff0000\"><strong>\u00c9quipement sans Bluetooth<\/strong><\/span><\/li>\n<li><a href=\"https:\/\/fvcomponentes.com\/fr\/produit\/victron-orion-tr-smart-12-12-12-30a-dc-dc-isolated-converter-ori121236120\/\" target=\"_blank\" rel=\"noopener\">Voir le mod\u00e8le Bluetooth<\/a><\/li>\n<li><strong>Plage de tension d'entr\u00e9e (1) :<\/strong> 10-17V<\/li>\n<li><strong>Sous-tension de d\u00e9connexion :<\/strong> 7V<\/li>\n<li><strong>Courant de sortie continu :<\/strong> 30A<\/li>\n<li><strong>Isolation galvanique :\u00a0<\/strong>200V DC entre l'entr\u00e9e, la sortie et le bo\u00eetier<\/li>\n<li><strong>Poids :<\/strong> 1,8 kg<\/li>\n<\/ul>","protected":false},"featured_media":6076,"comment_status":"open","ping_status":"closed","template":"","meta":{"site-sidebar-layout":"default","site-content-layout":"default","ast-site-content-layout":"default","site-content-style":"default","site-sidebar-style":"default","ast-global-header-display":"","ast-banner-title-visibility":"","ast-main-header-display":"","ast-hfb-above-header-display":"","ast-hfb-below-header-display":"","ast-hfb-mobile-header-display":"","site-post-title":"","ast-breadcrumbs-content":"","ast-featured-img":"","footer-sml-layout":"","ast-disable-related-posts":"","theme-transparent-header-meta":"default","adv-header-id-meta":"","stick-header-meta":"","header-above-stick-meta":"","header-main-stick-meta":"","header-below-stick-meta":"","astra-migrate-meta-layouts":"set","ast-page-background-enabled":"default","ast-page-background-meta":{"desktop":{"background-color":"var(--ast-global-color-4)","background-image":"","background-repeat":"repeat","background-position":"center center","background-size":"auto","background-attachment":"scroll","background-type":"","background-media":"","overlay-type":"","overlay-color":"","overlay-opacity":"","overlay-gradient":""},"tablet":{"background-color":"","background-image":"","background-repeat":"repeat","background-position":"center center","background-size":"auto","background-attachment":"scroll","background-type":"","background-media":"","overlay-type":"","overlay-color":"","overlay-opacity":"","overlay-gradient":""},"mobile":{"background-color":"","background-image":"","background-repeat":"repeat","background-position":"center center","background-size":"auto","background-attachment":"scroll","background-type":"","background-media":"","overlay-type":"","overlay-color":"","overlay-opacity":"","overlay-gradient":""}},"ast-content-background-meta":{"desktop":{"background-color":"var(--ast-global-color-5)","background-image":"","background-repeat":"repeat","background-position":"center center","background-size":"auto","background-attachment":"scroll","background-type":"","background-media":"","overlay-type":"","overlay-color":"","overlay-opacity":"","overlay-gradient":""},"tablet":{"background-color":"var(--ast-global-color-5)","background-image":"","background-repeat":"repeat","background-position":"center center","background-size":"auto","background-attachment":"scroll","background-type":"","background-media":"","overlay-type":"","overlay-color":"","overlay-opacity":"","overlay-gradient":""},"mobile":{"background-color":"var(--ast-global-color-5)","background-image":"","background-repeat":"repeat","background-position":"center center","background-size":"auto","background-attachment":"scroll","background-type":"","background-media":"","overlay-type":"","overlay-color":"","overlay-opacity":"","overlay-gradient":""}}},"pwb-brand":[332],"product_brand":[],"product_cat":[419,898,865],"product_tag":[],"class_list":{"0":"post-6072","1":"product","2":"type-product","3":"status-publish","4":"has-post-thumbnail","6":"pwb-brand-victron","7":"product_cat-cargadores-de-baterias","8":"product_cat-12v-12v","9":"product_cat-convertidores","10":"desktop-align-left","11":"tablet-align-left","12":"mobile-align-left","13":"ast-product-gallery-layout-horizontal-slider","14":"ast-product-tabs-layout-horizontal","16":"first","17":"instock","18":"taxable","19":"shipping-taxable","20":"purchasable","21":"product-type-simple"},"wcpa_form_fields":null,"brands":[{"id":332,"name":"Victron Energy","slug":"victron"}],"_links":{"self":[{"href":"https:\/\/fvcomponentes.com\/fr\/wp-json\/wp\/v2\/product\/6072","targetHints":{"allow":["GET"]}}],"collection":[{"href":"https:\/\/fvcomponentes.com\/fr\/wp-json\/wp\/v2\/product"}],"about":[{"href":"https:\/\/fvcomponentes.com\/fr\/wp-json\/wp\/v2\/types\/product"}],"replies":[{"embeddable":true,"href":"https:\/\/fvcomponentes.com\/fr\/wp-json\/wp\/v2\/comments?post=6072"}],"wp:featuredmedia":[{"embeddable":true,"href":"https:\/\/fvcomponentes.com\/fr\/wp-json\/wp\/v2\/media\/6076"}],"wp:attachment":[{"href":"https:\/\/fvcomponentes.com\/fr\/wp-json\/wp\/v2\/media?parent=6072"}],"wp:term":[{"taxonomy":"pwb-brand","embeddable":true,"href":"https:\/\/fvcomponentes.com\/fr\/wp-json\/wp\/v2\/pwb-brand?post=6072"},{"taxonomy":"product_brand","embeddable":true,"href":"https:\/\/fvcomponentes.com\/fr\/wp-json\/wp\/v2\/product_brand?post=6072"},{"taxonomy":"product_cat","embeddable":true,"href":"https:\/\/fvcomponentes.com\/fr\/wp-json\/wp\/v2\/product_cat?post=6072"},{"taxonomy":"product_tag","embeddable":true,"href":"https:\/\/fvcomponentes.com\/fr\/wp-json\/wp\/v2\/product_tag?post=6072"}],"curies":[{"name":"wp","href":"https:\/\/api.w.org\/{rel}","templated":true}]}}